{"id":12359,"date":"2024-03-11T13:38:12","date_gmt":"2024-03-11T12:38:12","guid":{"rendered":"https:\/\/mestra.es\/producto\/lava-polimerizadora-e2\/"},"modified":"2026-01-14T15:25:13","modified_gmt":"2026-01-14T14:25:13","slug":"lava-polimerizadora-e2","status":"publish","type":"product","link":"https:\/\/mestra.es\/fr\/producto\/lava-polimerizadora-e2\/","title":{"rendered":"LAVEUSE POLYMERISEUSE &#8211; E2"},"content":{"rendered":"<p>La laveuse-polymeriseuse E2 est munie d&rsquo;un dispositif qui modifie la temp\u00e9rature, suivant les programmes \u00e9tablis.<\/p>\n<table class=\"mceItemTable\" border=\"0\">\n<tbody>\n<tr valign=\"top\">\n<td><span class=\"Apple-style-span\">1.<\/span><\/td>\n<td><span class=\"Apple-style-span\">Programme (douche):<\/span><\/p>\n<table class=\"mceItemTable\" border=\"0\">\n<tbody>\n<tr>\n<td>a)<\/td>\n<td>L&rsquo;op\u00e9rateur ou l&rsquo;utilisateur peuvent programmer une temp\u00e9rature (ex: 80 \u00b0C). La LP E2 est pr\u00eate \u00e0 doucher \u00e0 tout moment.<\/td>\n<\/tr>\n<tr>\n<td>b)<\/td>\n<td>Le temps de douche souhait\u00e9.<\/td>\n<\/tr>\n<\/tbody>\n<\/table>\n<\/td>\n<\/tr>\n<tr valign=\"top\">\n<td><span class=\"Apple-style-span\">2.<\/span><\/td>\n<td><span class=\"Apple-style-span\">Programme de polym\u00e9risation:<\/span><\/p>\n<table class=\"mceItemTable\" border=\"0\">\n<tbody>\n<tr valign=\"top\">\n<td>a)<\/td>\n<td>Un temps d\u00b4attente en heures et en minutes de 0.00 \u00e0 99 heures 59 minutes. Ce temps permet de programmer un d\u00e9marrage retard\u00e9, de mani\u00e8re \u00e0 ce que le programme commence \u00e0 \u00eatre ex\u00e9cut\u00e9 \u00e0 une heure d\u00e9termin\u00e9e. Ce temps est ex\u00e9cut\u00e9, chaque fois que le programme se met en marche.<\/td>\n<\/tr>\n<tr valign=\"top\">\n<td>b)<\/td>\n<td>La dur\u00e9e de chaque mont\u00e9e de temp\u00e9rature, contr\u00f4l\u00e9e en heures et en minutes, de 0.00 \u00e0 99 heures 59 minutes.<\/td>\n<\/tr>\n<tr>\n<td>c)<\/td>\n<td>Le temps de maintien senhart\u00e9 en heures et en minutes, de 0.00 \u00e0 99 heures 59 minutes de chaque mont\u00e9e.<\/td>\n<\/tr>\n<tr>\n<td>d)<\/td>\n<td>Le temps souhait\u00e9 de douche.<\/td>\n<\/tr>\n<\/tbody>\n<\/table>\n<\/td>\n<\/tr>\n<\/tbody>\n<\/table>\n<table>\n<tbody>\n<tr>\n<td><img loading=\"lazy\" decoding=\"async\" src=\"https:\/\/mestra.es\/wp-content\/uploads\/2024\/10\/151-LAVA-POLIMERIZADORA-E2-A.-INOX.jpg\" width=\"328\" height=\"253\" \/><\/td>\n<td><img loading=\"lazy\" decoding=\"async\" src=\"https:\/\/mestra.es\/wp-content\/uploads\/2024\/10\/150-LAVA-POLIMERIZADORA-E2-A.-INOX.jpg\" width=\"344\" height=\"218\" \/><\/td>\n<\/tr>\n<tr>\n<td>Polym\u00e9risation: 12 moufles avec brides<br \/>\nR\u00e9f. 030380, 95 \u00b0C.<\/td>\n<td>Ebouillantage: 6 moufles (ouvertes) (\u00b18 minutes) 85 \u00b0C.<\/td>\n<\/tr>\n<\/tbody>\n<\/table>\n<p>Caisson: Acier inoxydable<\/p>\n","protected":false},"excerpt":{"rendered":"<p>La laveuse-polymeriseuse E2 est munie d&rsquo;un dispositif qui modifie la temp\u00e9rature, suivant les programmes \u00e9tablis. 1. Programme (douche): a) L&rsquo;op\u00e9rateur ou l&rsquo;utilisateur peuvent programmer une temp\u00e9rature (ex: 80 \u00b0C). La LP E2 est pr\u00eate \u00e0 doucher \u00e0 tout moment. b) Le temps de douche souhait\u00e9. 2. Programme de polym\u00e9risation: a) Un temps d\u00b4attente en heures [&hellip;]<\/p>\n","protected":false},"featured_media":9837,"template":"","meta":{"_acf_changed":false,"_monsterinsights_skip_tracking":false,"_monsterinsights_sitenote_active":false,"_monsterinsights_sitenote_note":"","_monsterinsights_sitenote_category":0},"product_brand":[],"product_cat":[1313],"product_tag":[],"class_list":{"0":"post-12359","1":"product","2":"type-product","3":"status-publish","4":"has-post-thumbnail","6":"product_cat-polymerisation-thermique","8":"first","9":"instock","10":"product-type-simple"},"acf":[],"yoast_head":"<!-- This site is optimized with the Yoast SEO plugin v27.2 - https:\/\/yoast.com\/product\/yoast-seo-wordpress\/ -->\n<title>Laveuse polymeriseuse - E2 | MESTRA<\/title>\n<meta name=\"description\" content=\"Chez MESTRA nous avons laveuse polymeriseuse - E2. Consultez notre catalogue de mat\u00e9riel dentaire et passez votre commande d\u00e8s maintenant.\" \/>\n<meta name=\"robots\" content=\"index, follow, max-snippet:-1, max-image-preview:large, max-video-preview:-1\" \/>\n<link rel=\"canonical\" href=\"https:\/\/mestra.es\/fr\/producto\/lava-polimerizadora-e2\/\" \/>\n<meta property=\"og:locale\" content=\"fr_FR\" \/>\n<meta property=\"og:type\" content=\"article\" \/>\n<meta property=\"og:title\" content=\"Laveuse polymeriseuse - E2 | MESTRA\" \/>\n<meta property=\"og:description\" content=\"Chez MESTRA nous avons laveuse polymeriseuse - E2. Consultez notre catalogue de mat\u00e9riel dentaire et passez votre commande d\u00e8s maintenant.\" \/>\n<meta property=\"og:url\" content=\"https:\/\/mestra.es\/fr\/producto\/lava-polimerizadora-e2\/\" \/>\n<meta property=\"og:site_name\" content=\"Talleres Mestra\" \/>\n<meta property=\"article:modified_time\" content=\"2026-01-14T14:25:13+00:00\" \/>\n<meta property=\"og:image\" content=\"https:\/\/mestra.es\/wp-content\/uploads\/2024\/05\/080060.jpg\" \/>\n\t<meta property=\"og:image:width\" content=\"600\" \/>\n\t<meta property=\"og:image:height\" content=\"600\" \/>\n\t<meta property=\"og:image:type\" content=\"image\/jpeg\" \/>\n<meta name=\"twitter:card\" content=\"summary_large_image\" \/>\n<meta name=\"twitter:label1\" content=\"Prix\" \/>\n\t<meta name=\"twitter:data1\" content=\"\" \/>\n\t<meta name=\"twitter:label2\" content=\"Disponibilit\u00e9\" \/>\n\t<meta name=\"twitter:data2\" content=\"En stock\" \/>\n<script type=\"application\/ld+json\" class=\"yoast-schema-graph\">{\"@context\":\"https:\/\/schema.org\",\"@graph\":[{\"@type\":\"WebPage\",\"@id\":\"https:\/\/mestra.es\/fr\/producto\/lava-polimerizadora-e2\/\",\"url\":\"https:\/\/mestra.es\/fr\/producto\/lava-polimerizadora-e2\/\",\"name\":\"Laveuse polymeriseuse - E2 | MESTRA\",\"isPartOf\":{\"@id\":\"https:\/\/mestra.es\/fr\/#website\"},\"primaryImageOfPage\":{\"@id\":\"https:\/\/mestra.es\/fr\/producto\/lava-polimerizadora-e2\/#primaryimage\"},\"image\":{\"@id\":\"https:\/\/mestra.es\/fr\/producto\/lava-polimerizadora-e2\/#primaryimage\"},\"thumbnailUrl\":\"https:\/\/mestra.es\/wp-content\/uploads\/2024\/05\/080060.jpg\",\"datePublished\":\"2024-03-11T12:38:12+00:00\",\"dateModified\":\"2026-01-14T14:25:13+00:00\",\"description\":\"Chez MESTRA nous avons laveuse polymeriseuse - E2. Consultez notre catalogue de mat\u00e9riel dentaire et passez votre commande d\u00e8s maintenant.\",\"breadcrumb\":{\"@id\":\"https:\/\/mestra.es\/fr\/producto\/lava-polimerizadora-e2\/#breadcrumb\"},\"inLanguage\":\"fr-FR\",\"potentialAction\":[{\"@type\":\"ReadAction\",\"target\":[\"https:\/\/mestra.es\/fr\/producto\/lava-polimerizadora-e2\/\"]}]},{\"@type\":\"ImageObject\",\"inLanguage\":\"fr-FR\",\"@id\":\"https:\/\/mestra.es\/fr\/producto\/lava-polimerizadora-e2\/#primaryimage\",\"url\":\"https:\/\/mestra.es\/wp-content\/uploads\/2024\/05\/080060.jpg\",\"contentUrl\":\"https:\/\/mestra.es\/wp-content\/uploads\/2024\/05\/080060.jpg\",\"width\":600,\"height\":600,\"caption\":\"Lava Polimerizadora E2\"},{\"@type\":\"BreadcrumbList\",\"@id\":\"https:\/\/mestra.es\/fr\/producto\/lava-polimerizadora-e2\/#breadcrumb\",\"itemListElement\":[{\"@type\":\"ListItem\",\"position\":1,\"name\":\"Portada\",\"item\":\"https:\/\/mestra.es\/fr\/\"},{\"@type\":\"ListItem\",\"position\":2,\"name\":\"Boutique\",\"item\":\"https:\/\/mestra.es\/fr\/boutique\/\"},{\"@type\":\"ListItem\",\"position\":3,\"name\":\"LAVEUSE POLYMERISEUSE &#8211; E2\"}]},{\"@type\":\"WebSite\",\"@id\":\"https:\/\/mestra.es\/fr\/#website\",\"url\":\"https:\/\/mestra.es\/fr\/\",\"name\":\"Talleres Mestra\",\"description\":\"\",\"publisher\":{\"@id\":\"https:\/\/mestra.es\/fr\/#organization\"},\"potentialAction\":[{\"@type\":\"SearchAction\",\"target\":{\"@type\":\"EntryPoint\",\"urlTemplate\":\"https:\/\/mestra.es\/fr\/?s={search_term_string}\"},\"query-input\":{\"@type\":\"PropertyValueSpecification\",\"valueRequired\":true,\"valueName\":\"search_term_string\"}}],\"inLanguage\":\"fr-FR\"},{\"@type\":\"Organization\",\"@id\":\"https:\/\/mestra.es\/fr\/#organization\",\"name\":\"Talleres Mestra\",\"url\":\"https:\/\/mestra.es\/fr\/\",\"logo\":{\"@type\":\"ImageObject\",\"inLanguage\":\"fr-FR\",\"@id\":\"https:\/\/mestra.es\/fr\/#\/schema\/logo\/image\/\",\"url\":\"https:\/\/mestra.es\/wp-content\/uploads\/2024\/05\/logo_mestra.png\",\"contentUrl\":\"https:\/\/mestra.es\/wp-content\/uploads\/2024\/05\/logo_mestra.png\",\"width\":300,\"height\":170,\"caption\":\"Talleres Mestra\"},\"image\":{\"@id\":\"https:\/\/mestra.es\/fr\/#\/schema\/logo\/image\/\"}}]}<\/script>\n<meta property=\"product:price:currency\" content=\"EUR\" \/>\n<meta property=\"og:availability\" content=\"instock\" \/>\n<meta property=\"product:availability\" content=\"instock\" \/>\n<meta property=\"product:retailer_item_id\" content=\"080060\" \/>\n<meta property=\"product:condition\" content=\"new\" \/>\n<!-- \/ Yoast SEO plugin. -->","yoast_head_json":{"title":"Laveuse polymeriseuse - E2 | MESTRA","description":"Chez MESTRA nous avons laveuse polymeriseuse - E2. Consultez notre catalogue de mat\u00e9riel dentaire et passez votre commande d\u00e8s maintenant.","robots":{"index":"index","follow":"follow","max-snippet":"max-snippet:-1","max-image-preview":"max-image-preview:large","max-video-preview":"max-video-preview:-1"},"canonical":"https:\/\/mestra.es\/fr\/producto\/lava-polimerizadora-e2\/","og_locale":"fr_FR","og_type":"article","og_title":"Laveuse polymeriseuse - E2 | MESTRA","og_description":"Chez MESTRA nous avons laveuse polymeriseuse - E2. Consultez notre catalogue de mat\u00e9riel dentaire et passez votre commande d\u00e8s maintenant.","og_url":"https:\/\/mestra.es\/fr\/producto\/lava-polimerizadora-e2\/","og_site_name":"Talleres Mestra","article_modified_time":"2026-01-14T14:25:13+00:00","og_image":[{"width":600,"height":600,"url":"https:\/\/mestra.es\/wp-content\/uploads\/2024\/05\/080060.jpg","type":"image\/jpeg"}],"twitter_card":"summary_large_image","twitter_misc":{"Prix":"","Disponibilit\u00e9":"En stock"},"schema":{"@context":"https:\/\/schema.org","@graph":[{"@type":"WebPage","@id":"https:\/\/mestra.es\/fr\/producto\/lava-polimerizadora-e2\/","url":"https:\/\/mestra.es\/fr\/producto\/lava-polimerizadora-e2\/","name":"Laveuse polymeriseuse - E2 | MESTRA","isPartOf":{"@id":"https:\/\/mestra.es\/fr\/#website"},"primaryImageOfPage":{"@id":"https:\/\/mestra.es\/fr\/producto\/lava-polimerizadora-e2\/#primaryimage"},"image":{"@id":"https:\/\/mestra.es\/fr\/producto\/lava-polimerizadora-e2\/#primaryimage"},"thumbnailUrl":"https:\/\/mestra.es\/wp-content\/uploads\/2024\/05\/080060.jpg","datePublished":"2024-03-11T12:38:12+00:00","dateModified":"2026-01-14T14:25:13+00:00","description":"Chez MESTRA nous avons laveuse polymeriseuse - E2. Consultez notre catalogue de mat\u00e9riel dentaire et passez votre commande d\u00e8s maintenant.","breadcrumb":{"@id":"https:\/\/mestra.es\/fr\/producto\/lava-polimerizadora-e2\/#breadcrumb"},"inLanguage":"fr-FR","potentialAction":[{"@type":"ReadAction","target":["https:\/\/mestra.es\/fr\/producto\/lava-polimerizadora-e2\/"]}]},{"@type":"ImageObject","inLanguage":"fr-FR","@id":"https:\/\/mestra.es\/fr\/producto\/lava-polimerizadora-e2\/#primaryimage","url":"https:\/\/mestra.es\/wp-content\/uploads\/2024\/05\/080060.jpg","contentUrl":"https:\/\/mestra.es\/wp-content\/uploads\/2024\/05\/080060.jpg","width":600,"height":600,"caption":"Lava Polimerizadora E2"},{"@type":"BreadcrumbList","@id":"https:\/\/mestra.es\/fr\/producto\/lava-polimerizadora-e2\/#breadcrumb","itemListElement":[{"@type":"ListItem","position":1,"name":"Portada","item":"https:\/\/mestra.es\/fr\/"},{"@type":"ListItem","position":2,"name":"Boutique","item":"https:\/\/mestra.es\/fr\/boutique\/"},{"@type":"ListItem","position":3,"name":"LAVEUSE POLYMERISEUSE &#8211; E2"}]},{"@type":"WebSite","@id":"https:\/\/mestra.es\/fr\/#website","url":"https:\/\/mestra.es\/fr\/","name":"Talleres Mestra","description":"","publisher":{"@id":"https:\/\/mestra.es\/fr\/#organization"},"potentialAction":[{"@type":"SearchAction","target":{"@type":"EntryPoint","urlTemplate":"https:\/\/mestra.es\/fr\/?s={search_term_string}"},"query-input":{"@type":"PropertyValueSpecification","valueRequired":true,"valueName":"search_term_string"}}],"inLanguage":"fr-FR"},{"@type":"Organization","@id":"https:\/\/mestra.es\/fr\/#organization","name":"Talleres Mestra","url":"https:\/\/mestra.es\/fr\/","logo":{"@type":"ImageObject","inLanguage":"fr-FR","@id":"https:\/\/mestra.es\/fr\/#\/schema\/logo\/image\/","url":"https:\/\/mestra.es\/wp-content\/uploads\/2024\/05\/logo_mestra.png","contentUrl":"https:\/\/mestra.es\/wp-content\/uploads\/2024\/05\/logo_mestra.png","width":300,"height":170,"caption":"Talleres Mestra"},"image":{"@id":"https:\/\/mestra.es\/fr\/#\/schema\/logo\/image\/"}}]},"product_price_currency":"EUR","og_availability":"instock","product_availability":"instock","product_retailer_item_id":"080060","product_condition":"new"},"_links":{"self":[{"href":"https:\/\/mestra.es\/fr\/wp-json\/wp\/v2\/product\/12359","targetHints":{"allow":["GET"]}}],"collection":[{"href":"https:\/\/mestra.es\/fr\/wp-json\/wp\/v2\/product"}],"about":[{"href":"https:\/\/mestra.es\/fr\/wp-json\/wp\/v2\/types\/product"}],"wp:featuredmedia":[{"embeddable":true,"href":"https:\/\/mestra.es\/fr\/wp-json\/wp\/v2\/media\/9837"}],"wp:attachment":[{"href":"https:\/\/mestra.es\/fr\/wp-json\/wp\/v2\/media?parent=12359"}],"wp:term":[{"taxonomy":"product_brand","embeddable":true,"href":"https:\/\/mestra.es\/fr\/wp-json\/wp\/v2\/product_brand?post=12359"},{"taxonomy":"product_cat","embeddable":true,"href":"https:\/\/mestra.es\/fr\/wp-json\/wp\/v2\/product_cat?post=12359"},{"taxonomy":"product_tag","embeddable":true,"href":"https:\/\/mestra.es\/fr\/wp-json\/wp\/v2\/product_tag?post=12359"}],"curies":[{"name":"wp","href":"https:\/\/api.w.org\/{rel}","templated":true}]}}