{"id":12357,"date":"2024-03-11T13:38:12","date_gmt":"2024-03-11T12:38:12","guid":{"rendered":"https:\/\/mestra.es\/producto\/lava-polimerizadora-e2-extreme\/"},"modified":"2025-06-11T11:56:59","modified_gmt":"2025-06-11T09:56:59","slug":"lava-polimerizadora-e2-extreme","status":"publish","type":"product","link":"https:\/\/mestra.es\/fr\/producto\/lava-polimerizadora-e2-extreme\/","title":{"rendered":"LAVEUSE POLYMERISEUSE &#8211; E2 EXTREME"},"content":{"rendered":"<p>Fabriqu\u00e9 enti\u00e8rement en acier inoxydable.<\/p>\n<p><strong>Polym\u00e9risation <\/strong>:<\/p>\n<p>La capacit\u00e9 de la cuve permet d\u0092introduire jusqu\u0092\u00e0 12 moufles (6 brides <a href=\"https:\/\/mestra.es\/fr\/?post_type=product&amp;p=13104\">Ref. 030380<\/a> de 2 moufles).<\/p>\n<p><img loading=\"lazy\" decoding=\"async\" src=\"https:\/\/mestra.es\/wp-content\/uploads\/2024\/10\/151-LAVA-POLIMERIZADORA-E2-A.-INOX.jpg\" width=\"339\" height=\"262\" \/><\/p>\n<p><strong>Ebouillantage :<\/strong> 6 moufles (ouvertes)<\/p>\n<p>Le syst\u00e8me de nettoyage \u00e0 6 injecteurs d\u0092eau sous pression assure un bon \u00e9bouillantage des moufles ainsi qu\u0092un parfait d\u00e9collement de la cire.<\/p>\n<p><img loading=\"lazy\" decoding=\"async\" src=\"https:\/\/mestra.es\/wp-content\/uploads\/2024\/10\/150-LAVA-POLIMERIZADORA-E2-A.-INOX.jpg\" width=\"326\" height=\"207\" \/><\/p>\n<p>Syst\u00e8me rap\u00ecde de d\u00e9montage et de montage de l\u0092arbre d\u0092aspersion.<\/p>\n<p><img loading=\"lazy\" decoding=\"async\" src=\"https:\/\/mestra.es\/wp-content\/uploads\/2025\/03\/152-LAVA-POLIMERIZADORA-E2-A.-INOX.jpg\" width=\"323\" height=\"249\" \/><\/p>\n<p>Vanne de vidange.<\/p>\n<p><img decoding=\"async\" src=\"https:\/\/mestra.es\/wp-content\/uploads\/2025\/03\/Grifo-lavadora.jpg\" \/><\/p>\n<p>&nbsp;<\/p>\n<p>La laveuse-polym\u00e9riseuse Extreme est munie d\u0092un dispositif qui modifie la temp\u00e9rature, suivant les programmes \u00e9tablis.<\/p>\n<p>En cas de d\u00e9faillance d\u0092alimentation, \u00e9tant donn\u00e9 que le r\u00e9gulateur m\u00e9morise toutes les donn\u00e9es, le programme reprend au point ou celle-ci s\u0092\u00e9tait arr\u00eat\u00e9e.<\/p>\n<h3>MICRO PROCESSEUR<\/h3>\n<ul>\n<li>Contr\u00f4le les temps et les temp\u00e9ratures.<\/li>\n<li>Signal acoustique \u00e0 la fin du programme.<\/li>\n<li>5 programmes.<\/li>\n<li>D\u00e9connexion automatique.<\/li>\n<li>Contr\u00f4le de la chauffe par triac.<\/li>\n<li>D\u00e9tecte et indique la rupture du thermocouple.<\/li>\n<li>Protection contre les variations de tension<\/li>\n<li>Protection contre les coupures de courant (mise en m\u00e9moire des derni\u00e8res donn\u00e9es avant coupure.)<\/li>\n<\/ul>\n<h3>PRESTATIONS<\/h3>\n<ul>\n<li>Temps de d\u00e9marrage diff\u00e9r\u00e9 du programme (jusqu\u0092 \u00e0 180 min.)<\/li>\n<li>Le temps de mont\u00e9e et de maintien en temp\u00e9rature.<\/li>\n<li>La temp\u00e9rature de l\u0092eau (maximum jusqu\u0092\u00e0 \u00e9bullition).<\/li>\n<li>Emission d\u0092un signal acoustique et d\u00e9connexion automatique.<\/li>\n<li>Douche pour le ebouillatange.<\/li>\n<\/ul>\n","protected":false},"excerpt":{"rendered":"<p>Fabriqu\u00e9e en acier inoxydable, est munie d\u0092un processeur qui change la temp\u00e9rature et les temps suivant un programme \u00e9tabli.<\/p>\n","protected":false},"featured_media":9839,"template":"","meta":{"_acf_changed":false,"_monsterinsights_skip_tracking":false,"_monsterinsights_sitenote_active":false,"_monsterinsights_sitenote_note":"","_monsterinsights_sitenote_category":0},"product_brand":[],"product_cat":[1313],"product_tag":[],"class_list":{"0":"post-12357","1":"product","2":"type-product","3":"status-publish","4":"has-post-thumbnail","6":"product_cat-polymerisation-thermique","8":"first","9":"instock","10":"product-type-simple"},"acf":[],"yoast_head":"<!-- This site is optimized with the Yoast SEO plugin v27.2 - https:\/\/yoast.com\/product\/yoast-seo-wordpress\/ -->\n<title>Laveuse-polymeriseuse pour moufles - Extreme | MESTRA<\/title>\n<meta name=\"description\" content=\"Chez MESTRA, nous avons Laveuse-polymeriseuse pour moufles - Extreme, en acier inoxydable, change la temp\u00e9rature suivant un programme | Commander en ligne\" \/>\n<meta name=\"robots\" content=\"index, follow, max-snippet:-1, max-image-preview:large, max-video-preview:-1\" \/>\n<link rel=\"canonical\" href=\"https:\/\/mestra.es\/fr\/producto\/lava-polimerizadora-e2-extreme\/\" \/>\n<meta property=\"og:locale\" content=\"fr_FR\" \/>\n<meta property=\"og:type\" content=\"article\" \/>\n<meta property=\"og:title\" content=\"Laveuse-polymeriseuse pour moufles - Extreme | MESTRA\" \/>\n<meta property=\"og:description\" content=\"Chez MESTRA, nous avons Laveuse-polymeriseuse pour moufles - Extreme, en acier inoxydable, change la temp\u00e9rature suivant un programme | Commander en ligne\" \/>\n<meta property=\"og:url\" content=\"https:\/\/mestra.es\/fr\/producto\/lava-polimerizadora-e2-extreme\/\" \/>\n<meta property=\"og:site_name\" content=\"Talleres Mestra\" \/>\n<meta property=\"article:modified_time\" content=\"2025-06-11T09:56:59+00:00\" \/>\n<meta property=\"og:image\" content=\"https:\/\/mestra.es\/wp-content\/uploads\/2024\/05\/080063.jpg\" \/>\n\t<meta property=\"og:image:width\" content=\"600\" \/>\n\t<meta property=\"og:image:height\" content=\"600\" \/>\n\t<meta property=\"og:image:type\" content=\"image\/jpeg\" \/>\n<meta name=\"twitter:card\" content=\"summary_large_image\" \/>\n<meta name=\"twitter:label1\" content=\"Prix\" \/>\n\t<meta name=\"twitter:data1\" content=\"\" \/>\n\t<meta name=\"twitter:label2\" content=\"Disponibilit\u00e9\" \/>\n\t<meta name=\"twitter:data2\" content=\"En stock\" \/>\n<script type=\"application\/ld+json\" class=\"yoast-schema-graph\">{\"@context\":\"https:\/\/schema.org\",\"@graph\":[{\"@type\":\"WebPage\",\"@id\":\"https:\/\/mestra.es\/fr\/producto\/lava-polimerizadora-e2-extreme\/\",\"url\":\"https:\/\/mestra.es\/fr\/producto\/lava-polimerizadora-e2-extreme\/\",\"name\":\"Laveuse-polymeriseuse pour moufles - Extreme | MESTRA\",\"isPartOf\":{\"@id\":\"https:\/\/mestra.es\/fr\/#website\"},\"primaryImageOfPage\":{\"@id\":\"https:\/\/mestra.es\/fr\/producto\/lava-polimerizadora-e2-extreme\/#primaryimage\"},\"image\":{\"@id\":\"https:\/\/mestra.es\/fr\/producto\/lava-polimerizadora-e2-extreme\/#primaryimage\"},\"thumbnailUrl\":\"https:\/\/mestra.es\/wp-content\/uploads\/2024\/05\/080063.jpg\",\"datePublished\":\"2024-03-11T12:38:12+00:00\",\"dateModified\":\"2025-06-11T09:56:59+00:00\",\"description\":\"Chez MESTRA, nous avons Laveuse-polymeriseuse pour moufles - Extreme, en acier inoxydable, change la temp\u00e9rature suivant un programme | Commander en ligne\",\"breadcrumb\":{\"@id\":\"https:\/\/mestra.es\/fr\/producto\/lava-polimerizadora-e2-extreme\/#breadcrumb\"},\"inLanguage\":\"fr-FR\",\"potentialAction\":[{\"@type\":\"ReadAction\",\"target\":[\"https:\/\/mestra.es\/fr\/producto\/lava-polimerizadora-e2-extreme\/\"]}]},{\"@type\":\"ImageObject\",\"inLanguage\":\"fr-FR\",\"@id\":\"https:\/\/mestra.es\/fr\/producto\/lava-polimerizadora-e2-extreme\/#primaryimage\",\"url\":\"https:\/\/mestra.es\/wp-content\/uploads\/2024\/05\/080063.jpg\",\"contentUrl\":\"https:\/\/mestra.es\/wp-content\/uploads\/2024\/05\/080063.jpg\",\"width\":600,\"height\":600,\"caption\":\"LAVA-POLIMERIZADORA - E2 EXTREME\"},{\"@type\":\"BreadcrumbList\",\"@id\":\"https:\/\/mestra.es\/fr\/producto\/lava-polimerizadora-e2-extreme\/#breadcrumb\",\"itemListElement\":[{\"@type\":\"ListItem\",\"position\":1,\"name\":\"Portada\",\"item\":\"https:\/\/mestra.es\/fr\/\"},{\"@type\":\"ListItem\",\"position\":2,\"name\":\"Boutique\",\"item\":\"https:\/\/mestra.es\/fr\/boutique\/\"},{\"@type\":\"ListItem\",\"position\":3,\"name\":\"LAVEUSE POLYMERISEUSE &#8211; E2 EXTREME\"}]},{\"@type\":\"WebSite\",\"@id\":\"https:\/\/mestra.es\/fr\/#website\",\"url\":\"https:\/\/mestra.es\/fr\/\",\"name\":\"Talleres Mestra\",\"description\":\"\",\"publisher\":{\"@id\":\"https:\/\/mestra.es\/fr\/#organization\"},\"potentialAction\":[{\"@type\":\"SearchAction\",\"target\":{\"@type\":\"EntryPoint\",\"urlTemplate\":\"https:\/\/mestra.es\/fr\/?s={search_term_string}\"},\"query-input\":{\"@type\":\"PropertyValueSpecification\",\"valueRequired\":true,\"valueName\":\"search_term_string\"}}],\"inLanguage\":\"fr-FR\"},{\"@type\":\"Organization\",\"@id\":\"https:\/\/mestra.es\/fr\/#organization\",\"name\":\"Talleres Mestra\",\"url\":\"https:\/\/mestra.es\/fr\/\",\"logo\":{\"@type\":\"ImageObject\",\"inLanguage\":\"fr-FR\",\"@id\":\"https:\/\/mestra.es\/fr\/#\/schema\/logo\/image\/\",\"url\":\"https:\/\/mestra.es\/wp-content\/uploads\/2024\/05\/logo_mestra.png\",\"contentUrl\":\"https:\/\/mestra.es\/wp-content\/uploads\/2024\/05\/logo_mestra.png\",\"width\":300,\"height\":170,\"caption\":\"Talleres Mestra\"},\"image\":{\"@id\":\"https:\/\/mestra.es\/fr\/#\/schema\/logo\/image\/\"}}]}<\/script>\n<meta property=\"product:price:currency\" content=\"EUR\" \/>\n<meta property=\"og:availability\" content=\"instock\" \/>\n<meta property=\"product:availability\" content=\"instock\" \/>\n<meta property=\"product:retailer_item_id\" content=\"080063\" \/>\n<meta property=\"product:condition\" content=\"new\" \/>\n<!-- \/ Yoast SEO plugin. -->","yoast_head_json":{"title":"Laveuse-polymeriseuse pour moufles - Extreme | MESTRA","description":"Chez MESTRA, nous avons Laveuse-polymeriseuse pour moufles - Extreme, en acier inoxydable, change la temp\u00e9rature suivant un programme | Commander en ligne","robots":{"index":"index","follow":"follow","max-snippet":"max-snippet:-1","max-image-preview":"max-image-preview:large","max-video-preview":"max-video-preview:-1"},"canonical":"https:\/\/mestra.es\/fr\/producto\/lava-polimerizadora-e2-extreme\/","og_locale":"fr_FR","og_type":"article","og_title":"Laveuse-polymeriseuse pour moufles - Extreme | MESTRA","og_description":"Chez MESTRA, nous avons Laveuse-polymeriseuse pour moufles - Extreme, en acier inoxydable, change la temp\u00e9rature suivant un programme | Commander en ligne","og_url":"https:\/\/mestra.es\/fr\/producto\/lava-polimerizadora-e2-extreme\/","og_site_name":"Talleres Mestra","article_modified_time":"2025-06-11T09:56:59+00:00","og_image":[{"width":600,"height":600,"url":"https:\/\/mestra.es\/wp-content\/uploads\/2024\/05\/080063.jpg","type":"image\/jpeg"}],"twitter_card":"summary_large_image","twitter_misc":{"Prix":"","Disponibilit\u00e9":"En stock"},"schema":{"@context":"https:\/\/schema.org","@graph":[{"@type":"WebPage","@id":"https:\/\/mestra.es\/fr\/producto\/lava-polimerizadora-e2-extreme\/","url":"https:\/\/mestra.es\/fr\/producto\/lava-polimerizadora-e2-extreme\/","name":"Laveuse-polymeriseuse pour moufles - Extreme | MESTRA","isPartOf":{"@id":"https:\/\/mestra.es\/fr\/#website"},"primaryImageOfPage":{"@id":"https:\/\/mestra.es\/fr\/producto\/lava-polimerizadora-e2-extreme\/#primaryimage"},"image":{"@id":"https:\/\/mestra.es\/fr\/producto\/lava-polimerizadora-e2-extreme\/#primaryimage"},"thumbnailUrl":"https:\/\/mestra.es\/wp-content\/uploads\/2024\/05\/080063.jpg","datePublished":"2024-03-11T12:38:12+00:00","dateModified":"2025-06-11T09:56:59+00:00","description":"Chez MESTRA, nous avons Laveuse-polymeriseuse pour moufles - Extreme, en acier inoxydable, change la temp\u00e9rature suivant un programme | Commander en ligne","breadcrumb":{"@id":"https:\/\/mestra.es\/fr\/producto\/lava-polimerizadora-e2-extreme\/#breadcrumb"},"inLanguage":"fr-FR","potentialAction":[{"@type":"ReadAction","target":["https:\/\/mestra.es\/fr\/producto\/lava-polimerizadora-e2-extreme\/"]}]},{"@type":"ImageObject","inLanguage":"fr-FR","@id":"https:\/\/mestra.es\/fr\/producto\/lava-polimerizadora-e2-extreme\/#primaryimage","url":"https:\/\/mestra.es\/wp-content\/uploads\/2024\/05\/080063.jpg","contentUrl":"https:\/\/mestra.es\/wp-content\/uploads\/2024\/05\/080063.jpg","width":600,"height":600,"caption":"LAVA-POLIMERIZADORA - E2 EXTREME"},{"@type":"BreadcrumbList","@id":"https:\/\/mestra.es\/fr\/producto\/lava-polimerizadora-e2-extreme\/#breadcrumb","itemListElement":[{"@type":"ListItem","position":1,"name":"Portada","item":"https:\/\/mestra.es\/fr\/"},{"@type":"ListItem","position":2,"name":"Boutique","item":"https:\/\/mestra.es\/fr\/boutique\/"},{"@type":"ListItem","position":3,"name":"LAVEUSE POLYMERISEUSE &#8211; E2 EXTREME"}]},{"@type":"WebSite","@id":"https:\/\/mestra.es\/fr\/#website","url":"https:\/\/mestra.es\/fr\/","name":"Talleres Mestra","description":"","publisher":{"@id":"https:\/\/mestra.es\/fr\/#organization"},"potentialAction":[{"@type":"SearchAction","target":{"@type":"EntryPoint","urlTemplate":"https:\/\/mestra.es\/fr\/?s={search_term_string}"},"query-input":{"@type":"PropertyValueSpecification","valueRequired":true,"valueName":"search_term_string"}}],"inLanguage":"fr-FR"},{"@type":"Organization","@id":"https:\/\/mestra.es\/fr\/#organization","name":"Talleres Mestra","url":"https:\/\/mestra.es\/fr\/","logo":{"@type":"ImageObject","inLanguage":"fr-FR","@id":"https:\/\/mestra.es\/fr\/#\/schema\/logo\/image\/","url":"https:\/\/mestra.es\/wp-content\/uploads\/2024\/05\/logo_mestra.png","contentUrl":"https:\/\/mestra.es\/wp-content\/uploads\/2024\/05\/logo_mestra.png","width":300,"height":170,"caption":"Talleres Mestra"},"image":{"@id":"https:\/\/mestra.es\/fr\/#\/schema\/logo\/image\/"}}]},"product_price_currency":"EUR","og_availability":"instock","product_availability":"instock","product_retailer_item_id":"080063","product_condition":"new"},"_links":{"self":[{"href":"https:\/\/mestra.es\/fr\/wp-json\/wp\/v2\/product\/12357","targetHints":{"allow":["GET"]}}],"collection":[{"href":"https:\/\/mestra.es\/fr\/wp-json\/wp\/v2\/product"}],"about":[{"href":"https:\/\/mestra.es\/fr\/wp-json\/wp\/v2\/types\/product"}],"wp:featuredmedia":[{"embeddable":true,"href":"https:\/\/mestra.es\/fr\/wp-json\/wp\/v2\/media\/9839"}],"wp:attachment":[{"href":"https:\/\/mestra.es\/fr\/wp-json\/wp\/v2\/media?parent=12357"}],"wp:term":[{"taxonomy":"product_brand","embeddable":true,"href":"https:\/\/mestra.es\/fr\/wp-json\/wp\/v2\/product_brand?post=12357"},{"taxonomy":"product_cat","embeddable":true,"href":"https:\/\/mestra.es\/fr\/wp-json\/wp\/v2\/product_cat?post=12357"},{"taxonomy":"product_tag","embeddable":true,"href":"https:\/\/mestra.es\/fr\/wp-json\/wp\/v2\/product_tag?post=12357"}],"curies":[{"name":"wp","href":"https:\/\/api.w.org\/{rel}","templated":true}]}}