{"id":12353,"date":"2024-03-11T13:38:13","date_gmt":"2024-03-11T12:38:13","guid":{"rendered":"https:\/\/mestra.es\/producto\/polimerizadora-para-muflas-m9\/"},"modified":"2025-03-24T14:54:12","modified_gmt":"2025-03-24T13:54:12","slug":"polimerizadora-para-muflas-m9","status":"publish","type":"product","link":"https:\/\/mestra.es\/fr\/producto\/polimerizadora-para-muflas-m9\/","title":{"rendered":"POLYMERISEUSE POUR MOUFLES &#8211; M9"},"content":{"rendered":"<p>Fabriqu\u00e9e enti\u00e8rement en acier inoxydable.<\/p>\n<p>Elle polym\u00e9rise 9 moufles avec la bride <a href=\"https:\/\/mestra.es\/fr\/?post_type=product&#038;p=13104\">R-030390.<\/a><\/p>\n<p>La polym\u00e9riseuse M-9 est munie d&rsquo;un processeur qui change la temp\u00e9rature suivant un programme \u00e9tabli.<\/p>\n<p>Avec le r\u00e9gulateur M-9 L\u00b4op\u00e9rateur(utilisateur) peut choisir les donn\u00e9es suivantes:<\/p>\n<ol>\n<li>Un temps d\u00b4attente retard\u00e9 en heures et minutes de 0,00 \u00e0 99 heures 59 minutes. Ce temps permet de programmer un d\u00e9marrage retard\u00e9, de fa\u00e7on \u00e0 ce que le programme commence \u00e0 s&rsquo;ex\u00e9cuter \u00e0 une heure d\u00e9termin\u00e9e. Ce temps s&rsquo;ex\u00e9cute chaque fois que le programme est mis en marche.<\/li>\n<li>La dur\u00e9e de chaque mont\u00e9e en temp\u00e9rature contr\u00f4l\u00e9es en heures et minutes de 0,00 \u00e0 99 heures 59 minutes.<\/li>\n<li>Le temps de maintien voulu, en heures et minutes de 0,00 \u00e0 99 heures 59 minutes, de chacun des plateaux.<\/li>\n<\/ol>\n<p>&nbsp;<\/p>\n<p><strong>AVERTISSEMENT FIN DE TRAITEMENT<\/strong><\/p>\n<ul>\n<li>En cas d&rsquo;alarme, un signal acoustique se d\u00e9clenche. Appuyer sur n&rsquo;importe quelle touche (reconnaissance d&rsquo;alarme) pour continuer le programme.<\/li>\n<li>En cas de d\u00e9faillance d&rsquo;alimentation, \u00e9tant donn\u00e9 que le r\u00e9gulateur m\u00e9morise toutes les donn\u00e9es, le programme reprend au point ou celle-ci s&rsquo;\u00e9tait arr\u00eat\u00e9e.<\/li>\n<li>Les programmes et les param\u00e8tres seront gard\u00e9s ind\u00e9finiment, m\u00eame apr\u00e8s la deconnection du r\u00e9gulateur.<\/li>\n<\/ul>\n","protected":false},"excerpt":{"rendered":"<p>Fabriqu\u00e9e enti\u00e8rement en acier inoxydable. Elle polym\u00e9rise 9 moufles avec la bride R-030390. La polym\u00e9riseuse M-9 est munie d&rsquo;un processeur qui change la temp\u00e9rature suivant un programme \u00e9tabli. Avec le r\u00e9gulateur M-9 L\u00b4op\u00e9rateur(utilisateur) peut choisir les donn\u00e9es suivantes: Un temps d\u00b4attente retard\u00e9 en heures et minutes de 0,00 \u00e0 99 heures 59 minutes. Ce temps [&hellip;]<\/p>\n","protected":false},"featured_media":9843,"template":"","meta":{"_acf_changed":false,"_monsterinsights_skip_tracking":false,"_monsterinsights_sitenote_active":false,"_monsterinsights_sitenote_note":"","_monsterinsights_sitenote_category":0},"product_brand":[],"product_cat":[1313],"product_tag":[],"class_list":{"0":"post-12353","1":"product","2":"type-product","3":"status-publish","4":"has-post-thumbnail","6":"product_cat-polymerisation-thermique","8":"first","9":"instock","10":"product-type-simple"},"acf":[],"yoast_head":"<!-- This site is optimized with the Yoast SEO plugin v27.2 - https:\/\/yoast.com\/product\/yoast-seo-wordpress\/ -->\n<title>Polymeriseuse pour moufles - M9 | MESTRA<\/title>\n<meta name=\"description\" content=\"Chez MESTRA nous avons Polymeriseuse pour moufles - M9. Consultez notre catalogue de mat\u00e9riel dentaire et passez votre commande d\u00e8s maintenant.\" \/>\n<meta name=\"robots\" content=\"index, follow, max-snippet:-1, max-image-preview:large, max-video-preview:-1\" \/>\n<link rel=\"canonical\" href=\"https:\/\/mestra.es\/fr\/producto\/polimerizadora-para-muflas-m9\/\" \/>\n<meta property=\"og:locale\" content=\"fr_FR\" \/>\n<meta property=\"og:type\" content=\"article\" \/>\n<meta property=\"og:title\" content=\"Polymeriseuse pour moufles - M9 | MESTRA\" \/>\n<meta property=\"og:description\" content=\"Chez MESTRA nous avons Polymeriseuse pour moufles - M9. Consultez notre catalogue de mat\u00e9riel dentaire et passez votre commande d\u00e8s maintenant.\" \/>\n<meta property=\"og:url\" content=\"https:\/\/mestra.es\/fr\/producto\/polimerizadora-para-muflas-m9\/\" \/>\n<meta property=\"og:site_name\" content=\"Talleres Mestra\" \/>\n<meta property=\"article:modified_time\" content=\"2025-03-24T13:54:12+00:00\" \/>\n<meta property=\"og:image\" content=\"https:\/\/mestra.es\/wp-content\/uploads\/2024\/05\/080400.jpg\" \/>\n\t<meta property=\"og:image:width\" content=\"600\" \/>\n\t<meta property=\"og:image:height\" content=\"600\" \/>\n\t<meta property=\"og:image:type\" content=\"image\/jpeg\" \/>\n<meta name=\"twitter:card\" content=\"summary_large_image\" \/>\n<meta name=\"twitter:label1\" content=\"Prix\" \/>\n\t<meta name=\"twitter:data1\" content=\"\" \/>\n\t<meta name=\"twitter:label2\" content=\"Disponibilit\u00e9\" \/>\n\t<meta name=\"twitter:data2\" content=\"En stock\" \/>\n<script type=\"application\/ld+json\" class=\"yoast-schema-graph\">{\"@context\":\"https:\/\/schema.org\",\"@graph\":[{\"@type\":\"WebPage\",\"@id\":\"https:\/\/mestra.es\/fr\/producto\/polimerizadora-para-muflas-m9\/\",\"url\":\"https:\/\/mestra.es\/fr\/producto\/polimerizadora-para-muflas-m9\/\",\"name\":\"Polymeriseuse pour moufles - M9 | MESTRA\",\"isPartOf\":{\"@id\":\"https:\/\/mestra.es\/fr\/#website\"},\"primaryImageOfPage\":{\"@id\":\"https:\/\/mestra.es\/fr\/producto\/polimerizadora-para-muflas-m9\/#primaryimage\"},\"image\":{\"@id\":\"https:\/\/mestra.es\/fr\/producto\/polimerizadora-para-muflas-m9\/#primaryimage\"},\"thumbnailUrl\":\"https:\/\/mestra.es\/wp-content\/uploads\/2024\/05\/080400.jpg\",\"datePublished\":\"2024-03-11T12:38:13+00:00\",\"dateModified\":\"2025-03-24T13:54:12+00:00\",\"description\":\"Chez MESTRA nous avons Polymeriseuse pour moufles - M9. Consultez notre catalogue de mat\u00e9riel dentaire et passez votre commande d\u00e8s maintenant.\",\"breadcrumb\":{\"@id\":\"https:\/\/mestra.es\/fr\/producto\/polimerizadora-para-muflas-m9\/#breadcrumb\"},\"inLanguage\":\"fr-FR\",\"potentialAction\":[{\"@type\":\"ReadAction\",\"target\":[\"https:\/\/mestra.es\/fr\/producto\/polimerizadora-para-muflas-m9\/\"]}]},{\"@type\":\"ImageObject\",\"inLanguage\":\"fr-FR\",\"@id\":\"https:\/\/mestra.es\/fr\/producto\/polimerizadora-para-muflas-m9\/#primaryimage\",\"url\":\"https:\/\/mestra.es\/wp-content\/uploads\/2024\/05\/080400.jpg\",\"contentUrl\":\"https:\/\/mestra.es\/wp-content\/uploads\/2024\/05\/080400.jpg\",\"width\":600,\"height\":600,\"caption\":\"Polimerizadora para muflas M9\"},{\"@type\":\"BreadcrumbList\",\"@id\":\"https:\/\/mestra.es\/fr\/producto\/polimerizadora-para-muflas-m9\/#breadcrumb\",\"itemListElement\":[{\"@type\":\"ListItem\",\"position\":1,\"name\":\"Portada\",\"item\":\"https:\/\/mestra.es\/fr\/\"},{\"@type\":\"ListItem\",\"position\":2,\"name\":\"Boutique\",\"item\":\"https:\/\/mestra.es\/fr\/boutique\/\"},{\"@type\":\"ListItem\",\"position\":3,\"name\":\"POLYMERISEUSE POUR MOUFLES &#8211; M9\"}]},{\"@type\":\"WebSite\",\"@id\":\"https:\/\/mestra.es\/fr\/#website\",\"url\":\"https:\/\/mestra.es\/fr\/\",\"name\":\"Talleres Mestra\",\"description\":\"\",\"publisher\":{\"@id\":\"https:\/\/mestra.es\/fr\/#organization\"},\"potentialAction\":[{\"@type\":\"SearchAction\",\"target\":{\"@type\":\"EntryPoint\",\"urlTemplate\":\"https:\/\/mestra.es\/fr\/?s={search_term_string}\"},\"query-input\":{\"@type\":\"PropertyValueSpecification\",\"valueRequired\":true,\"valueName\":\"search_term_string\"}}],\"inLanguage\":\"fr-FR\"},{\"@type\":\"Organization\",\"@id\":\"https:\/\/mestra.es\/fr\/#organization\",\"name\":\"Talleres Mestra\",\"url\":\"https:\/\/mestra.es\/fr\/\",\"logo\":{\"@type\":\"ImageObject\",\"inLanguage\":\"fr-FR\",\"@id\":\"https:\/\/mestra.es\/fr\/#\/schema\/logo\/image\/\",\"url\":\"https:\/\/mestra.es\/wp-content\/uploads\/2024\/05\/logo_mestra.png\",\"contentUrl\":\"https:\/\/mestra.es\/wp-content\/uploads\/2024\/05\/logo_mestra.png\",\"width\":300,\"height\":170,\"caption\":\"Talleres Mestra\"},\"image\":{\"@id\":\"https:\/\/mestra.es\/fr\/#\/schema\/logo\/image\/\"}}]}<\/script>\n<meta property=\"product:price:currency\" content=\"EUR\" \/>\n<meta property=\"og:availability\" content=\"instock\" \/>\n<meta property=\"product:availability\" content=\"instock\" \/>\n<meta property=\"product:retailer_item_id\" content=\"080400\" \/>\n<meta property=\"product:condition\" content=\"new\" \/>\n<!-- \/ Yoast SEO plugin. -->","yoast_head_json":{"title":"Polymeriseuse pour moufles - M9 | MESTRA","description":"Chez MESTRA nous avons Polymeriseuse pour moufles - M9. Consultez notre catalogue de mat\u00e9riel dentaire et passez votre commande d\u00e8s maintenant.","robots":{"index":"index","follow":"follow","max-snippet":"max-snippet:-1","max-image-preview":"max-image-preview:large","max-video-preview":"max-video-preview:-1"},"canonical":"https:\/\/mestra.es\/fr\/producto\/polimerizadora-para-muflas-m9\/","og_locale":"fr_FR","og_type":"article","og_title":"Polymeriseuse pour moufles - M9 | MESTRA","og_description":"Chez MESTRA nous avons Polymeriseuse pour moufles - M9. Consultez notre catalogue de mat\u00e9riel dentaire et passez votre commande d\u00e8s maintenant.","og_url":"https:\/\/mestra.es\/fr\/producto\/polimerizadora-para-muflas-m9\/","og_site_name":"Talleres Mestra","article_modified_time":"2025-03-24T13:54:12+00:00","og_image":[{"width":600,"height":600,"url":"https:\/\/mestra.es\/wp-content\/uploads\/2024\/05\/080400.jpg","type":"image\/jpeg"}],"twitter_card":"summary_large_image","twitter_misc":{"Prix":"","Disponibilit\u00e9":"En stock"},"schema":{"@context":"https:\/\/schema.org","@graph":[{"@type":"WebPage","@id":"https:\/\/mestra.es\/fr\/producto\/polimerizadora-para-muflas-m9\/","url":"https:\/\/mestra.es\/fr\/producto\/polimerizadora-para-muflas-m9\/","name":"Polymeriseuse pour moufles - M9 | MESTRA","isPartOf":{"@id":"https:\/\/mestra.es\/fr\/#website"},"primaryImageOfPage":{"@id":"https:\/\/mestra.es\/fr\/producto\/polimerizadora-para-muflas-m9\/#primaryimage"},"image":{"@id":"https:\/\/mestra.es\/fr\/producto\/polimerizadora-para-muflas-m9\/#primaryimage"},"thumbnailUrl":"https:\/\/mestra.es\/wp-content\/uploads\/2024\/05\/080400.jpg","datePublished":"2024-03-11T12:38:13+00:00","dateModified":"2025-03-24T13:54:12+00:00","description":"Chez MESTRA nous avons Polymeriseuse pour moufles - M9. Consultez notre catalogue de mat\u00e9riel dentaire et passez votre commande d\u00e8s maintenant.","breadcrumb":{"@id":"https:\/\/mestra.es\/fr\/producto\/polimerizadora-para-muflas-m9\/#breadcrumb"},"inLanguage":"fr-FR","potentialAction":[{"@type":"ReadAction","target":["https:\/\/mestra.es\/fr\/producto\/polimerizadora-para-muflas-m9\/"]}]},{"@type":"ImageObject","inLanguage":"fr-FR","@id":"https:\/\/mestra.es\/fr\/producto\/polimerizadora-para-muflas-m9\/#primaryimage","url":"https:\/\/mestra.es\/wp-content\/uploads\/2024\/05\/080400.jpg","contentUrl":"https:\/\/mestra.es\/wp-content\/uploads\/2024\/05\/080400.jpg","width":600,"height":600,"caption":"Polimerizadora para muflas M9"},{"@type":"BreadcrumbList","@id":"https:\/\/mestra.es\/fr\/producto\/polimerizadora-para-muflas-m9\/#breadcrumb","itemListElement":[{"@type":"ListItem","position":1,"name":"Portada","item":"https:\/\/mestra.es\/fr\/"},{"@type":"ListItem","position":2,"name":"Boutique","item":"https:\/\/mestra.es\/fr\/boutique\/"},{"@type":"ListItem","position":3,"name":"POLYMERISEUSE POUR MOUFLES &#8211; M9"}]},{"@type":"WebSite","@id":"https:\/\/mestra.es\/fr\/#website","url":"https:\/\/mestra.es\/fr\/","name":"Talleres Mestra","description":"","publisher":{"@id":"https:\/\/mestra.es\/fr\/#organization"},"potentialAction":[{"@type":"SearchAction","target":{"@type":"EntryPoint","urlTemplate":"https:\/\/mestra.es\/fr\/?s={search_term_string}"},"query-input":{"@type":"PropertyValueSpecification","valueRequired":true,"valueName":"search_term_string"}}],"inLanguage":"fr-FR"},{"@type":"Organization","@id":"https:\/\/mestra.es\/fr\/#organization","name":"Talleres Mestra","url":"https:\/\/mestra.es\/fr\/","logo":{"@type":"ImageObject","inLanguage":"fr-FR","@id":"https:\/\/mestra.es\/fr\/#\/schema\/logo\/image\/","url":"https:\/\/mestra.es\/wp-content\/uploads\/2024\/05\/logo_mestra.png","contentUrl":"https:\/\/mestra.es\/wp-content\/uploads\/2024\/05\/logo_mestra.png","width":300,"height":170,"caption":"Talleres Mestra"},"image":{"@id":"https:\/\/mestra.es\/fr\/#\/schema\/logo\/image\/"}}]},"product_price_currency":"EUR","og_availability":"instock","product_availability":"instock","product_retailer_item_id":"080400","product_condition":"new"},"_links":{"self":[{"href":"https:\/\/mestra.es\/fr\/wp-json\/wp\/v2\/product\/12353","targetHints":{"allow":["GET"]}}],"collection":[{"href":"https:\/\/mestra.es\/fr\/wp-json\/wp\/v2\/product"}],"about":[{"href":"https:\/\/mestra.es\/fr\/wp-json\/wp\/v2\/types\/product"}],"wp:featuredmedia":[{"embeddable":true,"href":"https:\/\/mestra.es\/fr\/wp-json\/wp\/v2\/media\/9843"}],"wp:attachment":[{"href":"https:\/\/mestra.es\/fr\/wp-json\/wp\/v2\/media?parent=12353"}],"wp:term":[{"taxonomy":"product_brand","embeddable":true,"href":"https:\/\/mestra.es\/fr\/wp-json\/wp\/v2\/product_brand?post=12353"},{"taxonomy":"product_cat","embeddable":true,"href":"https:\/\/mestra.es\/fr\/wp-json\/wp\/v2\/product_cat?post=12353"},{"taxonomy":"product_tag","embeddable":true,"href":"https:\/\/mestra.es\/fr\/wp-json\/wp\/v2\/product_tag?post=12353"}],"curies":[{"name":"wp","href":"https:\/\/api.w.org\/{rel}","templated":true}]}}