{"id":12351,"date":"2024-03-11T13:38:14","date_gmt":"2024-03-11T12:38:14","guid":{"rendered":"https:\/\/mestra.es\/producto\/polimerizadora-para-muflas-m18\/"},"modified":"2025-03-24T14:26:27","modified_gmt":"2025-03-24T13:26:27","slug":"polimerizadora-para-muflas-m18","status":"publish","type":"product","link":"https:\/\/mestra.es\/fr\/producto\/polimerizadora-para-muflas-m18\/","title":{"rendered":"POLYMERISEUSE POUR MOUFLES &#8211; M18"},"content":{"rendered":"<p>Caract\u00e9ristiques techniques identiques \u00e0 celles du <a href=\"https:\/\/mestra.es\/fr\/producto\/polimerizadora-para-muflas-m9\/\">R-080400<\/a>, \u00e0 l&rsquo;exception de sa taille, qui peut contenir 18 moufles.<\/p>\n<p>Enti\u00e8rement en acier inoxydable.<\/p>\n<p>Le polym\u00e9risateur est \u00e9quip\u00e9 d&rsquo;un processeur pour faire \u00e9voluer la temp\u00e9rature selon un programme \u00e9tabli.<\/p>\n<p><strong>L&rsquo;op\u00e9rateur (utilisateur) peut s\u00e9lectionner les donn\u00e9es suivantes sur le contr\u00f4leur:<\/strong><\/p>\n<ul>\n<li>Un temps de d\u00e9marrage diff\u00e9r\u00e9 en heures et minutes de 0,00 \u00e0 99 heures 59 minutes. Cette heure permet de programmer un d\u00e9marrage diff\u00e9r\u00e9, de sorte que le programme commence \u00e0 fonctionner \u00e0 une certaine heure. Cette heure est ex\u00e9cut\u00e9e \u00e0 chaque d\u00e9marrage du programme.<\/li>\n<li>Le temps que dure chacune des pentes de mont\u00e9e en temp\u00e9rature, contr\u00f4l\u00e9 en heures et minutes de 0,00 \u00e0 99 heures 59 minutes.<\/li>\n<li>Le temps de maintien souhait\u00e9, en heures et minutes de 0,00 \u00e0 99 heures 59 minutes pour chacun des plateaux.<\/li>\n<\/ul>\n<p><strong>Avertissement de fin de traitement<\/strong><\/p>\n<p>Un avertissement acoustique modul\u00e9 d&rsquo;une minute est activ\u00e9 lorsque le programme termine le traitement. Si l&rsquo;on se trouve dans la situation d&rsquo;avertissement acoustique et que l&rsquo;on appuie sur une touche quelconque, le son s&rsquo;arr\u00eate (acquittement de l&rsquo;avertissement) et le programme se poursuit.<br \/>\nEn cas de panne de courant, le contr\u00f4leur sauvegarde toutes ses donn\u00e9es et, lorsque le courant est r\u00e9tabli, il continue au m\u00eame point et \u00e0 la m\u00eame \u00e9tape du programme.<br \/>\nLes programmes et les param\u00e8tres sont sauvegard\u00e9s ind\u00e9finiment dans le temps, apr\u00e8s la coupure de l&rsquo;alimentation \u00e9lectrique du contr\u00f4leur.<\/p>\n","protected":false},"excerpt":{"rendered":"<p>Caract\u00e9ristiques techniques identiques \u00e0 celles du R-080400, \u00e0 l&rsquo;exception de sa taille, qui peut contenir 18 moufles. Enti\u00e8rement en acier inoxydable. Le polym\u00e9risateur est \u00e9quip\u00e9 d&rsquo;un processeur pour faire \u00e9voluer la temp\u00e9rature selon un programme \u00e9tabli. L&rsquo;op\u00e9rateur (utilisateur) peut s\u00e9lectionner les donn\u00e9es suivantes sur le contr\u00f4leur: Un temps de d\u00e9marrage diff\u00e9r\u00e9 en heures et minutes [&hellip;]<\/p>\n","protected":false},"featured_media":9845,"template":"","meta":{"_acf_changed":false,"_monsterinsights_skip_tracking":false,"_monsterinsights_sitenote_active":false,"_monsterinsights_sitenote_note":"","_monsterinsights_sitenote_category":0},"product_brand":[],"product_cat":[1313],"product_tag":[],"class_list":{"0":"post-12351","1":"product","2":"type-product","3":"status-publish","4":"has-post-thumbnail","6":"product_cat-polymerisation-thermique","8":"first","9":"instock","10":"product-type-simple"},"acf":[],"yoast_head":"<!-- This site is optimized with the Yoast SEO plugin v27.2 - https:\/\/yoast.com\/product\/yoast-seo-wordpress\/ -->\n<title>Polymeriseuse pour moufles - M18 | MESTRA<\/title>\n<meta name=\"description\" content=\"Chez MESTRA nous avons polymeriseuse pour moufles - M18. Consultez notre catalogue de mat\u00e9riel dentaire et passez votre commande d\u00e8s maintenant.\" \/>\n<meta name=\"robots\" content=\"index, follow, max-snippet:-1, max-image-preview:large, max-video-preview:-1\" \/>\n<link rel=\"canonical\" href=\"https:\/\/mestra.es\/fr\/producto\/polimerizadora-para-muflas-m18\/\" \/>\n<meta property=\"og:locale\" content=\"fr_FR\" \/>\n<meta property=\"og:type\" content=\"article\" \/>\n<meta property=\"og:title\" content=\"Polymeriseuse pour moufles - M18 | MESTRA\" \/>\n<meta property=\"og:description\" content=\"Chez MESTRA nous avons polymeriseuse pour moufles - M18. Consultez notre catalogue de mat\u00e9riel dentaire et passez votre commande d\u00e8s maintenant.\" \/>\n<meta property=\"og:url\" content=\"https:\/\/mestra.es\/fr\/producto\/polimerizadora-para-muflas-m18\/\" \/>\n<meta property=\"og:site_name\" content=\"Talleres Mestra\" \/>\n<meta property=\"article:modified_time\" content=\"2025-03-24T13:26:27+00:00\" \/>\n<meta property=\"og:image\" content=\"https:\/\/mestra.es\/wp-content\/uploads\/2024\/05\/080402.jpg\" \/>\n\t<meta property=\"og:image:width\" content=\"600\" \/>\n\t<meta property=\"og:image:height\" content=\"600\" \/>\n\t<meta property=\"og:image:type\" content=\"image\/jpeg\" \/>\n<meta name=\"twitter:card\" content=\"summary_large_image\" \/>\n<meta name=\"twitter:label1\" content=\"Prix\" \/>\n\t<meta name=\"twitter:data1\" content=\"\" \/>\n\t<meta name=\"twitter:label2\" content=\"Disponibilit\u00e9\" \/>\n\t<meta name=\"twitter:data2\" content=\"En stock\" \/>\n<script type=\"application\/ld+json\" class=\"yoast-schema-graph\">{\"@context\":\"https:\/\/schema.org\",\"@graph\":[{\"@type\":\"WebPage\",\"@id\":\"https:\/\/mestra.es\/fr\/producto\/polimerizadora-para-muflas-m18\/\",\"url\":\"https:\/\/mestra.es\/fr\/producto\/polimerizadora-para-muflas-m18\/\",\"name\":\"Polymeriseuse pour moufles - M18 | MESTRA\",\"isPartOf\":{\"@id\":\"https:\/\/mestra.es\/fr\/#website\"},\"primaryImageOfPage\":{\"@id\":\"https:\/\/mestra.es\/fr\/producto\/polimerizadora-para-muflas-m18\/#primaryimage\"},\"image\":{\"@id\":\"https:\/\/mestra.es\/fr\/producto\/polimerizadora-para-muflas-m18\/#primaryimage\"},\"thumbnailUrl\":\"https:\/\/mestra.es\/wp-content\/uploads\/2024\/05\/080402.jpg\",\"datePublished\":\"2024-03-11T12:38:14+00:00\",\"dateModified\":\"2025-03-24T13:26:27+00:00\",\"description\":\"Chez MESTRA nous avons polymeriseuse pour moufles - M18. Consultez notre catalogue de mat\u00e9riel dentaire et passez votre commande d\u00e8s maintenant.\",\"breadcrumb\":{\"@id\":\"https:\/\/mestra.es\/fr\/producto\/polimerizadora-para-muflas-m18\/#breadcrumb\"},\"inLanguage\":\"fr-FR\",\"potentialAction\":[{\"@type\":\"ReadAction\",\"target\":[\"https:\/\/mestra.es\/fr\/producto\/polimerizadora-para-muflas-m18\/\"]}]},{\"@type\":\"ImageObject\",\"inLanguage\":\"fr-FR\",\"@id\":\"https:\/\/mestra.es\/fr\/producto\/polimerizadora-para-muflas-m18\/#primaryimage\",\"url\":\"https:\/\/mestra.es\/wp-content\/uploads\/2024\/05\/080402.jpg\",\"contentUrl\":\"https:\/\/mestra.es\/wp-content\/uploads\/2024\/05\/080402.jpg\",\"width\":600,\"height\":600,\"caption\":\"Polimerizadora para muflas M18\"},{\"@type\":\"BreadcrumbList\",\"@id\":\"https:\/\/mestra.es\/fr\/producto\/polimerizadora-para-muflas-m18\/#breadcrumb\",\"itemListElement\":[{\"@type\":\"ListItem\",\"position\":1,\"name\":\"Portada\",\"item\":\"https:\/\/mestra.es\/fr\/\"},{\"@type\":\"ListItem\",\"position\":2,\"name\":\"Boutique\",\"item\":\"https:\/\/mestra.es\/fr\/boutique\/\"},{\"@type\":\"ListItem\",\"position\":3,\"name\":\"POLYMERISEUSE POUR MOUFLES &#8211; M18\"}]},{\"@type\":\"WebSite\",\"@id\":\"https:\/\/mestra.es\/fr\/#website\",\"url\":\"https:\/\/mestra.es\/fr\/\",\"name\":\"Talleres Mestra\",\"description\":\"\",\"publisher\":{\"@id\":\"https:\/\/mestra.es\/fr\/#organization\"},\"potentialAction\":[{\"@type\":\"SearchAction\",\"target\":{\"@type\":\"EntryPoint\",\"urlTemplate\":\"https:\/\/mestra.es\/fr\/?s={search_term_string}\"},\"query-input\":{\"@type\":\"PropertyValueSpecification\",\"valueRequired\":true,\"valueName\":\"search_term_string\"}}],\"inLanguage\":\"fr-FR\"},{\"@type\":\"Organization\",\"@id\":\"https:\/\/mestra.es\/fr\/#organization\",\"name\":\"Talleres Mestra\",\"url\":\"https:\/\/mestra.es\/fr\/\",\"logo\":{\"@type\":\"ImageObject\",\"inLanguage\":\"fr-FR\",\"@id\":\"https:\/\/mestra.es\/fr\/#\/schema\/logo\/image\/\",\"url\":\"https:\/\/mestra.es\/wp-content\/uploads\/2024\/05\/logo_mestra.png\",\"contentUrl\":\"https:\/\/mestra.es\/wp-content\/uploads\/2024\/05\/logo_mestra.png\",\"width\":300,\"height\":170,\"caption\":\"Talleres Mestra\"},\"image\":{\"@id\":\"https:\/\/mestra.es\/fr\/#\/schema\/logo\/image\/\"}}]}<\/script>\n<meta property=\"product:price:currency\" content=\"EUR\" \/>\n<meta property=\"og:availability\" content=\"instock\" \/>\n<meta property=\"product:availability\" content=\"instock\" \/>\n<meta property=\"product:retailer_item_id\" content=\"080402\" \/>\n<meta property=\"product:condition\" content=\"new\" \/>\n<!-- \/ Yoast SEO plugin. -->","yoast_head_json":{"title":"Polymeriseuse pour moufles - M18 | MESTRA","description":"Chez MESTRA nous avons polymeriseuse pour moufles - M18. Consultez notre catalogue de mat\u00e9riel dentaire et passez votre commande d\u00e8s maintenant.","robots":{"index":"index","follow":"follow","max-snippet":"max-snippet:-1","max-image-preview":"max-image-preview:large","max-video-preview":"max-video-preview:-1"},"canonical":"https:\/\/mestra.es\/fr\/producto\/polimerizadora-para-muflas-m18\/","og_locale":"fr_FR","og_type":"article","og_title":"Polymeriseuse pour moufles - M18 | MESTRA","og_description":"Chez MESTRA nous avons polymeriseuse pour moufles - M18. Consultez notre catalogue de mat\u00e9riel dentaire et passez votre commande d\u00e8s maintenant.","og_url":"https:\/\/mestra.es\/fr\/producto\/polimerizadora-para-muflas-m18\/","og_site_name":"Talleres Mestra","article_modified_time":"2025-03-24T13:26:27+00:00","og_image":[{"width":600,"height":600,"url":"https:\/\/mestra.es\/wp-content\/uploads\/2024\/05\/080402.jpg","type":"image\/jpeg"}],"twitter_card":"summary_large_image","twitter_misc":{"Prix":"","Disponibilit\u00e9":"En stock"},"schema":{"@context":"https:\/\/schema.org","@graph":[{"@type":"WebPage","@id":"https:\/\/mestra.es\/fr\/producto\/polimerizadora-para-muflas-m18\/","url":"https:\/\/mestra.es\/fr\/producto\/polimerizadora-para-muflas-m18\/","name":"Polymeriseuse pour moufles - M18 | MESTRA","isPartOf":{"@id":"https:\/\/mestra.es\/fr\/#website"},"primaryImageOfPage":{"@id":"https:\/\/mestra.es\/fr\/producto\/polimerizadora-para-muflas-m18\/#primaryimage"},"image":{"@id":"https:\/\/mestra.es\/fr\/producto\/polimerizadora-para-muflas-m18\/#primaryimage"},"thumbnailUrl":"https:\/\/mestra.es\/wp-content\/uploads\/2024\/05\/080402.jpg","datePublished":"2024-03-11T12:38:14+00:00","dateModified":"2025-03-24T13:26:27+00:00","description":"Chez MESTRA nous avons polymeriseuse pour moufles - M18. Consultez notre catalogue de mat\u00e9riel dentaire et passez votre commande d\u00e8s maintenant.","breadcrumb":{"@id":"https:\/\/mestra.es\/fr\/producto\/polimerizadora-para-muflas-m18\/#breadcrumb"},"inLanguage":"fr-FR","potentialAction":[{"@type":"ReadAction","target":["https:\/\/mestra.es\/fr\/producto\/polimerizadora-para-muflas-m18\/"]}]},{"@type":"ImageObject","inLanguage":"fr-FR","@id":"https:\/\/mestra.es\/fr\/producto\/polimerizadora-para-muflas-m18\/#primaryimage","url":"https:\/\/mestra.es\/wp-content\/uploads\/2024\/05\/080402.jpg","contentUrl":"https:\/\/mestra.es\/wp-content\/uploads\/2024\/05\/080402.jpg","width":600,"height":600,"caption":"Polimerizadora para muflas M18"},{"@type":"BreadcrumbList","@id":"https:\/\/mestra.es\/fr\/producto\/polimerizadora-para-muflas-m18\/#breadcrumb","itemListElement":[{"@type":"ListItem","position":1,"name":"Portada","item":"https:\/\/mestra.es\/fr\/"},{"@type":"ListItem","position":2,"name":"Boutique","item":"https:\/\/mestra.es\/fr\/boutique\/"},{"@type":"ListItem","position":3,"name":"POLYMERISEUSE POUR MOUFLES &#8211; M18"}]},{"@type":"WebSite","@id":"https:\/\/mestra.es\/fr\/#website","url":"https:\/\/mestra.es\/fr\/","name":"Talleres Mestra","description":"","publisher":{"@id":"https:\/\/mestra.es\/fr\/#organization"},"potentialAction":[{"@type":"SearchAction","target":{"@type":"EntryPoint","urlTemplate":"https:\/\/mestra.es\/fr\/?s={search_term_string}"},"query-input":{"@type":"PropertyValueSpecification","valueRequired":true,"valueName":"search_term_string"}}],"inLanguage":"fr-FR"},{"@type":"Organization","@id":"https:\/\/mestra.es\/fr\/#organization","name":"Talleres Mestra","url":"https:\/\/mestra.es\/fr\/","logo":{"@type":"ImageObject","inLanguage":"fr-FR","@id":"https:\/\/mestra.es\/fr\/#\/schema\/logo\/image\/","url":"https:\/\/mestra.es\/wp-content\/uploads\/2024\/05\/logo_mestra.png","contentUrl":"https:\/\/mestra.es\/wp-content\/uploads\/2024\/05\/logo_mestra.png","width":300,"height":170,"caption":"Talleres Mestra"},"image":{"@id":"https:\/\/mestra.es\/fr\/#\/schema\/logo\/image\/"}}]},"product_price_currency":"EUR","og_availability":"instock","product_availability":"instock","product_retailer_item_id":"080402","product_condition":"new"},"_links":{"self":[{"href":"https:\/\/mestra.es\/fr\/wp-json\/wp\/v2\/product\/12351","targetHints":{"allow":["GET"]}}],"collection":[{"href":"https:\/\/mestra.es\/fr\/wp-json\/wp\/v2\/product"}],"about":[{"href":"https:\/\/mestra.es\/fr\/wp-json\/wp\/v2\/types\/product"}],"wp:featuredmedia":[{"embeddable":true,"href":"https:\/\/mestra.es\/fr\/wp-json\/wp\/v2\/media\/9845"}],"wp:attachment":[{"href":"https:\/\/mestra.es\/fr\/wp-json\/wp\/v2\/media?parent=12351"}],"wp:term":[{"taxonomy":"product_brand","embeddable":true,"href":"https:\/\/mestra.es\/fr\/wp-json\/wp\/v2\/product_brand?post=12351"},{"taxonomy":"product_cat","embeddable":true,"href":"https:\/\/mestra.es\/fr\/wp-json\/wp\/v2\/product_cat?post=12351"},{"taxonomy":"product_tag","embeddable":true,"href":"https:\/\/mestra.es\/fr\/wp-json\/wp\/v2\/product_tag?post=12351"}],"curies":[{"name":"wp","href":"https:\/\/api.w.org\/{rel}","templated":true}]}}