{"id":12349,"date":"2024-03-11T13:38:14","date_gmt":"2024-03-11T12:38:14","guid":{"rendered":"https:\/\/mestra.es\/producto\/polimerizadora-para-muflas-magic-9\/"},"modified":"2025-03-24T14:34:45","modified_gmt":"2025-03-24T13:34:45","slug":"polimerizadora-para-muflas-magic-9","status":"publish","type":"product","link":"https:\/\/mestra.es\/fr\/producto\/polimerizadora-para-muflas-magic-9\/","title":{"rendered":"POLYMERISEUSE POUR MOUFLES &#8211; MAGIC 9"},"content":{"rendered":"<p>Fabriqu\u00e9e enti\u00e8rement en acier inoxydable.<\/p>\n<p>Pose de 9 moufles (3 brides <a href=\"https:\/\/mestra.es\/fr\/?post_type=product&amp;p=13104\">R\u00e9f. 030390<\/a> de 3 moufles chacune).<\/p>\n<p><img loading=\"lazy\" decoding=\"async\" src=\"https:\/\/mestra.es\/wp-content\/uploads\/2023\/02\/664-POLIMERIZADORA-M-9-PARA-MUFLAS.jpg\" width=\"252\" height=\"242\" \/><\/p>\n<p>La polym\u00e9riseuse Magic-9 est munie d\u0092un processeur qui change la temp\u00e9rature suivant un programme \u00e9tabli.<\/p>\n<p>En cas de d\u00e9faillance d\u0092alimentation, \u00e9tant donn\u00e9 que le r\u00e9gulateur m\u00e9morise toutes les donn\u00e9es, le programme reprend au point ou celle-ci s\u0092\u00e9tait arr\u00eat\u00e9e.<\/p>\n<h3><strong>MICRO PROCESSEUR<\/strong><\/h3>\n<ul>\n<li>Contr\u00f4le les temps et les temp\u00e9ratures.<\/li>\n<li>Signal acoustique \u00e0 la fin du programme.<\/li>\n<li>5 programmes.<\/li>\n<li>D\u00e9connexion automatique.<\/li>\n<li>Contr\u00f4le de la chauffe par triac.<\/li>\n<li>D\u00e9tecte et indique la rupture du thermocouple.<\/li>\n<li>Protection contre les variations de tension<\/li>\n<li>Protection contre les coupures de courant (mise en m\u00e9moire des derni\u00e8res donn\u00e9es avant coupure.)<\/li>\n<\/ul>\n<h3><strong>PRESTATIONS<\/strong><\/h3>\n<ul>\n<li>Temps de d\u00e9marrage diff\u00e9r\u00e9 du programme (jusqu\u0092 \u00e0 180 min.)<\/li>\n<li>Le temps de mont\u00e9e et de maintien en temp\u00e9rature.<\/li>\n<li>La temp\u00e9rature de l\u0092eau (maximum jusqu\u0092\u00e0 \u00e9bullition).<\/li>\n<li>Emission d\u0092un signal acoustique et d\u00e9connexion automatique.<\/li>\n<\/ul>\n","protected":false},"excerpt":{"rendered":"<p>Fabriqu\u00e9e enti\u00e8rement en acier inoxydable. Pose de 9 moufles (3 brides R\u00e9f. 030390 de 3 moufles chacune). La polym\u00e9riseuse Magic-9 est munie d\u0092un processeur qui change la temp\u00e9rature suivant un programme \u00e9tabli. En cas de d\u00e9faillance d\u0092alimentation, \u00e9tant donn\u00e9 que le r\u00e9gulateur m\u00e9morise toutes les donn\u00e9es, le programme reprend au point ou celle-ci s\u0092\u00e9tait arr\u00eat\u00e9e. [&hellip;]<\/p>\n","protected":false},"featured_media":9885,"template":"","meta":{"_acf_changed":false,"_monsterinsights_skip_tracking":false,"_monsterinsights_sitenote_active":false,"_monsterinsights_sitenote_note":"","_monsterinsights_sitenote_category":0},"product_brand":[],"product_cat":[1313],"product_tag":[],"class_list":{"0":"post-12349","1":"product","2":"type-product","3":"status-publish","4":"has-post-thumbnail","6":"product_cat-polymerisation-thermique","8":"first","9":"instock","10":"product-type-simple"},"acf":[],"yoast_head":"<!-- This site is optimized with the Yoast SEO plugin v27.2 - https:\/\/yoast.com\/product\/yoast-seo-wordpress\/ -->\n<title>Polymeriseuse pour moufles - Magic 9 | MESTRA<\/title>\n<meta name=\"description\" content=\"Chez MESTRA nous avons polymeriseuse pour moufles - Magic 9. Consultez notre catalogue de mat\u00e9riel dentaire et passez votre commande d\u00e8s maintenant.\" \/>\n<meta name=\"robots\" content=\"index, follow, max-snippet:-1, max-image-preview:large, max-video-preview:-1\" \/>\n<link rel=\"canonical\" href=\"https:\/\/mestra.es\/fr\/producto\/polimerizadora-para-muflas-magic-9\/\" \/>\n<meta property=\"og:locale\" content=\"fr_FR\" \/>\n<meta property=\"og:type\" content=\"article\" \/>\n<meta property=\"og:title\" content=\"Polymeriseuse pour moufles - Magic 9 | MESTRA\" \/>\n<meta property=\"og:description\" content=\"Chez MESTRA nous avons polymeriseuse pour moufles - Magic 9. Consultez notre catalogue de mat\u00e9riel dentaire et passez votre commande d\u00e8s maintenant.\" \/>\n<meta property=\"og:url\" content=\"https:\/\/mestra.es\/fr\/producto\/polimerizadora-para-muflas-magic-9\/\" \/>\n<meta property=\"og:site_name\" content=\"Talleres Mestra\" \/>\n<meta property=\"article:modified_time\" content=\"2025-03-24T13:34:45+00:00\" \/>\n<meta property=\"og:image\" content=\"https:\/\/mestra.es\/wp-content\/uploads\/2024\/03\/080405.jpg\" \/>\n\t<meta property=\"og:image:width\" content=\"600\" \/>\n\t<meta property=\"og:image:height\" content=\"600\" \/>\n\t<meta property=\"og:image:type\" content=\"image\/jpeg\" \/>\n<meta name=\"twitter:card\" content=\"summary_large_image\" \/>\n<meta name=\"twitter:label1\" content=\"Prix\" \/>\n\t<meta name=\"twitter:data1\" content=\"\" \/>\n\t<meta name=\"twitter:label2\" content=\"Disponibilit\u00e9\" \/>\n\t<meta name=\"twitter:data2\" content=\"En stock\" \/>\n<script type=\"application\/ld+json\" class=\"yoast-schema-graph\">{\"@context\":\"https:\/\/schema.org\",\"@graph\":[{\"@type\":\"WebPage\",\"@id\":\"https:\/\/mestra.es\/fr\/producto\/polimerizadora-para-muflas-magic-9\/\",\"url\":\"https:\/\/mestra.es\/fr\/producto\/polimerizadora-para-muflas-magic-9\/\",\"name\":\"Polymeriseuse pour moufles - Magic 9 | MESTRA\",\"isPartOf\":{\"@id\":\"https:\/\/mestra.es\/fr\/#website\"},\"primaryImageOfPage\":{\"@id\":\"https:\/\/mestra.es\/fr\/producto\/polimerizadora-para-muflas-magic-9\/#primaryimage\"},\"image\":{\"@id\":\"https:\/\/mestra.es\/fr\/producto\/polimerizadora-para-muflas-magic-9\/#primaryimage\"},\"thumbnailUrl\":\"https:\/\/mestra.es\/wp-content\/uploads\/2024\/03\/080405.jpg\",\"datePublished\":\"2024-03-11T12:38:14+00:00\",\"dateModified\":\"2025-03-24T13:34:45+00:00\",\"description\":\"Chez MESTRA nous avons polymeriseuse pour moufles - Magic 9. Consultez notre catalogue de mat\u00e9riel dentaire et passez votre commande d\u00e8s maintenant.\",\"breadcrumb\":{\"@id\":\"https:\/\/mestra.es\/fr\/producto\/polimerizadora-para-muflas-magic-9\/#breadcrumb\"},\"inLanguage\":\"fr-FR\",\"potentialAction\":[{\"@type\":\"ReadAction\",\"target\":[\"https:\/\/mestra.es\/fr\/producto\/polimerizadora-para-muflas-magic-9\/\"]}]},{\"@type\":\"ImageObject\",\"inLanguage\":\"fr-FR\",\"@id\":\"https:\/\/mestra.es\/fr\/producto\/polimerizadora-para-muflas-magic-9\/#primaryimage\",\"url\":\"https:\/\/mestra.es\/wp-content\/uploads\/2024\/03\/080405.jpg\",\"contentUrl\":\"https:\/\/mestra.es\/wp-content\/uploads\/2024\/03\/080405.jpg\",\"width\":600,\"height\":600,\"caption\":\"Polimerizadora para muflas - Magic 9\"},{\"@type\":\"BreadcrumbList\",\"@id\":\"https:\/\/mestra.es\/fr\/producto\/polimerizadora-para-muflas-magic-9\/#breadcrumb\",\"itemListElement\":[{\"@type\":\"ListItem\",\"position\":1,\"name\":\"Portada\",\"item\":\"https:\/\/mestra.es\/fr\/\"},{\"@type\":\"ListItem\",\"position\":2,\"name\":\"Boutique\",\"item\":\"https:\/\/mestra.es\/fr\/boutique\/\"},{\"@type\":\"ListItem\",\"position\":3,\"name\":\"POLYMERISEUSE POUR MOUFLES &#8211; MAGIC 9\"}]},{\"@type\":\"WebSite\",\"@id\":\"https:\/\/mestra.es\/fr\/#website\",\"url\":\"https:\/\/mestra.es\/fr\/\",\"name\":\"Talleres Mestra\",\"description\":\"\",\"publisher\":{\"@id\":\"https:\/\/mestra.es\/fr\/#organization\"},\"potentialAction\":[{\"@type\":\"SearchAction\",\"target\":{\"@type\":\"EntryPoint\",\"urlTemplate\":\"https:\/\/mestra.es\/fr\/?s={search_term_string}\"},\"query-input\":{\"@type\":\"PropertyValueSpecification\",\"valueRequired\":true,\"valueName\":\"search_term_string\"}}],\"inLanguage\":\"fr-FR\"},{\"@type\":\"Organization\",\"@id\":\"https:\/\/mestra.es\/fr\/#organization\",\"name\":\"Talleres Mestra\",\"url\":\"https:\/\/mestra.es\/fr\/\",\"logo\":{\"@type\":\"ImageObject\",\"inLanguage\":\"fr-FR\",\"@id\":\"https:\/\/mestra.es\/fr\/#\/schema\/logo\/image\/\",\"url\":\"https:\/\/mestra.es\/wp-content\/uploads\/2024\/05\/logo_mestra.png\",\"contentUrl\":\"https:\/\/mestra.es\/wp-content\/uploads\/2024\/05\/logo_mestra.png\",\"width\":300,\"height\":170,\"caption\":\"Talleres Mestra\"},\"image\":{\"@id\":\"https:\/\/mestra.es\/fr\/#\/schema\/logo\/image\/\"}}]}<\/script>\n<meta property=\"product:price:currency\" content=\"EUR\" \/>\n<meta property=\"og:availability\" content=\"instock\" \/>\n<meta property=\"product:availability\" content=\"instock\" \/>\n<meta property=\"product:retailer_item_id\" content=\"080405\" \/>\n<meta property=\"product:condition\" content=\"new\" \/>\n<!-- \/ Yoast SEO plugin. -->","yoast_head_json":{"title":"Polymeriseuse pour moufles - Magic 9 | MESTRA","description":"Chez MESTRA nous avons polymeriseuse pour moufles - Magic 9. Consultez notre catalogue de mat\u00e9riel dentaire et passez votre commande d\u00e8s maintenant.","robots":{"index":"index","follow":"follow","max-snippet":"max-snippet:-1","max-image-preview":"max-image-preview:large","max-video-preview":"max-video-preview:-1"},"canonical":"https:\/\/mestra.es\/fr\/producto\/polimerizadora-para-muflas-magic-9\/","og_locale":"fr_FR","og_type":"article","og_title":"Polymeriseuse pour moufles - Magic 9 | MESTRA","og_description":"Chez MESTRA nous avons polymeriseuse pour moufles - Magic 9. Consultez notre catalogue de mat\u00e9riel dentaire et passez votre commande d\u00e8s maintenant.","og_url":"https:\/\/mestra.es\/fr\/producto\/polimerizadora-para-muflas-magic-9\/","og_site_name":"Talleres Mestra","article_modified_time":"2025-03-24T13:34:45+00:00","og_image":[{"width":600,"height":600,"url":"https:\/\/mestra.es\/wp-content\/uploads\/2024\/03\/080405.jpg","type":"image\/jpeg"}],"twitter_card":"summary_large_image","twitter_misc":{"Prix":"","Disponibilit\u00e9":"En stock"},"schema":{"@context":"https:\/\/schema.org","@graph":[{"@type":"WebPage","@id":"https:\/\/mestra.es\/fr\/producto\/polimerizadora-para-muflas-magic-9\/","url":"https:\/\/mestra.es\/fr\/producto\/polimerizadora-para-muflas-magic-9\/","name":"Polymeriseuse pour moufles - Magic 9 | MESTRA","isPartOf":{"@id":"https:\/\/mestra.es\/fr\/#website"},"primaryImageOfPage":{"@id":"https:\/\/mestra.es\/fr\/producto\/polimerizadora-para-muflas-magic-9\/#primaryimage"},"image":{"@id":"https:\/\/mestra.es\/fr\/producto\/polimerizadora-para-muflas-magic-9\/#primaryimage"},"thumbnailUrl":"https:\/\/mestra.es\/wp-content\/uploads\/2024\/03\/080405.jpg","datePublished":"2024-03-11T12:38:14+00:00","dateModified":"2025-03-24T13:34:45+00:00","description":"Chez MESTRA nous avons polymeriseuse pour moufles - Magic 9. Consultez notre catalogue de mat\u00e9riel dentaire et passez votre commande d\u00e8s maintenant.","breadcrumb":{"@id":"https:\/\/mestra.es\/fr\/producto\/polimerizadora-para-muflas-magic-9\/#breadcrumb"},"inLanguage":"fr-FR","potentialAction":[{"@type":"ReadAction","target":["https:\/\/mestra.es\/fr\/producto\/polimerizadora-para-muflas-magic-9\/"]}]},{"@type":"ImageObject","inLanguage":"fr-FR","@id":"https:\/\/mestra.es\/fr\/producto\/polimerizadora-para-muflas-magic-9\/#primaryimage","url":"https:\/\/mestra.es\/wp-content\/uploads\/2024\/03\/080405.jpg","contentUrl":"https:\/\/mestra.es\/wp-content\/uploads\/2024\/03\/080405.jpg","width":600,"height":600,"caption":"Polimerizadora para muflas - Magic 9"},{"@type":"BreadcrumbList","@id":"https:\/\/mestra.es\/fr\/producto\/polimerizadora-para-muflas-magic-9\/#breadcrumb","itemListElement":[{"@type":"ListItem","position":1,"name":"Portada","item":"https:\/\/mestra.es\/fr\/"},{"@type":"ListItem","position":2,"name":"Boutique","item":"https:\/\/mestra.es\/fr\/boutique\/"},{"@type":"ListItem","position":3,"name":"POLYMERISEUSE POUR MOUFLES &#8211; MAGIC 9"}]},{"@type":"WebSite","@id":"https:\/\/mestra.es\/fr\/#website","url":"https:\/\/mestra.es\/fr\/","name":"Talleres Mestra","description":"","publisher":{"@id":"https:\/\/mestra.es\/fr\/#organization"},"potentialAction":[{"@type":"SearchAction","target":{"@type":"EntryPoint","urlTemplate":"https:\/\/mestra.es\/fr\/?s={search_term_string}"},"query-input":{"@type":"PropertyValueSpecification","valueRequired":true,"valueName":"search_term_string"}}],"inLanguage":"fr-FR"},{"@type":"Organization","@id":"https:\/\/mestra.es\/fr\/#organization","name":"Talleres Mestra","url":"https:\/\/mestra.es\/fr\/","logo":{"@type":"ImageObject","inLanguage":"fr-FR","@id":"https:\/\/mestra.es\/fr\/#\/schema\/logo\/image\/","url":"https:\/\/mestra.es\/wp-content\/uploads\/2024\/05\/logo_mestra.png","contentUrl":"https:\/\/mestra.es\/wp-content\/uploads\/2024\/05\/logo_mestra.png","width":300,"height":170,"caption":"Talleres Mestra"},"image":{"@id":"https:\/\/mestra.es\/fr\/#\/schema\/logo\/image\/"}}]},"product_price_currency":"EUR","og_availability":"instock","product_availability":"instock","product_retailer_item_id":"080405","product_condition":"new"},"_links":{"self":[{"href":"https:\/\/mestra.es\/fr\/wp-json\/wp\/v2\/product\/12349","targetHints":{"allow":["GET"]}}],"collection":[{"href":"https:\/\/mestra.es\/fr\/wp-json\/wp\/v2\/product"}],"about":[{"href":"https:\/\/mestra.es\/fr\/wp-json\/wp\/v2\/types\/product"}],"wp:featuredmedia":[{"embeddable":true,"href":"https:\/\/mestra.es\/fr\/wp-json\/wp\/v2\/media\/9885"}],"wp:attachment":[{"href":"https:\/\/mestra.es\/fr\/wp-json\/wp\/v2\/media?parent=12349"}],"wp:term":[{"taxonomy":"product_brand","embeddable":true,"href":"https:\/\/mestra.es\/fr\/wp-json\/wp\/v2\/product_brand?post=12349"},{"taxonomy":"product_cat","embeddable":true,"href":"https:\/\/mestra.es\/fr\/wp-json\/wp\/v2\/product_cat?post=12349"},{"taxonomy":"product_tag","embeddable":true,"href":"https:\/\/mestra.es\/fr\/wp-json\/wp\/v2\/product_tag?post=12349"}],"curies":[{"name":"wp","href":"https:\/\/api.w.org\/{rel}","templated":true}]}}