{"id":12333,"date":"2024-03-11T13:38:18","date_gmt":"2024-03-11T12:38:18","guid":{"rendered":"https:\/\/mestra.es\/producto\/dosificadora-boomerang-precision-ii-soporte-contenedor-extra-bascula\/"},"modified":"2025-03-07T13:19:25","modified_gmt":"2025-03-07T12:19:25","slug":"dosificadora-boomerang-precision-ii-soporte-contenedor-extra-bascula","status":"publish","type":"product","link":"https:\/\/mestra.es\/fr\/producto\/dosificadora-boomerang-precision-ii-soporte-contenedor-extra-bascula\/","title":{"rendered":"DOSEUR \u00ab\u00a0BOOMERANG PRECISION II\u00a0\u00bb"},"content":{"rendered":"<p>Le doseur eau-pl\u00e2tre R-080592 <strong>Boomerang Pr\u00e9cision II<\/strong> est la toute nouvelle version de la famille Boomerang d\u00e9j\u00e0 bien connue sur le march\u00e9.<\/p>\n<p>Il suffit de pousser un bouton pour recevoir la dose eau- pl\u00e2tre pr\u00eate \u00e0 \u00eatre malax\u00e9e.<\/p>\n<p>En plus de rapidit\u00e9 et de pr\u00e9cision on obtient \u00e9galement une \u00e9conomie substantielle de mati\u00e8re : Lorsqu\u0092on dose manuellement on a tendance \u00e0 augmenter la quantit\u00e9 de fa\u00e7on \u00e0 ne pas manquer de produit. Avec le doseur \u00e0 pl\u00e2tre Boomerang l\u0092on obtient toujours la dose exacte avec l\u0092\u00e9conomie que cela implique. Cette \u00e9conomie peut atteindre entre 25 et 40% de produit d\u0092apr\u00e8s notre propre exp\u00e9rience. Un avantage qui permet d\u0092amortir la machine en peu de temps.<\/p>\n<p>Boomerang pr\u00e9cision II est \u00e9quip\u00e9 d\u0092un software et d\u0092un display encore plus performants que les versions ant\u00e9rieures. Ils augmentent encore sa facilit\u00e9 d\u0092emploi, la pr\u00e9cision des dosages et guident l\u0092utilisateur par des messages simples.<\/p>\n<p>Les rares syst\u00e8mes de doseurs pr\u00e9sents sur le march\u00e9 sont souvent co\u00fbteux, d\u00e9licats et difficiles \u00e0 manipuler.<\/p>\n<p>La conception du Boomerang Pr\u00e9cision II apporte confort de travail in\u00e9gal\u00e9 et contribue \u00e0 la propret\u00e9 de la salle \u00e0 pl\u00e2tre.<\/p>\n<p>D\u0092une esth\u00e9tique \u00e9l\u00e9gante, ce doseur peut m\u00e9moriser jusqu\u0092\u00e0 4 pl\u00e2tres diff\u00e9rents. Ill suffit de changer le r\u00e9servoir \u00e0 pl\u00e2tre, programmer les cycles, et appuyer sur un bouton.<\/p>\n<p><strong>APRES ESSAI: R\u00e9alisez une \u00e9conomie de 20% \u00e0 40% de pl\u00e2. <\/strong><\/p>\n<p><strong><span class=\"Apple-style-span\">COMPROBADO: Ahorre entre un 20 % y un 40 % en escayola.<\/span><\/strong><\/p>\n","protected":false},"excerpt":{"rendered":"<p>Le doseur eau-pl\u00e2tre R-080592 Boomerang Pr\u00e9cision II est la toute nouvelle version de la famille Boomerang d\u00e9j\u00e0 bien connue sur le march\u00e9. Il suffit de pousser un bouton pour recevoir la dose eau- pl\u00e2tre pr\u00eate \u00e0 \u00eatre malax\u00e9e. En plus de rapidit\u00e9 et de pr\u00e9cision on obtient \u00e9galement une \u00e9conomie substantielle de mati\u00e8re : Lorsqu\u0092on [&hellip;]<\/p>\n","protected":false},"featured_media":9851,"template":"","meta":{"_acf_changed":false,"_monsterinsights_skip_tracking":false,"_monsterinsights_sitenote_active":false,"_monsterinsights_sitenote_note":"","_monsterinsights_sitenote_category":0},"product_brand":[],"product_cat":[1356],"product_tag":[],"class_list":{"0":"post-12333","1":"product","2":"type-product","3":"status-publish","4":"has-post-thumbnail","6":"product_cat-doseurs-a-platre","8":"first","9":"instock","10":"product-type-simple"},"acf":[],"yoast_head":"<!-- This site is optimized with the Yoast SEO plugin v27.2 - https:\/\/yoast.com\/product\/yoast-seo-wordpress\/ -->\n<title>Doseur &quot;boomerang precision ii&quot; + support + reserv. Complementaire + balance | MESTRA<\/title>\n<meta name=\"description\" content=\"Chez MESTRA, nous avons Doseur &quot;boomerang precision ii&quot; + support + reserv. Complementaire + balance commander en ligne.\" \/>\n<meta name=\"robots\" content=\"index, follow, max-snippet:-1, max-image-preview:large, max-video-preview:-1\" \/>\n<link rel=\"canonical\" href=\"https:\/\/mestra.es\/fr\/producto\/dosificadora-boomerang-precision-ii-soporte-contenedor-extra-bascula\/\" \/>\n<meta property=\"og:locale\" content=\"fr_FR\" \/>\n<meta property=\"og:type\" content=\"article\" \/>\n<meta property=\"og:title\" content=\"Doseur &quot;boomerang precision ii&quot; + support + reserv. Complementaire + balance | MESTRA\" \/>\n<meta property=\"og:description\" content=\"Chez MESTRA, nous avons Doseur &quot;boomerang precision ii&quot; + support + reserv. Complementaire + balance commander en ligne.\" \/>\n<meta property=\"og:url\" content=\"https:\/\/mestra.es\/fr\/producto\/dosificadora-boomerang-precision-ii-soporte-contenedor-extra-bascula\/\" \/>\n<meta property=\"og:site_name\" content=\"Talleres Mestra\" \/>\n<meta property=\"article:modified_time\" content=\"2025-03-07T12:19:25+00:00\" \/>\n<meta property=\"og:image\" content=\"https:\/\/mestra.es\/wp-content\/uploads\/2024\/05\/080592.jpg\" \/>\n\t<meta property=\"og:image:width\" content=\"600\" \/>\n\t<meta property=\"og:image:height\" content=\"600\" \/>\n\t<meta property=\"og:image:type\" content=\"image\/jpeg\" \/>\n<meta name=\"twitter:card\" content=\"summary_large_image\" \/>\n<meta name=\"twitter:label1\" content=\"Prix\" \/>\n\t<meta name=\"twitter:data1\" content=\"\" \/>\n\t<meta name=\"twitter:label2\" content=\"Disponibilit\u00e9\" \/>\n\t<meta name=\"twitter:data2\" content=\"En stock\" \/>\n<script type=\"application\/ld+json\" class=\"yoast-schema-graph\">{\"@context\":\"https:\/\/schema.org\",\"@graph\":[{\"@type\":\"WebPage\",\"@id\":\"https:\/\/mestra.es\/fr\/producto\/dosificadora-boomerang-precision-ii-soporte-contenedor-extra-bascula\/\",\"url\":\"https:\/\/mestra.es\/fr\/producto\/dosificadora-boomerang-precision-ii-soporte-contenedor-extra-bascula\/\",\"name\":\"Doseur \\\"boomerang precision ii\\\" + support + reserv. Complementaire + balance | MESTRA\",\"isPartOf\":{\"@id\":\"https:\/\/mestra.es\/fr\/#website\"},\"primaryImageOfPage\":{\"@id\":\"https:\/\/mestra.es\/fr\/producto\/dosificadora-boomerang-precision-ii-soporte-contenedor-extra-bascula\/#primaryimage\"},\"image\":{\"@id\":\"https:\/\/mestra.es\/fr\/producto\/dosificadora-boomerang-precision-ii-soporte-contenedor-extra-bascula\/#primaryimage\"},\"thumbnailUrl\":\"https:\/\/mestra.es\/wp-content\/uploads\/2024\/05\/080592.jpg\",\"datePublished\":\"2024-03-11T12:38:18+00:00\",\"dateModified\":\"2025-03-07T12:19:25+00:00\",\"description\":\"Chez MESTRA, nous avons Doseur \\\"boomerang precision ii\\\" + support + reserv. Complementaire + balance commander en ligne.\",\"breadcrumb\":{\"@id\":\"https:\/\/mestra.es\/fr\/producto\/dosificadora-boomerang-precision-ii-soporte-contenedor-extra-bascula\/#breadcrumb\"},\"inLanguage\":\"fr-FR\",\"potentialAction\":[{\"@type\":\"ReadAction\",\"target\":[\"https:\/\/mestra.es\/fr\/producto\/dosificadora-boomerang-precision-ii-soporte-contenedor-extra-bascula\/\"]}]},{\"@type\":\"ImageObject\",\"inLanguage\":\"fr-FR\",\"@id\":\"https:\/\/mestra.es\/fr\/producto\/dosificadora-boomerang-precision-ii-soporte-contenedor-extra-bascula\/#primaryimage\",\"url\":\"https:\/\/mestra.es\/wp-content\/uploads\/2024\/05\/080592.jpg\",\"contentUrl\":\"https:\/\/mestra.es\/wp-content\/uploads\/2024\/05\/080592.jpg\",\"width\":600,\"height\":600,\"caption\":\"Dosificadora de agua-escayola Boomerang Precision II\"},{\"@type\":\"BreadcrumbList\",\"@id\":\"https:\/\/mestra.es\/fr\/producto\/dosificadora-boomerang-precision-ii-soporte-contenedor-extra-bascula\/#breadcrumb\",\"itemListElement\":[{\"@type\":\"ListItem\",\"position\":1,\"name\":\"Portada\",\"item\":\"https:\/\/mestra.es\/fr\/\"},{\"@type\":\"ListItem\",\"position\":2,\"name\":\"Boutique\",\"item\":\"https:\/\/mestra.es\/fr\/boutique\/\"},{\"@type\":\"ListItem\",\"position\":3,\"name\":\"DOSEUR \u00abBOOMERANG PRECISION II\u00bb\"}]},{\"@type\":\"WebSite\",\"@id\":\"https:\/\/mestra.es\/fr\/#website\",\"url\":\"https:\/\/mestra.es\/fr\/\",\"name\":\"Talleres Mestra\",\"description\":\"\",\"publisher\":{\"@id\":\"https:\/\/mestra.es\/fr\/#organization\"},\"potentialAction\":[{\"@type\":\"SearchAction\",\"target\":{\"@type\":\"EntryPoint\",\"urlTemplate\":\"https:\/\/mestra.es\/fr\/?s={search_term_string}\"},\"query-input\":{\"@type\":\"PropertyValueSpecification\",\"valueRequired\":true,\"valueName\":\"search_term_string\"}}],\"inLanguage\":\"fr-FR\"},{\"@type\":\"Organization\",\"@id\":\"https:\/\/mestra.es\/fr\/#organization\",\"name\":\"Talleres Mestra\",\"url\":\"https:\/\/mestra.es\/fr\/\",\"logo\":{\"@type\":\"ImageObject\",\"inLanguage\":\"fr-FR\",\"@id\":\"https:\/\/mestra.es\/fr\/#\/schema\/logo\/image\/\",\"url\":\"https:\/\/mestra.es\/wp-content\/uploads\/2024\/05\/logo_mestra.png\",\"contentUrl\":\"https:\/\/mestra.es\/wp-content\/uploads\/2024\/05\/logo_mestra.png\",\"width\":300,\"height\":170,\"caption\":\"Talleres Mestra\"},\"image\":{\"@id\":\"https:\/\/mestra.es\/fr\/#\/schema\/logo\/image\/\"}}]}<\/script>\n<meta property=\"product:price:currency\" content=\"EUR\" \/>\n<meta property=\"og:availability\" content=\"instock\" \/>\n<meta property=\"product:availability\" content=\"instock\" \/>\n<meta property=\"product:retailer_item_id\" content=\"080592\" \/>\n<meta property=\"product:condition\" content=\"new\" \/>\n<!-- \/ Yoast SEO plugin. -->","yoast_head_json":{"title":"Doseur \"boomerang precision ii\" + support + reserv. Complementaire + balance | MESTRA","description":"Chez MESTRA, nous avons Doseur \"boomerang precision ii\" + support + reserv. Complementaire + balance commander en ligne.","robots":{"index":"index","follow":"follow","max-snippet":"max-snippet:-1","max-image-preview":"max-image-preview:large","max-video-preview":"max-video-preview:-1"},"canonical":"https:\/\/mestra.es\/fr\/producto\/dosificadora-boomerang-precision-ii-soporte-contenedor-extra-bascula\/","og_locale":"fr_FR","og_type":"article","og_title":"Doseur \"boomerang precision ii\" + support + reserv. Complementaire + balance | MESTRA","og_description":"Chez MESTRA, nous avons Doseur \"boomerang precision ii\" + support + reserv. Complementaire + balance commander en ligne.","og_url":"https:\/\/mestra.es\/fr\/producto\/dosificadora-boomerang-precision-ii-soporte-contenedor-extra-bascula\/","og_site_name":"Talleres Mestra","article_modified_time":"2025-03-07T12:19:25+00:00","og_image":[{"width":600,"height":600,"url":"https:\/\/mestra.es\/wp-content\/uploads\/2024\/05\/080592.jpg","type":"image\/jpeg"}],"twitter_card":"summary_large_image","twitter_misc":{"Prix":"","Disponibilit\u00e9":"En stock"},"schema":{"@context":"https:\/\/schema.org","@graph":[{"@type":"WebPage","@id":"https:\/\/mestra.es\/fr\/producto\/dosificadora-boomerang-precision-ii-soporte-contenedor-extra-bascula\/","url":"https:\/\/mestra.es\/fr\/producto\/dosificadora-boomerang-precision-ii-soporte-contenedor-extra-bascula\/","name":"Doseur \"boomerang precision ii\" + support + reserv. Complementaire + balance | MESTRA","isPartOf":{"@id":"https:\/\/mestra.es\/fr\/#website"},"primaryImageOfPage":{"@id":"https:\/\/mestra.es\/fr\/producto\/dosificadora-boomerang-precision-ii-soporte-contenedor-extra-bascula\/#primaryimage"},"image":{"@id":"https:\/\/mestra.es\/fr\/producto\/dosificadora-boomerang-precision-ii-soporte-contenedor-extra-bascula\/#primaryimage"},"thumbnailUrl":"https:\/\/mestra.es\/wp-content\/uploads\/2024\/05\/080592.jpg","datePublished":"2024-03-11T12:38:18+00:00","dateModified":"2025-03-07T12:19:25+00:00","description":"Chez MESTRA, nous avons Doseur \"boomerang precision ii\" + support + reserv. Complementaire + balance commander en ligne.","breadcrumb":{"@id":"https:\/\/mestra.es\/fr\/producto\/dosificadora-boomerang-precision-ii-soporte-contenedor-extra-bascula\/#breadcrumb"},"inLanguage":"fr-FR","potentialAction":[{"@type":"ReadAction","target":["https:\/\/mestra.es\/fr\/producto\/dosificadora-boomerang-precision-ii-soporte-contenedor-extra-bascula\/"]}]},{"@type":"ImageObject","inLanguage":"fr-FR","@id":"https:\/\/mestra.es\/fr\/producto\/dosificadora-boomerang-precision-ii-soporte-contenedor-extra-bascula\/#primaryimage","url":"https:\/\/mestra.es\/wp-content\/uploads\/2024\/05\/080592.jpg","contentUrl":"https:\/\/mestra.es\/wp-content\/uploads\/2024\/05\/080592.jpg","width":600,"height":600,"caption":"Dosificadora de agua-escayola Boomerang Precision II"},{"@type":"BreadcrumbList","@id":"https:\/\/mestra.es\/fr\/producto\/dosificadora-boomerang-precision-ii-soporte-contenedor-extra-bascula\/#breadcrumb","itemListElement":[{"@type":"ListItem","position":1,"name":"Portada","item":"https:\/\/mestra.es\/fr\/"},{"@type":"ListItem","position":2,"name":"Boutique","item":"https:\/\/mestra.es\/fr\/boutique\/"},{"@type":"ListItem","position":3,"name":"DOSEUR \u00abBOOMERANG PRECISION II\u00bb"}]},{"@type":"WebSite","@id":"https:\/\/mestra.es\/fr\/#website","url":"https:\/\/mestra.es\/fr\/","name":"Talleres Mestra","description":"","publisher":{"@id":"https:\/\/mestra.es\/fr\/#organization"},"potentialAction":[{"@type":"SearchAction","target":{"@type":"EntryPoint","urlTemplate":"https:\/\/mestra.es\/fr\/?s={search_term_string}"},"query-input":{"@type":"PropertyValueSpecification","valueRequired":true,"valueName":"search_term_string"}}],"inLanguage":"fr-FR"},{"@type":"Organization","@id":"https:\/\/mestra.es\/fr\/#organization","name":"Talleres Mestra","url":"https:\/\/mestra.es\/fr\/","logo":{"@type":"ImageObject","inLanguage":"fr-FR","@id":"https:\/\/mestra.es\/fr\/#\/schema\/logo\/image\/","url":"https:\/\/mestra.es\/wp-content\/uploads\/2024\/05\/logo_mestra.png","contentUrl":"https:\/\/mestra.es\/wp-content\/uploads\/2024\/05\/logo_mestra.png","width":300,"height":170,"caption":"Talleres Mestra"},"image":{"@id":"https:\/\/mestra.es\/fr\/#\/schema\/logo\/image\/"}}]},"product_price_currency":"EUR","og_availability":"instock","product_availability":"instock","product_retailer_item_id":"080592","product_condition":"new"},"_links":{"self":[{"href":"https:\/\/mestra.es\/fr\/wp-json\/wp\/v2\/product\/12333","targetHints":{"allow":["GET"]}}],"collection":[{"href":"https:\/\/mestra.es\/fr\/wp-json\/wp\/v2\/product"}],"about":[{"href":"https:\/\/mestra.es\/fr\/wp-json\/wp\/v2\/types\/product"}],"wp:featuredmedia":[{"embeddable":true,"href":"https:\/\/mestra.es\/fr\/wp-json\/wp\/v2\/media\/9851"}],"wp:attachment":[{"href":"https:\/\/mestra.es\/fr\/wp-json\/wp\/v2\/media?parent=12333"}],"wp:term":[{"taxonomy":"product_brand","embeddable":true,"href":"https:\/\/mestra.es\/fr\/wp-json\/wp\/v2\/product_brand?post=12333"},{"taxonomy":"product_cat","embeddable":true,"href":"https:\/\/mestra.es\/fr\/wp-json\/wp\/v2\/product_cat?post=12333"},{"taxonomy":"product_tag","embeddable":true,"href":"https:\/\/mestra.es\/fr\/wp-json\/wp\/v2\/product_tag?post=12333"}],"curies":[{"name":"wp","href":"https:\/\/api.w.org\/{rel}","templated":true}]}}