{"id":12317,"date":"2024-03-11T13:38:22","date_gmt":"2024-03-11T12:38:22","guid":{"rendered":"https:\/\/mestra.es\/producto\/termoconformadora-vacio-termoplast-ii\/"},"modified":"2025-11-06T11:14:22","modified_gmt":"2025-11-06T10:14:22","slug":"termoconformadora-vacio-termoplast-ii","status":"publish","type":"product","link":"https:\/\/mestra.es\/fr\/producto\/termoconformadora-vacio-termoplast-ii\/","title":{"rendered":"THERMOFORMEUSE &#8211; VIDE &#8211; TERMOPLAST II"},"content":{"rendered":"<p>Simple, pratique et d&rsquo;un design attrayant.<\/p>\n<p>Elle est pourvue d&rsquo;un puissant moteur d&rsquo;aspiration \u00e0 connexion automatique lorsqu&rsquo;on abaisse le porte plaques.<\/p>\n<p>La r\u00e9sistance est de carbone, ce qui permet un r\u00e9chauffement progressif et uniforme du mat\u00e9riau \u00e0 thermoformer.<\/p>\n<p>Elle accepte tant les plaques carr\u00e9es (format standard de 127 mm de c\u00f4t\u00e9).<\/p>\n","protected":false},"excerpt":{"rendered":"<p>Simple, pratique et d&rsquo;un design attrayant. Elle est pourvue d&rsquo;un puissant moteur d&rsquo;aspiration \u00e0 connexion automatique lorsqu&rsquo;on abaisse le porte plaques. La r\u00e9sistance est de carbone, ce qui permet un r\u00e9chauffement progressif et uniforme du mat\u00e9riau \u00e0 thermoformer. Elle accepte tant les plaques carr\u00e9es (format standard de 127 mm de c\u00f4t\u00e9).<\/p>\n","protected":false},"featured_media":7643,"template":"","meta":{"_acf_changed":false,"_monsterinsights_skip_tracking":false,"_monsterinsights_sitenote_active":false,"_monsterinsights_sitenote_note":"","_monsterinsights_sitenote_category":0},"product_brand":[],"product_cat":[1315],"product_tag":[],"class_list":{"0":"post-12317","1":"product","2":"type-product","3":"status-publish","4":"has-post-thumbnail","6":"product_cat-machines-de-thermoformage","8":"first","9":"instock","10":"product-type-simple"},"acf":[],"yoast_head":"<!-- This site is optimized with the Yoast SEO plugin v27.2 - https:\/\/yoast.com\/product\/yoast-seo-wordpress\/ -->\n<title>THERMOFORMEUSE - VIDE - TERMOPLAST II | MESTRA<\/title>\n<meta name=\"description\" content=\"Chez MESTRA nous avons des injecteurs de polyamide dentaire. Consultez notre catalogue de mat\u00e9riel dentaire et passez votre commande d\u00e8s maintenant.\" \/>\n<meta name=\"robots\" content=\"index, follow, max-snippet:-1, max-image-preview:large, max-video-preview:-1\" \/>\n<link rel=\"canonical\" href=\"https:\/\/mestra.es\/fr\/producto\/termoconformadora-vacio-termoplast-ii\/\" \/>\n<meta property=\"og:locale\" content=\"fr_FR\" \/>\n<meta property=\"og:type\" content=\"article\" \/>\n<meta property=\"og:title\" content=\"THERMOFORMEUSE - VIDE - TERMOPLAST II | MESTRA\" \/>\n<meta property=\"og:description\" content=\"Chez MESTRA nous avons des injecteurs de polyamide dentaire. Consultez notre catalogue de mat\u00e9riel dentaire et passez votre commande d\u00e8s maintenant.\" \/>\n<meta property=\"og:url\" content=\"https:\/\/mestra.es\/fr\/producto\/termoconformadora-vacio-termoplast-ii\/\" \/>\n<meta property=\"og:site_name\" content=\"Talleres Mestra\" \/>\n<meta property=\"article:modified_time\" content=\"2025-11-06T10:14:22+00:00\" \/>\n<meta property=\"og:image\" content=\"https:\/\/mestra.es\/wp-content\/uploads\/2024\/03\/080542-1.jpg\" \/>\n\t<meta property=\"og:image:width\" content=\"1119\" \/>\n\t<meta property=\"og:image:height\" content=\"1181\" \/>\n\t<meta property=\"og:image:type\" content=\"image\/jpeg\" \/>\n<meta name=\"twitter:card\" content=\"summary_large_image\" \/>\n<meta name=\"twitter:label1\" content=\"Prix\" \/>\n\t<meta name=\"twitter:data1\" content=\"\" \/>\n\t<meta name=\"twitter:label2\" content=\"Disponibilit\u00e9\" \/>\n\t<meta name=\"twitter:data2\" content=\"En stock\" \/>\n<script type=\"application\/ld+json\" class=\"yoast-schema-graph\">{\"@context\":\"https:\/\/schema.org\",\"@graph\":[{\"@type\":\"WebPage\",\"@id\":\"https:\/\/mestra.es\/fr\/producto\/termoconformadora-vacio-termoplast-ii\/\",\"url\":\"https:\/\/mestra.es\/fr\/producto\/termoconformadora-vacio-termoplast-ii\/\",\"name\":\"THERMOFORMEUSE - VIDE - TERMOPLAST II | MESTRA\",\"isPartOf\":{\"@id\":\"https:\/\/mestra.es\/fr\/#website\"},\"primaryImageOfPage\":{\"@id\":\"https:\/\/mestra.es\/fr\/producto\/termoconformadora-vacio-termoplast-ii\/#primaryimage\"},\"image\":{\"@id\":\"https:\/\/mestra.es\/fr\/producto\/termoconformadora-vacio-termoplast-ii\/#primaryimage\"},\"thumbnailUrl\":\"https:\/\/mestra.es\/wp-content\/uploads\/2024\/03\/080542-1.jpg\",\"datePublished\":\"2024-03-11T12:38:22+00:00\",\"dateModified\":\"2025-11-06T10:14:22+00:00\",\"description\":\"Chez MESTRA nous avons des injecteurs de polyamide dentaire. Consultez notre catalogue de mat\u00e9riel dentaire et passez votre commande d\u00e8s maintenant.\",\"breadcrumb\":{\"@id\":\"https:\/\/mestra.es\/fr\/producto\/termoconformadora-vacio-termoplast-ii\/#breadcrumb\"},\"inLanguage\":\"fr-FR\",\"potentialAction\":[{\"@type\":\"ReadAction\",\"target\":[\"https:\/\/mestra.es\/fr\/producto\/termoconformadora-vacio-termoplast-ii\/\"]}]},{\"@type\":\"ImageObject\",\"inLanguage\":\"fr-FR\",\"@id\":\"https:\/\/mestra.es\/fr\/producto\/termoconformadora-vacio-termoplast-ii\/#primaryimage\",\"url\":\"https:\/\/mestra.es\/wp-content\/uploads\/2024\/03\/080542-1.jpg\",\"contentUrl\":\"https:\/\/mestra.es\/wp-content\/uploads\/2024\/03\/080542-1.jpg\",\"width\":1119,\"height\":1181},{\"@type\":\"BreadcrumbList\",\"@id\":\"https:\/\/mestra.es\/fr\/producto\/termoconformadora-vacio-termoplast-ii\/#breadcrumb\",\"itemListElement\":[{\"@type\":\"ListItem\",\"position\":1,\"name\":\"Portada\",\"item\":\"https:\/\/mestra.es\/fr\/\"},{\"@type\":\"ListItem\",\"position\":2,\"name\":\"Boutique\",\"item\":\"https:\/\/mestra.es\/fr\/boutique\/\"},{\"@type\":\"ListItem\",\"position\":3,\"name\":\"THERMOFORMEUSE &#8211; VIDE &#8211; TERMOPLAST II\"}]},{\"@type\":\"WebSite\",\"@id\":\"https:\/\/mestra.es\/fr\/#website\",\"url\":\"https:\/\/mestra.es\/fr\/\",\"name\":\"Talleres Mestra\",\"description\":\"\",\"publisher\":{\"@id\":\"https:\/\/mestra.es\/fr\/#organization\"},\"potentialAction\":[{\"@type\":\"SearchAction\",\"target\":{\"@type\":\"EntryPoint\",\"urlTemplate\":\"https:\/\/mestra.es\/fr\/?s={search_term_string}\"},\"query-input\":{\"@type\":\"PropertyValueSpecification\",\"valueRequired\":true,\"valueName\":\"search_term_string\"}}],\"inLanguage\":\"fr-FR\"},{\"@type\":\"Organization\",\"@id\":\"https:\/\/mestra.es\/fr\/#organization\",\"name\":\"Talleres Mestra\",\"url\":\"https:\/\/mestra.es\/fr\/\",\"logo\":{\"@type\":\"ImageObject\",\"inLanguage\":\"fr-FR\",\"@id\":\"https:\/\/mestra.es\/fr\/#\/schema\/logo\/image\/\",\"url\":\"https:\/\/mestra.es\/wp-content\/uploads\/2024\/05\/logo_mestra.png\",\"contentUrl\":\"https:\/\/mestra.es\/wp-content\/uploads\/2024\/05\/logo_mestra.png\",\"width\":300,\"height\":170,\"caption\":\"Talleres Mestra\"},\"image\":{\"@id\":\"https:\/\/mestra.es\/fr\/#\/schema\/logo\/image\/\"}}]}<\/script>\n<meta property=\"product:price:currency\" content=\"EUR\" \/>\n<meta property=\"og:availability\" content=\"instock\" \/>\n<meta property=\"product:availability\" content=\"instock\" \/>\n<meta property=\"product:retailer_item_id\" content=\"080542\" \/>\n<meta property=\"product:condition\" content=\"new\" \/>\n<!-- \/ Yoast SEO plugin. -->","yoast_head_json":{"title":"THERMOFORMEUSE - VIDE - TERMOPLAST II | MESTRA","description":"Chez MESTRA nous avons des injecteurs de polyamide dentaire. Consultez notre catalogue de mat\u00e9riel dentaire et passez votre commande d\u00e8s maintenant.","robots":{"index":"index","follow":"follow","max-snippet":"max-snippet:-1","max-image-preview":"max-image-preview:large","max-video-preview":"max-video-preview:-1"},"canonical":"https:\/\/mestra.es\/fr\/producto\/termoconformadora-vacio-termoplast-ii\/","og_locale":"fr_FR","og_type":"article","og_title":"THERMOFORMEUSE - VIDE - TERMOPLAST II | MESTRA","og_description":"Chez MESTRA nous avons des injecteurs de polyamide dentaire. Consultez notre catalogue de mat\u00e9riel dentaire et passez votre commande d\u00e8s maintenant.","og_url":"https:\/\/mestra.es\/fr\/producto\/termoconformadora-vacio-termoplast-ii\/","og_site_name":"Talleres Mestra","article_modified_time":"2025-11-06T10:14:22+00:00","og_image":[{"width":1119,"height":1181,"url":"https:\/\/mestra.es\/wp-content\/uploads\/2024\/03\/080542-1.jpg","type":"image\/jpeg"}],"twitter_card":"summary_large_image","twitter_misc":{"Prix":"","Disponibilit\u00e9":"En stock"},"schema":{"@context":"https:\/\/schema.org","@graph":[{"@type":"WebPage","@id":"https:\/\/mestra.es\/fr\/producto\/termoconformadora-vacio-termoplast-ii\/","url":"https:\/\/mestra.es\/fr\/producto\/termoconformadora-vacio-termoplast-ii\/","name":"THERMOFORMEUSE - VIDE - TERMOPLAST II | MESTRA","isPartOf":{"@id":"https:\/\/mestra.es\/fr\/#website"},"primaryImageOfPage":{"@id":"https:\/\/mestra.es\/fr\/producto\/termoconformadora-vacio-termoplast-ii\/#primaryimage"},"image":{"@id":"https:\/\/mestra.es\/fr\/producto\/termoconformadora-vacio-termoplast-ii\/#primaryimage"},"thumbnailUrl":"https:\/\/mestra.es\/wp-content\/uploads\/2024\/03\/080542-1.jpg","datePublished":"2024-03-11T12:38:22+00:00","dateModified":"2025-11-06T10:14:22+00:00","description":"Chez MESTRA nous avons des injecteurs de polyamide dentaire. Consultez notre catalogue de mat\u00e9riel dentaire et passez votre commande d\u00e8s maintenant.","breadcrumb":{"@id":"https:\/\/mestra.es\/fr\/producto\/termoconformadora-vacio-termoplast-ii\/#breadcrumb"},"inLanguage":"fr-FR","potentialAction":[{"@type":"ReadAction","target":["https:\/\/mestra.es\/fr\/producto\/termoconformadora-vacio-termoplast-ii\/"]}]},{"@type":"ImageObject","inLanguage":"fr-FR","@id":"https:\/\/mestra.es\/fr\/producto\/termoconformadora-vacio-termoplast-ii\/#primaryimage","url":"https:\/\/mestra.es\/wp-content\/uploads\/2024\/03\/080542-1.jpg","contentUrl":"https:\/\/mestra.es\/wp-content\/uploads\/2024\/03\/080542-1.jpg","width":1119,"height":1181},{"@type":"BreadcrumbList","@id":"https:\/\/mestra.es\/fr\/producto\/termoconformadora-vacio-termoplast-ii\/#breadcrumb","itemListElement":[{"@type":"ListItem","position":1,"name":"Portada","item":"https:\/\/mestra.es\/fr\/"},{"@type":"ListItem","position":2,"name":"Boutique","item":"https:\/\/mestra.es\/fr\/boutique\/"},{"@type":"ListItem","position":3,"name":"THERMOFORMEUSE &#8211; VIDE &#8211; TERMOPLAST II"}]},{"@type":"WebSite","@id":"https:\/\/mestra.es\/fr\/#website","url":"https:\/\/mestra.es\/fr\/","name":"Talleres Mestra","description":"","publisher":{"@id":"https:\/\/mestra.es\/fr\/#organization"},"potentialAction":[{"@type":"SearchAction","target":{"@type":"EntryPoint","urlTemplate":"https:\/\/mestra.es\/fr\/?s={search_term_string}"},"query-input":{"@type":"PropertyValueSpecification","valueRequired":true,"valueName":"search_term_string"}}],"inLanguage":"fr-FR"},{"@type":"Organization","@id":"https:\/\/mestra.es\/fr\/#organization","name":"Talleres Mestra","url":"https:\/\/mestra.es\/fr\/","logo":{"@type":"ImageObject","inLanguage":"fr-FR","@id":"https:\/\/mestra.es\/fr\/#\/schema\/logo\/image\/","url":"https:\/\/mestra.es\/wp-content\/uploads\/2024\/05\/logo_mestra.png","contentUrl":"https:\/\/mestra.es\/wp-content\/uploads\/2024\/05\/logo_mestra.png","width":300,"height":170,"caption":"Talleres Mestra"},"image":{"@id":"https:\/\/mestra.es\/fr\/#\/schema\/logo\/image\/"}}]},"product_price_currency":"EUR","og_availability":"instock","product_availability":"instock","product_retailer_item_id":"080542","product_condition":"new"},"_links":{"self":[{"href":"https:\/\/mestra.es\/fr\/wp-json\/wp\/v2\/product\/12317","targetHints":{"allow":["GET"]}}],"collection":[{"href":"https:\/\/mestra.es\/fr\/wp-json\/wp\/v2\/product"}],"about":[{"href":"https:\/\/mestra.es\/fr\/wp-json\/wp\/v2\/types\/product"}],"wp:featuredmedia":[{"embeddable":true,"href":"https:\/\/mestra.es\/fr\/wp-json\/wp\/v2\/media\/7643"}],"wp:attachment":[{"href":"https:\/\/mestra.es\/fr\/wp-json\/wp\/v2\/media?parent=12317"}],"wp:term":[{"taxonomy":"product_brand","embeddable":true,"href":"https:\/\/mestra.es\/fr\/wp-json\/wp\/v2\/product_brand?post=12317"},{"taxonomy":"product_cat","embeddable":true,"href":"https:\/\/mestra.es\/fr\/wp-json\/wp\/v2\/product_cat?post=12317"},{"taxonomy":"product_tag","embeddable":true,"href":"https:\/\/mestra.es\/fr\/wp-json\/wp\/v2\/product_tag?post=12317"}],"curies":[{"name":"wp","href":"https:\/\/api.w.org\/{rel}","templated":true}]}}