{"id":12313,"date":"2024-03-11T13:38:23","date_gmt":"2024-03-11T12:38:23","guid":{"rendered":"https:\/\/mestra.es\/producto\/termoconformadora-presion-plastpress\/"},"modified":"2025-03-24T12:44:45","modified_gmt":"2025-03-24T11:44:45","slug":"termoconformadora-presion-plastpress","status":"publish","type":"product","link":"https:\/\/mestra.es\/fr\/producto\/termoconformadora-presion-plastpress\/","title":{"rendered":"THERMOFORMEUSE &#8211; PRESSION &#8211; PLASTPRESS"},"content":{"rendered":"<p>PlastPress est la thermoformeuse \u00e0 pression positive la plus compacte du march\u00e9, elle garantit une plus grande fid\u00e9lit\u00e9 de copie et moins de bruit par rapport aux thermoformeuses \u00e0 vide traditionnelles, et elle dispose de huit syst\u00e8mes de s\u00e9curit\u00e9. Elle doit \u00eatre reli\u00e9e \u00e0 un compresseur (entre 3 et 8 bar).<\/p>\n<p>Pratique et polyvalente, elle accepte des plaques rondes et carr\u00e9es jusqu&rsquo;\u00e0 6 mm d&rsquo;\u00e9paisseur.<\/p>\n<p>Il est \u00e9galement fourni avec un porte-mod\u00e8le \u00e0 deux positions : \u00e0 plat ou \u00e0 panier qui, rempli de billes de verre, r\u00e9duit la profondeur de fa\u00e7onnage.<\/p>\n<p>Il est utile dans toutes les sp\u00e9cialit\u00e9s dentaires : orthodontie, proth\u00e8se, esth\u00e9tique, dentisterie du sommeil, dentisterie sportive, bruxisme, nettoyage dentaire et clinique g\u00e9n\u00e9rale, entre autres.<\/p>\n<ul>\n<li>Prend en charge les feuilles rondes et carr\u00e9es<\/li>\n<li>Extraordinairement silencieux<\/li>\n<li>Huit syst\u00e8mes de s\u00e9curit\u00e9<\/li>\n<li>Meilleure fid\u00e9lit\u00e9 de copie<\/li>\n<li>Taille r\u00e9duite<\/li>\n<\/ul>\n","protected":false},"excerpt":{"rendered":"<p><img loading=\"lazy\" decoding=\"async\" class=\"alignnone size-full wp-image-14881\" src=\"https:\/\/mestra.es\/wp-content\/uploads\/2024\/07\/Presion-positiva-1.jpg\" alt=\"\" width=\"485\" height=\"106\" srcset=\"https:\/\/mestra.es\/wp-content\/uploads\/2024\/07\/Presion-positiva-1.jpg 778w, https:\/\/mestra.es\/wp-content\/uploads\/2024\/07\/Presion-positiva-1-768x168.jpg 768w, https:\/\/mestra.es\/wp-content\/uploads\/2024\/07\/Presion-positiva-1-416x91.jpg 416w\" sizes=\"auto, (max-width: 485px) 100vw, 485px\" \/><\/p>\n<p>PlastPress est la thermoformeuse \u00e0 pression positive la plus compacte du march\u00e9, elle garantit une plus grande fid\u00e9lit\u00e9 de copie et moins de bruit par rapport aux thermoformeuses \u00e0 vide traditionnelles<\/p>\n","protected":false},"featured_media":9853,"template":"","meta":{"_acf_changed":false,"_monsterinsights_skip_tracking":false,"_monsterinsights_sitenote_active":false,"_monsterinsights_sitenote_note":"","_monsterinsights_sitenote_category":0},"product_brand":[],"product_cat":[1315],"product_tag":[],"class_list":{"0":"post-12313","1":"product","2":"type-product","3":"status-publish","4":"has-post-thumbnail","6":"product_cat-machines-de-thermoformage","8":"first","9":"instock","10":"product-type-simple"},"acf":[],"yoast_head":"<!-- This site is optimized with the Yoast SEO plugin v27.2 - https:\/\/yoast.com\/product\/yoast-seo-wordpress\/ -->\n<title>Thermoformeuse - Pression - PlastPress | MESTRA<\/title>\n<meta name=\"description\" content=\"Chez MESTRA, nous avons Thermoformeuse - Pression - PlastPress, la plus compacte du march\u00e9, garantit une plus grande fid\u00e9lit\u00e9 de copie. Commander en ligne.\" \/>\n<meta name=\"robots\" content=\"index, follow, max-snippet:-1, max-image-preview:large, max-video-preview:-1\" \/>\n<link rel=\"canonical\" href=\"https:\/\/mestra.es\/fr\/producto\/termoconformadora-presion-plastpress\/\" \/>\n<meta property=\"og:locale\" content=\"fr_FR\" \/>\n<meta property=\"og:type\" content=\"article\" \/>\n<meta property=\"og:title\" content=\"Thermoformeuse - Pression - PlastPress | MESTRA\" \/>\n<meta property=\"og:description\" content=\"Chez MESTRA, nous avons Thermoformeuse - Pression - PlastPress, la plus compacte du march\u00e9, garantit une plus grande fid\u00e9lit\u00e9 de copie. Commander en ligne.\" \/>\n<meta property=\"og:url\" content=\"https:\/\/mestra.es\/fr\/producto\/termoconformadora-presion-plastpress\/\" \/>\n<meta property=\"og:site_name\" content=\"Talleres Mestra\" \/>\n<meta property=\"article:modified_time\" content=\"2025-03-24T11:44:45+00:00\" \/>\n<meta property=\"og:image\" content=\"https:\/\/mestra.es\/wp-content\/uploads\/2024\/05\/080544.jpg\" \/>\n\t<meta property=\"og:image:width\" content=\"600\" \/>\n\t<meta property=\"og:image:height\" content=\"600\" \/>\n\t<meta property=\"og:image:type\" content=\"image\/jpeg\" \/>\n<meta name=\"twitter:card\" content=\"summary_large_image\" \/>\n<meta name=\"twitter:label1\" content=\"Prix\" \/>\n\t<meta name=\"twitter:data1\" content=\"\" \/>\n\t<meta name=\"twitter:label2\" content=\"Disponibilit\u00e9\" \/>\n\t<meta name=\"twitter:data2\" content=\"En stock\" \/>\n<script type=\"application\/ld+json\" class=\"yoast-schema-graph\">{\"@context\":\"https:\/\/schema.org\",\"@graph\":[{\"@type\":\"WebPage\",\"@id\":\"https:\/\/mestra.es\/fr\/producto\/termoconformadora-presion-plastpress\/\",\"url\":\"https:\/\/mestra.es\/fr\/producto\/termoconformadora-presion-plastpress\/\",\"name\":\"Thermoformeuse - Pression - PlastPress | MESTRA\",\"isPartOf\":{\"@id\":\"https:\/\/mestra.es\/fr\/#website\"},\"primaryImageOfPage\":{\"@id\":\"https:\/\/mestra.es\/fr\/producto\/termoconformadora-presion-plastpress\/#primaryimage\"},\"image\":{\"@id\":\"https:\/\/mestra.es\/fr\/producto\/termoconformadora-presion-plastpress\/#primaryimage\"},\"thumbnailUrl\":\"https:\/\/mestra.es\/wp-content\/uploads\/2024\/05\/080544.jpg\",\"datePublished\":\"2024-03-11T12:38:23+00:00\",\"dateModified\":\"2025-03-24T11:44:45+00:00\",\"description\":\"Chez MESTRA, nous avons Thermoformeuse - Pression - PlastPress, la plus compacte du march\u00e9, garantit une plus grande fid\u00e9lit\u00e9 de copie. Commander en ligne.\",\"breadcrumb\":{\"@id\":\"https:\/\/mestra.es\/fr\/producto\/termoconformadora-presion-plastpress\/#breadcrumb\"},\"inLanguage\":\"fr-FR\",\"potentialAction\":[{\"@type\":\"ReadAction\",\"target\":[\"https:\/\/mestra.es\/fr\/producto\/termoconformadora-presion-plastpress\/\"]}]},{\"@type\":\"ImageObject\",\"inLanguage\":\"fr-FR\",\"@id\":\"https:\/\/mestra.es\/fr\/producto\/termoconformadora-presion-plastpress\/#primaryimage\",\"url\":\"https:\/\/mestra.es\/wp-content\/uploads\/2024\/05\/080544.jpg\",\"contentUrl\":\"https:\/\/mestra.es\/wp-content\/uploads\/2024\/05\/080544.jpg\",\"width\":600,\"height\":600,\"caption\":\"Termoconformadora - Presi\u00f3n - PlastPress\"},{\"@type\":\"BreadcrumbList\",\"@id\":\"https:\/\/mestra.es\/fr\/producto\/termoconformadora-presion-plastpress\/#breadcrumb\",\"itemListElement\":[{\"@type\":\"ListItem\",\"position\":1,\"name\":\"Portada\",\"item\":\"https:\/\/mestra.es\/fr\/\"},{\"@type\":\"ListItem\",\"position\":2,\"name\":\"Boutique\",\"item\":\"https:\/\/mestra.es\/fr\/boutique\/\"},{\"@type\":\"ListItem\",\"position\":3,\"name\":\"THERMOFORMEUSE &#8211; PRESSION &#8211; PLASTPRESS\"}]},{\"@type\":\"WebSite\",\"@id\":\"https:\/\/mestra.es\/fr\/#website\",\"url\":\"https:\/\/mestra.es\/fr\/\",\"name\":\"Talleres Mestra\",\"description\":\"\",\"publisher\":{\"@id\":\"https:\/\/mestra.es\/fr\/#organization\"},\"potentialAction\":[{\"@type\":\"SearchAction\",\"target\":{\"@type\":\"EntryPoint\",\"urlTemplate\":\"https:\/\/mestra.es\/fr\/?s={search_term_string}\"},\"query-input\":{\"@type\":\"PropertyValueSpecification\",\"valueRequired\":true,\"valueName\":\"search_term_string\"}}],\"inLanguage\":\"fr-FR\"},{\"@type\":\"Organization\",\"@id\":\"https:\/\/mestra.es\/fr\/#organization\",\"name\":\"Talleres Mestra\",\"url\":\"https:\/\/mestra.es\/fr\/\",\"logo\":{\"@type\":\"ImageObject\",\"inLanguage\":\"fr-FR\",\"@id\":\"https:\/\/mestra.es\/fr\/#\/schema\/logo\/image\/\",\"url\":\"https:\/\/mestra.es\/wp-content\/uploads\/2024\/05\/logo_mestra.png\",\"contentUrl\":\"https:\/\/mestra.es\/wp-content\/uploads\/2024\/05\/logo_mestra.png\",\"width\":300,\"height\":170,\"caption\":\"Talleres Mestra\"},\"image\":{\"@id\":\"https:\/\/mestra.es\/fr\/#\/schema\/logo\/image\/\"}}]}<\/script>\n<meta property=\"product:price:currency\" content=\"EUR\" \/>\n<meta property=\"og:availability\" content=\"instock\" \/>\n<meta property=\"product:availability\" content=\"instock\" \/>\n<meta property=\"product:retailer_item_id\" content=\"080544\" \/>\n<meta property=\"product:condition\" content=\"new\" \/>\n<!-- \/ Yoast SEO plugin. -->","yoast_head_json":{"title":"Thermoformeuse - Pression - PlastPress | MESTRA","description":"Chez MESTRA, nous avons Thermoformeuse - Pression - PlastPress, la plus compacte du march\u00e9, garantit une plus grande fid\u00e9lit\u00e9 de copie. Commander en ligne.","robots":{"index":"index","follow":"follow","max-snippet":"max-snippet:-1","max-image-preview":"max-image-preview:large","max-video-preview":"max-video-preview:-1"},"canonical":"https:\/\/mestra.es\/fr\/producto\/termoconformadora-presion-plastpress\/","og_locale":"fr_FR","og_type":"article","og_title":"Thermoformeuse - Pression - PlastPress | MESTRA","og_description":"Chez MESTRA, nous avons Thermoformeuse - Pression - PlastPress, la plus compacte du march\u00e9, garantit une plus grande fid\u00e9lit\u00e9 de copie. Commander en ligne.","og_url":"https:\/\/mestra.es\/fr\/producto\/termoconformadora-presion-plastpress\/","og_site_name":"Talleres Mestra","article_modified_time":"2025-03-24T11:44:45+00:00","og_image":[{"width":600,"height":600,"url":"https:\/\/mestra.es\/wp-content\/uploads\/2024\/05\/080544.jpg","type":"image\/jpeg"}],"twitter_card":"summary_large_image","twitter_misc":{"Prix":"","Disponibilit\u00e9":"En stock"},"schema":{"@context":"https:\/\/schema.org","@graph":[{"@type":"WebPage","@id":"https:\/\/mestra.es\/fr\/producto\/termoconformadora-presion-plastpress\/","url":"https:\/\/mestra.es\/fr\/producto\/termoconformadora-presion-plastpress\/","name":"Thermoformeuse - Pression - PlastPress | MESTRA","isPartOf":{"@id":"https:\/\/mestra.es\/fr\/#website"},"primaryImageOfPage":{"@id":"https:\/\/mestra.es\/fr\/producto\/termoconformadora-presion-plastpress\/#primaryimage"},"image":{"@id":"https:\/\/mestra.es\/fr\/producto\/termoconformadora-presion-plastpress\/#primaryimage"},"thumbnailUrl":"https:\/\/mestra.es\/wp-content\/uploads\/2024\/05\/080544.jpg","datePublished":"2024-03-11T12:38:23+00:00","dateModified":"2025-03-24T11:44:45+00:00","description":"Chez MESTRA, nous avons Thermoformeuse - Pression - PlastPress, la plus compacte du march\u00e9, garantit une plus grande fid\u00e9lit\u00e9 de copie. Commander en ligne.","breadcrumb":{"@id":"https:\/\/mestra.es\/fr\/producto\/termoconformadora-presion-plastpress\/#breadcrumb"},"inLanguage":"fr-FR","potentialAction":[{"@type":"ReadAction","target":["https:\/\/mestra.es\/fr\/producto\/termoconformadora-presion-plastpress\/"]}]},{"@type":"ImageObject","inLanguage":"fr-FR","@id":"https:\/\/mestra.es\/fr\/producto\/termoconformadora-presion-plastpress\/#primaryimage","url":"https:\/\/mestra.es\/wp-content\/uploads\/2024\/05\/080544.jpg","contentUrl":"https:\/\/mestra.es\/wp-content\/uploads\/2024\/05\/080544.jpg","width":600,"height":600,"caption":"Termoconformadora - Presi\u00f3n - PlastPress"},{"@type":"BreadcrumbList","@id":"https:\/\/mestra.es\/fr\/producto\/termoconformadora-presion-plastpress\/#breadcrumb","itemListElement":[{"@type":"ListItem","position":1,"name":"Portada","item":"https:\/\/mestra.es\/fr\/"},{"@type":"ListItem","position":2,"name":"Boutique","item":"https:\/\/mestra.es\/fr\/boutique\/"},{"@type":"ListItem","position":3,"name":"THERMOFORMEUSE &#8211; PRESSION &#8211; PLASTPRESS"}]},{"@type":"WebSite","@id":"https:\/\/mestra.es\/fr\/#website","url":"https:\/\/mestra.es\/fr\/","name":"Talleres Mestra","description":"","publisher":{"@id":"https:\/\/mestra.es\/fr\/#organization"},"potentialAction":[{"@type":"SearchAction","target":{"@type":"EntryPoint","urlTemplate":"https:\/\/mestra.es\/fr\/?s={search_term_string}"},"query-input":{"@type":"PropertyValueSpecification","valueRequired":true,"valueName":"search_term_string"}}],"inLanguage":"fr-FR"},{"@type":"Organization","@id":"https:\/\/mestra.es\/fr\/#organization","name":"Talleres Mestra","url":"https:\/\/mestra.es\/fr\/","logo":{"@type":"ImageObject","inLanguage":"fr-FR","@id":"https:\/\/mestra.es\/fr\/#\/schema\/logo\/image\/","url":"https:\/\/mestra.es\/wp-content\/uploads\/2024\/05\/logo_mestra.png","contentUrl":"https:\/\/mestra.es\/wp-content\/uploads\/2024\/05\/logo_mestra.png","width":300,"height":170,"caption":"Talleres Mestra"},"image":{"@id":"https:\/\/mestra.es\/fr\/#\/schema\/logo\/image\/"}}]},"product_price_currency":"EUR","og_availability":"instock","product_availability":"instock","product_retailer_item_id":"080544","product_condition":"new"},"_links":{"self":[{"href":"https:\/\/mestra.es\/fr\/wp-json\/wp\/v2\/product\/12313","targetHints":{"allow":["GET"]}}],"collection":[{"href":"https:\/\/mestra.es\/fr\/wp-json\/wp\/v2\/product"}],"about":[{"href":"https:\/\/mestra.es\/fr\/wp-json\/wp\/v2\/types\/product"}],"wp:featuredmedia":[{"embeddable":true,"href":"https:\/\/mestra.es\/fr\/wp-json\/wp\/v2\/media\/9853"}],"wp:attachment":[{"href":"https:\/\/mestra.es\/fr\/wp-json\/wp\/v2\/media?parent=12313"}],"wp:term":[{"taxonomy":"product_brand","embeddable":true,"href":"https:\/\/mestra.es\/fr\/wp-json\/wp\/v2\/product_brand?post=12313"},{"taxonomy":"product_cat","embeddable":true,"href":"https:\/\/mestra.es\/fr\/wp-json\/wp\/v2\/product_cat?post=12313"},{"taxonomy":"product_tag","embeddable":true,"href":"https:\/\/mestra.es\/fr\/wp-json\/wp\/v2\/product_tag?post=12313"}],"curies":[{"name":"wp","href":"https:\/\/api.w.org\/{rel}","templated":true}]}}