{"id":12303,"date":"2024-03-11T13:38:26","date_gmt":"2024-03-11T12:38:26","guid":{"rendered":"https:\/\/mestra.es\/producto\/recortadora-de-interiores\/"},"modified":"2025-03-26T15:53:42","modified_gmt":"2025-03-26T14:53:42","slug":"recortadora-de-interiores","status":"publish","type":"product","link":"https:\/\/mestra.es\/fr\/producto\/recortadora-de-interiores\/","title":{"rendered":"DETOUREUSE DE MODELES"},"content":{"rendered":"<p>La d\u00e9toureuse de mod\u00e8les MESTRA est une machine sp\u00e9cialement con\u00e7ue pour assister le proth\u00e9siste dentaire dans les travaux de pr\u00e9paration et de d\u00e9coupage de mod\u00e8les.<\/p>\n<p>Compacte, enti\u00e8rement r\u00e9alis\u00e9e en acier inoxydable, son entretien est facile et sa r\u00e9sistance \u00e0 la corrosion totale.<\/p>\n<p>Reposant sur une assise cons\u00e9quente et pourvue de pattes en caoutchouc anti-d\u00e9rapant, la machine b\u00e9n\u00e9ficie d\u0092une stabilit\u00e9 optimale \u00e9vitant les d\u00e9sagr\u00e9ments caus\u00e9s par des vibrations ou par des d\u00e9placements durant son utilisation.<\/p>\n<p>La d\u00e9toureuse est \u00e9quip\u00e9e d\u0092un puissant moteur d\u00921\/3 de CV et de 3000 t\/mn. Qui lui garantit la puissance dans la coupe et un fonctionnement souple et silencieux.<\/p>\n<p>La machine est con\u00e7ue pour travailler avec des fraises d\u0092un diam\u00e8tre de tige de 6 mm.<\/p>\n<p>La table de travail comprend des orifices pour le drainage des poussi\u00e8res produites par le d\u00e9coupage du mod\u00e8le.<\/p>\n<p>La d\u00e9toureuse est aussi \u00e9quip\u00e9e d\u0092un tube de raccordement \u00e0 une unit\u00e9 d\u0092aspiration externe.<\/p>\n<p>Elle dispose a cet effet d\u0092une prise de type \u00ab Schuko \u00bb (\u00e0 d\u00e9clenchement simultan\u00e9) sur laquelle on branche le poste d\u0092aspiration.<\/p>\n<p>La d\u00e9toureuse est \u00e9quip\u00e9e d\u0092un interrupteur de s\u00e9curit\u00e9 \u00e9vitant le d\u00e9marrage intempestif en cas de coupure de courant, ainsi que d\u00b4un protecteur pour la fraise.<\/p>\n<p>Elle r\u00e9pond aux normes CE.<\/p>\n","protected":false},"excerpt":{"rendered":"<p>La d\u00e9toureuse de mod\u00e8les MESTRA est une machine sp\u00e9cialement con\u00e7ue pour assister le proth\u00e9siste dentaire dans les travaux de pr\u00e9paration et de d\u00e9coupage de mod\u00e8les. Compacte, enti\u00e8rement r\u00e9alis\u00e9e en acier inoxydable, son entretien est facile et sa r\u00e9sistance \u00e0 la corrosion totale. Reposant sur une assise cons\u00e9quente et pourvue de pattes en caoutchouc anti-d\u00e9rapant, la [&hellip;]<\/p>\n","protected":false},"featured_media":15385,"template":"","meta":{"_acf_changed":false,"_monsterinsights_skip_tracking":false,"_monsterinsights_sitenote_active":false,"_monsterinsights_sitenote_note":"","_monsterinsights_sitenote_category":0},"product_brand":[],"product_cat":[1301],"product_tag":[],"class_list":{"0":"post-12303","1":"product","2":"type-product","3":"status-publish","4":"has-post-thumbnail","6":"product_cat-detoureuse","8":"first","9":"instock","10":"product-type-simple"},"acf":[],"yoast_head":"<!-- This site is optimized with the Yoast SEO plugin v27.2 - https:\/\/yoast.com\/product\/yoast-seo-wordpress\/ -->\n<title>Detoureuse de modeles | MESTRA<\/title>\n<meta name=\"description\" content=\"Chez MESTRA, nous avons Detoureuse de modeles commander en ligne.\" \/>\n<meta name=\"robots\" content=\"index, follow, max-snippet:-1, max-image-preview:large, max-video-preview:-1\" \/>\n<link rel=\"canonical\" href=\"https:\/\/mestra.es\/fr\/producto\/recortadora-de-interiores\/\" \/>\n<meta property=\"og:locale\" content=\"fr_FR\" \/>\n<meta property=\"og:type\" content=\"article\" \/>\n<meta property=\"og:title\" content=\"Detoureuse de modeles | MESTRA\" \/>\n<meta property=\"og:description\" content=\"Chez MESTRA, nous avons Detoureuse de modeles commander en ligne.\" \/>\n<meta property=\"og:url\" content=\"https:\/\/mestra.es\/fr\/producto\/recortadora-de-interiores\/\" \/>\n<meta property=\"og:site_name\" content=\"Talleres Mestra\" \/>\n<meta property=\"article:modified_time\" content=\"2025-03-26T14:53:42+00:00\" \/>\n<meta property=\"og:image\" content=\"https:\/\/mestra.es\/wp-content\/uploads\/2024\/03\/080102_1.jpg\" \/>\n\t<meta property=\"og:image:width\" content=\"600\" \/>\n\t<meta property=\"og:image:height\" content=\"600\" \/>\n\t<meta property=\"og:image:type\" content=\"image\/jpeg\" \/>\n<meta name=\"twitter:card\" content=\"summary_large_image\" \/>\n<meta name=\"twitter:label1\" content=\"Prix\" \/>\n\t<meta name=\"twitter:data1\" content=\"\" \/>\n\t<meta name=\"twitter:label2\" content=\"Disponibilit\u00e9\" \/>\n\t<meta name=\"twitter:data2\" content=\"En stock\" \/>\n<script type=\"application\/ld+json\" class=\"yoast-schema-graph\">{\"@context\":\"https:\/\/schema.org\",\"@graph\":[{\"@type\":\"WebPage\",\"@id\":\"https:\/\/mestra.es\/fr\/producto\/recortadora-de-interiores\/\",\"url\":\"https:\/\/mestra.es\/fr\/producto\/recortadora-de-interiores\/\",\"name\":\"Detoureuse de modeles | MESTRA\",\"isPartOf\":{\"@id\":\"https:\/\/mestra.es\/fr\/#website\"},\"primaryImageOfPage\":{\"@id\":\"https:\/\/mestra.es\/fr\/producto\/recortadora-de-interiores\/#primaryimage\"},\"image\":{\"@id\":\"https:\/\/mestra.es\/fr\/producto\/recortadora-de-interiores\/#primaryimage\"},\"thumbnailUrl\":\"https:\/\/mestra.es\/wp-content\/uploads\/2024\/03\/080102_1.jpg\",\"datePublished\":\"2024-03-11T12:38:26+00:00\",\"dateModified\":\"2025-03-26T14:53:42+00:00\",\"description\":\"Chez MESTRA, nous avons Detoureuse de modeles commander en ligne.\",\"breadcrumb\":{\"@id\":\"https:\/\/mestra.es\/fr\/producto\/recortadora-de-interiores\/#breadcrumb\"},\"inLanguage\":\"fr-FR\",\"potentialAction\":[{\"@type\":\"ReadAction\",\"target\":[\"https:\/\/mestra.es\/fr\/producto\/recortadora-de-interiores\/\"]}]},{\"@type\":\"ImageObject\",\"inLanguage\":\"fr-FR\",\"@id\":\"https:\/\/mestra.es\/fr\/producto\/recortadora-de-interiores\/#primaryimage\",\"url\":\"https:\/\/mestra.es\/wp-content\/uploads\/2024\/03\/080102_1.jpg\",\"contentUrl\":\"https:\/\/mestra.es\/wp-content\/uploads\/2024\/03\/080102_1.jpg\",\"width\":600,\"height\":600,\"caption\":\"Recortadora de interiores\"},{\"@type\":\"BreadcrumbList\",\"@id\":\"https:\/\/mestra.es\/fr\/producto\/recortadora-de-interiores\/#breadcrumb\",\"itemListElement\":[{\"@type\":\"ListItem\",\"position\":1,\"name\":\"Portada\",\"item\":\"https:\/\/mestra.es\/fr\/\"},{\"@type\":\"ListItem\",\"position\":2,\"name\":\"Boutique\",\"item\":\"https:\/\/mestra.es\/fr\/boutique\/\"},{\"@type\":\"ListItem\",\"position\":3,\"name\":\"DETOUREUSE DE MODELES\"}]},{\"@type\":\"WebSite\",\"@id\":\"https:\/\/mestra.es\/fr\/#website\",\"url\":\"https:\/\/mestra.es\/fr\/\",\"name\":\"Talleres Mestra\",\"description\":\"\",\"publisher\":{\"@id\":\"https:\/\/mestra.es\/fr\/#organization\"},\"potentialAction\":[{\"@type\":\"SearchAction\",\"target\":{\"@type\":\"EntryPoint\",\"urlTemplate\":\"https:\/\/mestra.es\/fr\/?s={search_term_string}\"},\"query-input\":{\"@type\":\"PropertyValueSpecification\",\"valueRequired\":true,\"valueName\":\"search_term_string\"}}],\"inLanguage\":\"fr-FR\"},{\"@type\":\"Organization\",\"@id\":\"https:\/\/mestra.es\/fr\/#organization\",\"name\":\"Talleres Mestra\",\"url\":\"https:\/\/mestra.es\/fr\/\",\"logo\":{\"@type\":\"ImageObject\",\"inLanguage\":\"fr-FR\",\"@id\":\"https:\/\/mestra.es\/fr\/#\/schema\/logo\/image\/\",\"url\":\"https:\/\/mestra.es\/wp-content\/uploads\/2024\/05\/logo_mestra.png\",\"contentUrl\":\"https:\/\/mestra.es\/wp-content\/uploads\/2024\/05\/logo_mestra.png\",\"width\":300,\"height\":170,\"caption\":\"Talleres Mestra\"},\"image\":{\"@id\":\"https:\/\/mestra.es\/fr\/#\/schema\/logo\/image\/\"}}]}<\/script>\n<meta property=\"product:price:currency\" content=\"EUR\" \/>\n<meta property=\"og:availability\" content=\"instock\" \/>\n<meta property=\"product:availability\" content=\"instock\" \/>\n<meta property=\"product:retailer_item_id\" content=\"080102\" \/>\n<meta property=\"product:condition\" content=\"new\" \/>\n<!-- \/ Yoast SEO plugin. -->","yoast_head_json":{"title":"Detoureuse de modeles | MESTRA","description":"Chez MESTRA, nous avons Detoureuse de modeles commander en ligne.","robots":{"index":"index","follow":"follow","max-snippet":"max-snippet:-1","max-image-preview":"max-image-preview:large","max-video-preview":"max-video-preview:-1"},"canonical":"https:\/\/mestra.es\/fr\/producto\/recortadora-de-interiores\/","og_locale":"fr_FR","og_type":"article","og_title":"Detoureuse de modeles | MESTRA","og_description":"Chez MESTRA, nous avons Detoureuse de modeles commander en ligne.","og_url":"https:\/\/mestra.es\/fr\/producto\/recortadora-de-interiores\/","og_site_name":"Talleres Mestra","article_modified_time":"2025-03-26T14:53:42+00:00","og_image":[{"width":600,"height":600,"url":"https:\/\/mestra.es\/wp-content\/uploads\/2024\/03\/080102_1.jpg","type":"image\/jpeg"}],"twitter_card":"summary_large_image","twitter_misc":{"Prix":"","Disponibilit\u00e9":"En stock"},"schema":{"@context":"https:\/\/schema.org","@graph":[{"@type":"WebPage","@id":"https:\/\/mestra.es\/fr\/producto\/recortadora-de-interiores\/","url":"https:\/\/mestra.es\/fr\/producto\/recortadora-de-interiores\/","name":"Detoureuse de modeles | MESTRA","isPartOf":{"@id":"https:\/\/mestra.es\/fr\/#website"},"primaryImageOfPage":{"@id":"https:\/\/mestra.es\/fr\/producto\/recortadora-de-interiores\/#primaryimage"},"image":{"@id":"https:\/\/mestra.es\/fr\/producto\/recortadora-de-interiores\/#primaryimage"},"thumbnailUrl":"https:\/\/mestra.es\/wp-content\/uploads\/2024\/03\/080102_1.jpg","datePublished":"2024-03-11T12:38:26+00:00","dateModified":"2025-03-26T14:53:42+00:00","description":"Chez MESTRA, nous avons Detoureuse de modeles commander en ligne.","breadcrumb":{"@id":"https:\/\/mestra.es\/fr\/producto\/recortadora-de-interiores\/#breadcrumb"},"inLanguage":"fr-FR","potentialAction":[{"@type":"ReadAction","target":["https:\/\/mestra.es\/fr\/producto\/recortadora-de-interiores\/"]}]},{"@type":"ImageObject","inLanguage":"fr-FR","@id":"https:\/\/mestra.es\/fr\/producto\/recortadora-de-interiores\/#primaryimage","url":"https:\/\/mestra.es\/wp-content\/uploads\/2024\/03\/080102_1.jpg","contentUrl":"https:\/\/mestra.es\/wp-content\/uploads\/2024\/03\/080102_1.jpg","width":600,"height":600,"caption":"Recortadora de interiores"},{"@type":"BreadcrumbList","@id":"https:\/\/mestra.es\/fr\/producto\/recortadora-de-interiores\/#breadcrumb","itemListElement":[{"@type":"ListItem","position":1,"name":"Portada","item":"https:\/\/mestra.es\/fr\/"},{"@type":"ListItem","position":2,"name":"Boutique","item":"https:\/\/mestra.es\/fr\/boutique\/"},{"@type":"ListItem","position":3,"name":"DETOUREUSE DE MODELES"}]},{"@type":"WebSite","@id":"https:\/\/mestra.es\/fr\/#website","url":"https:\/\/mestra.es\/fr\/","name":"Talleres Mestra","description":"","publisher":{"@id":"https:\/\/mestra.es\/fr\/#organization"},"potentialAction":[{"@type":"SearchAction","target":{"@type":"EntryPoint","urlTemplate":"https:\/\/mestra.es\/fr\/?s={search_term_string}"},"query-input":{"@type":"PropertyValueSpecification","valueRequired":true,"valueName":"search_term_string"}}],"inLanguage":"fr-FR"},{"@type":"Organization","@id":"https:\/\/mestra.es\/fr\/#organization","name":"Talleres Mestra","url":"https:\/\/mestra.es\/fr\/","logo":{"@type":"ImageObject","inLanguage":"fr-FR","@id":"https:\/\/mestra.es\/fr\/#\/schema\/logo\/image\/","url":"https:\/\/mestra.es\/wp-content\/uploads\/2024\/05\/logo_mestra.png","contentUrl":"https:\/\/mestra.es\/wp-content\/uploads\/2024\/05\/logo_mestra.png","width":300,"height":170,"caption":"Talleres Mestra"},"image":{"@id":"https:\/\/mestra.es\/fr\/#\/schema\/logo\/image\/"}}]},"product_price_currency":"EUR","og_availability":"instock","product_availability":"instock","product_retailer_item_id":"080102","product_condition":"new"},"_links":{"self":[{"href":"https:\/\/mestra.es\/fr\/wp-json\/wp\/v2\/product\/12303","targetHints":{"allow":["GET"]}}],"collection":[{"href":"https:\/\/mestra.es\/fr\/wp-json\/wp\/v2\/product"}],"about":[{"href":"https:\/\/mestra.es\/fr\/wp-json\/wp\/v2\/types\/product"}],"wp:featuredmedia":[{"embeddable":true,"href":"https:\/\/mestra.es\/fr\/wp-json\/wp\/v2\/media\/15385"}],"wp:attachment":[{"href":"https:\/\/mestra.es\/fr\/wp-json\/wp\/v2\/media?parent=12303"}],"wp:term":[{"taxonomy":"product_brand","embeddable":true,"href":"https:\/\/mestra.es\/fr\/wp-json\/wp\/v2\/product_brand?post=12303"},{"taxonomy":"product_cat","embeddable":true,"href":"https:\/\/mestra.es\/fr\/wp-json\/wp\/v2\/product_cat?post=12303"},{"taxonomy":"product_tag","embeddable":true,"href":"https:\/\/mestra.es\/fr\/wp-json\/wp\/v2\/product_tag?post=12303"}],"curies":[{"name":"wp","href":"https:\/\/api.w.org\/{rel}","templated":true}]}}