{"id":12289,"date":"2024-03-11T13:38:29","date_gmt":"2024-03-11T12:38:29","guid":{"rendered":"https:\/\/mestra.es\/producto\/cortadora-de-munones\/"},"modified":"2025-03-20T16:21:52","modified_gmt":"2025-03-20T15:21:52","slug":"cortadora-de-munones","status":"publish","type":"product","link":"https:\/\/mestra.es\/fr\/producto\/cortadora-de-munones\/","title":{"rendered":"SCIE A DIES"},"content":{"rendered":"<p>Cet outil est id\u00e9al pour travailler avec la technique d\u2019individualisation<\/p>\n<p>Sa lame de diamant, d\u2019une \u00e9paisseur de seulement 0,3 mm, permet une d\u00e9coupe pr\u00e9cise d\u2019un mod\u00e8le en pl\u00e2tre et sa s\u00e9paration en moignons. La pr\u00e9cision est totale, ce qui garantit que les op\u00e9rations ult\u00e9rieures d\u2019individualisation ne poseront aucun probl\u00e8me d\u2019ajustement.<\/p>\n<p>Un accent particulier a \u00e9t\u00e9 mis sur la s\u00e9curit\u00e9 de cette machine : le disque est prot\u00e9g\u00e9 en permanence par un couvercle, le syst\u00e8me de fixation de la base porte-mod\u00e8les a une grande puissance de prise sur la table, le moteur est \u00e9quip\u00e9 de deux boutons de d\u00e9marrage qui n\u00e9cessitent l\u2019utilisation des deux mains pour \u00eatre mis en marche, \u2026 Toutes ces mesures rendent pratiquement impossible un accident, \u00e0 condition que la machine soit utilis\u00e9e en respectant les dimensions de s\u00e9curit\u00e9 pr\u00e9vues.<\/p>\n<p>De plus, ses dimensions sont r\u00e9duites et la table est tr\u00e8s pratique \u00e0 utiliser, permettant toutes sortes de rotations et d\u2019angles pour placer la coupe \u00e0 l\u2019endroit id\u00e9al.<\/p>\n<p>La ligne de design est \u00e9galement agr\u00e9able et le prix tr\u00e8s attractif.<\/p>\n","protected":false},"excerpt":{"rendered":"<p>Cet outil est id\u00e9al pour travailler avec la technique d\u2019individualisation Sa lame de diamant, d\u2019une \u00e9paisseur de seulement 0,3 mm, permet une d\u00e9coupe pr\u00e9cise d\u2019un mod\u00e8le en pl\u00e2tre et sa s\u00e9paration en moignons. La pr\u00e9cision est totale, ce qui garantit que les op\u00e9rations ult\u00e9rieures d\u2019individualisation ne poseront aucun probl\u00e8me d\u2019ajustement. Un accent particulier a \u00e9t\u00e9 [&hellip;]<\/p>\n","protected":false},"featured_media":9645,"template":"","meta":{"_acf_changed":false,"_monsterinsights_skip_tracking":false,"_monsterinsights_sitenote_active":false,"_monsterinsights_sitenote_note":"","_monsterinsights_sitenote_category":0},"product_brand":[],"product_cat":[1335],"product_tag":[],"class_list":{"0":"post-12289","1":"product","2":"type-product","3":"status-publish","4":"has-post-thumbnail","6":"product_cat-perceuse-pour-pins-machine-pour-la-decoupe-des-modeles","8":"first","9":"instock","10":"product-type-simple"},"acf":[],"yoast_head":"<!-- This site is optimized with the Yoast SEO plugin v27.2 - https:\/\/yoast.com\/product\/yoast-seo-wordpress\/ -->\n<title>Scie a dies | MESTRA<\/title>\n<meta name=\"description\" content=\"Chez MESTRA nous avons Scie a dies. Consultez notre catalogue de mat\u00e9riel dentaire et passez votre commande d\u00e8s maintenant.\" \/>\n<meta name=\"robots\" content=\"index, follow, max-snippet:-1, max-image-preview:large, max-video-preview:-1\" \/>\n<link rel=\"canonical\" href=\"https:\/\/mestra.es\/fr\/producto\/cortadora-de-munones\/\" \/>\n<meta property=\"og:locale\" content=\"fr_FR\" \/>\n<meta property=\"og:type\" content=\"article\" \/>\n<meta property=\"og:title\" content=\"Scie a dies | MESTRA\" \/>\n<meta property=\"og:description\" content=\"Chez MESTRA nous avons Scie a dies. Consultez notre catalogue de mat\u00e9riel dentaire et passez votre commande d\u00e8s maintenant.\" \/>\n<meta property=\"og:url\" content=\"https:\/\/mestra.es\/fr\/producto\/cortadora-de-munones\/\" \/>\n<meta property=\"og:site_name\" content=\"Talleres Mestra\" \/>\n<meta property=\"article:modified_time\" content=\"2025-03-20T15:21:52+00:00\" \/>\n<meta property=\"og:image\" content=\"https:\/\/mestra.es\/wp-content\/uploads\/2024\/03\/080614.jpg\" \/>\n\t<meta property=\"og:image:width\" content=\"600\" \/>\n\t<meta property=\"og:image:height\" content=\"600\" \/>\n\t<meta property=\"og:image:type\" content=\"image\/jpeg\" \/>\n<meta name=\"twitter:card\" content=\"summary_large_image\" \/>\n<meta name=\"twitter:label1\" content=\"Prix\" \/>\n\t<meta name=\"twitter:data1\" content=\"\" \/>\n\t<meta name=\"twitter:label2\" content=\"Disponibilit\u00e9\" \/>\n\t<meta name=\"twitter:data2\" content=\"En stock\" \/>\n<script type=\"application\/ld+json\" class=\"yoast-schema-graph\">{\"@context\":\"https:\/\/schema.org\",\"@graph\":[{\"@type\":\"WebPage\",\"@id\":\"https:\/\/mestra.es\/fr\/producto\/cortadora-de-munones\/\",\"url\":\"https:\/\/mestra.es\/fr\/producto\/cortadora-de-munones\/\",\"name\":\"Scie a dies | MESTRA\",\"isPartOf\":{\"@id\":\"https:\/\/mestra.es\/fr\/#website\"},\"primaryImageOfPage\":{\"@id\":\"https:\/\/mestra.es\/fr\/producto\/cortadora-de-munones\/#primaryimage\"},\"image\":{\"@id\":\"https:\/\/mestra.es\/fr\/producto\/cortadora-de-munones\/#primaryimage\"},\"thumbnailUrl\":\"https:\/\/mestra.es\/wp-content\/uploads\/2024\/03\/080614.jpg\",\"datePublished\":\"2024-03-11T12:38:29+00:00\",\"dateModified\":\"2025-03-20T15:21:52+00:00\",\"description\":\"Chez MESTRA nous avons Scie a dies. Consultez notre catalogue de mat\u00e9riel dentaire et passez votre commande d\u00e8s maintenant.\",\"breadcrumb\":{\"@id\":\"https:\/\/mestra.es\/fr\/producto\/cortadora-de-munones\/#breadcrumb\"},\"inLanguage\":\"fr-FR\",\"potentialAction\":[{\"@type\":\"ReadAction\",\"target\":[\"https:\/\/mestra.es\/fr\/producto\/cortadora-de-munones\/\"]}]},{\"@type\":\"ImageObject\",\"inLanguage\":\"fr-FR\",\"@id\":\"https:\/\/mestra.es\/fr\/producto\/cortadora-de-munones\/#primaryimage\",\"url\":\"https:\/\/mestra.es\/wp-content\/uploads\/2024\/03\/080614.jpg\",\"contentUrl\":\"https:\/\/mestra.es\/wp-content\/uploads\/2024\/03\/080614.jpg\",\"width\":600,\"height\":600,\"caption\":\"Cortadora de mu\u00f1ones\"},{\"@type\":\"BreadcrumbList\",\"@id\":\"https:\/\/mestra.es\/fr\/producto\/cortadora-de-munones\/#breadcrumb\",\"itemListElement\":[{\"@type\":\"ListItem\",\"position\":1,\"name\":\"Portada\",\"item\":\"https:\/\/mestra.es\/fr\/\"},{\"@type\":\"ListItem\",\"position\":2,\"name\":\"Boutique\",\"item\":\"https:\/\/mestra.es\/fr\/boutique\/\"},{\"@type\":\"ListItem\",\"position\":3,\"name\":\"SCIE A DIES\"}]},{\"@type\":\"WebSite\",\"@id\":\"https:\/\/mestra.es\/fr\/#website\",\"url\":\"https:\/\/mestra.es\/fr\/\",\"name\":\"Talleres Mestra\",\"description\":\"\",\"publisher\":{\"@id\":\"https:\/\/mestra.es\/fr\/#organization\"},\"potentialAction\":[{\"@type\":\"SearchAction\",\"target\":{\"@type\":\"EntryPoint\",\"urlTemplate\":\"https:\/\/mestra.es\/fr\/?s={search_term_string}\"},\"query-input\":{\"@type\":\"PropertyValueSpecification\",\"valueRequired\":true,\"valueName\":\"search_term_string\"}}],\"inLanguage\":\"fr-FR\"},{\"@type\":\"Organization\",\"@id\":\"https:\/\/mestra.es\/fr\/#organization\",\"name\":\"Talleres Mestra\",\"url\":\"https:\/\/mestra.es\/fr\/\",\"logo\":{\"@type\":\"ImageObject\",\"inLanguage\":\"fr-FR\",\"@id\":\"https:\/\/mestra.es\/fr\/#\/schema\/logo\/image\/\",\"url\":\"https:\/\/mestra.es\/wp-content\/uploads\/2024\/05\/logo_mestra.png\",\"contentUrl\":\"https:\/\/mestra.es\/wp-content\/uploads\/2024\/05\/logo_mestra.png\",\"width\":300,\"height\":170,\"caption\":\"Talleres Mestra\"},\"image\":{\"@id\":\"https:\/\/mestra.es\/fr\/#\/schema\/logo\/image\/\"}}]}<\/script>\n<meta property=\"product:price:currency\" content=\"EUR\" \/>\n<meta property=\"og:availability\" content=\"instock\" \/>\n<meta property=\"product:availability\" content=\"instock\" \/>\n<meta property=\"product:retailer_item_id\" content=\"080614\" \/>\n<meta property=\"product:condition\" content=\"new\" \/>\n<!-- \/ Yoast SEO plugin. -->","yoast_head_json":{"title":"Scie a dies | MESTRA","description":"Chez MESTRA nous avons Scie a dies. Consultez notre catalogue de mat\u00e9riel dentaire et passez votre commande d\u00e8s maintenant.","robots":{"index":"index","follow":"follow","max-snippet":"max-snippet:-1","max-image-preview":"max-image-preview:large","max-video-preview":"max-video-preview:-1"},"canonical":"https:\/\/mestra.es\/fr\/producto\/cortadora-de-munones\/","og_locale":"fr_FR","og_type":"article","og_title":"Scie a dies | MESTRA","og_description":"Chez MESTRA nous avons Scie a dies. Consultez notre catalogue de mat\u00e9riel dentaire et passez votre commande d\u00e8s maintenant.","og_url":"https:\/\/mestra.es\/fr\/producto\/cortadora-de-munones\/","og_site_name":"Talleres Mestra","article_modified_time":"2025-03-20T15:21:52+00:00","og_image":[{"width":600,"height":600,"url":"https:\/\/mestra.es\/wp-content\/uploads\/2024\/03\/080614.jpg","type":"image\/jpeg"}],"twitter_card":"summary_large_image","twitter_misc":{"Prix":"","Disponibilit\u00e9":"En stock"},"schema":{"@context":"https:\/\/schema.org","@graph":[{"@type":"WebPage","@id":"https:\/\/mestra.es\/fr\/producto\/cortadora-de-munones\/","url":"https:\/\/mestra.es\/fr\/producto\/cortadora-de-munones\/","name":"Scie a dies | MESTRA","isPartOf":{"@id":"https:\/\/mestra.es\/fr\/#website"},"primaryImageOfPage":{"@id":"https:\/\/mestra.es\/fr\/producto\/cortadora-de-munones\/#primaryimage"},"image":{"@id":"https:\/\/mestra.es\/fr\/producto\/cortadora-de-munones\/#primaryimage"},"thumbnailUrl":"https:\/\/mestra.es\/wp-content\/uploads\/2024\/03\/080614.jpg","datePublished":"2024-03-11T12:38:29+00:00","dateModified":"2025-03-20T15:21:52+00:00","description":"Chez MESTRA nous avons Scie a dies. Consultez notre catalogue de mat\u00e9riel dentaire et passez votre commande d\u00e8s maintenant.","breadcrumb":{"@id":"https:\/\/mestra.es\/fr\/producto\/cortadora-de-munones\/#breadcrumb"},"inLanguage":"fr-FR","potentialAction":[{"@type":"ReadAction","target":["https:\/\/mestra.es\/fr\/producto\/cortadora-de-munones\/"]}]},{"@type":"ImageObject","inLanguage":"fr-FR","@id":"https:\/\/mestra.es\/fr\/producto\/cortadora-de-munones\/#primaryimage","url":"https:\/\/mestra.es\/wp-content\/uploads\/2024\/03\/080614.jpg","contentUrl":"https:\/\/mestra.es\/wp-content\/uploads\/2024\/03\/080614.jpg","width":600,"height":600,"caption":"Cortadora de mu\u00f1ones"},{"@type":"BreadcrumbList","@id":"https:\/\/mestra.es\/fr\/producto\/cortadora-de-munones\/#breadcrumb","itemListElement":[{"@type":"ListItem","position":1,"name":"Portada","item":"https:\/\/mestra.es\/fr\/"},{"@type":"ListItem","position":2,"name":"Boutique","item":"https:\/\/mestra.es\/fr\/boutique\/"},{"@type":"ListItem","position":3,"name":"SCIE A DIES"}]},{"@type":"WebSite","@id":"https:\/\/mestra.es\/fr\/#website","url":"https:\/\/mestra.es\/fr\/","name":"Talleres Mestra","description":"","publisher":{"@id":"https:\/\/mestra.es\/fr\/#organization"},"potentialAction":[{"@type":"SearchAction","target":{"@type":"EntryPoint","urlTemplate":"https:\/\/mestra.es\/fr\/?s={search_term_string}"},"query-input":{"@type":"PropertyValueSpecification","valueRequired":true,"valueName":"search_term_string"}}],"inLanguage":"fr-FR"},{"@type":"Organization","@id":"https:\/\/mestra.es\/fr\/#organization","name":"Talleres Mestra","url":"https:\/\/mestra.es\/fr\/","logo":{"@type":"ImageObject","inLanguage":"fr-FR","@id":"https:\/\/mestra.es\/fr\/#\/schema\/logo\/image\/","url":"https:\/\/mestra.es\/wp-content\/uploads\/2024\/05\/logo_mestra.png","contentUrl":"https:\/\/mestra.es\/wp-content\/uploads\/2024\/05\/logo_mestra.png","width":300,"height":170,"caption":"Talleres Mestra"},"image":{"@id":"https:\/\/mestra.es\/fr\/#\/schema\/logo\/image\/"}}]},"product_price_currency":"EUR","og_availability":"instock","product_availability":"instock","product_retailer_item_id":"080614","product_condition":"new"},"_links":{"self":[{"href":"https:\/\/mestra.es\/fr\/wp-json\/wp\/v2\/product\/12289","targetHints":{"allow":["GET"]}}],"collection":[{"href":"https:\/\/mestra.es\/fr\/wp-json\/wp\/v2\/product"}],"about":[{"href":"https:\/\/mestra.es\/fr\/wp-json\/wp\/v2\/types\/product"}],"wp:featuredmedia":[{"embeddable":true,"href":"https:\/\/mestra.es\/fr\/wp-json\/wp\/v2\/media\/9645"}],"wp:attachment":[{"href":"https:\/\/mestra.es\/fr\/wp-json\/wp\/v2\/media?parent=12289"}],"wp:term":[{"taxonomy":"product_brand","embeddable":true,"href":"https:\/\/mestra.es\/fr\/wp-json\/wp\/v2\/product_brand?post=12289"},{"taxonomy":"product_cat","embeddable":true,"href":"https:\/\/mestra.es\/fr\/wp-json\/wp\/v2\/product_cat?post=12289"},{"taxonomy":"product_tag","embeddable":true,"href":"https:\/\/mestra.es\/fr\/wp-json\/wp\/v2\/product_tag?post=12289"}],"curies":[{"name":"wp","href":"https:\/\/api.w.org\/{rel}","templated":true}]}}