{"id":12283,"date":"2024-03-11T13:38:31","date_gmt":"2024-03-11T12:38:31","guid":{"rendered":"https:\/\/mestra.es\/producto\/indigrap-individualizador-de-munones-jgo-10-unid\/"},"modified":"2025-03-20T16:11:10","modified_gmt":"2025-03-20T15:11:10","slug":"indigrap-individualizador-de-munones-jgo-10-unid","status":"publish","type":"product","link":"https:\/\/mestra.es\/fr\/producto\/indigrap-individualizador-de-munones-jgo-10-unid\/","title":{"rendered":"INDIGRAP 10 UNITES"},"content":{"rendered":"<p><strong>PREPARATION DU MODELE<\/strong><\/p>\n<p>Avec un bistouri, on coupe le cavit\u00e9 palatine, le plus possible, sur le plan de la cuvette.<\/p>\n<p><strong>NETTOYAGE DU MODELE<\/strong><\/p>\n<p>Apr\u00e9s durcissement du pl\u00e2tre, enlever la plaque d\u0092expulsion (blanche) et \u00e9vacuer le surplus de pl\u00e2tre.<\/p>\n<p><strong>INDIVIDUALISATION<\/strong><\/p>\n<p>D\u00e9monter la base ; La laver pour enlever les restes de cire et de pl\u00e2tre. D\u00e9monter les bras lat\u00e9raux (noirs) qui retiennent le mod\u00e8le Sortir le mod\u00e8le de la base et la placer sur la plaque d\u0092expulsion (blanche) en la clipsant apr\u00e8s avoir enlev\u00e9 le mod\u00e8le. Ensuite individualiser les parties dont on a besoin.<\/p>\n<p>Nota: Pour \u00e9viter des erreurs d\u0092occlusion, il est tr\u00e8s important de bien nettoyer les restes de pl\u00e2tre etc., sur les pi\u00e8ces et sur le mod\u00e8le.<\/p>\n<p><strong>COULEE DE L&rsquo;EMPREINTE<\/strong><\/p>\n<p>Verser le pl\u00e2tre sur la base, puis couler l\u0092empreinte. (Travailler avec vibrateur).<\/p>\n<p><strong>ARTICULATION<\/strong><\/p>\n<p>Clipser les boutons de fixation sur la base. Placer le mod\u00e8le antagoniste (que l\u0092on peut fixer avec quelques gouttes de cire), puis faire la mise en articulateur avec un pl\u00e2tre ad\u00e9quat.<\/p>\n","protected":false},"excerpt":{"rendered":"<p>Kit de 10 unit\u00e9s<\/p>\n","protected":false},"featured_media":9479,"template":"","meta":{"_acf_changed":false,"_monsterinsights_skip_tracking":false,"_monsterinsights_sitenote_active":false,"_monsterinsights_sitenote_note":"","_monsterinsights_sitenote_category":0},"product_brand":[],"product_cat":[1336],"product_tag":[],"class_list":{"0":"post-12283","1":"product","2":"type-product","3":"status-publish","4":"has-post-thumbnail","6":"product_cat-individualisateurs","8":"first","9":"instock","10":"product-type-simple"},"acf":[],"yoast_head":"<!-- This site is optimized with the Yoast SEO plugin v27.2 - https:\/\/yoast.com\/product\/yoast-seo-wordpress\/ -->\n<title>Indigrap 10 unites | MESTRA<\/title>\n<meta name=\"description\" content=\"Chez MESTRA, nous avons Indigrap 10 unites commander en ligne.\" \/>\n<meta name=\"robots\" content=\"index, follow, max-snippet:-1, max-image-preview:large, max-video-preview:-1\" \/>\n<link rel=\"canonical\" href=\"https:\/\/mestra.es\/fr\/producto\/indigrap-individualizador-de-munones-jgo-10-unid\/\" \/>\n<meta property=\"og:locale\" content=\"fr_FR\" \/>\n<meta property=\"og:type\" content=\"article\" \/>\n<meta property=\"og:title\" content=\"Indigrap 10 unites | MESTRA\" \/>\n<meta property=\"og:description\" content=\"Chez MESTRA, nous avons Indigrap 10 unites commander en ligne.\" \/>\n<meta property=\"og:url\" content=\"https:\/\/mestra.es\/fr\/producto\/indigrap-individualizador-de-munones-jgo-10-unid\/\" \/>\n<meta property=\"og:site_name\" content=\"Talleres Mestra\" \/>\n<meta property=\"article:modified_time\" content=\"2025-03-20T15:11:10+00:00\" \/>\n<meta property=\"og:image\" content=\"https:\/\/mestra.es\/wp-content\/uploads\/2024\/03\/050340.jpg\" \/>\n\t<meta property=\"og:image:width\" content=\"600\" \/>\n\t<meta property=\"og:image:height\" content=\"600\" \/>\n\t<meta property=\"og:image:type\" content=\"image\/jpeg\" \/>\n<meta name=\"twitter:card\" content=\"summary_large_image\" \/>\n<meta name=\"twitter:label1\" content=\"Prix\" \/>\n\t<meta name=\"twitter:data1\" content=\"\" \/>\n\t<meta name=\"twitter:label2\" content=\"Disponibilit\u00e9\" \/>\n\t<meta name=\"twitter:data2\" content=\"En stock\" \/>\n<script type=\"application\/ld+json\" class=\"yoast-schema-graph\">{\"@context\":\"https:\/\/schema.org\",\"@graph\":[{\"@type\":\"WebPage\",\"@id\":\"https:\/\/mestra.es\/fr\/producto\/indigrap-individualizador-de-munones-jgo-10-unid\/\",\"url\":\"https:\/\/mestra.es\/fr\/producto\/indigrap-individualizador-de-munones-jgo-10-unid\/\",\"name\":\"Indigrap 10 unites | MESTRA\",\"isPartOf\":{\"@id\":\"https:\/\/mestra.es\/fr\/#website\"},\"primaryImageOfPage\":{\"@id\":\"https:\/\/mestra.es\/fr\/producto\/indigrap-individualizador-de-munones-jgo-10-unid\/#primaryimage\"},\"image\":{\"@id\":\"https:\/\/mestra.es\/fr\/producto\/indigrap-individualizador-de-munones-jgo-10-unid\/#primaryimage\"},\"thumbnailUrl\":\"https:\/\/mestra.es\/wp-content\/uploads\/2024\/03\/050340.jpg\",\"datePublished\":\"2024-03-11T12:38:31+00:00\",\"dateModified\":\"2025-03-20T15:11:10+00:00\",\"description\":\"Chez MESTRA, nous avons Indigrap 10 unites commander en ligne.\",\"breadcrumb\":{\"@id\":\"https:\/\/mestra.es\/fr\/producto\/indigrap-individualizador-de-munones-jgo-10-unid\/#breadcrumb\"},\"inLanguage\":\"fr-FR\",\"potentialAction\":[{\"@type\":\"ReadAction\",\"target\":[\"https:\/\/mestra.es\/fr\/producto\/indigrap-individualizador-de-munones-jgo-10-unid\/\"]}]},{\"@type\":\"ImageObject\",\"inLanguage\":\"fr-FR\",\"@id\":\"https:\/\/mestra.es\/fr\/producto\/indigrap-individualizador-de-munones-jgo-10-unid\/#primaryimage\",\"url\":\"https:\/\/mestra.es\/wp-content\/uploads\/2024\/03\/050340.jpg\",\"contentUrl\":\"https:\/\/mestra.es\/wp-content\/uploads\/2024\/03\/050340.jpg\",\"width\":600,\"height\":600,\"caption\":\"Indigrap Individualizador de mu\u00f1ones\"},{\"@type\":\"BreadcrumbList\",\"@id\":\"https:\/\/mestra.es\/fr\/producto\/indigrap-individualizador-de-munones-jgo-10-unid\/#breadcrumb\",\"itemListElement\":[{\"@type\":\"ListItem\",\"position\":1,\"name\":\"Portada\",\"item\":\"https:\/\/mestra.es\/fr\/\"},{\"@type\":\"ListItem\",\"position\":2,\"name\":\"Boutique\",\"item\":\"https:\/\/mestra.es\/fr\/boutique\/\"},{\"@type\":\"ListItem\",\"position\":3,\"name\":\"INDIGRAP 10 UNITES\"}]},{\"@type\":\"WebSite\",\"@id\":\"https:\/\/mestra.es\/fr\/#website\",\"url\":\"https:\/\/mestra.es\/fr\/\",\"name\":\"Talleres Mestra\",\"description\":\"\",\"publisher\":{\"@id\":\"https:\/\/mestra.es\/fr\/#organization\"},\"potentialAction\":[{\"@type\":\"SearchAction\",\"target\":{\"@type\":\"EntryPoint\",\"urlTemplate\":\"https:\/\/mestra.es\/fr\/?s={search_term_string}\"},\"query-input\":{\"@type\":\"PropertyValueSpecification\",\"valueRequired\":true,\"valueName\":\"search_term_string\"}}],\"inLanguage\":\"fr-FR\"},{\"@type\":\"Organization\",\"@id\":\"https:\/\/mestra.es\/fr\/#organization\",\"name\":\"Talleres Mestra\",\"url\":\"https:\/\/mestra.es\/fr\/\",\"logo\":{\"@type\":\"ImageObject\",\"inLanguage\":\"fr-FR\",\"@id\":\"https:\/\/mestra.es\/fr\/#\/schema\/logo\/image\/\",\"url\":\"https:\/\/mestra.es\/wp-content\/uploads\/2024\/05\/logo_mestra.png\",\"contentUrl\":\"https:\/\/mestra.es\/wp-content\/uploads\/2024\/05\/logo_mestra.png\",\"width\":300,\"height\":170,\"caption\":\"Talleres Mestra\"},\"image\":{\"@id\":\"https:\/\/mestra.es\/fr\/#\/schema\/logo\/image\/\"}}]}<\/script>\n<meta property=\"product:price:currency\" content=\"EUR\" \/>\n<meta property=\"og:availability\" content=\"instock\" \/>\n<meta property=\"product:availability\" content=\"instock\" \/>\n<meta property=\"product:retailer_item_id\" content=\"050340\" \/>\n<meta property=\"product:condition\" content=\"new\" \/>\n<!-- \/ Yoast SEO plugin. -->","yoast_head_json":{"title":"Indigrap 10 unites | MESTRA","description":"Chez MESTRA, nous avons Indigrap 10 unites commander en ligne.","robots":{"index":"index","follow":"follow","max-snippet":"max-snippet:-1","max-image-preview":"max-image-preview:large","max-video-preview":"max-video-preview:-1"},"canonical":"https:\/\/mestra.es\/fr\/producto\/indigrap-individualizador-de-munones-jgo-10-unid\/","og_locale":"fr_FR","og_type":"article","og_title":"Indigrap 10 unites | MESTRA","og_description":"Chez MESTRA, nous avons Indigrap 10 unites commander en ligne.","og_url":"https:\/\/mestra.es\/fr\/producto\/indigrap-individualizador-de-munones-jgo-10-unid\/","og_site_name":"Talleres Mestra","article_modified_time":"2025-03-20T15:11:10+00:00","og_image":[{"width":600,"height":600,"url":"https:\/\/mestra.es\/wp-content\/uploads\/2024\/03\/050340.jpg","type":"image\/jpeg"}],"twitter_card":"summary_large_image","twitter_misc":{"Prix":"","Disponibilit\u00e9":"En stock"},"schema":{"@context":"https:\/\/schema.org","@graph":[{"@type":"WebPage","@id":"https:\/\/mestra.es\/fr\/producto\/indigrap-individualizador-de-munones-jgo-10-unid\/","url":"https:\/\/mestra.es\/fr\/producto\/indigrap-individualizador-de-munones-jgo-10-unid\/","name":"Indigrap 10 unites | MESTRA","isPartOf":{"@id":"https:\/\/mestra.es\/fr\/#website"},"primaryImageOfPage":{"@id":"https:\/\/mestra.es\/fr\/producto\/indigrap-individualizador-de-munones-jgo-10-unid\/#primaryimage"},"image":{"@id":"https:\/\/mestra.es\/fr\/producto\/indigrap-individualizador-de-munones-jgo-10-unid\/#primaryimage"},"thumbnailUrl":"https:\/\/mestra.es\/wp-content\/uploads\/2024\/03\/050340.jpg","datePublished":"2024-03-11T12:38:31+00:00","dateModified":"2025-03-20T15:11:10+00:00","description":"Chez MESTRA, nous avons Indigrap 10 unites commander en ligne.","breadcrumb":{"@id":"https:\/\/mestra.es\/fr\/producto\/indigrap-individualizador-de-munones-jgo-10-unid\/#breadcrumb"},"inLanguage":"fr-FR","potentialAction":[{"@type":"ReadAction","target":["https:\/\/mestra.es\/fr\/producto\/indigrap-individualizador-de-munones-jgo-10-unid\/"]}]},{"@type":"ImageObject","inLanguage":"fr-FR","@id":"https:\/\/mestra.es\/fr\/producto\/indigrap-individualizador-de-munones-jgo-10-unid\/#primaryimage","url":"https:\/\/mestra.es\/wp-content\/uploads\/2024\/03\/050340.jpg","contentUrl":"https:\/\/mestra.es\/wp-content\/uploads\/2024\/03\/050340.jpg","width":600,"height":600,"caption":"Indigrap Individualizador de mu\u00f1ones"},{"@type":"BreadcrumbList","@id":"https:\/\/mestra.es\/fr\/producto\/indigrap-individualizador-de-munones-jgo-10-unid\/#breadcrumb","itemListElement":[{"@type":"ListItem","position":1,"name":"Portada","item":"https:\/\/mestra.es\/fr\/"},{"@type":"ListItem","position":2,"name":"Boutique","item":"https:\/\/mestra.es\/fr\/boutique\/"},{"@type":"ListItem","position":3,"name":"INDIGRAP 10 UNITES"}]},{"@type":"WebSite","@id":"https:\/\/mestra.es\/fr\/#website","url":"https:\/\/mestra.es\/fr\/","name":"Talleres Mestra","description":"","publisher":{"@id":"https:\/\/mestra.es\/fr\/#organization"},"potentialAction":[{"@type":"SearchAction","target":{"@type":"EntryPoint","urlTemplate":"https:\/\/mestra.es\/fr\/?s={search_term_string}"},"query-input":{"@type":"PropertyValueSpecification","valueRequired":true,"valueName":"search_term_string"}}],"inLanguage":"fr-FR"},{"@type":"Organization","@id":"https:\/\/mestra.es\/fr\/#organization","name":"Talleres Mestra","url":"https:\/\/mestra.es\/fr\/","logo":{"@type":"ImageObject","inLanguage":"fr-FR","@id":"https:\/\/mestra.es\/fr\/#\/schema\/logo\/image\/","url":"https:\/\/mestra.es\/wp-content\/uploads\/2024\/05\/logo_mestra.png","contentUrl":"https:\/\/mestra.es\/wp-content\/uploads\/2024\/05\/logo_mestra.png","width":300,"height":170,"caption":"Talleres Mestra"},"image":{"@id":"https:\/\/mestra.es\/fr\/#\/schema\/logo\/image\/"}}]},"product_price_currency":"EUR","og_availability":"instock","product_availability":"instock","product_retailer_item_id":"050340","product_condition":"new"},"_links":{"self":[{"href":"https:\/\/mestra.es\/fr\/wp-json\/wp\/v2\/product\/12283","targetHints":{"allow":["GET"]}}],"collection":[{"href":"https:\/\/mestra.es\/fr\/wp-json\/wp\/v2\/product"}],"about":[{"href":"https:\/\/mestra.es\/fr\/wp-json\/wp\/v2\/types\/product"}],"wp:featuredmedia":[{"embeddable":true,"href":"https:\/\/mestra.es\/fr\/wp-json\/wp\/v2\/media\/9479"}],"wp:attachment":[{"href":"https:\/\/mestra.es\/fr\/wp-json\/wp\/v2\/media?parent=12283"}],"wp:term":[{"taxonomy":"product_brand","embeddable":true,"href":"https:\/\/mestra.es\/fr\/wp-json\/wp\/v2\/product_brand?post=12283"},{"taxonomy":"product_cat","embeddable":true,"href":"https:\/\/mestra.es\/fr\/wp-json\/wp\/v2\/product_cat?post=12283"},{"taxonomy":"product_tag","embeddable":true,"href":"https:\/\/mestra.es\/fr\/wp-json\/wp\/v2\/product_tag?post=12283"}],"curies":[{"name":"wp","href":"https:\/\/api.w.org\/{rel}","templated":true}]}}