{"id":12269,"date":"2024-03-11T13:38:35","date_gmt":"2024-03-11T12:38:35","guid":{"rendered":"https:\/\/mestra.es\/producto\/horno-de-circonio-microondas\/"},"modified":"2026-01-16T09:54:56","modified_gmt":"2026-01-16T08:54:56","slug":"horno-de-circonio-microondas","status":"publish","type":"product","link":"https:\/\/mestra.es\/fr\/producto\/horno-de-circonio-microondas\/","title":{"rendered":"FOUR DE ZIRCONIUM &#8211; MICRO-ONDES"},"content":{"rendered":"<p>Four b\u00e9n\u00e9ficiant des apports des derni\u00e8res technologies en terme de <a href=\"https:\/\/mestra.es\/wp-content\/uploads\/2025\/03\/080114-Horno-microondas-zirconio-12-pags_2024_FR.pdf\">chauffe pour micro-ondes.<\/a><\/p>\n<p>Les secteurs industriels comme l&rsquo;a\u00e9ronautique et l&rsquo;automobile ont d\u00e9j\u00e0 bascul\u00e9 dans la technologie de chauffe par micro-ondes.<\/p>\n<p>Il pr\u00e9sente des avantages majeurs par rapport aux fours de frittage conventionnels:<\/p>\n<ul>\n<li>Le temps de sint\u00e9risation total est d&rsquo;environ 4 heures.<\/li>\n<li><strong>Temps de sint\u00e9risation jusque \u00e0 1550 \u00baC : 110 min.<\/strong><\/li>\n<li>R\u00e9frig\u00e9ration jusqu\u0092\u00e0 300 \u00baC : 130 min.<\/li>\n<\/ul>\n<p>Ces valeurs n\u0092ont rien \u00e0 voir avec celles des fours conventionnels.<\/p>\n<p><strong>POURQUOI ?<\/strong><\/p>\n<p>Contrairement aux fours conventionnels, dans lesquels la chaleur passe de l&rsquo;ext\u00e9rieur de la structure \u00e0 l\u0092int\u00e9rieur -, dans le four \u00e0 micro-ondes, la chaleur est g\u00e9n\u00e9r\u00e9e \u00e0 tous les points de la structure, de sorte que la temp\u00e9rature est atteinte de mani\u00e8re plus homog\u00e8ne. La structure sint\u00e9ris\u00e9e r\u00e9sultante est plus propre, plus r\u00e9sistante et plus pr\u00e9cise puisqu\u0092il n\u0092y a pas de tirage lors de la chauffe.<\/p>\n<p>La Zircone est un grand r\u00e9sistant thermique. Dans un four traditionnel, la chauffe doit se faire petit \u00e0 petit en respectant des palliers afin que la temp\u00e9rature soit r\u00e9partie uniform\u00e9ment dans toute la proth\u00e8se. D&rsquo;o\u00f9 la longue dur\u00e9e des programmes de frittage.<\/p>\n<ul>\n<li>Excellentes \u00e9conomies de maintenance gr\u00e2ce \u00e0 une puissance r\u00e9duite, moins de composants et une taille plus petite.<\/li>\n<li>Pas de r\u00e9sistances fragiles et co\u00fbteuses en silicate de molybd\u00e8ne qui peuvent contaminer la zircone.<\/li>\n<li>Tr\u00e8s faible consommation : environ 800\/1100 W pendant pratiquement tout le cycle.<\/li>\n<li>Possibilit\u00e9 de r\u00e9aliser plusieurs cycles de production le m\u00eame jour. La capacit\u00e9 de production augmente consid\u00e9rablement et l\u0092on n\u0092h\u00e9sitera pas \u00e0 envoyer un programme pour quelques \u00e9l\u00e9ments urgents.<\/li>\n<li>Extr\u00eamement facile \u00e0 utiliser : appuyez sur un bouton et vous avez termin\u00e9.<\/li>\n<li>Beaucoup plus petit que les fours conventionnels : il trouve sa place dans n\u0092importe quel coin du laboratoire.<\/li>\n<li>Il ne d\u00e9gage pratiquement pas de chaleur, ce qui est appr\u00e9ci\u00e9 pendant l\u0092\u00e9t\u00e9 dans des pi\u00e8ces ferm\u00e9es.<\/li>\n<\/ul>\n","protected":false},"excerpt":{"rendered":"<p>Four b\u00e9n\u00e9ficiant des apports des derni\u00e8res technologies en terme de chauffe pour micro-ondes. Les secteurs industriels comme l&rsquo;a\u00e9ronautique et l&rsquo;automobile ont d\u00e9j\u00e0 bascul\u00e9 dans la technologie de chauffe par micro-ondes. Il pr\u00e9sente des avantages majeurs par rapport aux fours de frittage conventionnels: Le temps de sint\u00e9risation total est d&rsquo;environ 4 heures. Temps de sint\u00e9risation jusque [&hellip;]<\/p>\n","protected":false},"featured_media":9569,"template":"","meta":{"_acf_changed":false,"_monsterinsights_skip_tracking":false,"_monsterinsights_sitenote_active":false,"_monsterinsights_sitenote_note":"","_monsterinsights_sitenote_category":0},"product_brand":[],"product_cat":[1285],"product_tag":[],"class_list":{"0":"post-12269","1":"product","2":"type-product","3":"status-publish","4":"has-post-thumbnail","6":"product_cat-machines-fr-2","8":"first","9":"instock","10":"product-type-simple"},"acf":[],"yoast_head":"<!-- This site is optimized with the Yoast SEO plugin v27.2 - https:\/\/yoast.com\/product\/yoast-seo-wordpress\/ -->\n<title>Four de zirconium micro-ondes | MESTRA<\/title>\n<meta name=\"description\" content=\"Chez MESTRA nous avons four de zirconium micro-ondes. Consultez notre catalogue de mat\u00e9riel dentaire et passez votre commande d\u00e8s maintenant.\" \/>\n<meta name=\"robots\" content=\"index, follow, max-snippet:-1, max-image-preview:large, max-video-preview:-1\" \/>\n<link rel=\"canonical\" href=\"https:\/\/mestra.es\/fr\/producto\/horno-de-circonio-microondas\/\" \/>\n<meta property=\"og:locale\" content=\"fr_FR\" \/>\n<meta property=\"og:type\" content=\"article\" \/>\n<meta property=\"og:title\" content=\"Four de zirconium micro-ondes | MESTRA\" \/>\n<meta property=\"og:description\" content=\"Chez MESTRA nous avons four de zirconium micro-ondes. Consultez notre catalogue de mat\u00e9riel dentaire et passez votre commande d\u00e8s maintenant.\" \/>\n<meta property=\"og:url\" content=\"https:\/\/mestra.es\/fr\/producto\/horno-de-circonio-microondas\/\" \/>\n<meta property=\"og:site_name\" content=\"Talleres Mestra\" \/>\n<meta property=\"article:modified_time\" content=\"2026-01-16T08:54:56+00:00\" \/>\n<meta property=\"og:image\" content=\"https:\/\/mestra.es\/wp-content\/uploads\/2024\/03\/080114-.jpg\" \/>\n\t<meta property=\"og:image:width\" content=\"600\" \/>\n\t<meta property=\"og:image:height\" content=\"600\" \/>\n\t<meta property=\"og:image:type\" content=\"image\/jpeg\" \/>\n<meta name=\"twitter:card\" content=\"summary_large_image\" \/>\n<meta name=\"twitter:label1\" content=\"Prix\" \/>\n\t<meta name=\"twitter:data1\" content=\"\" \/>\n\t<meta name=\"twitter:label2\" content=\"Disponibilit\u00e9\" \/>\n\t<meta name=\"twitter:data2\" content=\"En stock\" \/>\n<script type=\"application\/ld+json\" class=\"yoast-schema-graph\">{\"@context\":\"https:\/\/schema.org\",\"@graph\":[{\"@type\":\"WebPage\",\"@id\":\"https:\/\/mestra.es\/fr\/producto\/horno-de-circonio-microondas\/\",\"url\":\"https:\/\/mestra.es\/fr\/producto\/horno-de-circonio-microondas\/\",\"name\":\"Four de zirconium micro-ondes | MESTRA\",\"isPartOf\":{\"@id\":\"https:\/\/mestra.es\/fr\/#website\"},\"primaryImageOfPage\":{\"@id\":\"https:\/\/mestra.es\/fr\/producto\/horno-de-circonio-microondas\/#primaryimage\"},\"image\":{\"@id\":\"https:\/\/mestra.es\/fr\/producto\/horno-de-circonio-microondas\/#primaryimage\"},\"thumbnailUrl\":\"https:\/\/mestra.es\/wp-content\/uploads\/2024\/03\/080114-.jpg\",\"datePublished\":\"2024-03-11T12:38:35+00:00\",\"dateModified\":\"2026-01-16T08:54:56+00:00\",\"description\":\"Chez MESTRA nous avons four de zirconium micro-ondes. Consultez notre catalogue de mat\u00e9riel dentaire et passez votre commande d\u00e8s maintenant.\",\"breadcrumb\":{\"@id\":\"https:\/\/mestra.es\/fr\/producto\/horno-de-circonio-microondas\/#breadcrumb\"},\"inLanguage\":\"fr-FR\",\"potentialAction\":[{\"@type\":\"ReadAction\",\"target\":[\"https:\/\/mestra.es\/fr\/producto\/horno-de-circonio-microondas\/\"]}]},{\"@type\":\"ImageObject\",\"inLanguage\":\"fr-FR\",\"@id\":\"https:\/\/mestra.es\/fr\/producto\/horno-de-circonio-microondas\/#primaryimage\",\"url\":\"https:\/\/mestra.es\/wp-content\/uploads\/2024\/03\/080114-.jpg\",\"contentUrl\":\"https:\/\/mestra.es\/wp-content\/uploads\/2024\/03\/080114-.jpg\",\"width\":600,\"height\":600,\"caption\":\"Horno microondas para circonio\"},{\"@type\":\"BreadcrumbList\",\"@id\":\"https:\/\/mestra.es\/fr\/producto\/horno-de-circonio-microondas\/#breadcrumb\",\"itemListElement\":[{\"@type\":\"ListItem\",\"position\":1,\"name\":\"Portada\",\"item\":\"https:\/\/mestra.es\/fr\/\"},{\"@type\":\"ListItem\",\"position\":2,\"name\":\"Boutique\",\"item\":\"https:\/\/mestra.es\/fr\/boutique\/\"},{\"@type\":\"ListItem\",\"position\":3,\"name\":\"FOUR DE ZIRCONIUM &#8211; MICRO-ONDES\"}]},{\"@type\":\"WebSite\",\"@id\":\"https:\/\/mestra.es\/fr\/#website\",\"url\":\"https:\/\/mestra.es\/fr\/\",\"name\":\"Talleres Mestra\",\"description\":\"\",\"publisher\":{\"@id\":\"https:\/\/mestra.es\/fr\/#organization\"},\"potentialAction\":[{\"@type\":\"SearchAction\",\"target\":{\"@type\":\"EntryPoint\",\"urlTemplate\":\"https:\/\/mestra.es\/fr\/?s={search_term_string}\"},\"query-input\":{\"@type\":\"PropertyValueSpecification\",\"valueRequired\":true,\"valueName\":\"search_term_string\"}}],\"inLanguage\":\"fr-FR\"},{\"@type\":\"Organization\",\"@id\":\"https:\/\/mestra.es\/fr\/#organization\",\"name\":\"Talleres Mestra\",\"url\":\"https:\/\/mestra.es\/fr\/\",\"logo\":{\"@type\":\"ImageObject\",\"inLanguage\":\"fr-FR\",\"@id\":\"https:\/\/mestra.es\/fr\/#\/schema\/logo\/image\/\",\"url\":\"https:\/\/mestra.es\/wp-content\/uploads\/2024\/05\/logo_mestra.png\",\"contentUrl\":\"https:\/\/mestra.es\/wp-content\/uploads\/2024\/05\/logo_mestra.png\",\"width\":300,\"height\":170,\"caption\":\"Talleres Mestra\"},\"image\":{\"@id\":\"https:\/\/mestra.es\/fr\/#\/schema\/logo\/image\/\"}}]}<\/script>\n<meta property=\"product:price:currency\" content=\"EUR\" \/>\n<meta property=\"og:availability\" content=\"instock\" \/>\n<meta property=\"product:availability\" content=\"instock\" \/>\n<meta property=\"product:retailer_item_id\" content=\"080114\" \/>\n<meta property=\"product:condition\" content=\"new\" \/>\n<!-- \/ Yoast SEO plugin. -->","yoast_head_json":{"title":"Four de zirconium micro-ondes | MESTRA","description":"Chez MESTRA nous avons four de zirconium micro-ondes. Consultez notre catalogue de mat\u00e9riel dentaire et passez votre commande d\u00e8s maintenant.","robots":{"index":"index","follow":"follow","max-snippet":"max-snippet:-1","max-image-preview":"max-image-preview:large","max-video-preview":"max-video-preview:-1"},"canonical":"https:\/\/mestra.es\/fr\/producto\/horno-de-circonio-microondas\/","og_locale":"fr_FR","og_type":"article","og_title":"Four de zirconium micro-ondes | MESTRA","og_description":"Chez MESTRA nous avons four de zirconium micro-ondes. Consultez notre catalogue de mat\u00e9riel dentaire et passez votre commande d\u00e8s maintenant.","og_url":"https:\/\/mestra.es\/fr\/producto\/horno-de-circonio-microondas\/","og_site_name":"Talleres Mestra","article_modified_time":"2026-01-16T08:54:56+00:00","og_image":[{"width":600,"height":600,"url":"https:\/\/mestra.es\/wp-content\/uploads\/2024\/03\/080114-.jpg","type":"image\/jpeg"}],"twitter_card":"summary_large_image","twitter_misc":{"Prix":"","Disponibilit\u00e9":"En stock"},"schema":{"@context":"https:\/\/schema.org","@graph":[{"@type":"WebPage","@id":"https:\/\/mestra.es\/fr\/producto\/horno-de-circonio-microondas\/","url":"https:\/\/mestra.es\/fr\/producto\/horno-de-circonio-microondas\/","name":"Four de zirconium micro-ondes | MESTRA","isPartOf":{"@id":"https:\/\/mestra.es\/fr\/#website"},"primaryImageOfPage":{"@id":"https:\/\/mestra.es\/fr\/producto\/horno-de-circonio-microondas\/#primaryimage"},"image":{"@id":"https:\/\/mestra.es\/fr\/producto\/horno-de-circonio-microondas\/#primaryimage"},"thumbnailUrl":"https:\/\/mestra.es\/wp-content\/uploads\/2024\/03\/080114-.jpg","datePublished":"2024-03-11T12:38:35+00:00","dateModified":"2026-01-16T08:54:56+00:00","description":"Chez MESTRA nous avons four de zirconium micro-ondes. Consultez notre catalogue de mat\u00e9riel dentaire et passez votre commande d\u00e8s maintenant.","breadcrumb":{"@id":"https:\/\/mestra.es\/fr\/producto\/horno-de-circonio-microondas\/#breadcrumb"},"inLanguage":"fr-FR","potentialAction":[{"@type":"ReadAction","target":["https:\/\/mestra.es\/fr\/producto\/horno-de-circonio-microondas\/"]}]},{"@type":"ImageObject","inLanguage":"fr-FR","@id":"https:\/\/mestra.es\/fr\/producto\/horno-de-circonio-microondas\/#primaryimage","url":"https:\/\/mestra.es\/wp-content\/uploads\/2024\/03\/080114-.jpg","contentUrl":"https:\/\/mestra.es\/wp-content\/uploads\/2024\/03\/080114-.jpg","width":600,"height":600,"caption":"Horno microondas para circonio"},{"@type":"BreadcrumbList","@id":"https:\/\/mestra.es\/fr\/producto\/horno-de-circonio-microondas\/#breadcrumb","itemListElement":[{"@type":"ListItem","position":1,"name":"Portada","item":"https:\/\/mestra.es\/fr\/"},{"@type":"ListItem","position":2,"name":"Boutique","item":"https:\/\/mestra.es\/fr\/boutique\/"},{"@type":"ListItem","position":3,"name":"FOUR DE ZIRCONIUM &#8211; MICRO-ONDES"}]},{"@type":"WebSite","@id":"https:\/\/mestra.es\/fr\/#website","url":"https:\/\/mestra.es\/fr\/","name":"Talleres Mestra","description":"","publisher":{"@id":"https:\/\/mestra.es\/fr\/#organization"},"potentialAction":[{"@type":"SearchAction","target":{"@type":"EntryPoint","urlTemplate":"https:\/\/mestra.es\/fr\/?s={search_term_string}"},"query-input":{"@type":"PropertyValueSpecification","valueRequired":true,"valueName":"search_term_string"}}],"inLanguage":"fr-FR"},{"@type":"Organization","@id":"https:\/\/mestra.es\/fr\/#organization","name":"Talleres Mestra","url":"https:\/\/mestra.es\/fr\/","logo":{"@type":"ImageObject","inLanguage":"fr-FR","@id":"https:\/\/mestra.es\/fr\/#\/schema\/logo\/image\/","url":"https:\/\/mestra.es\/wp-content\/uploads\/2024\/05\/logo_mestra.png","contentUrl":"https:\/\/mestra.es\/wp-content\/uploads\/2024\/05\/logo_mestra.png","width":300,"height":170,"caption":"Talleres Mestra"},"image":{"@id":"https:\/\/mestra.es\/fr\/#\/schema\/logo\/image\/"}}]},"product_price_currency":"EUR","og_availability":"instock","product_availability":"instock","product_retailer_item_id":"080114","product_condition":"new"},"_links":{"self":[{"href":"https:\/\/mestra.es\/fr\/wp-json\/wp\/v2\/product\/12269","targetHints":{"allow":["GET"]}}],"collection":[{"href":"https:\/\/mestra.es\/fr\/wp-json\/wp\/v2\/product"}],"about":[{"href":"https:\/\/mestra.es\/fr\/wp-json\/wp\/v2\/types\/product"}],"wp:featuredmedia":[{"embeddable":true,"href":"https:\/\/mestra.es\/fr\/wp-json\/wp\/v2\/media\/9569"}],"wp:attachment":[{"href":"https:\/\/mestra.es\/fr\/wp-json\/wp\/v2\/media?parent=12269"}],"wp:term":[{"taxonomy":"product_brand","embeddable":true,"href":"https:\/\/mestra.es\/fr\/wp-json\/wp\/v2\/product_brand?post=12269"},{"taxonomy":"product_cat","embeddable":true,"href":"https:\/\/mestra.es\/fr\/wp-json\/wp\/v2\/product_cat?post=12269"},{"taxonomy":"product_tag","embeddable":true,"href":"https:\/\/mestra.es\/fr\/wp-json\/wp\/v2\/product_tag?post=12269"}],"curies":[{"name":"wp","href":"https:\/\/api.w.org\/{rel}","templated":true}]}}