{"id":12267,"date":"2024-03-11T13:38:35","date_gmt":"2024-03-11T12:38:35","guid":{"rendered":"https:\/\/mestra.es\/producto\/lampara-para-secado-de-circonio-for-infrarrojos-275-w\/"},"modified":"2025-03-27T16:46:57","modified_gmt":"2025-03-27T15:46:57","slug":"lampara-para-secado-de-circonio-for-infrarrojos-275-w","status":"publish","type":"product","link":"https:\/\/mestra.es\/fr\/producto\/lampara-para-secado-de-circonio-for-infrarrojos-275-w\/","title":{"rendered":"LAMPE INFRAROUGE POUR LE SECHAGE DE CIRCONIUM &#8211; 275 W"},"content":{"rendered":"<p>La lampe \u00e0 polym\u00e9riser Mestra zircone est une lampe infrarouge \u00e0 rayonnement thermique. Il est utilis\u00e9 pour s\u00e9cher les structures en zircone apr\u00e8s immersion dans le liquide colorant, afin d&rsquo;\u00e9viter la corrosion des r\u00e9sistances du four de frittage due \u00e0 l&rsquo;acide contenu dans le liquide. Le temps de s\u00e9chage des structures d\u00e9pend du type de structure.<\/p>\n<p>Pour les ponts comportant jusqu&rsquo;\u00e0 5 \u00e9l\u00e9ments, un temps de s\u00e9chage de 45 minutes est recommand\u00e9. Pour les ponts de plus de 5 \u00e9l\u00e9ments, 90 minutes. Lampe en aluminium. Il est conseill\u00e9 de garder la lampe \u00e0 45-53 cm du mat\u00e9riau.<\/p>\n","protected":false},"excerpt":{"rendered":"<p>Lampe infrarouge pour le sechage de circonium.<\/p>\n","protected":false},"featured_media":9667,"template":"","meta":{"_acf_changed":false,"_monsterinsights_skip_tracking":false,"_monsterinsights_sitenote_active":false,"_monsterinsights_sitenote_note":"","_monsterinsights_sitenote_category":0},"product_brand":[],"product_cat":[1285],"product_tag":[],"class_list":{"0":"post-12267","1":"product","2":"type-product","3":"status-publish","4":"has-post-thumbnail","6":"product_cat-machines-fr-2","8":"first","9":"instock","10":"product-type-simple"},"acf":[],"yoast_head":"<!-- This site is optimized with the Yoast SEO plugin v27.2 - https:\/\/yoast.com\/product\/yoast-seo-wordpress\/ -->\n<title>Lampe infrarouge pour le sechage de circonium - 275 w | MESTRA<\/title>\n<meta name=\"description\" content=\"Chez MESTRA nous avons lampe infrarouge pour le sechage de circonium. Consultez notre catalogue de mat\u00e9riel dentaire et passez votre commande d\u00e8s maintenant.\" \/>\n<meta name=\"robots\" content=\"index, follow, max-snippet:-1, max-image-preview:large, max-video-preview:-1\" \/>\n<link rel=\"canonical\" href=\"https:\/\/mestra.es\/fr\/producto\/lampara-para-secado-de-circonio-for-infrarrojos-275-w\/\" \/>\n<meta property=\"og:locale\" content=\"fr_FR\" \/>\n<meta property=\"og:type\" content=\"article\" \/>\n<meta property=\"og:title\" content=\"Lampe infrarouge pour le sechage de circonium - 275 w | MESTRA\" \/>\n<meta property=\"og:description\" content=\"Chez MESTRA nous avons lampe infrarouge pour le sechage de circonium. Consultez notre catalogue de mat\u00e9riel dentaire et passez votre commande d\u00e8s maintenant.\" \/>\n<meta property=\"og:url\" content=\"https:\/\/mestra.es\/fr\/producto\/lampara-para-secado-de-circonio-for-infrarrojos-275-w\/\" \/>\n<meta property=\"og:site_name\" content=\"Talleres Mestra\" \/>\n<meta property=\"article:modified_time\" content=\"2025-03-27T15:46:57+00:00\" \/>\n<meta property=\"og:image\" content=\"https:\/\/mestra.es\/wp-content\/uploads\/2024\/03\/100030-.jpg\" \/>\n\t<meta property=\"og:image:width\" content=\"1000\" \/>\n\t<meta property=\"og:image:height\" content=\"1000\" \/>\n\t<meta property=\"og:image:type\" content=\"image\/jpeg\" \/>\n<meta name=\"twitter:card\" content=\"summary_large_image\" \/>\n<meta name=\"twitter:label1\" content=\"Prix\" \/>\n\t<meta name=\"twitter:data1\" content=\"\" \/>\n\t<meta name=\"twitter:label2\" content=\"Disponibilit\u00e9\" \/>\n\t<meta name=\"twitter:data2\" content=\"En stock\" \/>\n<script type=\"application\/ld+json\" class=\"yoast-schema-graph\">{\"@context\":\"https:\/\/schema.org\",\"@graph\":[{\"@type\":\"WebPage\",\"@id\":\"https:\/\/mestra.es\/fr\/producto\/lampara-para-secado-de-circonio-for-infrarrojos-275-w\/\",\"url\":\"https:\/\/mestra.es\/fr\/producto\/lampara-para-secado-de-circonio-for-infrarrojos-275-w\/\",\"name\":\"Lampe infrarouge pour le sechage de circonium - 275 w | MESTRA\",\"isPartOf\":{\"@id\":\"https:\/\/mestra.es\/fr\/#website\"},\"primaryImageOfPage\":{\"@id\":\"https:\/\/mestra.es\/fr\/producto\/lampara-para-secado-de-circonio-for-infrarrojos-275-w\/#primaryimage\"},\"image\":{\"@id\":\"https:\/\/mestra.es\/fr\/producto\/lampara-para-secado-de-circonio-for-infrarrojos-275-w\/#primaryimage\"},\"thumbnailUrl\":\"https:\/\/mestra.es\/wp-content\/uploads\/2024\/03\/100030-.jpg\",\"datePublished\":\"2024-03-11T12:38:35+00:00\",\"dateModified\":\"2025-03-27T15:46:57+00:00\",\"description\":\"Chez MESTRA nous avons lampe infrarouge pour le sechage de circonium. Consultez notre catalogue de mat\u00e9riel dentaire et passez votre commande d\u00e8s maintenant.\",\"breadcrumb\":{\"@id\":\"https:\/\/mestra.es\/fr\/producto\/lampara-para-secado-de-circonio-for-infrarrojos-275-w\/#breadcrumb\"},\"inLanguage\":\"fr-FR\",\"potentialAction\":[{\"@type\":\"ReadAction\",\"target\":[\"https:\/\/mestra.es\/fr\/producto\/lampara-para-secado-de-circonio-for-infrarrojos-275-w\/\"]}]},{\"@type\":\"ImageObject\",\"inLanguage\":\"fr-FR\",\"@id\":\"https:\/\/mestra.es\/fr\/producto\/lampara-para-secado-de-circonio-for-infrarrojos-275-w\/#primaryimage\",\"url\":\"https:\/\/mestra.es\/wp-content\/uploads\/2024\/03\/100030-.jpg\",\"contentUrl\":\"https:\/\/mestra.es\/wp-content\/uploads\/2024\/03\/100030-.jpg\",\"width\":1000,\"height\":1000,\"caption\":\"L\u00e1mpara para secado de circonio por infrarrojos\"},{\"@type\":\"BreadcrumbList\",\"@id\":\"https:\/\/mestra.es\/fr\/producto\/lampara-para-secado-de-circonio-for-infrarrojos-275-w\/#breadcrumb\",\"itemListElement\":[{\"@type\":\"ListItem\",\"position\":1,\"name\":\"Portada\",\"item\":\"https:\/\/mestra.es\/fr\/\"},{\"@type\":\"ListItem\",\"position\":2,\"name\":\"Boutique\",\"item\":\"https:\/\/mestra.es\/fr\/boutique\/\"},{\"@type\":\"ListItem\",\"position\":3,\"name\":\"LAMPE INFRAROUGE POUR LE SECHAGE DE CIRCONIUM &#8211; 275 W\"}]},{\"@type\":\"WebSite\",\"@id\":\"https:\/\/mestra.es\/fr\/#website\",\"url\":\"https:\/\/mestra.es\/fr\/\",\"name\":\"Talleres Mestra\",\"description\":\"\",\"publisher\":{\"@id\":\"https:\/\/mestra.es\/fr\/#organization\"},\"potentialAction\":[{\"@type\":\"SearchAction\",\"target\":{\"@type\":\"EntryPoint\",\"urlTemplate\":\"https:\/\/mestra.es\/fr\/?s={search_term_string}\"},\"query-input\":{\"@type\":\"PropertyValueSpecification\",\"valueRequired\":true,\"valueName\":\"search_term_string\"}}],\"inLanguage\":\"fr-FR\"},{\"@type\":\"Organization\",\"@id\":\"https:\/\/mestra.es\/fr\/#organization\",\"name\":\"Talleres Mestra\",\"url\":\"https:\/\/mestra.es\/fr\/\",\"logo\":{\"@type\":\"ImageObject\",\"inLanguage\":\"fr-FR\",\"@id\":\"https:\/\/mestra.es\/fr\/#\/schema\/logo\/image\/\",\"url\":\"https:\/\/mestra.es\/wp-content\/uploads\/2024\/05\/logo_mestra.png\",\"contentUrl\":\"https:\/\/mestra.es\/wp-content\/uploads\/2024\/05\/logo_mestra.png\",\"width\":300,\"height\":170,\"caption\":\"Talleres Mestra\"},\"image\":{\"@id\":\"https:\/\/mestra.es\/fr\/#\/schema\/logo\/image\/\"}}]}<\/script>\n<meta property=\"product:price:currency\" content=\"EUR\" \/>\n<meta property=\"og:availability\" content=\"instock\" \/>\n<meta property=\"product:availability\" content=\"instock\" \/>\n<meta property=\"product:retailer_item_id\" content=\"100030\" \/>\n<meta property=\"product:condition\" content=\"new\" \/>\n<!-- \/ Yoast SEO plugin. -->","yoast_head_json":{"title":"Lampe infrarouge pour le sechage de circonium - 275 w | MESTRA","description":"Chez MESTRA nous avons lampe infrarouge pour le sechage de circonium. Consultez notre catalogue de mat\u00e9riel dentaire et passez votre commande d\u00e8s maintenant.","robots":{"index":"index","follow":"follow","max-snippet":"max-snippet:-1","max-image-preview":"max-image-preview:large","max-video-preview":"max-video-preview:-1"},"canonical":"https:\/\/mestra.es\/fr\/producto\/lampara-para-secado-de-circonio-for-infrarrojos-275-w\/","og_locale":"fr_FR","og_type":"article","og_title":"Lampe infrarouge pour le sechage de circonium - 275 w | MESTRA","og_description":"Chez MESTRA nous avons lampe infrarouge pour le sechage de circonium. Consultez notre catalogue de mat\u00e9riel dentaire et passez votre commande d\u00e8s maintenant.","og_url":"https:\/\/mestra.es\/fr\/producto\/lampara-para-secado-de-circonio-for-infrarrojos-275-w\/","og_site_name":"Talleres Mestra","article_modified_time":"2025-03-27T15:46:57+00:00","og_image":[{"width":1000,"height":1000,"url":"https:\/\/mestra.es\/wp-content\/uploads\/2024\/03\/100030-.jpg","type":"image\/jpeg"}],"twitter_card":"summary_large_image","twitter_misc":{"Prix":"","Disponibilit\u00e9":"En stock"},"schema":{"@context":"https:\/\/schema.org","@graph":[{"@type":"WebPage","@id":"https:\/\/mestra.es\/fr\/producto\/lampara-para-secado-de-circonio-for-infrarrojos-275-w\/","url":"https:\/\/mestra.es\/fr\/producto\/lampara-para-secado-de-circonio-for-infrarrojos-275-w\/","name":"Lampe infrarouge pour le sechage de circonium - 275 w | MESTRA","isPartOf":{"@id":"https:\/\/mestra.es\/fr\/#website"},"primaryImageOfPage":{"@id":"https:\/\/mestra.es\/fr\/producto\/lampara-para-secado-de-circonio-for-infrarrojos-275-w\/#primaryimage"},"image":{"@id":"https:\/\/mestra.es\/fr\/producto\/lampara-para-secado-de-circonio-for-infrarrojos-275-w\/#primaryimage"},"thumbnailUrl":"https:\/\/mestra.es\/wp-content\/uploads\/2024\/03\/100030-.jpg","datePublished":"2024-03-11T12:38:35+00:00","dateModified":"2025-03-27T15:46:57+00:00","description":"Chez MESTRA nous avons lampe infrarouge pour le sechage de circonium. Consultez notre catalogue de mat\u00e9riel dentaire et passez votre commande d\u00e8s maintenant.","breadcrumb":{"@id":"https:\/\/mestra.es\/fr\/producto\/lampara-para-secado-de-circonio-for-infrarrojos-275-w\/#breadcrumb"},"inLanguage":"fr-FR","potentialAction":[{"@type":"ReadAction","target":["https:\/\/mestra.es\/fr\/producto\/lampara-para-secado-de-circonio-for-infrarrojos-275-w\/"]}]},{"@type":"ImageObject","inLanguage":"fr-FR","@id":"https:\/\/mestra.es\/fr\/producto\/lampara-para-secado-de-circonio-for-infrarrojos-275-w\/#primaryimage","url":"https:\/\/mestra.es\/wp-content\/uploads\/2024\/03\/100030-.jpg","contentUrl":"https:\/\/mestra.es\/wp-content\/uploads\/2024\/03\/100030-.jpg","width":1000,"height":1000,"caption":"L\u00e1mpara para secado de circonio por infrarrojos"},{"@type":"BreadcrumbList","@id":"https:\/\/mestra.es\/fr\/producto\/lampara-para-secado-de-circonio-for-infrarrojos-275-w\/#breadcrumb","itemListElement":[{"@type":"ListItem","position":1,"name":"Portada","item":"https:\/\/mestra.es\/fr\/"},{"@type":"ListItem","position":2,"name":"Boutique","item":"https:\/\/mestra.es\/fr\/boutique\/"},{"@type":"ListItem","position":3,"name":"LAMPE INFRAROUGE POUR LE SECHAGE DE CIRCONIUM &#8211; 275 W"}]},{"@type":"WebSite","@id":"https:\/\/mestra.es\/fr\/#website","url":"https:\/\/mestra.es\/fr\/","name":"Talleres Mestra","description":"","publisher":{"@id":"https:\/\/mestra.es\/fr\/#organization"},"potentialAction":[{"@type":"SearchAction","target":{"@type":"EntryPoint","urlTemplate":"https:\/\/mestra.es\/fr\/?s={search_term_string}"},"query-input":{"@type":"PropertyValueSpecification","valueRequired":true,"valueName":"search_term_string"}}],"inLanguage":"fr-FR"},{"@type":"Organization","@id":"https:\/\/mestra.es\/fr\/#organization","name":"Talleres Mestra","url":"https:\/\/mestra.es\/fr\/","logo":{"@type":"ImageObject","inLanguage":"fr-FR","@id":"https:\/\/mestra.es\/fr\/#\/schema\/logo\/image\/","url":"https:\/\/mestra.es\/wp-content\/uploads\/2024\/05\/logo_mestra.png","contentUrl":"https:\/\/mestra.es\/wp-content\/uploads\/2024\/05\/logo_mestra.png","width":300,"height":170,"caption":"Talleres Mestra"},"image":{"@id":"https:\/\/mestra.es\/fr\/#\/schema\/logo\/image\/"}}]},"product_price_currency":"EUR","og_availability":"instock","product_availability":"instock","product_retailer_item_id":"100030","product_condition":"new"},"_links":{"self":[{"href":"https:\/\/mestra.es\/fr\/wp-json\/wp\/v2\/product\/12267","targetHints":{"allow":["GET"]}}],"collection":[{"href":"https:\/\/mestra.es\/fr\/wp-json\/wp\/v2\/product"}],"about":[{"href":"https:\/\/mestra.es\/fr\/wp-json\/wp\/v2\/types\/product"}],"wp:featuredmedia":[{"embeddable":true,"href":"https:\/\/mestra.es\/fr\/wp-json\/wp\/v2\/media\/9667"}],"wp:attachment":[{"href":"https:\/\/mestra.es\/fr\/wp-json\/wp\/v2\/media?parent=12267"}],"wp:term":[{"taxonomy":"product_brand","embeddable":true,"href":"https:\/\/mestra.es\/fr\/wp-json\/wp\/v2\/product_brand?post=12267"},{"taxonomy":"product_cat","embeddable":true,"href":"https:\/\/mestra.es\/fr\/wp-json\/wp\/v2\/product_cat?post=12267"},{"taxonomy":"product_tag","embeddable":true,"href":"https:\/\/mestra.es\/fr\/wp-json\/wp\/v2\/product_tag?post=12267"}],"curies":[{"name":"wp","href":"https:\/\/api.w.org\/{rel}","templated":true}]}}