{"id":12255,"date":"2024-03-11T13:38:38","date_gmt":"2024-03-11T12:38:38","guid":{"rendered":"https:\/\/mestra.es\/producto\/pistola-dispensadora-de-silicona-reforzada\/"},"modified":"2025-03-17T16:42:27","modified_gmt":"2025-03-17T15:42:27","slug":"pistola-dispensadora-de-silicona-reforzada","status":"publish","type":"product","link":"https:\/\/mestra.es\/fr\/producto\/pistola-dispensadora-de-silicona-reforzada\/","title":{"rendered":"PISTOLET DISTRIBUTEUR DE SILICONE (RENFORCEE)"},"content":{"rendered":"<ul>\n<li>Designs ergonomique dot\u00e9 d\u0092un m\u00e9canisme qui \u00e9vite des obturations.<\/li>\n<li>La forme et la position de la gachette r\u00e9duisent l\u0092effort dans la pouss\u00e9e et r\u00e9gule la distribution de mani\u00e8re douce et agr\u00e9able.<\/li>\n<li>L&rsquo;op\u00e9ration de placement ou de replacement de cartouche est aussi tr\u00e8s facile.<\/li>\n<li>Pour cartouches de 50 ml<\/li>\n<\/ul>\n","protected":false},"excerpt":{"rendered":"<p>Designs ergonomique dot\u00e9 d\u0092un m\u00e9canisme qui \u00e9vite des obturations. La forme et la position de la gachette r\u00e9duisent l\u0092effort dans la pouss\u00e9e et r\u00e9gule la distribution de mani\u00e8re douce et agr\u00e9able. L&rsquo;op\u00e9ration de placement ou de replacement de cartouche est aussi tr\u00e8s facile. Pour cartouches de 50 ml<\/p>\n","protected":false},"featured_media":9713,"template":"","meta":{"_acf_changed":false,"_monsterinsights_skip_tracking":false,"_monsterinsights_sitenote_active":false,"_monsterinsights_sitenote_note":"","_monsterinsights_sitenote_category":0},"product_brand":[],"product_cat":[1358,2006],"product_tag":[],"class_list":{"0":"post-12255","1":"product","2":"type-product","3":"status-publish","4":"has-post-thumbnail","6":"product_cat-buses-de-melange-distribution","7":"product_cat-silicone-fr","9":"first","10":"instock","11":"product-type-simple"},"acf":[],"yoast_head":"<!-- This site is optimized with the Yoast SEO plugin v27.2 - https:\/\/yoast.com\/product\/yoast-seo-wordpress\/ -->\n<title>Pistolet distributeur de silicone (renforcee) | MESTRA<\/title>\n<meta name=\"description\" content=\"Chez MESTRA nous avons des pistolets de distribution de silicone pour les laboratoires dentaires. Consultez notre catalogue et passez votre commande en ligne.\" \/>\n<meta name=\"robots\" content=\"index, follow, max-snippet:-1, max-image-preview:large, max-video-preview:-1\" \/>\n<link rel=\"canonical\" href=\"https:\/\/mestra.es\/fr\/producto\/pistola-dispensadora-de-silicona-reforzada\/\" \/>\n<meta property=\"og:locale\" content=\"fr_FR\" \/>\n<meta property=\"og:type\" content=\"article\" \/>\n<meta property=\"og:title\" content=\"Pistolet distributeur de silicone (renforcee) | MESTRA\" \/>\n<meta property=\"og:description\" content=\"Chez MESTRA nous avons des pistolets de distribution de silicone pour les laboratoires dentaires. Consultez notre catalogue et passez votre commande en ligne.\" \/>\n<meta property=\"og:url\" content=\"https:\/\/mestra.es\/fr\/producto\/pistola-dispensadora-de-silicona-reforzada\/\" \/>\n<meta property=\"og:site_name\" content=\"Talleres Mestra\" \/>\n<meta property=\"article:modified_time\" content=\"2025-03-17T15:42:27+00:00\" \/>\n<meta property=\"og:image\" content=\"https:\/\/mestra.es\/wp-content\/uploads\/2024\/03\/100166.jpg\" \/>\n\t<meta property=\"og:image:width\" content=\"600\" \/>\n\t<meta property=\"og:image:height\" content=\"591\" \/>\n\t<meta property=\"og:image:type\" content=\"image\/jpeg\" \/>\n<meta name=\"twitter:card\" content=\"summary_large_image\" \/>\n<meta name=\"twitter:label1\" content=\"Prix\" \/>\n\t<meta name=\"twitter:data1\" content=\"\" \/>\n\t<meta name=\"twitter:label2\" content=\"Disponibilit\u00e9\" \/>\n\t<meta name=\"twitter:data2\" content=\"En stock\" \/>\n<script type=\"application\/ld+json\" class=\"yoast-schema-graph\">{\"@context\":\"https:\/\/schema.org\",\"@graph\":[{\"@type\":\"WebPage\",\"@id\":\"https:\/\/mestra.es\/fr\/producto\/pistola-dispensadora-de-silicona-reforzada\/\",\"url\":\"https:\/\/mestra.es\/fr\/producto\/pistola-dispensadora-de-silicona-reforzada\/\",\"name\":\"Pistolet distributeur de silicone (renforcee) | MESTRA\",\"isPartOf\":{\"@id\":\"https:\/\/mestra.es\/fr\/#website\"},\"primaryImageOfPage\":{\"@id\":\"https:\/\/mestra.es\/fr\/producto\/pistola-dispensadora-de-silicona-reforzada\/#primaryimage\"},\"image\":{\"@id\":\"https:\/\/mestra.es\/fr\/producto\/pistola-dispensadora-de-silicona-reforzada\/#primaryimage\"},\"thumbnailUrl\":\"https:\/\/mestra.es\/wp-content\/uploads\/2024\/03\/100166.jpg\",\"datePublished\":\"2024-03-11T12:38:38+00:00\",\"dateModified\":\"2025-03-17T15:42:27+00:00\",\"description\":\"Chez MESTRA nous avons des pistolets de distribution de silicone pour les laboratoires dentaires. Consultez notre catalogue et passez votre commande en ligne.\",\"breadcrumb\":{\"@id\":\"https:\/\/mestra.es\/fr\/producto\/pistola-dispensadora-de-silicona-reforzada\/#breadcrumb\"},\"inLanguage\":\"fr-FR\",\"potentialAction\":[{\"@type\":\"ReadAction\",\"target\":[\"https:\/\/mestra.es\/fr\/producto\/pistola-dispensadora-de-silicona-reforzada\/\"]}]},{\"@type\":\"ImageObject\",\"inLanguage\":\"fr-FR\",\"@id\":\"https:\/\/mestra.es\/fr\/producto\/pistola-dispensadora-de-silicona-reforzada\/#primaryimage\",\"url\":\"https:\/\/mestra.es\/wp-content\/uploads\/2024\/03\/100166.jpg\",\"contentUrl\":\"https:\/\/mestra.es\/wp-content\/uploads\/2024\/03\/100166.jpg\",\"width\":600,\"height\":591,\"caption\":\"Pistola dispensadora de silicona\"},{\"@type\":\"BreadcrumbList\",\"@id\":\"https:\/\/mestra.es\/fr\/producto\/pistola-dispensadora-de-silicona-reforzada\/#breadcrumb\",\"itemListElement\":[{\"@type\":\"ListItem\",\"position\":1,\"name\":\"Portada\",\"item\":\"https:\/\/mestra.es\/fr\/\"},{\"@type\":\"ListItem\",\"position\":2,\"name\":\"Boutique\",\"item\":\"https:\/\/mestra.es\/fr\/boutique\/\"},{\"@type\":\"ListItem\",\"position\":3,\"name\":\"PISTOLET DISTRIBUTEUR DE SILICONE (RENFORCEE)\"}]},{\"@type\":\"WebSite\",\"@id\":\"https:\/\/mestra.es\/fr\/#website\",\"url\":\"https:\/\/mestra.es\/fr\/\",\"name\":\"Talleres Mestra\",\"description\":\"\",\"publisher\":{\"@id\":\"https:\/\/mestra.es\/fr\/#organization\"},\"potentialAction\":[{\"@type\":\"SearchAction\",\"target\":{\"@type\":\"EntryPoint\",\"urlTemplate\":\"https:\/\/mestra.es\/fr\/?s={search_term_string}\"},\"query-input\":{\"@type\":\"PropertyValueSpecification\",\"valueRequired\":true,\"valueName\":\"search_term_string\"}}],\"inLanguage\":\"fr-FR\"},{\"@type\":\"Organization\",\"@id\":\"https:\/\/mestra.es\/fr\/#organization\",\"name\":\"Talleres Mestra\",\"url\":\"https:\/\/mestra.es\/fr\/\",\"logo\":{\"@type\":\"ImageObject\",\"inLanguage\":\"fr-FR\",\"@id\":\"https:\/\/mestra.es\/fr\/#\/schema\/logo\/image\/\",\"url\":\"https:\/\/mestra.es\/wp-content\/uploads\/2024\/05\/logo_mestra.png\",\"contentUrl\":\"https:\/\/mestra.es\/wp-content\/uploads\/2024\/05\/logo_mestra.png\",\"width\":300,\"height\":170,\"caption\":\"Talleres Mestra\"},\"image\":{\"@id\":\"https:\/\/mestra.es\/fr\/#\/schema\/logo\/image\/\"}}]}<\/script>\n<meta property=\"product:price:currency\" content=\"EUR\" \/>\n<meta property=\"og:availability\" content=\"instock\" \/>\n<meta property=\"product:availability\" content=\"instock\" \/>\n<meta property=\"product:retailer_item_id\" content=\"100166\" \/>\n<meta property=\"product:condition\" content=\"new\" \/>\n<!-- \/ Yoast SEO plugin. -->","yoast_head_json":{"title":"Pistolet distributeur de silicone (renforcee) | MESTRA","description":"Chez MESTRA nous avons des pistolets de distribution de silicone pour les laboratoires dentaires. Consultez notre catalogue et passez votre commande en ligne.","robots":{"index":"index","follow":"follow","max-snippet":"max-snippet:-1","max-image-preview":"max-image-preview:large","max-video-preview":"max-video-preview:-1"},"canonical":"https:\/\/mestra.es\/fr\/producto\/pistola-dispensadora-de-silicona-reforzada\/","og_locale":"fr_FR","og_type":"article","og_title":"Pistolet distributeur de silicone (renforcee) | MESTRA","og_description":"Chez MESTRA nous avons des pistolets de distribution de silicone pour les laboratoires dentaires. Consultez notre catalogue et passez votre commande en ligne.","og_url":"https:\/\/mestra.es\/fr\/producto\/pistola-dispensadora-de-silicona-reforzada\/","og_site_name":"Talleres Mestra","article_modified_time":"2025-03-17T15:42:27+00:00","og_image":[{"width":600,"height":591,"url":"https:\/\/mestra.es\/wp-content\/uploads\/2024\/03\/100166.jpg","type":"image\/jpeg"}],"twitter_card":"summary_large_image","twitter_misc":{"Prix":"","Disponibilit\u00e9":"En stock"},"schema":{"@context":"https:\/\/schema.org","@graph":[{"@type":"WebPage","@id":"https:\/\/mestra.es\/fr\/producto\/pistola-dispensadora-de-silicona-reforzada\/","url":"https:\/\/mestra.es\/fr\/producto\/pistola-dispensadora-de-silicona-reforzada\/","name":"Pistolet distributeur de silicone (renforcee) | MESTRA","isPartOf":{"@id":"https:\/\/mestra.es\/fr\/#website"},"primaryImageOfPage":{"@id":"https:\/\/mestra.es\/fr\/producto\/pistola-dispensadora-de-silicona-reforzada\/#primaryimage"},"image":{"@id":"https:\/\/mestra.es\/fr\/producto\/pistola-dispensadora-de-silicona-reforzada\/#primaryimage"},"thumbnailUrl":"https:\/\/mestra.es\/wp-content\/uploads\/2024\/03\/100166.jpg","datePublished":"2024-03-11T12:38:38+00:00","dateModified":"2025-03-17T15:42:27+00:00","description":"Chez MESTRA nous avons des pistolets de distribution de silicone pour les laboratoires dentaires. Consultez notre catalogue et passez votre commande en ligne.","breadcrumb":{"@id":"https:\/\/mestra.es\/fr\/producto\/pistola-dispensadora-de-silicona-reforzada\/#breadcrumb"},"inLanguage":"fr-FR","potentialAction":[{"@type":"ReadAction","target":["https:\/\/mestra.es\/fr\/producto\/pistola-dispensadora-de-silicona-reforzada\/"]}]},{"@type":"ImageObject","inLanguage":"fr-FR","@id":"https:\/\/mestra.es\/fr\/producto\/pistola-dispensadora-de-silicona-reforzada\/#primaryimage","url":"https:\/\/mestra.es\/wp-content\/uploads\/2024\/03\/100166.jpg","contentUrl":"https:\/\/mestra.es\/wp-content\/uploads\/2024\/03\/100166.jpg","width":600,"height":591,"caption":"Pistola dispensadora de silicona"},{"@type":"BreadcrumbList","@id":"https:\/\/mestra.es\/fr\/producto\/pistola-dispensadora-de-silicona-reforzada\/#breadcrumb","itemListElement":[{"@type":"ListItem","position":1,"name":"Portada","item":"https:\/\/mestra.es\/fr\/"},{"@type":"ListItem","position":2,"name":"Boutique","item":"https:\/\/mestra.es\/fr\/boutique\/"},{"@type":"ListItem","position":3,"name":"PISTOLET DISTRIBUTEUR DE SILICONE (RENFORCEE)"}]},{"@type":"WebSite","@id":"https:\/\/mestra.es\/fr\/#website","url":"https:\/\/mestra.es\/fr\/","name":"Talleres Mestra","description":"","publisher":{"@id":"https:\/\/mestra.es\/fr\/#organization"},"potentialAction":[{"@type":"SearchAction","target":{"@type":"EntryPoint","urlTemplate":"https:\/\/mestra.es\/fr\/?s={search_term_string}"},"query-input":{"@type":"PropertyValueSpecification","valueRequired":true,"valueName":"search_term_string"}}],"inLanguage":"fr-FR"},{"@type":"Organization","@id":"https:\/\/mestra.es\/fr\/#organization","name":"Talleres Mestra","url":"https:\/\/mestra.es\/fr\/","logo":{"@type":"ImageObject","inLanguage":"fr-FR","@id":"https:\/\/mestra.es\/fr\/#\/schema\/logo\/image\/","url":"https:\/\/mestra.es\/wp-content\/uploads\/2024\/05\/logo_mestra.png","contentUrl":"https:\/\/mestra.es\/wp-content\/uploads\/2024\/05\/logo_mestra.png","width":300,"height":170,"caption":"Talleres Mestra"},"image":{"@id":"https:\/\/mestra.es\/fr\/#\/schema\/logo\/image\/"}}]},"product_price_currency":"EUR","og_availability":"instock","product_availability":"instock","product_retailer_item_id":"100166","product_condition":"new"},"_links":{"self":[{"href":"https:\/\/mestra.es\/fr\/wp-json\/wp\/v2\/product\/12255","targetHints":{"allow":["GET"]}}],"collection":[{"href":"https:\/\/mestra.es\/fr\/wp-json\/wp\/v2\/product"}],"about":[{"href":"https:\/\/mestra.es\/fr\/wp-json\/wp\/v2\/types\/product"}],"wp:featuredmedia":[{"embeddable":true,"href":"https:\/\/mestra.es\/fr\/wp-json\/wp\/v2\/media\/9713"}],"wp:attachment":[{"href":"https:\/\/mestra.es\/fr\/wp-json\/wp\/v2\/media?parent=12255"}],"wp:term":[{"taxonomy":"product_brand","embeddable":true,"href":"https:\/\/mestra.es\/fr\/wp-json\/wp\/v2\/product_brand?post=12255"},{"taxonomy":"product_cat","embeddable":true,"href":"https:\/\/mestra.es\/fr\/wp-json\/wp\/v2\/product_cat?post=12255"},{"taxonomy":"product_tag","embeddable":true,"href":"https:\/\/mestra.es\/fr\/wp-json\/wp\/v2\/product_tag?post=12255"}],"curies":[{"name":"wp","href":"https:\/\/api.w.org\/{rel}","templated":true}]}}