{"id":12237,"date":"2024-03-11T13:38:42","date_gmt":"2024-03-11T12:38:42","guid":{"rendered":"https:\/\/mestra.es\/producto\/cabina-armario-higienizadora-uv-10-baldas-grande\/"},"modified":"2025-03-28T11:32:04","modified_gmt":"2025-03-28T10:32:04","slug":"cabina-armario-higienizadora-uv-10-baldas-grande","status":"publish","type":"product","link":"https:\/\/mestra.es\/fr\/producto\/cabina-armario-higienizadora-uv-10-baldas-grande\/","title":{"rendered":"UV CABINET (GRAND)"},"content":{"rendered":"<p>UV cabinet higienisateur.<\/p>\n<ul>\n<li>Le cabinet est enti\u00e8rement construit en acier inoxydable facile \u00e0 nettoyer. Il contient 10 niveaux de plateaux dans lesquels les instruments peuvent \u00eatre stock\u00e9s. Les \u00e9l\u00e9ments d\u00e9pos\u00e9s sont soumis \u00e0 l&rsquo;action des rayons UV.<\/li>\n<li>Il est connu que l&rsquo;efficacit\u00e9 des rayons ultraviolets permet d&rsquo;\u00e9liminer les germes de n&rsquo;importe quelle surface.<\/li>\n<li>Dans le domaine de l&rsquo;hygi\u00e8ne, les rayons ultraviolets sont largement utilis\u00e9s dans diff\u00e9rents secteurs : les \u00e9l\u00e9ments \u00e0 d\u00e9sinfecter sont plac\u00e9s dans la chambre o\u00f9 ils sont soumis \u00e0 une lumi\u00e8re UV pendant un temps d\u00e9fini.<\/li>\n<li>Une fois le processus termin\u00e9, une grande partie des microorganismes pr\u00e9sents auront disparu.<\/li>\n<\/ul>\n","protected":false},"excerpt":{"rendered":"<p>UV cabinet higienisateur grand (10 niveaux).<\/p>\n","protected":false},"featured_media":9773,"template":"","meta":{"_acf_changed":false,"_monsterinsights_skip_tracking":false,"_monsterinsights_sitenote_active":false,"_monsterinsights_sitenote_note":"","_monsterinsights_sitenote_category":0},"product_brand":[],"product_cat":[1973,1290],"product_tag":[],"class_list":{"0":"post-12237","1":"product","2":"type-product","3":"status-publish","4":"has-post-thumbnail","6":"product_cat-purificateurs-sterilisateurs-fr","7":"product_cat-purificateurs-sterilisateurs","9":"first","10":"instock","11":"product-type-simple"},"acf":[],"yoast_head":"<!-- This site is optimized with the Yoast SEO plugin v27.2 - https:\/\/yoast.com\/product\/yoast-seo-wordpress\/ -->\n<title>UV cabinet (grand) | MESTRA<\/title>\n<meta name=\"description\" content=\"Chez MESTRA nous avons UV cabinet (grand). Consultez notre catalogue de mat\u00e9riel dentaire et passez votre commande d\u00e8s maintenant.\" \/>\n<meta name=\"robots\" content=\"index, follow, max-snippet:-1, max-image-preview:large, max-video-preview:-1\" \/>\n<link rel=\"canonical\" href=\"https:\/\/mestra.es\/fr\/producto\/cabina-armario-higienizadora-uv-10-baldas-grande\/\" \/>\n<meta property=\"og:locale\" content=\"fr_FR\" \/>\n<meta property=\"og:type\" content=\"article\" \/>\n<meta property=\"og:title\" content=\"UV cabinet (grand) | MESTRA\" \/>\n<meta property=\"og:description\" content=\"Chez MESTRA nous avons UV cabinet (grand). Consultez notre catalogue de mat\u00e9riel dentaire et passez votre commande d\u00e8s maintenant.\" \/>\n<meta property=\"og:url\" content=\"https:\/\/mestra.es\/fr\/producto\/cabina-armario-higienizadora-uv-10-baldas-grande\/\" \/>\n<meta property=\"og:site_name\" content=\"Talleres Mestra\" \/>\n<meta property=\"article:modified_time\" content=\"2025-03-28T10:32:04+00:00\" \/>\n<meta property=\"og:image\" content=\"https:\/\/mestra.es\/wp-content\/uploads\/2024\/03\/100504.jpg\" \/>\n\t<meta property=\"og:image:width\" content=\"600\" \/>\n\t<meta property=\"og:image:height\" content=\"600\" \/>\n\t<meta property=\"og:image:type\" content=\"image\/jpeg\" \/>\n<meta name=\"twitter:card\" content=\"summary_large_image\" \/>\n<meta name=\"twitter:label1\" content=\"Prix\" \/>\n\t<meta name=\"twitter:data1\" content=\"\" \/>\n\t<meta name=\"twitter:label2\" content=\"Disponibilit\u00e9\" \/>\n\t<meta name=\"twitter:data2\" content=\"En stock\" \/>\n<script type=\"application\/ld+json\" class=\"yoast-schema-graph\">{\"@context\":\"https:\/\/schema.org\",\"@graph\":[{\"@type\":\"WebPage\",\"@id\":\"https:\/\/mestra.es\/fr\/producto\/cabina-armario-higienizadora-uv-10-baldas-grande\/\",\"url\":\"https:\/\/mestra.es\/fr\/producto\/cabina-armario-higienizadora-uv-10-baldas-grande\/\",\"name\":\"UV cabinet (grand) | MESTRA\",\"isPartOf\":{\"@id\":\"https:\/\/mestra.es\/fr\/#website\"},\"primaryImageOfPage\":{\"@id\":\"https:\/\/mestra.es\/fr\/producto\/cabina-armario-higienizadora-uv-10-baldas-grande\/#primaryimage\"},\"image\":{\"@id\":\"https:\/\/mestra.es\/fr\/producto\/cabina-armario-higienizadora-uv-10-baldas-grande\/#primaryimage\"},\"thumbnailUrl\":\"https:\/\/mestra.es\/wp-content\/uploads\/2024\/03\/100504.jpg\",\"datePublished\":\"2024-03-11T12:38:42+00:00\",\"dateModified\":\"2025-03-28T10:32:04+00:00\",\"description\":\"Chez MESTRA nous avons UV cabinet (grand). Consultez notre catalogue de mat\u00e9riel dentaire et passez votre commande d\u00e8s maintenant.\",\"breadcrumb\":{\"@id\":\"https:\/\/mestra.es\/fr\/producto\/cabina-armario-higienizadora-uv-10-baldas-grande\/#breadcrumb\"},\"inLanguage\":\"fr-FR\",\"potentialAction\":[{\"@type\":\"ReadAction\",\"target\":[\"https:\/\/mestra.es\/fr\/producto\/cabina-armario-higienizadora-uv-10-baldas-grande\/\"]}]},{\"@type\":\"ImageObject\",\"inLanguage\":\"fr-FR\",\"@id\":\"https:\/\/mestra.es\/fr\/producto\/cabina-armario-higienizadora-uv-10-baldas-grande\/#primaryimage\",\"url\":\"https:\/\/mestra.es\/wp-content\/uploads\/2024\/03\/100504.jpg\",\"contentUrl\":\"https:\/\/mestra.es\/wp-content\/uploads\/2024\/03\/100504.jpg\",\"width\":600,\"height\":600,\"caption\":\"CAbina UV higienizadora grande\"},{\"@type\":\"BreadcrumbList\",\"@id\":\"https:\/\/mestra.es\/fr\/producto\/cabina-armario-higienizadora-uv-10-baldas-grande\/#breadcrumb\",\"itemListElement\":[{\"@type\":\"ListItem\",\"position\":1,\"name\":\"Portada\",\"item\":\"https:\/\/mestra.es\/fr\/\"},{\"@type\":\"ListItem\",\"position\":2,\"name\":\"Boutique\",\"item\":\"https:\/\/mestra.es\/fr\/boutique\/\"},{\"@type\":\"ListItem\",\"position\":3,\"name\":\"UV CABINET (GRAND)\"}]},{\"@type\":\"WebSite\",\"@id\":\"https:\/\/mestra.es\/fr\/#website\",\"url\":\"https:\/\/mestra.es\/fr\/\",\"name\":\"Talleres Mestra\",\"description\":\"\",\"publisher\":{\"@id\":\"https:\/\/mestra.es\/fr\/#organization\"},\"potentialAction\":[{\"@type\":\"SearchAction\",\"target\":{\"@type\":\"EntryPoint\",\"urlTemplate\":\"https:\/\/mestra.es\/fr\/?s={search_term_string}\"},\"query-input\":{\"@type\":\"PropertyValueSpecification\",\"valueRequired\":true,\"valueName\":\"search_term_string\"}}],\"inLanguage\":\"fr-FR\"},{\"@type\":\"Organization\",\"@id\":\"https:\/\/mestra.es\/fr\/#organization\",\"name\":\"Talleres Mestra\",\"url\":\"https:\/\/mestra.es\/fr\/\",\"logo\":{\"@type\":\"ImageObject\",\"inLanguage\":\"fr-FR\",\"@id\":\"https:\/\/mestra.es\/fr\/#\/schema\/logo\/image\/\",\"url\":\"https:\/\/mestra.es\/wp-content\/uploads\/2024\/05\/logo_mestra.png\",\"contentUrl\":\"https:\/\/mestra.es\/wp-content\/uploads\/2024\/05\/logo_mestra.png\",\"width\":300,\"height\":170,\"caption\":\"Talleres Mestra\"},\"image\":{\"@id\":\"https:\/\/mestra.es\/fr\/#\/schema\/logo\/image\/\"}}]}<\/script>\n<meta property=\"product:price:currency\" content=\"EUR\" \/>\n<meta property=\"og:availability\" content=\"instock\" \/>\n<meta property=\"product:availability\" content=\"instock\" \/>\n<meta property=\"product:retailer_item_id\" content=\"100504\" \/>\n<meta property=\"product:condition\" content=\"new\" \/>\n<!-- \/ Yoast SEO plugin. -->","yoast_head_json":{"title":"UV cabinet (grand) | MESTRA","description":"Chez MESTRA nous avons UV cabinet (grand). Consultez notre catalogue de mat\u00e9riel dentaire et passez votre commande d\u00e8s maintenant.","robots":{"index":"index","follow":"follow","max-snippet":"max-snippet:-1","max-image-preview":"max-image-preview:large","max-video-preview":"max-video-preview:-1"},"canonical":"https:\/\/mestra.es\/fr\/producto\/cabina-armario-higienizadora-uv-10-baldas-grande\/","og_locale":"fr_FR","og_type":"article","og_title":"UV cabinet (grand) | MESTRA","og_description":"Chez MESTRA nous avons UV cabinet (grand). Consultez notre catalogue de mat\u00e9riel dentaire et passez votre commande d\u00e8s maintenant.","og_url":"https:\/\/mestra.es\/fr\/producto\/cabina-armario-higienizadora-uv-10-baldas-grande\/","og_site_name":"Talleres Mestra","article_modified_time":"2025-03-28T10:32:04+00:00","og_image":[{"width":600,"height":600,"url":"https:\/\/mestra.es\/wp-content\/uploads\/2024\/03\/100504.jpg","type":"image\/jpeg"}],"twitter_card":"summary_large_image","twitter_misc":{"Prix":"","Disponibilit\u00e9":"En stock"},"schema":{"@context":"https:\/\/schema.org","@graph":[{"@type":"WebPage","@id":"https:\/\/mestra.es\/fr\/producto\/cabina-armario-higienizadora-uv-10-baldas-grande\/","url":"https:\/\/mestra.es\/fr\/producto\/cabina-armario-higienizadora-uv-10-baldas-grande\/","name":"UV cabinet (grand) | MESTRA","isPartOf":{"@id":"https:\/\/mestra.es\/fr\/#website"},"primaryImageOfPage":{"@id":"https:\/\/mestra.es\/fr\/producto\/cabina-armario-higienizadora-uv-10-baldas-grande\/#primaryimage"},"image":{"@id":"https:\/\/mestra.es\/fr\/producto\/cabina-armario-higienizadora-uv-10-baldas-grande\/#primaryimage"},"thumbnailUrl":"https:\/\/mestra.es\/wp-content\/uploads\/2024\/03\/100504.jpg","datePublished":"2024-03-11T12:38:42+00:00","dateModified":"2025-03-28T10:32:04+00:00","description":"Chez MESTRA nous avons UV cabinet (grand). Consultez notre catalogue de mat\u00e9riel dentaire et passez votre commande d\u00e8s maintenant.","breadcrumb":{"@id":"https:\/\/mestra.es\/fr\/producto\/cabina-armario-higienizadora-uv-10-baldas-grande\/#breadcrumb"},"inLanguage":"fr-FR","potentialAction":[{"@type":"ReadAction","target":["https:\/\/mestra.es\/fr\/producto\/cabina-armario-higienizadora-uv-10-baldas-grande\/"]}]},{"@type":"ImageObject","inLanguage":"fr-FR","@id":"https:\/\/mestra.es\/fr\/producto\/cabina-armario-higienizadora-uv-10-baldas-grande\/#primaryimage","url":"https:\/\/mestra.es\/wp-content\/uploads\/2024\/03\/100504.jpg","contentUrl":"https:\/\/mestra.es\/wp-content\/uploads\/2024\/03\/100504.jpg","width":600,"height":600,"caption":"CAbina UV higienizadora grande"},{"@type":"BreadcrumbList","@id":"https:\/\/mestra.es\/fr\/producto\/cabina-armario-higienizadora-uv-10-baldas-grande\/#breadcrumb","itemListElement":[{"@type":"ListItem","position":1,"name":"Portada","item":"https:\/\/mestra.es\/fr\/"},{"@type":"ListItem","position":2,"name":"Boutique","item":"https:\/\/mestra.es\/fr\/boutique\/"},{"@type":"ListItem","position":3,"name":"UV CABINET (GRAND)"}]},{"@type":"WebSite","@id":"https:\/\/mestra.es\/fr\/#website","url":"https:\/\/mestra.es\/fr\/","name":"Talleres Mestra","description":"","publisher":{"@id":"https:\/\/mestra.es\/fr\/#organization"},"potentialAction":[{"@type":"SearchAction","target":{"@type":"EntryPoint","urlTemplate":"https:\/\/mestra.es\/fr\/?s={search_term_string}"},"query-input":{"@type":"PropertyValueSpecification","valueRequired":true,"valueName":"search_term_string"}}],"inLanguage":"fr-FR"},{"@type":"Organization","@id":"https:\/\/mestra.es\/fr\/#organization","name":"Talleres Mestra","url":"https:\/\/mestra.es\/fr\/","logo":{"@type":"ImageObject","inLanguage":"fr-FR","@id":"https:\/\/mestra.es\/fr\/#\/schema\/logo\/image\/","url":"https:\/\/mestra.es\/wp-content\/uploads\/2024\/05\/logo_mestra.png","contentUrl":"https:\/\/mestra.es\/wp-content\/uploads\/2024\/05\/logo_mestra.png","width":300,"height":170,"caption":"Talleres Mestra"},"image":{"@id":"https:\/\/mestra.es\/fr\/#\/schema\/logo\/image\/"}}]},"product_price_currency":"EUR","og_availability":"instock","product_availability":"instock","product_retailer_item_id":"100504","product_condition":"new"},"_links":{"self":[{"href":"https:\/\/mestra.es\/fr\/wp-json\/wp\/v2\/product\/12237","targetHints":{"allow":["GET"]}}],"collection":[{"href":"https:\/\/mestra.es\/fr\/wp-json\/wp\/v2\/product"}],"about":[{"href":"https:\/\/mestra.es\/fr\/wp-json\/wp\/v2\/types\/product"}],"wp:featuredmedia":[{"embeddable":true,"href":"https:\/\/mestra.es\/fr\/wp-json\/wp\/v2\/media\/9773"}],"wp:attachment":[{"href":"https:\/\/mestra.es\/fr\/wp-json\/wp\/v2\/media?parent=12237"}],"wp:term":[{"taxonomy":"product_brand","embeddable":true,"href":"https:\/\/mestra.es\/fr\/wp-json\/wp\/v2\/product_brand?post=12237"},{"taxonomy":"product_cat","embeddable":true,"href":"https:\/\/mestra.es\/fr\/wp-json\/wp\/v2\/product_cat?post=12237"},{"taxonomy":"product_tag","embeddable":true,"href":"https:\/\/mestra.es\/fr\/wp-json\/wp\/v2\/product_tag?post=12237"}],"curies":[{"name":"wp","href":"https:\/\/api.w.org\/{rel}","templated":true}]}}