{"id":12233,"date":"2024-03-11T13:38:44","date_gmt":"2024-03-11T12:38:44","guid":{"rendered":"https:\/\/mestra.es\/producto\/purificador-de-aire-mediano\/"},"modified":"2025-03-28T10:54:50","modified_gmt":"2025-03-28T09:54:50","slug":"purificador-de-aire-mediano","status":"publish","type":"product","link":"https:\/\/mestra.es\/fr\/producto\/purificador-de-aire-mediano\/","title":{"rendered":"PURIFICATEUR D&rsquo;AIR &#8211; MOYEN MODELE"},"content":{"rendered":"<p>Purificateur d&rsquo;air moyen sur l\u2019air vici\u00e9 dans n\u2019importe quelle pi\u00e8ce \u00e9liminant la poussi\u00e8re, la salet\u00e9 et les germes. Apr\u00e8s traitement, l\u2019air est beaucoup plus propre et plus respirable. Une mauvaise qualit\u00e9 de l\u2019air favorise l\u2019apparition de maladies, notamment respiratoires.<\/p>\n<p>Le processus de purification commence par une batterie de filtres de trois niveaux diff\u00e9rents: <a href=\"https:\/\/fr.wikipedia.org\/wiki\/Filtre_HEPA\">HEPA bact\u00e9rien<\/a>, <a href=\"https:\/\/fr.wikipedia.org\/wiki\/Charbon_actif\">charbon actif<\/a> et photocatalytique. Ensuite, une lampe UV haute performance poursuit le travail de nettoyage.<\/p>\n<p>*La purification est compl\u00e9t\u00e9e par l\u2019ionisation et la possibilit\u00e9 d\u2019activer un g\u00e9n\u00e9rateur d\u2019ozone. Apr\u00e8s le traitement, on peut parler d\u2019un air hautement purifi\u00e9 et de qualit\u00e9. Il existe trois tailles diff\u00e9rentes selon le volume de la pi\u00e8ce \u00e0 traiter.<\/p>\n","protected":false},"excerpt":{"rendered":"<p>Purificateur d&rsquo;air moyen sur l\u2019air vici\u00e9 dans n\u2019importe quelle pi\u00e8ce \u00e9liminant la poussi\u00e8re, la salet\u00e9 et les germes.<\/p>\n","protected":false},"featured_media":9777,"template":"","meta":{"_acf_changed":false,"_monsterinsights_skip_tracking":false,"_monsterinsights_sitenote_active":false,"_monsterinsights_sitenote_note":"","_monsterinsights_sitenote_category":0},"product_brand":[],"product_cat":[1973,1290],"product_tag":[],"class_list":{"0":"post-12233","1":"product","2":"type-product","3":"status-publish","4":"has-post-thumbnail","6":"product_cat-purificateurs-sterilisateurs-fr","7":"product_cat-purificateurs-sterilisateurs","9":"first","10":"instock","11":"product-type-simple"},"acf":[],"yoast_head":"<!-- This site is optimized with the Yoast SEO plugin v27.2 - https:\/\/yoast.com\/product\/yoast-seo-wordpress\/ -->\n<title>Purificateur d&#039;air moyen | MESTRA<\/title>\n<meta name=\"description\" content=\"Chez MESTRA nous avons purificateur d&#039;air moyen. Consultez notre catalogue de mat\u00e9riel dentaire et passez votre commande d\u00e8s maintenant.\" \/>\n<meta name=\"robots\" content=\"index, follow, max-snippet:-1, max-image-preview:large, max-video-preview:-1\" \/>\n<link rel=\"canonical\" href=\"https:\/\/mestra.es\/fr\/producto\/purificador-de-aire-mediano\/\" \/>\n<meta property=\"og:locale\" content=\"fr_FR\" \/>\n<meta property=\"og:type\" content=\"article\" \/>\n<meta property=\"og:title\" content=\"Purificateur d&#039;air moyen | MESTRA\" \/>\n<meta property=\"og:description\" content=\"Chez MESTRA nous avons purificateur d&#039;air moyen. Consultez notre catalogue de mat\u00e9riel dentaire et passez votre commande d\u00e8s maintenant.\" \/>\n<meta property=\"og:url\" content=\"https:\/\/mestra.es\/fr\/producto\/purificador-de-aire-mediano\/\" \/>\n<meta property=\"og:site_name\" content=\"Talleres Mestra\" \/>\n<meta property=\"article:modified_time\" content=\"2025-03-28T09:54:50+00:00\" \/>\n<meta property=\"og:image\" content=\"https:\/\/mestra.es\/wp-content\/uploads\/2024\/03\/100512.jpg\" \/>\n\t<meta property=\"og:image:width\" content=\"600\" \/>\n\t<meta property=\"og:image:height\" content=\"600\" \/>\n\t<meta property=\"og:image:type\" content=\"image\/jpeg\" \/>\n<meta name=\"twitter:card\" content=\"summary_large_image\" \/>\n<meta name=\"twitter:label1\" content=\"Prix\" \/>\n\t<meta name=\"twitter:data1\" content=\"\" \/>\n\t<meta name=\"twitter:label2\" content=\"Disponibilit\u00e9\" \/>\n\t<meta name=\"twitter:data2\" content=\"En stock\" \/>\n<script type=\"application\/ld+json\" class=\"yoast-schema-graph\">{\"@context\":\"https:\/\/schema.org\",\"@graph\":[{\"@type\":\"WebPage\",\"@id\":\"https:\/\/mestra.es\/fr\/producto\/purificador-de-aire-mediano\/\",\"url\":\"https:\/\/mestra.es\/fr\/producto\/purificador-de-aire-mediano\/\",\"name\":\"Purificateur d'air moyen | MESTRA\",\"isPartOf\":{\"@id\":\"https:\/\/mestra.es\/fr\/#website\"},\"primaryImageOfPage\":{\"@id\":\"https:\/\/mestra.es\/fr\/producto\/purificador-de-aire-mediano\/#primaryimage\"},\"image\":{\"@id\":\"https:\/\/mestra.es\/fr\/producto\/purificador-de-aire-mediano\/#primaryimage\"},\"thumbnailUrl\":\"https:\/\/mestra.es\/wp-content\/uploads\/2024\/03\/100512.jpg\",\"datePublished\":\"2024-03-11T12:38:44+00:00\",\"dateModified\":\"2025-03-28T09:54:50+00:00\",\"description\":\"Chez MESTRA nous avons purificateur d'air moyen. Consultez notre catalogue de mat\u00e9riel dentaire et passez votre commande d\u00e8s maintenant.\",\"breadcrumb\":{\"@id\":\"https:\/\/mestra.es\/fr\/producto\/purificador-de-aire-mediano\/#breadcrumb\"},\"inLanguage\":\"fr-FR\",\"potentialAction\":[{\"@type\":\"ReadAction\",\"target\":[\"https:\/\/mestra.es\/fr\/producto\/purificador-de-aire-mediano\/\"]}]},{\"@type\":\"ImageObject\",\"inLanguage\":\"fr-FR\",\"@id\":\"https:\/\/mestra.es\/fr\/producto\/purificador-de-aire-mediano\/#primaryimage\",\"url\":\"https:\/\/mestra.es\/wp-content\/uploads\/2024\/03\/100512.jpg\",\"contentUrl\":\"https:\/\/mestra.es\/wp-content\/uploads\/2024\/03\/100512.jpg\",\"width\":600,\"height\":600,\"caption\":\"Purificador de aire mediano\"},{\"@type\":\"BreadcrumbList\",\"@id\":\"https:\/\/mestra.es\/fr\/producto\/purificador-de-aire-mediano\/#breadcrumb\",\"itemListElement\":[{\"@type\":\"ListItem\",\"position\":1,\"name\":\"Portada\",\"item\":\"https:\/\/mestra.es\/fr\/\"},{\"@type\":\"ListItem\",\"position\":2,\"name\":\"Boutique\",\"item\":\"https:\/\/mestra.es\/fr\/boutique\/\"},{\"@type\":\"ListItem\",\"position\":3,\"name\":\"PURIFICATEUR D&#8217;AIR &#8211; MOYEN MODELE\"}]},{\"@type\":\"WebSite\",\"@id\":\"https:\/\/mestra.es\/fr\/#website\",\"url\":\"https:\/\/mestra.es\/fr\/\",\"name\":\"Talleres Mestra\",\"description\":\"\",\"publisher\":{\"@id\":\"https:\/\/mestra.es\/fr\/#organization\"},\"potentialAction\":[{\"@type\":\"SearchAction\",\"target\":{\"@type\":\"EntryPoint\",\"urlTemplate\":\"https:\/\/mestra.es\/fr\/?s={search_term_string}\"},\"query-input\":{\"@type\":\"PropertyValueSpecification\",\"valueRequired\":true,\"valueName\":\"search_term_string\"}}],\"inLanguage\":\"fr-FR\"},{\"@type\":\"Organization\",\"@id\":\"https:\/\/mestra.es\/fr\/#organization\",\"name\":\"Talleres Mestra\",\"url\":\"https:\/\/mestra.es\/fr\/\",\"logo\":{\"@type\":\"ImageObject\",\"inLanguage\":\"fr-FR\",\"@id\":\"https:\/\/mestra.es\/fr\/#\/schema\/logo\/image\/\",\"url\":\"https:\/\/mestra.es\/wp-content\/uploads\/2024\/05\/logo_mestra.png\",\"contentUrl\":\"https:\/\/mestra.es\/wp-content\/uploads\/2024\/05\/logo_mestra.png\",\"width\":300,\"height\":170,\"caption\":\"Talleres Mestra\"},\"image\":{\"@id\":\"https:\/\/mestra.es\/fr\/#\/schema\/logo\/image\/\"}}]}<\/script>\n<meta property=\"product:price:currency\" content=\"EUR\" \/>\n<meta property=\"og:availability\" content=\"instock\" \/>\n<meta property=\"product:availability\" content=\"instock\" \/>\n<meta property=\"product:retailer_item_id\" content=\"100512\" \/>\n<meta property=\"product:condition\" content=\"new\" \/>\n<!-- \/ Yoast SEO plugin. -->","yoast_head_json":{"title":"Purificateur d'air moyen | MESTRA","description":"Chez MESTRA nous avons purificateur d'air moyen. Consultez notre catalogue de mat\u00e9riel dentaire et passez votre commande d\u00e8s maintenant.","robots":{"index":"index","follow":"follow","max-snippet":"max-snippet:-1","max-image-preview":"max-image-preview:large","max-video-preview":"max-video-preview:-1"},"canonical":"https:\/\/mestra.es\/fr\/producto\/purificador-de-aire-mediano\/","og_locale":"fr_FR","og_type":"article","og_title":"Purificateur d'air moyen | MESTRA","og_description":"Chez MESTRA nous avons purificateur d'air moyen. Consultez notre catalogue de mat\u00e9riel dentaire et passez votre commande d\u00e8s maintenant.","og_url":"https:\/\/mestra.es\/fr\/producto\/purificador-de-aire-mediano\/","og_site_name":"Talleres Mestra","article_modified_time":"2025-03-28T09:54:50+00:00","og_image":[{"width":600,"height":600,"url":"https:\/\/mestra.es\/wp-content\/uploads\/2024\/03\/100512.jpg","type":"image\/jpeg"}],"twitter_card":"summary_large_image","twitter_misc":{"Prix":"","Disponibilit\u00e9":"En stock"},"schema":{"@context":"https:\/\/schema.org","@graph":[{"@type":"WebPage","@id":"https:\/\/mestra.es\/fr\/producto\/purificador-de-aire-mediano\/","url":"https:\/\/mestra.es\/fr\/producto\/purificador-de-aire-mediano\/","name":"Purificateur d'air moyen | MESTRA","isPartOf":{"@id":"https:\/\/mestra.es\/fr\/#website"},"primaryImageOfPage":{"@id":"https:\/\/mestra.es\/fr\/producto\/purificador-de-aire-mediano\/#primaryimage"},"image":{"@id":"https:\/\/mestra.es\/fr\/producto\/purificador-de-aire-mediano\/#primaryimage"},"thumbnailUrl":"https:\/\/mestra.es\/wp-content\/uploads\/2024\/03\/100512.jpg","datePublished":"2024-03-11T12:38:44+00:00","dateModified":"2025-03-28T09:54:50+00:00","description":"Chez MESTRA nous avons purificateur d'air moyen. Consultez notre catalogue de mat\u00e9riel dentaire et passez votre commande d\u00e8s maintenant.","breadcrumb":{"@id":"https:\/\/mestra.es\/fr\/producto\/purificador-de-aire-mediano\/#breadcrumb"},"inLanguage":"fr-FR","potentialAction":[{"@type":"ReadAction","target":["https:\/\/mestra.es\/fr\/producto\/purificador-de-aire-mediano\/"]}]},{"@type":"ImageObject","inLanguage":"fr-FR","@id":"https:\/\/mestra.es\/fr\/producto\/purificador-de-aire-mediano\/#primaryimage","url":"https:\/\/mestra.es\/wp-content\/uploads\/2024\/03\/100512.jpg","contentUrl":"https:\/\/mestra.es\/wp-content\/uploads\/2024\/03\/100512.jpg","width":600,"height":600,"caption":"Purificador de aire mediano"},{"@type":"BreadcrumbList","@id":"https:\/\/mestra.es\/fr\/producto\/purificador-de-aire-mediano\/#breadcrumb","itemListElement":[{"@type":"ListItem","position":1,"name":"Portada","item":"https:\/\/mestra.es\/fr\/"},{"@type":"ListItem","position":2,"name":"Boutique","item":"https:\/\/mestra.es\/fr\/boutique\/"},{"@type":"ListItem","position":3,"name":"PURIFICATEUR D&#8217;AIR &#8211; MOYEN MODELE"}]},{"@type":"WebSite","@id":"https:\/\/mestra.es\/fr\/#website","url":"https:\/\/mestra.es\/fr\/","name":"Talleres Mestra","description":"","publisher":{"@id":"https:\/\/mestra.es\/fr\/#organization"},"potentialAction":[{"@type":"SearchAction","target":{"@type":"EntryPoint","urlTemplate":"https:\/\/mestra.es\/fr\/?s={search_term_string}"},"query-input":{"@type":"PropertyValueSpecification","valueRequired":true,"valueName":"search_term_string"}}],"inLanguage":"fr-FR"},{"@type":"Organization","@id":"https:\/\/mestra.es\/fr\/#organization","name":"Talleres Mestra","url":"https:\/\/mestra.es\/fr\/","logo":{"@type":"ImageObject","inLanguage":"fr-FR","@id":"https:\/\/mestra.es\/fr\/#\/schema\/logo\/image\/","url":"https:\/\/mestra.es\/wp-content\/uploads\/2024\/05\/logo_mestra.png","contentUrl":"https:\/\/mestra.es\/wp-content\/uploads\/2024\/05\/logo_mestra.png","width":300,"height":170,"caption":"Talleres Mestra"},"image":{"@id":"https:\/\/mestra.es\/fr\/#\/schema\/logo\/image\/"}}]},"product_price_currency":"EUR","og_availability":"instock","product_availability":"instock","product_retailer_item_id":"100512","product_condition":"new"},"_links":{"self":[{"href":"https:\/\/mestra.es\/fr\/wp-json\/wp\/v2\/product\/12233","targetHints":{"allow":["GET"]}}],"collection":[{"href":"https:\/\/mestra.es\/fr\/wp-json\/wp\/v2\/product"}],"about":[{"href":"https:\/\/mestra.es\/fr\/wp-json\/wp\/v2\/types\/product"}],"wp:featuredmedia":[{"embeddable":true,"href":"https:\/\/mestra.es\/fr\/wp-json\/wp\/v2\/media\/9777"}],"wp:attachment":[{"href":"https:\/\/mestra.es\/fr\/wp-json\/wp\/v2\/media?parent=12233"}],"wp:term":[{"taxonomy":"product_brand","embeddable":true,"href":"https:\/\/mestra.es\/fr\/wp-json\/wp\/v2\/product_brand?post=12233"},{"taxonomy":"product_cat","embeddable":true,"href":"https:\/\/mestra.es\/fr\/wp-json\/wp\/v2\/product_cat?post=12233"},{"taxonomy":"product_tag","embeddable":true,"href":"https:\/\/mestra.es\/fr\/wp-json\/wp\/v2\/product_tag?post=12233"}],"curies":[{"name":"wp","href":"https:\/\/api.w.org\/{rel}","templated":true}]}}