{"id":12191,"date":"2024-03-11T13:40:41","date_gmt":"2024-03-11T12:40:41","guid":{"rendered":"https:\/\/mestra.es\/producto\/reveladora-manual-con-negatoscopio-acero-inoxidable\/"},"modified":"2025-03-31T16:40:59","modified_gmt":"2025-03-31T14:40:59","slug":"reveladora-manual-con-negatoscopio-acero-inoxidable","status":"publish","type":"product","link":"https:\/\/mestra.es\/fr\/producto\/reveladora-manual-con-negatoscopio-acero-inoxidable\/","title":{"rendered":"DEVELOPPEUR MANUEL ACIER INOX AVEC NEGATOSCOPE"},"content":{"rendered":"<p>Developpeur manuel acier inox avec negatoscope. Sa ligne harmonieuse et ses dimensions r\u00e9duites permettent de l&rsquo;installer dans n&rsquo;importe quel endroit de la pi\u00e8ce.<\/p>\n<p>Fabriqu\u00e9e en acier inoxydable 18\/8, r\u00e9siste aux sels du r\u00e9v\u00e9lateur.<\/p>\n<p>Un couvercle-filtre prot\u00e8ge l\u0092int\u00e9rieur de la lumi\u00e8re directe, et la lampe dont elle est munie permet de visualiser le processus de manipulation des radiographies.<\/p>\n<p>Le n\u00e9gatoscope permet une \u00e9conomie de temps et de d\u00e9placements au cours des diagnostics.<\/p>\n","protected":false},"excerpt":{"rendered":"<p>Developpeur manuel acier inox avec negatoscope. Sa ligne harmonieuse et ses dimensions r\u00e9duites permettent de l&rsquo;installer dans n&rsquo;importe quel endroit de la pi\u00e8ce. Fabriqu\u00e9e en acier inoxydable 18\/8, r\u00e9siste aux sels du r\u00e9v\u00e9lateur. Un couvercle-filtre prot\u00e8ge l\u0092int\u00e9rieur de la lumi\u00e8re directe, et la lampe dont elle est munie permet de visualiser le processus de manipulation [&hellip;]<\/p>\n","protected":false},"featured_media":9511,"template":"","meta":{"_acf_changed":false,"_monsterinsights_skip_tracking":false,"_monsterinsights_sitenote_active":false,"_monsterinsights_sitenote_note":"","_monsterinsights_sitenote_category":0},"product_brand":[],"product_cat":[1364],"product_tag":[],"class_list":{"0":"post-12191","1":"product","2":"type-product","3":"status-publish","4":"has-post-thumbnail","6":"product_cat-rayons-x","8":"first","9":"instock","10":"product-type-simple"},"acf":[],"yoast_head":"<!-- This site is optimized with the Yoast SEO plugin v27.2 - https:\/\/yoast.com\/product\/yoast-seo-wordpress\/ -->\n<title>Developpeur manuel acier inox avec negatoscope | MESTRA<\/title>\n<meta name=\"description\" content=\"Chez MESTRA nous avons developpeur manuel acier inox avec negatoscope. Consultez notre catalogue de mat\u00e9riel dentaire et passez votre commande d\u00e8s maintenant.\" \/>\n<meta name=\"robots\" content=\"index, follow, max-snippet:-1, max-image-preview:large, max-video-preview:-1\" \/>\n<link rel=\"canonical\" href=\"https:\/\/mestra.es\/fr\/producto\/reveladora-manual-con-negatoscopio-acero-inoxidable\/\" \/>\n<meta property=\"og:locale\" content=\"fr_FR\" \/>\n<meta property=\"og:type\" content=\"article\" \/>\n<meta property=\"og:title\" content=\"Developpeur manuel acier inox avec negatoscope | MESTRA\" \/>\n<meta property=\"og:description\" content=\"Chez MESTRA nous avons developpeur manuel acier inox avec negatoscope. Consultez notre catalogue de mat\u00e9riel dentaire et passez votre commande d\u00e8s maintenant.\" \/>\n<meta property=\"og:url\" content=\"https:\/\/mestra.es\/fr\/producto\/reveladora-manual-con-negatoscopio-acero-inoxidable\/\" \/>\n<meta property=\"og:site_name\" content=\"Talleres Mestra\" \/>\n<meta property=\"article:modified_time\" content=\"2025-03-31T14:40:59+00:00\" \/>\n<meta property=\"og:image\" content=\"https:\/\/mestra.es\/wp-content\/uploads\/2024\/03\/070180.jpg\" \/>\n\t<meta property=\"og:image:width\" content=\"600\" \/>\n\t<meta property=\"og:image:height\" content=\"600\" \/>\n\t<meta property=\"og:image:type\" content=\"image\/jpeg\" \/>\n<meta name=\"twitter:card\" content=\"summary_large_image\" \/>\n<meta name=\"twitter:label1\" content=\"Prix\" \/>\n\t<meta name=\"twitter:data1\" content=\"\" \/>\n\t<meta name=\"twitter:label2\" content=\"Disponibilit\u00e9\" \/>\n\t<meta name=\"twitter:data2\" content=\"En stock\" \/>\n<script type=\"application\/ld+json\" class=\"yoast-schema-graph\">{\"@context\":\"https:\/\/schema.org\",\"@graph\":[{\"@type\":\"WebPage\",\"@id\":\"https:\/\/mestra.es\/fr\/producto\/reveladora-manual-con-negatoscopio-acero-inoxidable\/\",\"url\":\"https:\/\/mestra.es\/fr\/producto\/reveladora-manual-con-negatoscopio-acero-inoxidable\/\",\"name\":\"Developpeur manuel acier inox avec negatoscope | MESTRA\",\"isPartOf\":{\"@id\":\"https:\/\/mestra.es\/fr\/#website\"},\"primaryImageOfPage\":{\"@id\":\"https:\/\/mestra.es\/fr\/producto\/reveladora-manual-con-negatoscopio-acero-inoxidable\/#primaryimage\"},\"image\":{\"@id\":\"https:\/\/mestra.es\/fr\/producto\/reveladora-manual-con-negatoscopio-acero-inoxidable\/#primaryimage\"},\"thumbnailUrl\":\"https:\/\/mestra.es\/wp-content\/uploads\/2024\/03\/070180.jpg\",\"datePublished\":\"2024-03-11T12:40:41+00:00\",\"dateModified\":\"2025-03-31T14:40:59+00:00\",\"description\":\"Chez MESTRA nous avons developpeur manuel acier inox avec negatoscope. Consultez notre catalogue de mat\u00e9riel dentaire et passez votre commande d\u00e8s maintenant.\",\"breadcrumb\":{\"@id\":\"https:\/\/mestra.es\/fr\/producto\/reveladora-manual-con-negatoscopio-acero-inoxidable\/#breadcrumb\"},\"inLanguage\":\"fr-FR\",\"potentialAction\":[{\"@type\":\"ReadAction\",\"target\":[\"https:\/\/mestra.es\/fr\/producto\/reveladora-manual-con-negatoscopio-acero-inoxidable\/\"]}]},{\"@type\":\"ImageObject\",\"inLanguage\":\"fr-FR\",\"@id\":\"https:\/\/mestra.es\/fr\/producto\/reveladora-manual-con-negatoscopio-acero-inoxidable\/#primaryimage\",\"url\":\"https:\/\/mestra.es\/wp-content\/uploads\/2024\/03\/070180.jpg\",\"contentUrl\":\"https:\/\/mestra.es\/wp-content\/uploads\/2024\/03\/070180.jpg\",\"width\":600,\"height\":600,\"caption\":\"Reveladora manual con negatoscopio\"},{\"@type\":\"BreadcrumbList\",\"@id\":\"https:\/\/mestra.es\/fr\/producto\/reveladora-manual-con-negatoscopio-acero-inoxidable\/#breadcrumb\",\"itemListElement\":[{\"@type\":\"ListItem\",\"position\":1,\"name\":\"Portada\",\"item\":\"https:\/\/mestra.es\/fr\/\"},{\"@type\":\"ListItem\",\"position\":2,\"name\":\"Boutique\",\"item\":\"https:\/\/mestra.es\/fr\/boutique\/\"},{\"@type\":\"ListItem\",\"position\":3,\"name\":\"DEVELOPPEUR MANUEL ACIER INOX AVEC NEGATOSCOPE\"}]},{\"@type\":\"WebSite\",\"@id\":\"https:\/\/mestra.es\/fr\/#website\",\"url\":\"https:\/\/mestra.es\/fr\/\",\"name\":\"Talleres Mestra\",\"description\":\"\",\"publisher\":{\"@id\":\"https:\/\/mestra.es\/fr\/#organization\"},\"potentialAction\":[{\"@type\":\"SearchAction\",\"target\":{\"@type\":\"EntryPoint\",\"urlTemplate\":\"https:\/\/mestra.es\/fr\/?s={search_term_string}\"},\"query-input\":{\"@type\":\"PropertyValueSpecification\",\"valueRequired\":true,\"valueName\":\"search_term_string\"}}],\"inLanguage\":\"fr-FR\"},{\"@type\":\"Organization\",\"@id\":\"https:\/\/mestra.es\/fr\/#organization\",\"name\":\"Talleres Mestra\",\"url\":\"https:\/\/mestra.es\/fr\/\",\"logo\":{\"@type\":\"ImageObject\",\"inLanguage\":\"fr-FR\",\"@id\":\"https:\/\/mestra.es\/fr\/#\/schema\/logo\/image\/\",\"url\":\"https:\/\/mestra.es\/wp-content\/uploads\/2024\/05\/logo_mestra.png\",\"contentUrl\":\"https:\/\/mestra.es\/wp-content\/uploads\/2024\/05\/logo_mestra.png\",\"width\":300,\"height\":170,\"caption\":\"Talleres Mestra\"},\"image\":{\"@id\":\"https:\/\/mestra.es\/fr\/#\/schema\/logo\/image\/\"}}]}<\/script>\n<meta property=\"product:price:currency\" content=\"EUR\" \/>\n<meta property=\"og:availability\" content=\"instock\" \/>\n<meta property=\"product:availability\" content=\"instock\" \/>\n<meta property=\"product:retailer_item_id\" content=\"070180\" \/>\n<meta property=\"product:condition\" content=\"new\" \/>\n<!-- \/ Yoast SEO plugin. -->","yoast_head_json":{"title":"Developpeur manuel acier inox avec negatoscope | MESTRA","description":"Chez MESTRA nous avons developpeur manuel acier inox avec negatoscope. Consultez notre catalogue de mat\u00e9riel dentaire et passez votre commande d\u00e8s maintenant.","robots":{"index":"index","follow":"follow","max-snippet":"max-snippet:-1","max-image-preview":"max-image-preview:large","max-video-preview":"max-video-preview:-1"},"canonical":"https:\/\/mestra.es\/fr\/producto\/reveladora-manual-con-negatoscopio-acero-inoxidable\/","og_locale":"fr_FR","og_type":"article","og_title":"Developpeur manuel acier inox avec negatoscope | MESTRA","og_description":"Chez MESTRA nous avons developpeur manuel acier inox avec negatoscope. Consultez notre catalogue de mat\u00e9riel dentaire et passez votre commande d\u00e8s maintenant.","og_url":"https:\/\/mestra.es\/fr\/producto\/reveladora-manual-con-negatoscopio-acero-inoxidable\/","og_site_name":"Talleres Mestra","article_modified_time":"2025-03-31T14:40:59+00:00","og_image":[{"width":600,"height":600,"url":"https:\/\/mestra.es\/wp-content\/uploads\/2024\/03\/070180.jpg","type":"image\/jpeg"}],"twitter_card":"summary_large_image","twitter_misc":{"Prix":"","Disponibilit\u00e9":"En stock"},"schema":{"@context":"https:\/\/schema.org","@graph":[{"@type":"WebPage","@id":"https:\/\/mestra.es\/fr\/producto\/reveladora-manual-con-negatoscopio-acero-inoxidable\/","url":"https:\/\/mestra.es\/fr\/producto\/reveladora-manual-con-negatoscopio-acero-inoxidable\/","name":"Developpeur manuel acier inox avec negatoscope | MESTRA","isPartOf":{"@id":"https:\/\/mestra.es\/fr\/#website"},"primaryImageOfPage":{"@id":"https:\/\/mestra.es\/fr\/producto\/reveladora-manual-con-negatoscopio-acero-inoxidable\/#primaryimage"},"image":{"@id":"https:\/\/mestra.es\/fr\/producto\/reveladora-manual-con-negatoscopio-acero-inoxidable\/#primaryimage"},"thumbnailUrl":"https:\/\/mestra.es\/wp-content\/uploads\/2024\/03\/070180.jpg","datePublished":"2024-03-11T12:40:41+00:00","dateModified":"2025-03-31T14:40:59+00:00","description":"Chez MESTRA nous avons developpeur manuel acier inox avec negatoscope. Consultez notre catalogue de mat\u00e9riel dentaire et passez votre commande d\u00e8s maintenant.","breadcrumb":{"@id":"https:\/\/mestra.es\/fr\/producto\/reveladora-manual-con-negatoscopio-acero-inoxidable\/#breadcrumb"},"inLanguage":"fr-FR","potentialAction":[{"@type":"ReadAction","target":["https:\/\/mestra.es\/fr\/producto\/reveladora-manual-con-negatoscopio-acero-inoxidable\/"]}]},{"@type":"ImageObject","inLanguage":"fr-FR","@id":"https:\/\/mestra.es\/fr\/producto\/reveladora-manual-con-negatoscopio-acero-inoxidable\/#primaryimage","url":"https:\/\/mestra.es\/wp-content\/uploads\/2024\/03\/070180.jpg","contentUrl":"https:\/\/mestra.es\/wp-content\/uploads\/2024\/03\/070180.jpg","width":600,"height":600,"caption":"Reveladora manual con negatoscopio"},{"@type":"BreadcrumbList","@id":"https:\/\/mestra.es\/fr\/producto\/reveladora-manual-con-negatoscopio-acero-inoxidable\/#breadcrumb","itemListElement":[{"@type":"ListItem","position":1,"name":"Portada","item":"https:\/\/mestra.es\/fr\/"},{"@type":"ListItem","position":2,"name":"Boutique","item":"https:\/\/mestra.es\/fr\/boutique\/"},{"@type":"ListItem","position":3,"name":"DEVELOPPEUR MANUEL ACIER INOX AVEC NEGATOSCOPE"}]},{"@type":"WebSite","@id":"https:\/\/mestra.es\/fr\/#website","url":"https:\/\/mestra.es\/fr\/","name":"Talleres Mestra","description":"","publisher":{"@id":"https:\/\/mestra.es\/fr\/#organization"},"potentialAction":[{"@type":"SearchAction","target":{"@type":"EntryPoint","urlTemplate":"https:\/\/mestra.es\/fr\/?s={search_term_string}"},"query-input":{"@type":"PropertyValueSpecification","valueRequired":true,"valueName":"search_term_string"}}],"inLanguage":"fr-FR"},{"@type":"Organization","@id":"https:\/\/mestra.es\/fr\/#organization","name":"Talleres Mestra","url":"https:\/\/mestra.es\/fr\/","logo":{"@type":"ImageObject","inLanguage":"fr-FR","@id":"https:\/\/mestra.es\/fr\/#\/schema\/logo\/image\/","url":"https:\/\/mestra.es\/wp-content\/uploads\/2024\/05\/logo_mestra.png","contentUrl":"https:\/\/mestra.es\/wp-content\/uploads\/2024\/05\/logo_mestra.png","width":300,"height":170,"caption":"Talleres Mestra"},"image":{"@id":"https:\/\/mestra.es\/fr\/#\/schema\/logo\/image\/"}}]},"product_price_currency":"EUR","og_availability":"instock","product_availability":"instock","product_retailer_item_id":"070180","product_condition":"new"},"_links":{"self":[{"href":"https:\/\/mestra.es\/fr\/wp-json\/wp\/v2\/product\/12191","targetHints":{"allow":["GET"]}}],"collection":[{"href":"https:\/\/mestra.es\/fr\/wp-json\/wp\/v2\/product"}],"about":[{"href":"https:\/\/mestra.es\/fr\/wp-json\/wp\/v2\/types\/product"}],"wp:featuredmedia":[{"embeddable":true,"href":"https:\/\/mestra.es\/fr\/wp-json\/wp\/v2\/media\/9511"}],"wp:attachment":[{"href":"https:\/\/mestra.es\/fr\/wp-json\/wp\/v2\/media?parent=12191"}],"wp:term":[{"taxonomy":"product_brand","embeddable":true,"href":"https:\/\/mestra.es\/fr\/wp-json\/wp\/v2\/product_brand?post=12191"},{"taxonomy":"product_cat","embeddable":true,"href":"https:\/\/mestra.es\/fr\/wp-json\/wp\/v2\/product_cat?post=12191"},{"taxonomy":"product_tag","embeddable":true,"href":"https:\/\/mestra.es\/fr\/wp-json\/wp\/v2\/product_tag?post=12191"}],"curies":[{"name":"wp","href":"https:\/\/api.w.org\/{rel}","templated":true}]}}