{"id":12161,"date":"2024-03-11T13:40:49","date_gmt":"2024-03-11T12:40:49","guid":{"rendered":"https:\/\/mestra.es\/producto\/calentador-placas-cera-registros-intraorales\/"},"modified":"2025-03-31T11:24:06","modified_gmt":"2025-03-31T09:24:06","slug":"calentador-placas-cera-registros-intraorales","status":"publish","type":"product","link":"https:\/\/mestra.es\/fr\/producto\/calentador-placas-cera-registros-intraorales\/","title":{"rendered":"RECHAUFFEUR POUR PLAQUES DE MORDUS"},"content":{"rendered":"<p>Appareil tr\u00e8s pratique pour les applications qui n\u00e9cessitent un maintien pr\u00e9cis de temp\u00e9rature (polym\u00e9risation de petits \u00e9l\u00e9ments, plaques de cire pour mordus, etc.).<\/p>\n<p>Il dispose d&rsquo;une cuve de 1 litre en acier inoxydable facile d&rsquo;entretien.<\/p>\n<p>La carcasse est r\u00e9alis\u00e9e en mati\u00e8re plastique ABS tr\u00e8s r\u00e9sistante \u00e0 l&rsquo;abrasion et aux chocs.<\/p>\n<p>Le contr\u00f4le de temp\u00e9rature du bain est r\u00e9alis\u00e9 par un thermostat \u00e9lectronique qui allie facilit\u00e9 d&#8217;emploi et grande pr\u00e9cision dans le maintien en temp\u00e9rature programm\u00e9e. La temp\u00e9rature peut se programmer de 30 \u00e0 75 \u00baC<\/p>\n<p>Une r\u00e9sistance puissante permet d\u0092atteindre la temp\u00e9rature requise en peu de temps.<\/p>\n","protected":false},"excerpt":{"rendered":"<p>Appareil tr\u00e8s pratique pour les applications qui n\u00e9cessitent un maintien pr\u00e9cis de temp\u00e9rature (polym\u00e9risation de petits \u00e9l\u00e9ments, plaques de cire pour mordus, etc.). Il dispose d&rsquo;une cuve de 1 litre en acier inoxydable facile d&rsquo;entretien. La carcasse est r\u00e9alis\u00e9e en mati\u00e8re plastique ABS tr\u00e8s r\u00e9sistante \u00e0 l&rsquo;abrasion et aux chocs. Le contr\u00f4le de temp\u00e9rature du [&hellip;]<\/p>\n","protected":false},"featured_media":9863,"template":"","meta":{"_acf_changed":false,"_monsterinsights_skip_tracking":false,"_monsterinsights_sitenote_active":false,"_monsterinsights_sitenote_note":"","_monsterinsights_sitenote_category":0},"product_brand":[],"product_cat":[2003],"product_tag":[],"class_list":{"0":"post-12161","1":"product","2":"type-product","3":"status-publish","4":"has-post-thumbnail","6":"product_cat-cire-fr","8":"first","9":"instock","10":"product-type-simple"},"acf":[],"yoast_head":"<!-- This site is optimized with the Yoast SEO plugin v27.2 - https:\/\/yoast.com\/product\/yoast-seo-wordpress\/ -->\n<title>Rechauffeur pour plaques de mordus | MESTRA<\/title>\n<meta name=\"description\" content=\"Chez MESTRA nous avons rechauffeur pour plaques de mordus. Consultez notre catalogue de mat\u00e9riel dentaire et passez votre commande d\u00e8s maintenant.\" \/>\n<meta name=\"robots\" content=\"index, follow, max-snippet:-1, max-image-preview:large, max-video-preview:-1\" \/>\n<link rel=\"canonical\" href=\"https:\/\/mestra.es\/fr\/producto\/calentador-placas-cera-registros-intraorales\/\" \/>\n<meta property=\"og:locale\" content=\"fr_FR\" \/>\n<meta property=\"og:type\" content=\"article\" \/>\n<meta property=\"og:title\" content=\"Rechauffeur pour plaques de mordus | MESTRA\" \/>\n<meta property=\"og:description\" content=\"Chez MESTRA nous avons rechauffeur pour plaques de mordus. Consultez notre catalogue de mat\u00e9riel dentaire et passez votre commande d\u00e8s maintenant.\" \/>\n<meta property=\"og:url\" content=\"https:\/\/mestra.es\/fr\/producto\/calentador-placas-cera-registros-intraorales\/\" \/>\n<meta property=\"og:site_name\" content=\"Talleres Mestra\" \/>\n<meta property=\"article:modified_time\" content=\"2025-03-31T09:24:06+00:00\" \/>\n<meta property=\"og:image\" content=\"https:\/\/mestra.es\/wp-content\/uploads\/2024\/05\/080078.jpg\" \/>\n\t<meta property=\"og:image:width\" content=\"600\" \/>\n\t<meta property=\"og:image:height\" content=\"600\" \/>\n\t<meta property=\"og:image:type\" content=\"image\/jpeg\" \/>\n<meta name=\"twitter:card\" content=\"summary_large_image\" \/>\n<meta name=\"twitter:label1\" content=\"Prix\" \/>\n\t<meta name=\"twitter:data1\" content=\"\" \/>\n\t<meta name=\"twitter:label2\" content=\"Disponibilit\u00e9\" \/>\n\t<meta name=\"twitter:data2\" content=\"En stock\" \/>\n<script type=\"application\/ld+json\" class=\"yoast-schema-graph\">{\"@context\":\"https:\/\/schema.org\",\"@graph\":[{\"@type\":\"WebPage\",\"@id\":\"https:\/\/mestra.es\/fr\/producto\/calentador-placas-cera-registros-intraorales\/\",\"url\":\"https:\/\/mestra.es\/fr\/producto\/calentador-placas-cera-registros-intraorales\/\",\"name\":\"Rechauffeur pour plaques de mordus | MESTRA\",\"isPartOf\":{\"@id\":\"https:\/\/mestra.es\/fr\/#website\"},\"primaryImageOfPage\":{\"@id\":\"https:\/\/mestra.es\/fr\/producto\/calentador-placas-cera-registros-intraorales\/#primaryimage\"},\"image\":{\"@id\":\"https:\/\/mestra.es\/fr\/producto\/calentador-placas-cera-registros-intraorales\/#primaryimage\"},\"thumbnailUrl\":\"https:\/\/mestra.es\/wp-content\/uploads\/2024\/05\/080078.jpg\",\"datePublished\":\"2024-03-11T12:40:49+00:00\",\"dateModified\":\"2025-03-31T09:24:06+00:00\",\"description\":\"Chez MESTRA nous avons rechauffeur pour plaques de mordus. Consultez notre catalogue de mat\u00e9riel dentaire et passez votre commande d\u00e8s maintenant.\",\"breadcrumb\":{\"@id\":\"https:\/\/mestra.es\/fr\/producto\/calentador-placas-cera-registros-intraorales\/#breadcrumb\"},\"inLanguage\":\"fr-FR\",\"potentialAction\":[{\"@type\":\"ReadAction\",\"target\":[\"https:\/\/mestra.es\/fr\/producto\/calentador-placas-cera-registros-intraorales\/\"]}]},{\"@type\":\"ImageObject\",\"inLanguage\":\"fr-FR\",\"@id\":\"https:\/\/mestra.es\/fr\/producto\/calentador-placas-cera-registros-intraorales\/#primaryimage\",\"url\":\"https:\/\/mestra.es\/wp-content\/uploads\/2024\/05\/080078.jpg\",\"contentUrl\":\"https:\/\/mestra.es\/wp-content\/uploads\/2024\/05\/080078.jpg\",\"width\":600,\"height\":600,\"caption\":\"Calentador de placas de cera\"},{\"@type\":\"BreadcrumbList\",\"@id\":\"https:\/\/mestra.es\/fr\/producto\/calentador-placas-cera-registros-intraorales\/#breadcrumb\",\"itemListElement\":[{\"@type\":\"ListItem\",\"position\":1,\"name\":\"Portada\",\"item\":\"https:\/\/mestra.es\/fr\/\"},{\"@type\":\"ListItem\",\"position\":2,\"name\":\"Boutique\",\"item\":\"https:\/\/mestra.es\/fr\/boutique\/\"},{\"@type\":\"ListItem\",\"position\":3,\"name\":\"RECHAUFFEUR POUR PLAQUES DE MORDUS\"}]},{\"@type\":\"WebSite\",\"@id\":\"https:\/\/mestra.es\/fr\/#website\",\"url\":\"https:\/\/mestra.es\/fr\/\",\"name\":\"Talleres Mestra\",\"description\":\"\",\"publisher\":{\"@id\":\"https:\/\/mestra.es\/fr\/#organization\"},\"potentialAction\":[{\"@type\":\"SearchAction\",\"target\":{\"@type\":\"EntryPoint\",\"urlTemplate\":\"https:\/\/mestra.es\/fr\/?s={search_term_string}\"},\"query-input\":{\"@type\":\"PropertyValueSpecification\",\"valueRequired\":true,\"valueName\":\"search_term_string\"}}],\"inLanguage\":\"fr-FR\"},{\"@type\":\"Organization\",\"@id\":\"https:\/\/mestra.es\/fr\/#organization\",\"name\":\"Talleres Mestra\",\"url\":\"https:\/\/mestra.es\/fr\/\",\"logo\":{\"@type\":\"ImageObject\",\"inLanguage\":\"fr-FR\",\"@id\":\"https:\/\/mestra.es\/fr\/#\/schema\/logo\/image\/\",\"url\":\"https:\/\/mestra.es\/wp-content\/uploads\/2024\/05\/logo_mestra.png\",\"contentUrl\":\"https:\/\/mestra.es\/wp-content\/uploads\/2024\/05\/logo_mestra.png\",\"width\":300,\"height\":170,\"caption\":\"Talleres Mestra\"},\"image\":{\"@id\":\"https:\/\/mestra.es\/fr\/#\/schema\/logo\/image\/\"}}]}<\/script>\n<meta property=\"product:price:currency\" content=\"EUR\" \/>\n<meta property=\"og:availability\" content=\"instock\" \/>\n<meta property=\"product:availability\" content=\"instock\" \/>\n<meta property=\"product:retailer_item_id\" content=\"080078\" \/>\n<meta property=\"product:condition\" content=\"new\" \/>\n<!-- \/ Yoast SEO plugin. -->","yoast_head_json":{"title":"Rechauffeur pour plaques de mordus | MESTRA","description":"Chez MESTRA nous avons rechauffeur pour plaques de mordus. Consultez notre catalogue de mat\u00e9riel dentaire et passez votre commande d\u00e8s maintenant.","robots":{"index":"index","follow":"follow","max-snippet":"max-snippet:-1","max-image-preview":"max-image-preview:large","max-video-preview":"max-video-preview:-1"},"canonical":"https:\/\/mestra.es\/fr\/producto\/calentador-placas-cera-registros-intraorales\/","og_locale":"fr_FR","og_type":"article","og_title":"Rechauffeur pour plaques de mordus | MESTRA","og_description":"Chez MESTRA nous avons rechauffeur pour plaques de mordus. Consultez notre catalogue de mat\u00e9riel dentaire et passez votre commande d\u00e8s maintenant.","og_url":"https:\/\/mestra.es\/fr\/producto\/calentador-placas-cera-registros-intraorales\/","og_site_name":"Talleres Mestra","article_modified_time":"2025-03-31T09:24:06+00:00","og_image":[{"width":600,"height":600,"url":"https:\/\/mestra.es\/wp-content\/uploads\/2024\/05\/080078.jpg","type":"image\/jpeg"}],"twitter_card":"summary_large_image","twitter_misc":{"Prix":"","Disponibilit\u00e9":"En stock"},"schema":{"@context":"https:\/\/schema.org","@graph":[{"@type":"WebPage","@id":"https:\/\/mestra.es\/fr\/producto\/calentador-placas-cera-registros-intraorales\/","url":"https:\/\/mestra.es\/fr\/producto\/calentador-placas-cera-registros-intraorales\/","name":"Rechauffeur pour plaques de mordus | MESTRA","isPartOf":{"@id":"https:\/\/mestra.es\/fr\/#website"},"primaryImageOfPage":{"@id":"https:\/\/mestra.es\/fr\/producto\/calentador-placas-cera-registros-intraorales\/#primaryimage"},"image":{"@id":"https:\/\/mestra.es\/fr\/producto\/calentador-placas-cera-registros-intraorales\/#primaryimage"},"thumbnailUrl":"https:\/\/mestra.es\/wp-content\/uploads\/2024\/05\/080078.jpg","datePublished":"2024-03-11T12:40:49+00:00","dateModified":"2025-03-31T09:24:06+00:00","description":"Chez MESTRA nous avons rechauffeur pour plaques de mordus. Consultez notre catalogue de mat\u00e9riel dentaire et passez votre commande d\u00e8s maintenant.","breadcrumb":{"@id":"https:\/\/mestra.es\/fr\/producto\/calentador-placas-cera-registros-intraorales\/#breadcrumb"},"inLanguage":"fr-FR","potentialAction":[{"@type":"ReadAction","target":["https:\/\/mestra.es\/fr\/producto\/calentador-placas-cera-registros-intraorales\/"]}]},{"@type":"ImageObject","inLanguage":"fr-FR","@id":"https:\/\/mestra.es\/fr\/producto\/calentador-placas-cera-registros-intraorales\/#primaryimage","url":"https:\/\/mestra.es\/wp-content\/uploads\/2024\/05\/080078.jpg","contentUrl":"https:\/\/mestra.es\/wp-content\/uploads\/2024\/05\/080078.jpg","width":600,"height":600,"caption":"Calentador de placas de cera"},{"@type":"BreadcrumbList","@id":"https:\/\/mestra.es\/fr\/producto\/calentador-placas-cera-registros-intraorales\/#breadcrumb","itemListElement":[{"@type":"ListItem","position":1,"name":"Portada","item":"https:\/\/mestra.es\/fr\/"},{"@type":"ListItem","position":2,"name":"Boutique","item":"https:\/\/mestra.es\/fr\/boutique\/"},{"@type":"ListItem","position":3,"name":"RECHAUFFEUR POUR PLAQUES DE MORDUS"}]},{"@type":"WebSite","@id":"https:\/\/mestra.es\/fr\/#website","url":"https:\/\/mestra.es\/fr\/","name":"Talleres Mestra","description":"","publisher":{"@id":"https:\/\/mestra.es\/fr\/#organization"},"potentialAction":[{"@type":"SearchAction","target":{"@type":"EntryPoint","urlTemplate":"https:\/\/mestra.es\/fr\/?s={search_term_string}"},"query-input":{"@type":"PropertyValueSpecification","valueRequired":true,"valueName":"search_term_string"}}],"inLanguage":"fr-FR"},{"@type":"Organization","@id":"https:\/\/mestra.es\/fr\/#organization","name":"Talleres Mestra","url":"https:\/\/mestra.es\/fr\/","logo":{"@type":"ImageObject","inLanguage":"fr-FR","@id":"https:\/\/mestra.es\/fr\/#\/schema\/logo\/image\/","url":"https:\/\/mestra.es\/wp-content\/uploads\/2024\/05\/logo_mestra.png","contentUrl":"https:\/\/mestra.es\/wp-content\/uploads\/2024\/05\/logo_mestra.png","width":300,"height":170,"caption":"Talleres Mestra"},"image":{"@id":"https:\/\/mestra.es\/fr\/#\/schema\/logo\/image\/"}}]},"product_price_currency":"EUR","og_availability":"instock","product_availability":"instock","product_retailer_item_id":"080078","product_condition":"new"},"_links":{"self":[{"href":"https:\/\/mestra.es\/fr\/wp-json\/wp\/v2\/product\/12161","targetHints":{"allow":["GET"]}}],"collection":[{"href":"https:\/\/mestra.es\/fr\/wp-json\/wp\/v2\/product"}],"about":[{"href":"https:\/\/mestra.es\/fr\/wp-json\/wp\/v2\/types\/product"}],"wp:featuredmedia":[{"embeddable":true,"href":"https:\/\/mestra.es\/fr\/wp-json\/wp\/v2\/media\/9863"}],"wp:attachment":[{"href":"https:\/\/mestra.es\/fr\/wp-json\/wp\/v2\/media?parent=12161"}],"wp:term":[{"taxonomy":"product_brand","embeddable":true,"href":"https:\/\/mestra.es\/fr\/wp-json\/wp\/v2\/product_brand?post=12161"},{"taxonomy":"product_cat","embeddable":true,"href":"https:\/\/mestra.es\/fr\/wp-json\/wp\/v2\/product_cat?post=12161"},{"taxonomy":"product_tag","embeddable":true,"href":"https:\/\/mestra.es\/fr\/wp-json\/wp\/v2\/product_tag?post=12161"}],"curies":[{"name":"wp","href":"https:\/\/api.w.org\/{rel}","templated":true}]}}