{"id":12108,"date":"2024-03-11T16:30:09","date_gmt":"2024-03-11T15:30:09","guid":{"rendered":"https:\/\/mestra.es\/producto\/sirocco\/"},"modified":"2025-12-11T08:12:14","modified_gmt":"2025-12-11T07:12:14","slug":"sirocco","status":"publish","type":"product","link":"https:\/\/mestra.es\/fr\/producto\/sirocco\/","title":{"rendered":"Sirocco"},"content":{"rendered":"<p>Unit\u00e9 d\u2019aspiration robustes, silencieuses et tr\u00e8s fiables. Une plus grande capacit\u00e9, tr\u00e8s utile dans les syst\u00e8mes d\u2019aspiration CAD\/CAM.<\/p>\n<p>Son moteur de type \u201cbrushless\u201d prolonge sa dur\u00e9e de vie entre cinq et dix fois par rapport aux mod\u00e8les traditionnels.<\/p>\n<p>Ils int\u00e8grent une connexion pour un micro-moteur externe et une fraiseuse qui fonctionneront en synchronisation avec l\u2019unit\u00e9 d\u2019aspiration. De plus, sa conception ergonomique avec poign\u00e9es et roulettes facilite son utilisation et sa mobilit\u00e9 au cabinet et au laboratoire.<\/p>\n<p>Selon les besoins, vous pouvez opter pour l\u2019utilisation de filtres jetables ou r\u00e9utilisables de type HEPA, voire d\u2019un filtre ULPA. Vous pouvez \u00e9galement opter pour trois types de bras diff\u00e9rents; tube flexible pour la connexion \u00e0 d\u2019autres appareils, bras de serpent r\u00e9glable ou bras articul\u00e9, qui ont \u00e9galement des bouches d\u2019aspiration diff\u00e9rentes.<\/p>\n<ul>\n<li>Ensemble complet d\u2019accessoires enti\u00e8rement compatibles.<\/li>\n<li>Fonctionnement extr\u00eamement silencieux.<\/li>\n<li>Facilit\u00e9 d\u2019utilisation et de changement de filtre.<\/li>\n<\/ul>\n<h3><span style=\"text-decoration: underline;\"><strong>TAILLE L<\/strong><\/span><\/h3>\n<ul>\n<li><strong>Mesures: <\/strong>Hauteur 800 mm x Largeur 290 mm x Profondeur 330 mm<\/li>\n<li><strong>Poids\u00a0:<\/strong>\u00a013 kg<\/li>\n<li><strong>Puissance\u00a0:<\/strong>\u00a0800 W<\/li>\n<li><strong>Bruit\u00a0:<\/strong>\u00a055 dB<\/li>\n<li>C\u00e2ble CAM d\u2019interface<\/li>\n<li>Cat\u00e9gorie filtr\u00e9e ULPA U15<\/li>\n<\/ul>\n","protected":false},"excerpt":{"rendered":"<p>Unit\u00e9 d\u2019aspiration robustes, silencieuses et tr\u00e8s fiables.<\/p>\n","protected":false},"featured_media":26088,"template":"","meta":{"_acf_changed":false,"_monsterinsights_skip_tracking":false,"_monsterinsights_sitenote_active":false,"_monsterinsights_sitenote_note":"","_monsterinsights_sitenote_category":0},"product_brand":[],"product_cat":[1370],"product_tag":[],"class_list":{"0":"post-12108","1":"product","2":"type-product","3":"status-publish","4":"has-post-thumbnail","6":"product_cat-aspirations","7":"pa_brazo-articulle","8":"pa_brazo-flexible-fr","9":"pa_brazo-souple","10":"pa_filtro-jetable","11":"pa_filtro-reutilisable","12":"pa_tamano-aspiradora-grand","13":"pa_tamano-aspiradora-petite","15":"first","16":"instock","17":"product-type-variable"},"acf":[],"yoast_head":"<!-- This site is optimized with the Yoast SEO plugin v27.2 - https:\/\/yoast.com\/product\/yoast-seo-wordpress\/ -->\n<title>Sirocco unit\u00e9s d\u2019aspiration | MESTRA<\/title>\n<meta name=\"description\" content=\"Chez MESTRA, nous avons l&#039;unit\u00e9 d&#039;aspiration Sirocco. Consultez notre catalogue de mat\u00e9riel dentaire et passez votre commande d\u00e8s maintenant.\" \/>\n<meta name=\"robots\" content=\"index, follow, max-snippet:-1, max-image-preview:large, max-video-preview:-1\" \/>\n<link rel=\"canonical\" href=\"https:\/\/mestra.es\/fr\/producto\/sirocco\/\" \/>\n<meta property=\"og:locale\" content=\"fr_FR\" \/>\n<meta property=\"og:type\" content=\"article\" \/>\n<meta property=\"og:title\" content=\"Sirocco unit\u00e9s d\u2019aspiration | MESTRA\" \/>\n<meta property=\"og:description\" content=\"Chez MESTRA, nous avons l&#039;unit\u00e9 d&#039;aspiration Sirocco. Consultez notre catalogue de mat\u00e9riel dentaire et passez votre commande d\u00e8s maintenant.\" \/>\n<meta property=\"og:url\" content=\"https:\/\/mestra.es\/fr\/producto\/sirocco\/\" \/>\n<meta property=\"og:site_name\" content=\"Talleres Mestra\" \/>\n<meta property=\"article:modified_time\" content=\"2025-12-11T07:12:14+00:00\" \/>\n<meta property=\"og:image\" content=\"https:\/\/mestra.es\/wp-content\/uploads\/2024\/03\/080537.jpg\" \/>\n\t<meta property=\"og:image:width\" content=\"600\" \/>\n\t<meta property=\"og:image:height\" content=\"600\" \/>\n\t<meta property=\"og:image:type\" content=\"image\/jpeg\" \/>\n<meta name=\"twitter:card\" content=\"summary_large_image\" \/>\n<meta name=\"twitter:label1\" content=\"Disponibilit\u00e9\" \/>\n\t<meta name=\"twitter:data1\" content=\"En stock\" \/>\n<script type=\"application\/ld+json\" class=\"yoast-schema-graph\">{\"@context\":\"https:\/\/schema.org\",\"@graph\":[{\"@type\":\"WebPage\",\"@id\":\"https:\/\/mestra.es\/fr\/producto\/sirocco\/\",\"url\":\"https:\/\/mestra.es\/fr\/producto\/sirocco\/\",\"name\":\"Sirocco unit\u00e9s d\u2019aspiration | MESTRA\",\"isPartOf\":{\"@id\":\"https:\/\/mestra.es\/fr\/#website\"},\"primaryImageOfPage\":{\"@id\":\"https:\/\/mestra.es\/fr\/producto\/sirocco\/#primaryimage\"},\"image\":{\"@id\":\"https:\/\/mestra.es\/fr\/producto\/sirocco\/#primaryimage\"},\"thumbnailUrl\":\"https:\/\/mestra.es\/wp-content\/uploads\/2024\/03\/080537.jpg\",\"datePublished\":\"2024-03-11T15:30:09+00:00\",\"dateModified\":\"2025-12-11T07:12:14+00:00\",\"description\":\"Chez MESTRA, nous avons l'unit\u00e9 d'aspiration Sirocco. Consultez notre catalogue de mat\u00e9riel dentaire et passez votre commande d\u00e8s maintenant.\",\"breadcrumb\":{\"@id\":\"https:\/\/mestra.es\/fr\/producto\/sirocco\/#breadcrumb\"},\"inLanguage\":\"fr-FR\",\"potentialAction\":[{\"@type\":\"ReadAction\",\"target\":[\"https:\/\/mestra.es\/fr\/producto\/sirocco\/\"]}]},{\"@type\":\"ImageObject\",\"inLanguage\":\"fr-FR\",\"@id\":\"https:\/\/mestra.es\/fr\/producto\/sirocco\/#primaryimage\",\"url\":\"https:\/\/mestra.es\/wp-content\/uploads\/2024\/03\/080537.jpg\",\"contentUrl\":\"https:\/\/mestra.es\/wp-content\/uploads\/2024\/03\/080537.jpg\",\"width\":600,\"height\":600},{\"@type\":\"BreadcrumbList\",\"@id\":\"https:\/\/mestra.es\/fr\/producto\/sirocco\/#breadcrumb\",\"itemListElement\":[{\"@type\":\"ListItem\",\"position\":1,\"name\":\"Portada\",\"item\":\"https:\/\/mestra.es\/fr\/\"},{\"@type\":\"ListItem\",\"position\":2,\"name\":\"Boutique\",\"item\":\"https:\/\/mestra.es\/fr\/boutique\/\"},{\"@type\":\"ListItem\",\"position\":3,\"name\":\"Sirocco\"}]},{\"@type\":\"WebSite\",\"@id\":\"https:\/\/mestra.es\/fr\/#website\",\"url\":\"https:\/\/mestra.es\/fr\/\",\"name\":\"Talleres Mestra\",\"description\":\"\",\"publisher\":{\"@id\":\"https:\/\/mestra.es\/fr\/#organization\"},\"potentialAction\":[{\"@type\":\"SearchAction\",\"target\":{\"@type\":\"EntryPoint\",\"urlTemplate\":\"https:\/\/mestra.es\/fr\/?s={search_term_string}\"},\"query-input\":{\"@type\":\"PropertyValueSpecification\",\"valueRequired\":true,\"valueName\":\"search_term_string\"}}],\"inLanguage\":\"fr-FR\"},{\"@type\":\"Organization\",\"@id\":\"https:\/\/mestra.es\/fr\/#organization\",\"name\":\"Talleres Mestra\",\"url\":\"https:\/\/mestra.es\/fr\/\",\"logo\":{\"@type\":\"ImageObject\",\"inLanguage\":\"fr-FR\",\"@id\":\"https:\/\/mestra.es\/fr\/#\/schema\/logo\/image\/\",\"url\":\"https:\/\/mestra.es\/wp-content\/uploads\/2024\/05\/logo_mestra.png\",\"contentUrl\":\"https:\/\/mestra.es\/wp-content\/uploads\/2024\/05\/logo_mestra.png\",\"width\":300,\"height\":170,\"caption\":\"Talleres Mestra\"},\"image\":{\"@id\":\"https:\/\/mestra.es\/fr\/#\/schema\/logo\/image\/\"}}]}<\/script>\n<meta property=\"og:availability\" content=\"instock\" \/>\n<meta property=\"product:availability\" content=\"instock\" \/>\n<meta property=\"product:retailer_item_id\" content=\"SIROCCO\" \/>\n<meta property=\"product:condition\" content=\"new\" \/>\n<!-- \/ Yoast SEO plugin. -->","yoast_head_json":{"title":"Sirocco unit\u00e9s d\u2019aspiration | MESTRA","description":"Chez MESTRA, nous avons l'unit\u00e9 d'aspiration Sirocco. Consultez notre catalogue de mat\u00e9riel dentaire et passez votre commande d\u00e8s maintenant.","robots":{"index":"index","follow":"follow","max-snippet":"max-snippet:-1","max-image-preview":"max-image-preview:large","max-video-preview":"max-video-preview:-1"},"canonical":"https:\/\/mestra.es\/fr\/producto\/sirocco\/","og_locale":"fr_FR","og_type":"article","og_title":"Sirocco unit\u00e9s d\u2019aspiration | MESTRA","og_description":"Chez MESTRA, nous avons l'unit\u00e9 d'aspiration Sirocco. Consultez notre catalogue de mat\u00e9riel dentaire et passez votre commande d\u00e8s maintenant.","og_url":"https:\/\/mestra.es\/fr\/producto\/sirocco\/","og_site_name":"Talleres Mestra","article_modified_time":"2025-12-11T07:12:14+00:00","og_image":[{"width":600,"height":600,"url":"https:\/\/mestra.es\/wp-content\/uploads\/2024\/03\/080537.jpg","type":"image\/jpeg"}],"twitter_card":"summary_large_image","twitter_misc":{"Disponibilit\u00e9":"En stock"},"schema":{"@context":"https:\/\/schema.org","@graph":[{"@type":"WebPage","@id":"https:\/\/mestra.es\/fr\/producto\/sirocco\/","url":"https:\/\/mestra.es\/fr\/producto\/sirocco\/","name":"Sirocco unit\u00e9s d\u2019aspiration | MESTRA","isPartOf":{"@id":"https:\/\/mestra.es\/fr\/#website"},"primaryImageOfPage":{"@id":"https:\/\/mestra.es\/fr\/producto\/sirocco\/#primaryimage"},"image":{"@id":"https:\/\/mestra.es\/fr\/producto\/sirocco\/#primaryimage"},"thumbnailUrl":"https:\/\/mestra.es\/wp-content\/uploads\/2024\/03\/080537.jpg","datePublished":"2024-03-11T15:30:09+00:00","dateModified":"2025-12-11T07:12:14+00:00","description":"Chez MESTRA, nous avons l'unit\u00e9 d'aspiration Sirocco. Consultez notre catalogue de mat\u00e9riel dentaire et passez votre commande d\u00e8s maintenant.","breadcrumb":{"@id":"https:\/\/mestra.es\/fr\/producto\/sirocco\/#breadcrumb"},"inLanguage":"fr-FR","potentialAction":[{"@type":"ReadAction","target":["https:\/\/mestra.es\/fr\/producto\/sirocco\/"]}]},{"@type":"ImageObject","inLanguage":"fr-FR","@id":"https:\/\/mestra.es\/fr\/producto\/sirocco\/#primaryimage","url":"https:\/\/mestra.es\/wp-content\/uploads\/2024\/03\/080537.jpg","contentUrl":"https:\/\/mestra.es\/wp-content\/uploads\/2024\/03\/080537.jpg","width":600,"height":600},{"@type":"BreadcrumbList","@id":"https:\/\/mestra.es\/fr\/producto\/sirocco\/#breadcrumb","itemListElement":[{"@type":"ListItem","position":1,"name":"Portada","item":"https:\/\/mestra.es\/fr\/"},{"@type":"ListItem","position":2,"name":"Boutique","item":"https:\/\/mestra.es\/fr\/boutique\/"},{"@type":"ListItem","position":3,"name":"Sirocco"}]},{"@type":"WebSite","@id":"https:\/\/mestra.es\/fr\/#website","url":"https:\/\/mestra.es\/fr\/","name":"Talleres Mestra","description":"","publisher":{"@id":"https:\/\/mestra.es\/fr\/#organization"},"potentialAction":[{"@type":"SearchAction","target":{"@type":"EntryPoint","urlTemplate":"https:\/\/mestra.es\/fr\/?s={search_term_string}"},"query-input":{"@type":"PropertyValueSpecification","valueRequired":true,"valueName":"search_term_string"}}],"inLanguage":"fr-FR"},{"@type":"Organization","@id":"https:\/\/mestra.es\/fr\/#organization","name":"Talleres Mestra","url":"https:\/\/mestra.es\/fr\/","logo":{"@type":"ImageObject","inLanguage":"fr-FR","@id":"https:\/\/mestra.es\/fr\/#\/schema\/logo\/image\/","url":"https:\/\/mestra.es\/wp-content\/uploads\/2024\/05\/logo_mestra.png","contentUrl":"https:\/\/mestra.es\/wp-content\/uploads\/2024\/05\/logo_mestra.png","width":300,"height":170,"caption":"Talleres Mestra"},"image":{"@id":"https:\/\/mestra.es\/fr\/#\/schema\/logo\/image\/"}}]},"og_availability":"instock","product_availability":"instock","product_retailer_item_id":"SIROCCO","product_condition":"new"},"_links":{"self":[{"href":"https:\/\/mestra.es\/fr\/wp-json\/wp\/v2\/product\/12108","targetHints":{"allow":["GET"]}}],"collection":[{"href":"https:\/\/mestra.es\/fr\/wp-json\/wp\/v2\/product"}],"about":[{"href":"https:\/\/mestra.es\/fr\/wp-json\/wp\/v2\/types\/product"}],"wp:featuredmedia":[{"embeddable":true,"href":"https:\/\/mestra.es\/fr\/wp-json\/wp\/v2\/media\/26088"}],"wp:attachment":[{"href":"https:\/\/mestra.es\/fr\/wp-json\/wp\/v2\/media?parent=12108"}],"wp:term":[{"taxonomy":"product_brand","embeddable":true,"href":"https:\/\/mestra.es\/fr\/wp-json\/wp\/v2\/product_brand?post=12108"},{"taxonomy":"product_cat","embeddable":true,"href":"https:\/\/mestra.es\/fr\/wp-json\/wp\/v2\/product_cat?post=12108"},{"taxonomy":"product_tag","embeddable":true,"href":"https:\/\/mestra.es\/fr\/wp-json\/wp\/v2\/product_tag?post=12108"}],"curies":[{"name":"wp","href":"https:\/\/api.w.org\/{rel}","templated":true}]}}