{"id":12044,"date":"2024-03-11T16:30:27","date_gmt":"2024-03-11T15:30:27","guid":{"rendered":"https:\/\/mestra.es\/producto\/chorro-t1\/"},"modified":"2026-01-14T11:39:53","modified_gmt":"2026-01-14T10:39:53","slug":"chorro-t1","status":"publish","type":"product","link":"https:\/\/mestra.es\/fr\/producto\/chorro-t1\/","title":{"rendered":"Sableuse T1"},"content":{"rendered":"<p>Une famille de sableuses compactes et \u00e9conomiques. Toutes sont \u00e9quip\u00e9es d&rsquo;un pistolet fixe de 3 mm de diam\u00e8tre, avec syst\u00e8me de recirculation du sable.<\/p>\n<ul>\n<li>T2 &#8211; Elle dispose \u00e9galement d&rsquo;un pistolet mobile de 1,25 mm de diam\u00e8tre.<\/li>\n<li>T3 &#8211; Elle dispose de deux buses mobiles de 1 et 1,25 mm. Le passage d&rsquo;un godet \u00e0 l&rsquo;autre se fait au moyen d&rsquo;une valve pneumatique.<\/li>\n<\/ul>\n<p>Tous les mod\u00e8les sont \u00e9quip\u00e9s d&rsquo;un \u00e9clairage LED \u00e0 l&rsquo;int\u00e9rieur. Les dimensions, l&rsquo;apparence et la finition sont similaires.<\/p>\n","protected":false},"excerpt":{"rendered":"<p>Une famille de sableuses compactes et \u00e9conomiques. Toutes sont \u00e9quip\u00e9es d&rsquo;un pistolet fixe de 3 mm de diam\u00e8tre, avec syst\u00e8me de recirculation du sable. T2 &#8211; Elle dispose \u00e9galement d&rsquo;un pistolet mobile de 1,25 mm de diam\u00e8tre. T3 &#8211; Elle dispose de deux buses mobiles de 1 et 1,25 mm. Le passage d&rsquo;un godet \u00e0 [&hellip;]<\/p>\n","protected":false},"featured_media":7461,"template":"","meta":{"_acf_changed":false,"_monsterinsights_skip_tracking":false,"_monsterinsights_sitenote_active":false,"_monsterinsights_sitenote_note":"","_monsterinsights_sitenote_category":0},"product_brand":[],"product_cat":[1366],"product_tag":[],"class_list":{"0":"post-12044","1":"product","2":"type-product","3":"status-publish","4":"has-post-thumbnail","6":"product_cat-sableuses-fr","7":"pa_pistola-sans-pistolet","8":"pa_pistola-avec-pistolet","9":"pa_vasos-deux","10":"pa_vasos-aucun","11":"pa_vasos-un","13":"first","14":"instock","15":"product-type-variable"},"acf":[],"yoast_head":"<!-- This site is optimized with the Yoast SEO plugin v27.2 - https:\/\/yoast.com\/product\/yoast-seo-wordpress\/ -->\n<title>Sableuse T1 - Talleres Mestra<\/title>\n<meta name=\"robots\" content=\"index, follow, max-snippet:-1, max-image-preview:large, max-video-preview:-1\" \/>\n<link rel=\"canonical\" href=\"https:\/\/mestra.es\/fr\/producto\/chorro-t1\/\" \/>\n<meta property=\"og:locale\" content=\"fr_FR\" \/>\n<meta property=\"og:type\" content=\"article\" \/>\n<meta property=\"og:title\" content=\"Sableuse T1 - Talleres Mestra\" \/>\n<meta property=\"og:description\" content=\"Une famille de sableuses compactes et \u00e9conomiques. Toutes sont \u00e9quip\u00e9es d&rsquo;un pistolet fixe de 3 mm de diam\u00e8tre, avec syst\u00e8me de recirculation du sable. T2 &#8211; Elle dispose \u00e9galement d&rsquo;un pistolet mobile de 1,25 mm de diam\u00e8tre. T3 &#8211; Elle dispose de deux buses mobiles de 1 et 1,25 mm. Le passage d&rsquo;un godet \u00e0 [&hellip;]\" \/>\n<meta property=\"og:url\" content=\"https:\/\/mestra.es\/fr\/producto\/chorro-t1\/\" \/>\n<meta property=\"og:site_name\" content=\"Talleres Mestra\" \/>\n<meta property=\"article:modified_time\" content=\"2026-01-14T10:39:53+00:00\" \/>\n<meta property=\"og:image\" content=\"https:\/\/mestra.es\/wp-content\/uploads\/2024\/03\/grutuno.JPG\" \/>\n\t<meta property=\"og:image:width\" content=\"600\" \/>\n\t<meta property=\"og:image:height\" content=\"600\" \/>\n\t<meta property=\"og:image:type\" content=\"image\/jpeg\" \/>\n<meta name=\"twitter:card\" content=\"summary_large_image\" \/>\n<meta name=\"twitter:label1\" content=\"Disponibilit\u00e9\" \/>\n\t<meta name=\"twitter:data1\" content=\"En stock\" \/>\n<script type=\"application\/ld+json\" class=\"yoast-schema-graph\">{\"@context\":\"https:\/\/schema.org\",\"@graph\":[{\"@type\":\"WebPage\",\"@id\":\"https:\/\/mestra.es\/fr\/producto\/chorro-t1\/\",\"url\":\"https:\/\/mestra.es\/fr\/producto\/chorro-t1\/\",\"name\":\"Sableuse T1 - Talleres Mestra\",\"isPartOf\":{\"@id\":\"https:\/\/mestra.es\/fr\/#website\"},\"primaryImageOfPage\":{\"@id\":\"https:\/\/mestra.es\/fr\/producto\/chorro-t1\/#primaryimage\"},\"image\":{\"@id\":\"https:\/\/mestra.es\/fr\/producto\/chorro-t1\/#primaryimage\"},\"thumbnailUrl\":\"https:\/\/mestra.es\/wp-content\/uploads\/2024\/03\/grutuno.JPG\",\"datePublished\":\"2024-03-11T15:30:27+00:00\",\"dateModified\":\"2026-01-14T10:39:53+00:00\",\"breadcrumb\":{\"@id\":\"https:\/\/mestra.es\/fr\/producto\/chorro-t1\/#breadcrumb\"},\"inLanguage\":\"fr-FR\",\"potentialAction\":[{\"@type\":\"ReadAction\",\"target\":[\"https:\/\/mestra.es\/fr\/producto\/chorro-t1\/\"]}]},{\"@type\":\"ImageObject\",\"inLanguage\":\"fr-FR\",\"@id\":\"https:\/\/mestra.es\/fr\/producto\/chorro-t1\/#primaryimage\",\"url\":\"https:\/\/mestra.es\/wp-content\/uploads\/2024\/03\/grutuno.JPG\",\"contentUrl\":\"https:\/\/mestra.es\/wp-content\/uploads\/2024\/03\/grutuno.JPG\",\"width\":600,\"height\":600,\"caption\":\"Chorros de arena T1-T2-T3\"},{\"@type\":\"BreadcrumbList\",\"@id\":\"https:\/\/mestra.es\/fr\/producto\/chorro-t1\/#breadcrumb\",\"itemListElement\":[{\"@type\":\"ListItem\",\"position\":1,\"name\":\"Portada\",\"item\":\"https:\/\/mestra.es\/fr\/\"},{\"@type\":\"ListItem\",\"position\":2,\"name\":\"Boutique\",\"item\":\"https:\/\/mestra.es\/fr\/boutique\/\"},{\"@type\":\"ListItem\",\"position\":3,\"name\":\"Sableuse T1\"}]},{\"@type\":\"WebSite\",\"@id\":\"https:\/\/mestra.es\/fr\/#website\",\"url\":\"https:\/\/mestra.es\/fr\/\",\"name\":\"Talleres Mestra\",\"description\":\"\",\"publisher\":{\"@id\":\"https:\/\/mestra.es\/fr\/#organization\"},\"potentialAction\":[{\"@type\":\"SearchAction\",\"target\":{\"@type\":\"EntryPoint\",\"urlTemplate\":\"https:\/\/mestra.es\/fr\/?s={search_term_string}\"},\"query-input\":{\"@type\":\"PropertyValueSpecification\",\"valueRequired\":true,\"valueName\":\"search_term_string\"}}],\"inLanguage\":\"fr-FR\"},{\"@type\":\"Organization\",\"@id\":\"https:\/\/mestra.es\/fr\/#organization\",\"name\":\"Talleres Mestra\",\"url\":\"https:\/\/mestra.es\/fr\/\",\"logo\":{\"@type\":\"ImageObject\",\"inLanguage\":\"fr-FR\",\"@id\":\"https:\/\/mestra.es\/fr\/#\/schema\/logo\/image\/\",\"url\":\"https:\/\/mestra.es\/wp-content\/uploads\/2024\/05\/logo_mestra.png\",\"contentUrl\":\"https:\/\/mestra.es\/wp-content\/uploads\/2024\/05\/logo_mestra.png\",\"width\":300,\"height\":170,\"caption\":\"Talleres Mestra\"},\"image\":{\"@id\":\"https:\/\/mestra.es\/fr\/#\/schema\/logo\/image\/\"}}]}<\/script>\n<meta property=\"og:availability\" content=\"instock\" \/>\n<meta property=\"product:availability\" content=\"instock\" \/>\n<meta property=\"product:retailer_item_id\" content=\"T1-T2-T3\" \/>\n<meta property=\"product:condition\" content=\"new\" \/>\n<!-- \/ Yoast SEO plugin. -->","yoast_head_json":{"title":"Sableuse T1 - Talleres Mestra","robots":{"index":"index","follow":"follow","max-snippet":"max-snippet:-1","max-image-preview":"max-image-preview:large","max-video-preview":"max-video-preview:-1"},"canonical":"https:\/\/mestra.es\/fr\/producto\/chorro-t1\/","og_locale":"fr_FR","og_type":"article","og_title":"Sableuse T1 - Talleres Mestra","og_description":"Une famille de sableuses compactes et \u00e9conomiques. Toutes sont \u00e9quip\u00e9es d&rsquo;un pistolet fixe de 3 mm de diam\u00e8tre, avec syst\u00e8me de recirculation du sable. T2 &#8211; Elle dispose \u00e9galement d&rsquo;un pistolet mobile de 1,25 mm de diam\u00e8tre. T3 &#8211; Elle dispose de deux buses mobiles de 1 et 1,25 mm. Le passage d&rsquo;un godet \u00e0 [&hellip;]","og_url":"https:\/\/mestra.es\/fr\/producto\/chorro-t1\/","og_site_name":"Talleres Mestra","article_modified_time":"2026-01-14T10:39:53+00:00","og_image":[{"width":600,"height":600,"url":"https:\/\/mestra.es\/wp-content\/uploads\/2024\/03\/grutuno.JPG","type":"image\/jpeg"}],"twitter_card":"summary_large_image","twitter_misc":{"Disponibilit\u00e9":"En stock"},"schema":{"@context":"https:\/\/schema.org","@graph":[{"@type":"WebPage","@id":"https:\/\/mestra.es\/fr\/producto\/chorro-t1\/","url":"https:\/\/mestra.es\/fr\/producto\/chorro-t1\/","name":"Sableuse T1 - Talleres Mestra","isPartOf":{"@id":"https:\/\/mestra.es\/fr\/#website"},"primaryImageOfPage":{"@id":"https:\/\/mestra.es\/fr\/producto\/chorro-t1\/#primaryimage"},"image":{"@id":"https:\/\/mestra.es\/fr\/producto\/chorro-t1\/#primaryimage"},"thumbnailUrl":"https:\/\/mestra.es\/wp-content\/uploads\/2024\/03\/grutuno.JPG","datePublished":"2024-03-11T15:30:27+00:00","dateModified":"2026-01-14T10:39:53+00:00","breadcrumb":{"@id":"https:\/\/mestra.es\/fr\/producto\/chorro-t1\/#breadcrumb"},"inLanguage":"fr-FR","potentialAction":[{"@type":"ReadAction","target":["https:\/\/mestra.es\/fr\/producto\/chorro-t1\/"]}]},{"@type":"ImageObject","inLanguage":"fr-FR","@id":"https:\/\/mestra.es\/fr\/producto\/chorro-t1\/#primaryimage","url":"https:\/\/mestra.es\/wp-content\/uploads\/2024\/03\/grutuno.JPG","contentUrl":"https:\/\/mestra.es\/wp-content\/uploads\/2024\/03\/grutuno.JPG","width":600,"height":600,"caption":"Chorros de arena T1-T2-T3"},{"@type":"BreadcrumbList","@id":"https:\/\/mestra.es\/fr\/producto\/chorro-t1\/#breadcrumb","itemListElement":[{"@type":"ListItem","position":1,"name":"Portada","item":"https:\/\/mestra.es\/fr\/"},{"@type":"ListItem","position":2,"name":"Boutique","item":"https:\/\/mestra.es\/fr\/boutique\/"},{"@type":"ListItem","position":3,"name":"Sableuse T1"}]},{"@type":"WebSite","@id":"https:\/\/mestra.es\/fr\/#website","url":"https:\/\/mestra.es\/fr\/","name":"Talleres Mestra","description":"","publisher":{"@id":"https:\/\/mestra.es\/fr\/#organization"},"potentialAction":[{"@type":"SearchAction","target":{"@type":"EntryPoint","urlTemplate":"https:\/\/mestra.es\/fr\/?s={search_term_string}"},"query-input":{"@type":"PropertyValueSpecification","valueRequired":true,"valueName":"search_term_string"}}],"inLanguage":"fr-FR"},{"@type":"Organization","@id":"https:\/\/mestra.es\/fr\/#organization","name":"Talleres Mestra","url":"https:\/\/mestra.es\/fr\/","logo":{"@type":"ImageObject","inLanguage":"fr-FR","@id":"https:\/\/mestra.es\/fr\/#\/schema\/logo\/image\/","url":"https:\/\/mestra.es\/wp-content\/uploads\/2024\/05\/logo_mestra.png","contentUrl":"https:\/\/mestra.es\/wp-content\/uploads\/2024\/05\/logo_mestra.png","width":300,"height":170,"caption":"Talleres Mestra"},"image":{"@id":"https:\/\/mestra.es\/fr\/#\/schema\/logo\/image\/"}}]},"og_availability":"instock","product_availability":"instock","product_retailer_item_id":"T1-T2-T3","product_condition":"new"},"_links":{"self":[{"href":"https:\/\/mestra.es\/fr\/wp-json\/wp\/v2\/product\/12044","targetHints":{"allow":["GET"]}}],"collection":[{"href":"https:\/\/mestra.es\/fr\/wp-json\/wp\/v2\/product"}],"about":[{"href":"https:\/\/mestra.es\/fr\/wp-json\/wp\/v2\/types\/product"}],"wp:featuredmedia":[{"embeddable":true,"href":"https:\/\/mestra.es\/fr\/wp-json\/wp\/v2\/media\/7461"}],"wp:attachment":[{"href":"https:\/\/mestra.es\/fr\/wp-json\/wp\/v2\/media?parent=12044"}],"wp:term":[{"taxonomy":"product_brand","embeddable":true,"href":"https:\/\/mestra.es\/fr\/wp-json\/wp\/v2\/product_brand?post=12044"},{"taxonomy":"product_cat","embeddable":true,"href":"https:\/\/mestra.es\/fr\/wp-json\/wp\/v2\/product_cat?post=12044"},{"taxonomy":"product_tag","embeddable":true,"href":"https:\/\/mestra.es\/fr\/wp-json\/wp\/v2\/product_tag?post=12044"}],"curies":[{"name":"wp","href":"https:\/\/api.w.org\/{rel}","templated":true}]}}