{"id":12031,"date":"2024-03-11T16:30:34","date_gmt":"2024-03-11T15:30:34","guid":{"rendered":"https:\/\/mestra.es\/producto\/hornos-programables\/"},"modified":"2025-06-20T10:12:07","modified_gmt":"2025-06-20T08:12:07","slug":"hornos-programables","status":"publish","type":"product","link":"https:\/\/mestra.es\/fr\/producto\/hornos-programables\/","title":{"rendered":"Fours de chauffe VULCANO"},"content":{"rendered":"<h2><strong>Fours de chauffe VULCANO<\/strong><\/h2>\n<h3>Famille de fours Vulcano<\/h3>\n<p>Famille de fours Vulcano\u00a0a \u00e9t\u00e9 d\u00e9velopp\u00e9e comme une alternative \u00e9conomique aux commandes \u00e9lectroniques MESTRA standard. La seule diff\u00e9rence entre un four Vulcano et son \u00e9quivalent de la gamme standard r\u00e9side \u00e0 sa carte \u00e9lectronique. Les autres composants du four et ses fonctions restent les m\u00eames. Son \u00e9cran LCD offre toutes les informations n\u00e9cessaires \u00e0 la programmation et au suivi des travaux.<\/p>\n<p>Les avantages et les caract\u00e9ristiques de Vulcano sont parfaitement adapt\u00e9s aux besoins et aux attentes de la majorit\u00e9 des utilisateurs. La ligne Vulcano est disponible dans toute la gamme des fours MESTRA.<\/p>\n","protected":false},"excerpt":{"rendered":"<p>Fabriqu\u00e9 en acier inoxydable.<\/p>\n","protected":false},"featured_media":21312,"template":"","meta":{"_acf_changed":false,"_monsterinsights_skip_tracking":false,"_monsterinsights_sitenote_active":false,"_monsterinsights_sitenote_note":"","_monsterinsights_sitenote_category":0},"product_brand":[],"product_cat":[1339],"product_tag":[],"class_list":{"0":"post-12031","1":"product","2":"type-product","3":"status-publish","4":"has-post-thumbnail","6":"product_cat-fours-de-chauffe","7":"pa_capacidad-horno-hp-50-fr","8":"pa_capacidad-horno-hp-100-fr","9":"pa_capacidad-horno-hp-25-fr","11":"first","12":"instock","13":"product-type-variable"},"acf":[],"yoast_head":"<!-- This site is optimized with the Yoast SEO plugin v27.2 - https:\/\/yoast.com\/product\/yoast-seo-wordpress\/ -->\n<title>Fours de chauffe (HP-Vulcano) | MESTRA<\/title>\n<meta name=\"description\" content=\"Chez MESTRA nous avons Fours de chauffe (HP-Vulcano)e. Consultez notre catalogue de mat\u00e9riel dentaire et passez votre commande d\u00e8s maintenant.\" \/>\n<meta name=\"robots\" content=\"index, follow, max-snippet:-1, max-image-preview:large, max-video-preview:-1\" \/>\n<link rel=\"canonical\" href=\"https:\/\/mestra.es\/fr\/producto\/hornos-programables\/\" \/>\n<meta property=\"og:locale\" content=\"fr_FR\" \/>\n<meta property=\"og:type\" content=\"article\" \/>\n<meta property=\"og:title\" content=\"Fours de chauffe (HP-Vulcano) | MESTRA\" \/>\n<meta property=\"og:description\" content=\"Chez MESTRA nous avons Fours de chauffe (HP-Vulcano)e. Consultez notre catalogue de mat\u00e9riel dentaire et passez votre commande d\u00e8s maintenant.\" \/>\n<meta property=\"og:url\" content=\"https:\/\/mestra.es\/fr\/producto\/hornos-programables\/\" \/>\n<meta property=\"og:site_name\" content=\"Talleres Mestra\" \/>\n<meta property=\"article:modified_time\" content=\"2025-06-20T08:12:07+00:00\" \/>\n<meta property=\"og:image\" content=\"https:\/\/mestra.es\/wp-content\/uploads\/2024\/03\/hornos_vulcano.jpg\" \/>\n\t<meta property=\"og:image:width\" content=\"600\" \/>\n\t<meta property=\"og:image:height\" content=\"600\" \/>\n\t<meta property=\"og:image:type\" content=\"image\/jpeg\" \/>\n<meta name=\"twitter:card\" content=\"summary_large_image\" \/>\n<meta name=\"twitter:label1\" content=\"Disponibilit\u00e9\" \/>\n\t<meta name=\"twitter:data1\" content=\"En stock\" \/>\n<script type=\"application\/ld+json\" class=\"yoast-schema-graph\">{\"@context\":\"https:\/\/schema.org\",\"@graph\":[{\"@type\":\"WebPage\",\"@id\":\"https:\/\/mestra.es\/fr\/producto\/hornos-programables\/\",\"url\":\"https:\/\/mestra.es\/fr\/producto\/hornos-programables\/\",\"name\":\"Fours de chauffe (HP-Vulcano) | MESTRA\",\"isPartOf\":{\"@id\":\"https:\/\/mestra.es\/fr\/#website\"},\"primaryImageOfPage\":{\"@id\":\"https:\/\/mestra.es\/fr\/producto\/hornos-programables\/#primaryimage\"},\"image\":{\"@id\":\"https:\/\/mestra.es\/fr\/producto\/hornos-programables\/#primaryimage\"},\"thumbnailUrl\":\"https:\/\/mestra.es\/wp-content\/uploads\/2024\/03\/hornos_vulcano.jpg\",\"datePublished\":\"2024-03-11T15:30:34+00:00\",\"dateModified\":\"2025-06-20T08:12:07+00:00\",\"description\":\"Chez MESTRA nous avons Fours de chauffe (HP-Vulcano)e. Consultez notre catalogue de mat\u00e9riel dentaire et passez votre commande d\u00e8s maintenant.\",\"breadcrumb\":{\"@id\":\"https:\/\/mestra.es\/fr\/producto\/hornos-programables\/#breadcrumb\"},\"inLanguage\":\"fr-FR\",\"potentialAction\":[{\"@type\":\"ReadAction\",\"target\":[\"https:\/\/mestra.es\/fr\/producto\/hornos-programables\/\"]}]},{\"@type\":\"ImageObject\",\"inLanguage\":\"fr-FR\",\"@id\":\"https:\/\/mestra.es\/fr\/producto\/hornos-programables\/#primaryimage\",\"url\":\"https:\/\/mestra.es\/wp-content\/uploads\/2024\/03\/hornos_vulcano.jpg\",\"contentUrl\":\"https:\/\/mestra.es\/wp-content\/uploads\/2024\/03\/hornos_vulcano.jpg\",\"width\":600,\"height\":600,\"caption\":\"hornos vulcano\"},{\"@type\":\"BreadcrumbList\",\"@id\":\"https:\/\/mestra.es\/fr\/producto\/hornos-programables\/#breadcrumb\",\"itemListElement\":[{\"@type\":\"ListItem\",\"position\":1,\"name\":\"Portada\",\"item\":\"https:\/\/mestra.es\/fr\/\"},{\"@type\":\"ListItem\",\"position\":2,\"name\":\"Boutique\",\"item\":\"https:\/\/mestra.es\/fr\/boutique\/\"},{\"@type\":\"ListItem\",\"position\":3,\"name\":\"Fours de chauffe VULCANO\"}]},{\"@type\":\"WebSite\",\"@id\":\"https:\/\/mestra.es\/fr\/#website\",\"url\":\"https:\/\/mestra.es\/fr\/\",\"name\":\"Talleres Mestra\",\"description\":\"\",\"publisher\":{\"@id\":\"https:\/\/mestra.es\/fr\/#organization\"},\"potentialAction\":[{\"@type\":\"SearchAction\",\"target\":{\"@type\":\"EntryPoint\",\"urlTemplate\":\"https:\/\/mestra.es\/fr\/?s={search_term_string}\"},\"query-input\":{\"@type\":\"PropertyValueSpecification\",\"valueRequired\":true,\"valueName\":\"search_term_string\"}}],\"inLanguage\":\"fr-FR\"},{\"@type\":\"Organization\",\"@id\":\"https:\/\/mestra.es\/fr\/#organization\",\"name\":\"Talleres Mestra\",\"url\":\"https:\/\/mestra.es\/fr\/\",\"logo\":{\"@type\":\"ImageObject\",\"inLanguage\":\"fr-FR\",\"@id\":\"https:\/\/mestra.es\/fr\/#\/schema\/logo\/image\/\",\"url\":\"https:\/\/mestra.es\/wp-content\/uploads\/2024\/05\/logo_mestra.png\",\"contentUrl\":\"https:\/\/mestra.es\/wp-content\/uploads\/2024\/05\/logo_mestra.png\",\"width\":300,\"height\":170,\"caption\":\"Talleres Mestra\"},\"image\":{\"@id\":\"https:\/\/mestra.es\/fr\/#\/schema\/logo\/image\/\"}}]}<\/script>\n<meta property=\"og:availability\" content=\"instock\" \/>\n<meta property=\"product:availability\" content=\"instock\" \/>\n<meta property=\"product:retailer_item_id\" content=\"080133-080135-080139\" \/>\n<meta property=\"product:condition\" content=\"new\" \/>\n<!-- \/ Yoast SEO plugin. -->","yoast_head_json":{"title":"Fours de chauffe (HP-Vulcano) | MESTRA","description":"Chez MESTRA nous avons Fours de chauffe (HP-Vulcano)e. Consultez notre catalogue de mat\u00e9riel dentaire et passez votre commande d\u00e8s maintenant.","robots":{"index":"index","follow":"follow","max-snippet":"max-snippet:-1","max-image-preview":"max-image-preview:large","max-video-preview":"max-video-preview:-1"},"canonical":"https:\/\/mestra.es\/fr\/producto\/hornos-programables\/","og_locale":"fr_FR","og_type":"article","og_title":"Fours de chauffe (HP-Vulcano) | MESTRA","og_description":"Chez MESTRA nous avons Fours de chauffe (HP-Vulcano)e. Consultez notre catalogue de mat\u00e9riel dentaire et passez votre commande d\u00e8s maintenant.","og_url":"https:\/\/mestra.es\/fr\/producto\/hornos-programables\/","og_site_name":"Talleres Mestra","article_modified_time":"2025-06-20T08:12:07+00:00","og_image":[{"width":600,"height":600,"url":"https:\/\/mestra.es\/wp-content\/uploads\/2024\/03\/hornos_vulcano.jpg","type":"image\/jpeg"}],"twitter_card":"summary_large_image","twitter_misc":{"Disponibilit\u00e9":"En stock"},"schema":{"@context":"https:\/\/schema.org","@graph":[{"@type":"WebPage","@id":"https:\/\/mestra.es\/fr\/producto\/hornos-programables\/","url":"https:\/\/mestra.es\/fr\/producto\/hornos-programables\/","name":"Fours de chauffe (HP-Vulcano) | MESTRA","isPartOf":{"@id":"https:\/\/mestra.es\/fr\/#website"},"primaryImageOfPage":{"@id":"https:\/\/mestra.es\/fr\/producto\/hornos-programables\/#primaryimage"},"image":{"@id":"https:\/\/mestra.es\/fr\/producto\/hornos-programables\/#primaryimage"},"thumbnailUrl":"https:\/\/mestra.es\/wp-content\/uploads\/2024\/03\/hornos_vulcano.jpg","datePublished":"2024-03-11T15:30:34+00:00","dateModified":"2025-06-20T08:12:07+00:00","description":"Chez MESTRA nous avons Fours de chauffe (HP-Vulcano)e. Consultez notre catalogue de mat\u00e9riel dentaire et passez votre commande d\u00e8s maintenant.","breadcrumb":{"@id":"https:\/\/mestra.es\/fr\/producto\/hornos-programables\/#breadcrumb"},"inLanguage":"fr-FR","potentialAction":[{"@type":"ReadAction","target":["https:\/\/mestra.es\/fr\/producto\/hornos-programables\/"]}]},{"@type":"ImageObject","inLanguage":"fr-FR","@id":"https:\/\/mestra.es\/fr\/producto\/hornos-programables\/#primaryimage","url":"https:\/\/mestra.es\/wp-content\/uploads\/2024\/03\/hornos_vulcano.jpg","contentUrl":"https:\/\/mestra.es\/wp-content\/uploads\/2024\/03\/hornos_vulcano.jpg","width":600,"height":600,"caption":"hornos vulcano"},{"@type":"BreadcrumbList","@id":"https:\/\/mestra.es\/fr\/producto\/hornos-programables\/#breadcrumb","itemListElement":[{"@type":"ListItem","position":1,"name":"Portada","item":"https:\/\/mestra.es\/fr\/"},{"@type":"ListItem","position":2,"name":"Boutique","item":"https:\/\/mestra.es\/fr\/boutique\/"},{"@type":"ListItem","position":3,"name":"Fours de chauffe VULCANO"}]},{"@type":"WebSite","@id":"https:\/\/mestra.es\/fr\/#website","url":"https:\/\/mestra.es\/fr\/","name":"Talleres Mestra","description":"","publisher":{"@id":"https:\/\/mestra.es\/fr\/#organization"},"potentialAction":[{"@type":"SearchAction","target":{"@type":"EntryPoint","urlTemplate":"https:\/\/mestra.es\/fr\/?s={search_term_string}"},"query-input":{"@type":"PropertyValueSpecification","valueRequired":true,"valueName":"search_term_string"}}],"inLanguage":"fr-FR"},{"@type":"Organization","@id":"https:\/\/mestra.es\/fr\/#organization","name":"Talleres Mestra","url":"https:\/\/mestra.es\/fr\/","logo":{"@type":"ImageObject","inLanguage":"fr-FR","@id":"https:\/\/mestra.es\/fr\/#\/schema\/logo\/image\/","url":"https:\/\/mestra.es\/wp-content\/uploads\/2024\/05\/logo_mestra.png","contentUrl":"https:\/\/mestra.es\/wp-content\/uploads\/2024\/05\/logo_mestra.png","width":300,"height":170,"caption":"Talleres Mestra"},"image":{"@id":"https:\/\/mestra.es\/fr\/#\/schema\/logo\/image\/"}}]},"og_availability":"instock","product_availability":"instock","product_retailer_item_id":"080133-080135-080139","product_condition":"new"},"_links":{"self":[{"href":"https:\/\/mestra.es\/fr\/wp-json\/wp\/v2\/product\/12031","targetHints":{"allow":["GET"]}}],"collection":[{"href":"https:\/\/mestra.es\/fr\/wp-json\/wp\/v2\/product"}],"about":[{"href":"https:\/\/mestra.es\/fr\/wp-json\/wp\/v2\/types\/product"}],"wp:featuredmedia":[{"embeddable":true,"href":"https:\/\/mestra.es\/fr\/wp-json\/wp\/v2\/media\/21312"}],"wp:attachment":[{"href":"https:\/\/mestra.es\/fr\/wp-json\/wp\/v2\/media?parent=12031"}],"wp:term":[{"taxonomy":"product_brand","embeddable":true,"href":"https:\/\/mestra.es\/fr\/wp-json\/wp\/v2\/product_brand?post=12031"},{"taxonomy":"product_cat","embeddable":true,"href":"https:\/\/mestra.es\/fr\/wp-json\/wp\/v2\/product_cat?post=12031"},{"taxonomy":"product_tag","embeddable":true,"href":"https:\/\/mestra.es\/fr\/wp-json\/wp\/v2\/product_tag?post=12031"}],"curies":[{"name":"wp","href":"https:\/\/api.w.org\/{rel}","templated":true}]}}