{"id":11073,"date":"2024-03-30T17:16:22","date_gmt":"2024-03-30T16:16:22","guid":{"rendered":"https:\/\/mestra.es\/producto\/spray-para-escaner-de-laboratorio-3d\/"},"modified":"2025-03-27T08:53:20","modified_gmt":"2025-03-27T07:53:20","slug":"spray-para-escaner-de-laboratorio-3d","status":"publish","type":"product","link":"https:\/\/mestra.es\/fr\/producto\/spray-para-escaner-de-laboratorio-3d\/","title":{"rendered":"SPRAY POUR SCANNER DE LABORATOIRE 3D"},"content":{"rendered":"<p>Permet d\u2019obtenir un scannage parfait, renfor\u00e7ant la r\u00e9solution de zones de lecture difficile.<br \/>\nSa couleur et sa texture sont \u00e9tudi\u00e9es pour une grande nettet\u00e9 des fr\u00e9quences de l\u2019\u00e9clairage qu\u2019utilisent habituellement les projecteurs des scanners dentaires. Les temps de s\u00e9chage sont tr\u00e8s courts, l\u2019utilisation est quasi imm\u00e9diate.<\/p>\n<p>Les restes de produit projet\u00e9s sur des surfaces non d\u00e9sir\u00e9es se nettoient tr\u00e8s facilement.<\/p>\n<p>Conditionnement: Nebuliseur de 200 ml.<\/p>\n","protected":false},"excerpt":{"rendered":"<p>Permet d\u2019obtenir un scannage parfait, renfor\u00e7ant la r\u00e9solution de zones de lecture difficile. Sa couleur et sa texture sont \u00e9tudi\u00e9es pour une grande nettet\u00e9 des fr\u00e9quences de l\u2019\u00e9clairage qu\u2019utilisent habituellement les projecteurs des scanners dentaires. Les temps de s\u00e9chage sont tr\u00e8s courts, l\u2019utilisation est quasi imm\u00e9diate. Les restes de produit projet\u00e9s sur des surfaces non [&hellip;]<\/p>\n","protected":false},"featured_media":9797,"template":"","meta":{"_acf_changed":false,"_monsterinsights_skip_tracking":false,"_monsterinsights_sitenote_active":false,"_monsterinsights_sitenote_note":"","_monsterinsights_sitenote_category":0},"product_brand":[],"product_cat":[1286],"product_tag":[],"class_list":{"0":"post-11073","1":"product","2":"type-product","3":"status-publish","4":"has-post-thumbnail","6":"product_cat-autres","8":"first","9":"instock","10":"taxable","11":"shipping-taxable","12":"purchasable","13":"product-type-simple"},"acf":[],"yoast_head":"<!-- This site is optimized with the Yoast SEO plugin v27.2 - https:\/\/yoast.com\/product\/yoast-seo-wordpress\/ -->\n<title>Spray pour scanner de laboratoire 3d | MESTRA<\/title>\n<meta name=\"description\" content=\"Chez MESTRA, nous avons Spray pour scanner de laboratoire 3d commander en ligne.\" \/>\n<meta name=\"robots\" content=\"index, follow, max-snippet:-1, max-image-preview:large, max-video-preview:-1\" \/>\n<link rel=\"canonical\" href=\"https:\/\/mestra.es\/fr\/producto\/spray-para-escaner-de-laboratorio-3d\/\" \/>\n<meta property=\"og:locale\" content=\"fr_FR\" \/>\n<meta property=\"og:type\" content=\"article\" \/>\n<meta property=\"og:title\" content=\"Spray pour scanner de laboratoire 3d | MESTRA\" \/>\n<meta property=\"og:description\" content=\"Chez MESTRA, nous avons Spray pour scanner de laboratoire 3d commander en ligne.\" \/>\n<meta property=\"og:url\" content=\"https:\/\/mestra.es\/fr\/producto\/spray-para-escaner-de-laboratorio-3d\/\" \/>\n<meta property=\"og:site_name\" content=\"Talleres Mestra\" \/>\n<meta property=\"article:modified_time\" content=\"2025-03-27T07:53:20+00:00\" \/>\n<meta property=\"og:image\" content=\"https:\/\/mestra.es\/wp-content\/uploads\/2024\/03\/130355.jpg\" \/>\n\t<meta property=\"og:image:width\" content=\"600\" \/>\n\t<meta property=\"og:image:height\" content=\"600\" \/>\n\t<meta property=\"og:image:type\" content=\"image\/jpeg\" \/>\n<meta name=\"twitter:card\" content=\"summary_large_image\" \/>\n<meta name=\"twitter:label1\" content=\"Prix\" \/>\n\t<meta name=\"twitter:data1\" content=\"1,00&nbsp;&euro;\" \/>\n\t<meta name=\"twitter:label2\" content=\"Disponibilit\u00e9\" \/>\n\t<meta name=\"twitter:data2\" content=\"En stock\" \/>\n<script type=\"application\/ld+json\" class=\"yoast-schema-graph\">{\"@context\":\"https:\/\/schema.org\",\"@graph\":[{\"@type\":\"WebPage\",\"@id\":\"https:\/\/mestra.es\/fr\/producto\/spray-para-escaner-de-laboratorio-3d\/\",\"url\":\"https:\/\/mestra.es\/fr\/producto\/spray-para-escaner-de-laboratorio-3d\/\",\"name\":\"Spray pour scanner de laboratoire 3d | MESTRA\",\"isPartOf\":{\"@id\":\"https:\/\/mestra.es\/fr\/#website\"},\"primaryImageOfPage\":{\"@id\":\"https:\/\/mestra.es\/fr\/producto\/spray-para-escaner-de-laboratorio-3d\/#primaryimage\"},\"image\":{\"@id\":\"https:\/\/mestra.es\/fr\/producto\/spray-para-escaner-de-laboratorio-3d\/#primaryimage\"},\"thumbnailUrl\":\"https:\/\/mestra.es\/wp-content\/uploads\/2024\/03\/130355.jpg\",\"datePublished\":\"2024-03-30T16:16:22+00:00\",\"dateModified\":\"2025-03-27T07:53:20+00:00\",\"description\":\"Chez MESTRA, nous avons Spray pour scanner de laboratoire 3d commander en ligne.\",\"breadcrumb\":{\"@id\":\"https:\/\/mestra.es\/fr\/producto\/spray-para-escaner-de-laboratorio-3d\/#breadcrumb\"},\"inLanguage\":\"fr-FR\",\"potentialAction\":[{\"@type\":\"ReadAction\",\"target\":[\"https:\/\/mestra.es\/fr\/producto\/spray-para-escaner-de-laboratorio-3d\/\"]}]},{\"@type\":\"ImageObject\",\"inLanguage\":\"fr-FR\",\"@id\":\"https:\/\/mestra.es\/fr\/producto\/spray-para-escaner-de-laboratorio-3d\/#primaryimage\",\"url\":\"https:\/\/mestra.es\/wp-content\/uploads\/2024\/03\/130355.jpg\",\"contentUrl\":\"https:\/\/mestra.es\/wp-content\/uploads\/2024\/03\/130355.jpg\",\"width\":600,\"height\":600,\"caption\":\"Spray para esc\u00e1ner 3D de laboratorio\"},{\"@type\":\"BreadcrumbList\",\"@id\":\"https:\/\/mestra.es\/fr\/producto\/spray-para-escaner-de-laboratorio-3d\/#breadcrumb\",\"itemListElement\":[{\"@type\":\"ListItem\",\"position\":1,\"name\":\"Portada\",\"item\":\"https:\/\/mestra.es\/fr\/\"},{\"@type\":\"ListItem\",\"position\":2,\"name\":\"Boutique\",\"item\":\"https:\/\/mestra.es\/fr\/boutique\/\"},{\"@type\":\"ListItem\",\"position\":3,\"name\":\"SPRAY POUR SCANNER DE LABORATOIRE 3D\"}]},{\"@type\":\"WebSite\",\"@id\":\"https:\/\/mestra.es\/fr\/#website\",\"url\":\"https:\/\/mestra.es\/fr\/\",\"name\":\"Talleres Mestra\",\"description\":\"\",\"publisher\":{\"@id\":\"https:\/\/mestra.es\/fr\/#organization\"},\"potentialAction\":[{\"@type\":\"SearchAction\",\"target\":{\"@type\":\"EntryPoint\",\"urlTemplate\":\"https:\/\/mestra.es\/fr\/?s={search_term_string}\"},\"query-input\":{\"@type\":\"PropertyValueSpecification\",\"valueRequired\":true,\"valueName\":\"search_term_string\"}}],\"inLanguage\":\"fr-FR\"},{\"@type\":\"Organization\",\"@id\":\"https:\/\/mestra.es\/fr\/#organization\",\"name\":\"Talleres Mestra\",\"url\":\"https:\/\/mestra.es\/fr\/\",\"logo\":{\"@type\":\"ImageObject\",\"inLanguage\":\"fr-FR\",\"@id\":\"https:\/\/mestra.es\/fr\/#\/schema\/logo\/image\/\",\"url\":\"https:\/\/mestra.es\/wp-content\/uploads\/2024\/05\/logo_mestra.png\",\"contentUrl\":\"https:\/\/mestra.es\/wp-content\/uploads\/2024\/05\/logo_mestra.png\",\"width\":300,\"height\":170,\"caption\":\"Talleres Mestra\"},\"image\":{\"@id\":\"https:\/\/mestra.es\/fr\/#\/schema\/logo\/image\/\"}}]}<\/script>\n<meta property=\"product:price:amount\" content=\"1.00\" \/>\n<meta property=\"product:price:currency\" content=\"EUR\" \/>\n<meta property=\"og:availability\" content=\"instock\" \/>\n<meta property=\"product:availability\" content=\"instock\" \/>\n<meta property=\"product:retailer_item_id\" content=\"130355\" \/>\n<meta property=\"product:condition\" content=\"new\" \/>\n<!-- \/ Yoast SEO plugin. -->","yoast_head_json":{"title":"Spray pour scanner de laboratoire 3d | MESTRA","description":"Chez MESTRA, nous avons Spray pour scanner de laboratoire 3d commander en ligne.","robots":{"index":"index","follow":"follow","max-snippet":"max-snippet:-1","max-image-preview":"max-image-preview:large","max-video-preview":"max-video-preview:-1"},"canonical":"https:\/\/mestra.es\/fr\/producto\/spray-para-escaner-de-laboratorio-3d\/","og_locale":"fr_FR","og_type":"article","og_title":"Spray pour scanner de laboratoire 3d | MESTRA","og_description":"Chez MESTRA, nous avons Spray pour scanner de laboratoire 3d commander en ligne.","og_url":"https:\/\/mestra.es\/fr\/producto\/spray-para-escaner-de-laboratorio-3d\/","og_site_name":"Talleres Mestra","article_modified_time":"2025-03-27T07:53:20+00:00","og_image":[{"width":600,"height":600,"url":"https:\/\/mestra.es\/wp-content\/uploads\/2024\/03\/130355.jpg","type":"image\/jpeg"}],"twitter_card":"summary_large_image","twitter_misc":{"Prix":"1,00&nbsp;&euro;","Disponibilit\u00e9":"En stock"},"schema":{"@context":"https:\/\/schema.org","@graph":[{"@type":"WebPage","@id":"https:\/\/mestra.es\/fr\/producto\/spray-para-escaner-de-laboratorio-3d\/","url":"https:\/\/mestra.es\/fr\/producto\/spray-para-escaner-de-laboratorio-3d\/","name":"Spray pour scanner de laboratoire 3d | MESTRA","isPartOf":{"@id":"https:\/\/mestra.es\/fr\/#website"},"primaryImageOfPage":{"@id":"https:\/\/mestra.es\/fr\/producto\/spray-para-escaner-de-laboratorio-3d\/#primaryimage"},"image":{"@id":"https:\/\/mestra.es\/fr\/producto\/spray-para-escaner-de-laboratorio-3d\/#primaryimage"},"thumbnailUrl":"https:\/\/mestra.es\/wp-content\/uploads\/2024\/03\/130355.jpg","datePublished":"2024-03-30T16:16:22+00:00","dateModified":"2025-03-27T07:53:20+00:00","description":"Chez MESTRA, nous avons Spray pour scanner de laboratoire 3d commander en ligne.","breadcrumb":{"@id":"https:\/\/mestra.es\/fr\/producto\/spray-para-escaner-de-laboratorio-3d\/#breadcrumb"},"inLanguage":"fr-FR","potentialAction":[{"@type":"ReadAction","target":["https:\/\/mestra.es\/fr\/producto\/spray-para-escaner-de-laboratorio-3d\/"]}]},{"@type":"ImageObject","inLanguage":"fr-FR","@id":"https:\/\/mestra.es\/fr\/producto\/spray-para-escaner-de-laboratorio-3d\/#primaryimage","url":"https:\/\/mestra.es\/wp-content\/uploads\/2024\/03\/130355.jpg","contentUrl":"https:\/\/mestra.es\/wp-content\/uploads\/2024\/03\/130355.jpg","width":600,"height":600,"caption":"Spray para esc\u00e1ner 3D de laboratorio"},{"@type":"BreadcrumbList","@id":"https:\/\/mestra.es\/fr\/producto\/spray-para-escaner-de-laboratorio-3d\/#breadcrumb","itemListElement":[{"@type":"ListItem","position":1,"name":"Portada","item":"https:\/\/mestra.es\/fr\/"},{"@type":"ListItem","position":2,"name":"Boutique","item":"https:\/\/mestra.es\/fr\/boutique\/"},{"@type":"ListItem","position":3,"name":"SPRAY POUR SCANNER DE LABORATOIRE 3D"}]},{"@type":"WebSite","@id":"https:\/\/mestra.es\/fr\/#website","url":"https:\/\/mestra.es\/fr\/","name":"Talleres Mestra","description":"","publisher":{"@id":"https:\/\/mestra.es\/fr\/#organization"},"potentialAction":[{"@type":"SearchAction","target":{"@type":"EntryPoint","urlTemplate":"https:\/\/mestra.es\/fr\/?s={search_term_string}"},"query-input":{"@type":"PropertyValueSpecification","valueRequired":true,"valueName":"search_term_string"}}],"inLanguage":"fr-FR"},{"@type":"Organization","@id":"https:\/\/mestra.es\/fr\/#organization","name":"Talleres Mestra","url":"https:\/\/mestra.es\/fr\/","logo":{"@type":"ImageObject","inLanguage":"fr-FR","@id":"https:\/\/mestra.es\/fr\/#\/schema\/logo\/image\/","url":"https:\/\/mestra.es\/wp-content\/uploads\/2024\/05\/logo_mestra.png","contentUrl":"https:\/\/mestra.es\/wp-content\/uploads\/2024\/05\/logo_mestra.png","width":300,"height":170,"caption":"Talleres Mestra"},"image":{"@id":"https:\/\/mestra.es\/fr\/#\/schema\/logo\/image\/"}}]},"product_price_amount":"1.00","product_price_currency":"EUR","og_availability":"instock","product_availability":"instock","product_retailer_item_id":"130355","product_condition":"new"},"_links":{"self":[{"href":"https:\/\/mestra.es\/fr\/wp-json\/wp\/v2\/product\/11073","targetHints":{"allow":["GET"]}}],"collection":[{"href":"https:\/\/mestra.es\/fr\/wp-json\/wp\/v2\/product"}],"about":[{"href":"https:\/\/mestra.es\/fr\/wp-json\/wp\/v2\/types\/product"}],"wp:featuredmedia":[{"embeddable":true,"href":"https:\/\/mestra.es\/fr\/wp-json\/wp\/v2\/media\/9797"}],"wp:attachment":[{"href":"https:\/\/mestra.es\/fr\/wp-json\/wp\/v2\/media?parent=11073"}],"wp:term":[{"taxonomy":"product_brand","embeddable":true,"href":"https:\/\/mestra.es\/fr\/wp-json\/wp\/v2\/product_brand?post=11073"},{"taxonomy":"product_cat","embeddable":true,"href":"https:\/\/mestra.es\/fr\/wp-json\/wp\/v2\/product_cat?post=11073"},{"taxonomy":"product_tag","embeddable":true,"href":"https:\/\/mestra.es\/fr\/wp-json\/wp\/v2\/product_tag?post=11073"}],"curies":[{"name":"wp","href":"https:\/\/api.w.org\/{rel}","templated":true}]}}