{"id":11059,"date":"2024-05-29T14:49:08","date_gmt":"2024-05-29T12:49:08","guid":{"rendered":"https:\/\/mestra.es\/producto\/anodizador-de-titanio\/"},"modified":"2026-02-04T14:27:27","modified_gmt":"2026-02-04T13:27:27","slug":"anodizador-de-titanio","status":"publish","type":"product","link":"https:\/\/mestra.es\/fr\/producto\/anodizador-de-titanio\/","title":{"rendered":"UNITE COMPACTE POUR L\u2019ANODISATION DU TITANE"},"content":{"rendered":"<p><span style=\"color: #000000;\">L\u2019unit\u00e9 d\u2019anodisation compacte pour le titane est un dispositif qui permet de traiter des pi\u00e8ces dentaires en titane rapidement, facilement et \u00e9conomiquement.<\/span><\/p>\n<p><span style=\"color: #000000;\"><br \/>\nLes r\u00e9sultats sont comparables \u00e0 des appareils appartenant \u00e0 une cat\u00e9gorie plus on\u00e9reuse. L\u2019anodisation est un processus \u00e9lectrochimique qui cr\u00e9e une couche protectrice d\u2019oxyde \u00e0 la surface du m\u00e9tal, dans notre cas le titane. Cette couche -appel\u00e9e couche anodique- est plus \u00e9paisse que la couche d\u2019oxyde naturelle qui se forme sur le titane lorsqu\u2019il est expos\u00e9 \u00e0 l\u2019air. Elle offre une s\u00e9rie d\u2019avantages:<\/span><\/p>\n<p><span style=\"color: #b30b45;\"><strong>R\u00e9sistance \u00e0 la corrosion:<\/strong><\/span><br \/>\nLa couche anodique prot\u00e8ge le titane de la corrosion, m\u00eame dans des conditions d\u00e9favorables (utilisation en bouche).<\/p>\n<p><span style=\"color: #b30b45;\"><strong>R\u00e9sistance \u00e0 l\u2019usure:<\/strong><\/span><br \/>\nLa couche anodique est plus dure que le titane de base, ce qui le rend plus r\u00e9sistant \u00e0 l\u2019usure par friction.<\/p>\n<p><span style=\"color: #b30b45;\"><strong>Meilleure adh\u00e9rence et finition de surface:<\/strong><\/span><br \/>\nL\u2019anodisation fera fonction de bonding entre le titane et un \u00e9ventuel \u00e9l\u00e9ment proth\u00e9tique \u00e0 sceller par dessus (zircone, ceramo-c\u00e9ramique&#8230;)<\/p>\n<p><span style=\"color: #b30b45;\"><strong>Moins de lib\u00e9ration d\u2019ions m\u00e9talliques:<\/strong><\/span><br \/>\nLa couche d\u2019oxyde de titane minimise la lib\u00e9ration d\u2019ions m\u00e9talliques dans l\u2019environnement physiologique.<\/p>\n<p><span style=\"color: #b30b45;\"><strong>Esth\u00e9tique:<br \/>\n<\/strong><\/span>La couche anodique peut \u00eatre color\u00e9e avec diff\u00e9rentes nuances. Cet avantage est particuli\u00e8rement int\u00e9ressant dans le cas o\u00f9 l\u2019\u00e9l\u00e9ment anodis\u00e9 sert de support \u00e0 un mat\u00e9riau translucide, tel que le zirconium ou \u00e0 des barres sur des implants.<\/p>\n<p>Selon la tension, diff\u00e9rentes nuances seront obtenues. Par exemple, \u00e0 60 V, on obtient une jolie teinte dor\u00e9e et \u00e0 75 V, une teinte rose. Le processus de coloration ne dure que 5 secondes.<\/p>\n","protected":false},"excerpt":{"rendered":"<p><iframe loading=\"lazy\" title=\"YouTube video player\" src=\"https:\/\/www.youtube.com\/embed\/kdh4WtpJUQs?si=Hfkh-6IDa7W-VLT-\" width=\"560\" height=\"315\" frameborder=\"0\" allowfullscreen=\"allowfullscreen\"><\/iframe><\/p>\n<ul>\n<li>Le processus de coloration ne dure que 5 secondes.<\/li>\n<li>Diff\u00e9rentes nuances seront obtenues en fonction du voltage.<\/li>\n<li>L&rsquo;eau contenant du bicarbonate de sodium peut \u00eatre utilis\u00e9e comme \u00e9lectrolyte.<\/li>\n<li>\u00c0 60 V, vous obtenez une <strong>teinte dor\u00e9e<\/strong> attrayante et \u00e0 75 V, vous obtenez une <strong>teinte rose,<\/strong> tr\u00e8s appr\u00e9ci\u00e9e dans le secteur dentaire.<\/li>\n<\/ul>\n","protected":false},"featured_media":10263,"template":"","meta":{"_acf_changed":false,"_monsterinsights_skip_tracking":false,"_monsterinsights_sitenote_active":false,"_monsterinsights_sitenote_note":"","_monsterinsights_sitenote_category":0},"product_brand":[],"product_cat":[1309],"product_tag":[],"class_list":{"0":"post-11059","1":"product","2":"type-product","3":"status-publish","4":"has-post-thumbnail","6":"product_cat-polissage-electrolytique","8":"first","9":"instock","10":"purchasable","11":"product-type-simple"},"acf":[],"yoast_head":"<!-- This site is optimized with the Yoast SEO plugin v27.2 - https:\/\/yoast.com\/product\/yoast-seo-wordpress\/ -->\n<title>Unit\u00e9 d\u2019anodisation compacte pour le titane | MESTRA<\/title>\n<meta name=\"description\" content=\"Chez MESTRA nous avons unit\u00e9 d\u2019anodisation compacte pour le titane. Consultez notre catalogue de mat\u00e9riel dentaire et passez votre commande d\u00e8s maintenant.\" \/>\n<meta name=\"robots\" content=\"index, follow, max-snippet:-1, max-image-preview:large, max-video-preview:-1\" \/>\n<link rel=\"canonical\" href=\"https:\/\/mestra.es\/fr\/producto\/anodizador-de-titanio\/\" \/>\n<meta property=\"og:locale\" content=\"fr_FR\" \/>\n<meta property=\"og:type\" content=\"article\" \/>\n<meta property=\"og:title\" content=\"Unit\u00e9 d\u2019anodisation compacte pour le titane | MESTRA\" \/>\n<meta property=\"og:description\" content=\"Chez MESTRA nous avons unit\u00e9 d\u2019anodisation compacte pour le titane. Consultez notre catalogue de mat\u00e9riel dentaire et passez votre commande d\u00e8s maintenant.\" \/>\n<meta property=\"og:url\" content=\"https:\/\/mestra.es\/fr\/producto\/anodizador-de-titanio\/\" \/>\n<meta property=\"og:site_name\" content=\"Talleres Mestra\" \/>\n<meta property=\"article:modified_time\" content=\"2026-02-04T13:27:27+00:00\" \/>\n<meta property=\"og:image\" content=\"https:\/\/mestra.es\/wp-content\/uploads\/2024\/05\/100295.jpg\" \/>\n\t<meta property=\"og:image:width\" content=\"600\" \/>\n\t<meta property=\"og:image:height\" content=\"600\" \/>\n\t<meta property=\"og:image:type\" content=\"image\/jpeg\" \/>\n<meta name=\"twitter:card\" content=\"summary_large_image\" \/>\n<meta name=\"twitter:label1\" content=\"Prix\" \/>\n\t<meta name=\"twitter:data1\" content=\"1,00&nbsp;&euro;\" \/>\n\t<meta name=\"twitter:label2\" content=\"Disponibilit\u00e9\" \/>\n\t<meta name=\"twitter:data2\" content=\"En stock\" \/>\n<script type=\"application\/ld+json\" class=\"yoast-schema-graph\">{\"@context\":\"https:\/\/schema.org\",\"@graph\":[{\"@type\":\"WebPage\",\"@id\":\"https:\/\/mestra.es\/fr\/producto\/anodizador-de-titanio\/\",\"url\":\"https:\/\/mestra.es\/fr\/producto\/anodizador-de-titanio\/\",\"name\":\"Unit\u00e9 d\u2019anodisation compacte pour le titane | MESTRA\",\"isPartOf\":{\"@id\":\"https:\/\/mestra.es\/fr\/#website\"},\"primaryImageOfPage\":{\"@id\":\"https:\/\/mestra.es\/fr\/producto\/anodizador-de-titanio\/#primaryimage\"},\"image\":{\"@id\":\"https:\/\/mestra.es\/fr\/producto\/anodizador-de-titanio\/#primaryimage\"},\"thumbnailUrl\":\"https:\/\/mestra.es\/wp-content\/uploads\/2024\/05\/100295.jpg\",\"datePublished\":\"2024-05-29T12:49:08+00:00\",\"dateModified\":\"2026-02-04T13:27:27+00:00\",\"description\":\"Chez MESTRA nous avons unit\u00e9 d\u2019anodisation compacte pour le titane. Consultez notre catalogue de mat\u00e9riel dentaire et passez votre commande d\u00e8s maintenant.\",\"breadcrumb\":{\"@id\":\"https:\/\/mestra.es\/fr\/producto\/anodizador-de-titanio\/#breadcrumb\"},\"inLanguage\":\"fr-FR\",\"potentialAction\":[{\"@type\":\"ReadAction\",\"target\":[\"https:\/\/mestra.es\/fr\/producto\/anodizador-de-titanio\/\"]}]},{\"@type\":\"ImageObject\",\"inLanguage\":\"fr-FR\",\"@id\":\"https:\/\/mestra.es\/fr\/producto\/anodizador-de-titanio\/#primaryimage\",\"url\":\"https:\/\/mestra.es\/wp-content\/uploads\/2024\/05\/100295.jpg\",\"contentUrl\":\"https:\/\/mestra.es\/wp-content\/uploads\/2024\/05\/100295.jpg\",\"width\":600,\"height\":600,\"caption\":\"Unidad de anodizado para titanio\"},{\"@type\":\"BreadcrumbList\",\"@id\":\"https:\/\/mestra.es\/fr\/producto\/anodizador-de-titanio\/#breadcrumb\",\"itemListElement\":[{\"@type\":\"ListItem\",\"position\":1,\"name\":\"Portada\",\"item\":\"https:\/\/mestra.es\/fr\/\"},{\"@type\":\"ListItem\",\"position\":2,\"name\":\"Boutique\",\"item\":\"https:\/\/mestra.es\/fr\/boutique\/\"},{\"@type\":\"ListItem\",\"position\":3,\"name\":\"UNITE COMPACTE POUR L\u2019ANODISATION DU TITANE\"}]},{\"@type\":\"WebSite\",\"@id\":\"https:\/\/mestra.es\/fr\/#website\",\"url\":\"https:\/\/mestra.es\/fr\/\",\"name\":\"Talleres Mestra\",\"description\":\"\",\"publisher\":{\"@id\":\"https:\/\/mestra.es\/fr\/#organization\"},\"potentialAction\":[{\"@type\":\"SearchAction\",\"target\":{\"@type\":\"EntryPoint\",\"urlTemplate\":\"https:\/\/mestra.es\/fr\/?s={search_term_string}\"},\"query-input\":{\"@type\":\"PropertyValueSpecification\",\"valueRequired\":true,\"valueName\":\"search_term_string\"}}],\"inLanguage\":\"fr-FR\"},{\"@type\":\"Organization\",\"@id\":\"https:\/\/mestra.es\/fr\/#organization\",\"name\":\"Talleres Mestra\",\"url\":\"https:\/\/mestra.es\/fr\/\",\"logo\":{\"@type\":\"ImageObject\",\"inLanguage\":\"fr-FR\",\"@id\":\"https:\/\/mestra.es\/fr\/#\/schema\/logo\/image\/\",\"url\":\"https:\/\/mestra.es\/wp-content\/uploads\/2024\/05\/logo_mestra.png\",\"contentUrl\":\"https:\/\/mestra.es\/wp-content\/uploads\/2024\/05\/logo_mestra.png\",\"width\":300,\"height\":170,\"caption\":\"Talleres Mestra\"},\"image\":{\"@id\":\"https:\/\/mestra.es\/fr\/#\/schema\/logo\/image\/\"}}]}<\/script>\n<meta property=\"product:price:amount\" content=\"1.00\" \/>\n<meta property=\"product:price:currency\" content=\"EUR\" \/>\n<meta property=\"og:availability\" content=\"instock\" \/>\n<meta property=\"product:availability\" content=\"instock\" \/>\n<meta property=\"product:retailer_item_id\" content=\"100295\" \/>\n<meta property=\"product:condition\" content=\"new\" \/>\n<!-- \/ Yoast SEO plugin. -->","yoast_head_json":{"title":"Unit\u00e9 d\u2019anodisation compacte pour le titane | MESTRA","description":"Chez MESTRA nous avons unit\u00e9 d\u2019anodisation compacte pour le titane. Consultez notre catalogue de mat\u00e9riel dentaire et passez votre commande d\u00e8s maintenant.","robots":{"index":"index","follow":"follow","max-snippet":"max-snippet:-1","max-image-preview":"max-image-preview:large","max-video-preview":"max-video-preview:-1"},"canonical":"https:\/\/mestra.es\/fr\/producto\/anodizador-de-titanio\/","og_locale":"fr_FR","og_type":"article","og_title":"Unit\u00e9 d\u2019anodisation compacte pour le titane | MESTRA","og_description":"Chez MESTRA nous avons unit\u00e9 d\u2019anodisation compacte pour le titane. Consultez notre catalogue de mat\u00e9riel dentaire et passez votre commande d\u00e8s maintenant.","og_url":"https:\/\/mestra.es\/fr\/producto\/anodizador-de-titanio\/","og_site_name":"Talleres Mestra","article_modified_time":"2026-02-04T13:27:27+00:00","og_image":[{"width":600,"height":600,"url":"https:\/\/mestra.es\/wp-content\/uploads\/2024\/05\/100295.jpg","type":"image\/jpeg"}],"twitter_card":"summary_large_image","twitter_misc":{"Prix":"1,00&nbsp;&euro;","Disponibilit\u00e9":"En stock"},"schema":{"@context":"https:\/\/schema.org","@graph":[{"@type":"WebPage","@id":"https:\/\/mestra.es\/fr\/producto\/anodizador-de-titanio\/","url":"https:\/\/mestra.es\/fr\/producto\/anodizador-de-titanio\/","name":"Unit\u00e9 d\u2019anodisation compacte pour le titane | MESTRA","isPartOf":{"@id":"https:\/\/mestra.es\/fr\/#website"},"primaryImageOfPage":{"@id":"https:\/\/mestra.es\/fr\/producto\/anodizador-de-titanio\/#primaryimage"},"image":{"@id":"https:\/\/mestra.es\/fr\/producto\/anodizador-de-titanio\/#primaryimage"},"thumbnailUrl":"https:\/\/mestra.es\/wp-content\/uploads\/2024\/05\/100295.jpg","datePublished":"2024-05-29T12:49:08+00:00","dateModified":"2026-02-04T13:27:27+00:00","description":"Chez MESTRA nous avons unit\u00e9 d\u2019anodisation compacte pour le titane. Consultez notre catalogue de mat\u00e9riel dentaire et passez votre commande d\u00e8s maintenant.","breadcrumb":{"@id":"https:\/\/mestra.es\/fr\/producto\/anodizador-de-titanio\/#breadcrumb"},"inLanguage":"fr-FR","potentialAction":[{"@type":"ReadAction","target":["https:\/\/mestra.es\/fr\/producto\/anodizador-de-titanio\/"]}]},{"@type":"ImageObject","inLanguage":"fr-FR","@id":"https:\/\/mestra.es\/fr\/producto\/anodizador-de-titanio\/#primaryimage","url":"https:\/\/mestra.es\/wp-content\/uploads\/2024\/05\/100295.jpg","contentUrl":"https:\/\/mestra.es\/wp-content\/uploads\/2024\/05\/100295.jpg","width":600,"height":600,"caption":"Unidad de anodizado para titanio"},{"@type":"BreadcrumbList","@id":"https:\/\/mestra.es\/fr\/producto\/anodizador-de-titanio\/#breadcrumb","itemListElement":[{"@type":"ListItem","position":1,"name":"Portada","item":"https:\/\/mestra.es\/fr\/"},{"@type":"ListItem","position":2,"name":"Boutique","item":"https:\/\/mestra.es\/fr\/boutique\/"},{"@type":"ListItem","position":3,"name":"UNITE COMPACTE POUR L\u2019ANODISATION DU TITANE"}]},{"@type":"WebSite","@id":"https:\/\/mestra.es\/fr\/#website","url":"https:\/\/mestra.es\/fr\/","name":"Talleres Mestra","description":"","publisher":{"@id":"https:\/\/mestra.es\/fr\/#organization"},"potentialAction":[{"@type":"SearchAction","target":{"@type":"EntryPoint","urlTemplate":"https:\/\/mestra.es\/fr\/?s={search_term_string}"},"query-input":{"@type":"PropertyValueSpecification","valueRequired":true,"valueName":"search_term_string"}}],"inLanguage":"fr-FR"},{"@type":"Organization","@id":"https:\/\/mestra.es\/fr\/#organization","name":"Talleres Mestra","url":"https:\/\/mestra.es\/fr\/","logo":{"@type":"ImageObject","inLanguage":"fr-FR","@id":"https:\/\/mestra.es\/fr\/#\/schema\/logo\/image\/","url":"https:\/\/mestra.es\/wp-content\/uploads\/2024\/05\/logo_mestra.png","contentUrl":"https:\/\/mestra.es\/wp-content\/uploads\/2024\/05\/logo_mestra.png","width":300,"height":170,"caption":"Talleres Mestra"},"image":{"@id":"https:\/\/mestra.es\/fr\/#\/schema\/logo\/image\/"}}]},"product_price_amount":"1.00","product_price_currency":"EUR","og_availability":"instock","product_availability":"instock","product_retailer_item_id":"100295","product_condition":"new"},"_links":{"self":[{"href":"https:\/\/mestra.es\/fr\/wp-json\/wp\/v2\/product\/11059","targetHints":{"allow":["GET"]}}],"collection":[{"href":"https:\/\/mestra.es\/fr\/wp-json\/wp\/v2\/product"}],"about":[{"href":"https:\/\/mestra.es\/fr\/wp-json\/wp\/v2\/types\/product"}],"wp:featuredmedia":[{"embeddable":true,"href":"https:\/\/mestra.es\/fr\/wp-json\/wp\/v2\/media\/10263"}],"wp:attachment":[{"href":"https:\/\/mestra.es\/fr\/wp-json\/wp\/v2\/media?parent=11059"}],"wp:term":[{"taxonomy":"product_brand","embeddable":true,"href":"https:\/\/mestra.es\/fr\/wp-json\/wp\/v2\/product_brand?post=11059"},{"taxonomy":"product_cat","embeddable":true,"href":"https:\/\/mestra.es\/fr\/wp-json\/wp\/v2\/product_cat?post=11059"},{"taxonomy":"product_tag","embeddable":true,"href":"https:\/\/mestra.es\/fr\/wp-json\/wp\/v2\/product_tag?post=11059"}],"curies":[{"name":"wp","href":"https:\/\/api.w.org\/{rel}","templated":true}]}}