{"id":10991,"date":"2024-06-04T16:01:13","date_gmt":"2024-06-04T14:01:13","guid":{"rendered":"https:\/\/mestra.es\/producto\/film-protector-barrera\/"},"modified":"2025-03-28T13:40:55","modified_gmt":"2025-03-28T12:40:55","slug":"film-protector-barrera","status":"publish","type":"product","link":"https:\/\/mestra.es\/fr\/producto\/film-protector-barrera\/","title":{"rendered":"BARRIER FILM &#8211; 10 x 15 cm &#8211; 1200 UNITS"},"content":{"rendered":"<p>Ce film adh\u00e9sif offre une solution pratique et efficace pour les environnements dentaires, en fournissant une couche de protection pour les instruments et les mat\u00e9riaux.<\/p>\n<p>Chaque rouleau contient 1200 adh\u00e9sifs pr\u00e9d\u00e9coup\u00e9s de 10 x 15 cm.<\/p>\n<p>Couleur bleue.<\/p>\n","protected":false},"excerpt":{"rendered":"<p>Ce film adh\u00e9sif offre une solution pratique et efficace pour les environnements dentaires, en fournissant une couche de protection pour les instruments et les mat\u00e9riaux. Chaque rouleau contient 1200 adh\u00e9sifs pr\u00e9d\u00e9coup\u00e9s de 10 x 15 cm. Couleur bleue.<\/p>\n","protected":false},"featured_media":16429,"template":"","meta":{"_acf_changed":false,"_monsterinsights_skip_tracking":false,"_monsterinsights_sitenote_active":false,"_monsterinsights_sitenote_note":"","_monsterinsights_sitenote_category":0},"product_brand":[],"product_cat":[2037],"product_tag":[],"class_list":{"0":"post-10991","1":"product","2":"type-product","3":"status-publish","4":"has-post-thumbnail","6":"product_cat-scellement","8":"first","9":"instock","10":"purchasable","11":"product-type-simple"},"acf":[],"yoast_head":"<!-- This site is optimized with the Yoast SEO plugin v27.2 - https:\/\/yoast.com\/product\/yoast-seo-wordpress\/ -->\n<title>Barrier film | MESTRA<\/title>\n<meta name=\"description\" content=\"Chez MESTRA nous avons Barrier film. Consultez notre catalogue de mat\u00e9riel dentaire et passez votre commande d\u00e8s maintenant.\" \/>\n<meta name=\"robots\" content=\"index, follow, max-snippet:-1, max-image-preview:large, max-video-preview:-1\" \/>\n<link rel=\"canonical\" href=\"https:\/\/mestra.es\/fr\/producto\/film-protector-barrera\/\" \/>\n<meta property=\"og:locale\" content=\"fr_FR\" \/>\n<meta property=\"og:type\" content=\"article\" \/>\n<meta property=\"og:title\" content=\"Barrier film | MESTRA\" \/>\n<meta property=\"og:description\" content=\"Chez MESTRA nous avons Barrier film. Consultez notre catalogue de mat\u00e9riel dentaire et passez votre commande d\u00e8s maintenant.\" \/>\n<meta property=\"og:url\" content=\"https:\/\/mestra.es\/fr\/producto\/film-protector-barrera\/\" \/>\n<meta property=\"og:site_name\" content=\"Talleres Mestra\" \/>\n<meta property=\"article:modified_time\" content=\"2025-03-28T12:40:55+00:00\" \/>\n<meta property=\"og:image\" content=\"https:\/\/mestra.es\/wp-content\/uploads\/2024\/06\/080439_1.jpg\" \/>\n\t<meta property=\"og:image:width\" content=\"600\" \/>\n\t<meta property=\"og:image:height\" content=\"600\" \/>\n\t<meta property=\"og:image:type\" content=\"image\/jpeg\" \/>\n<meta name=\"twitter:card\" content=\"summary_large_image\" \/>\n<meta name=\"twitter:label1\" content=\"Prix\" \/>\n\t<meta name=\"twitter:data1\" content=\"1,00&nbsp;&euro;\" \/>\n\t<meta name=\"twitter:label2\" content=\"Disponibilit\u00e9\" \/>\n\t<meta name=\"twitter:data2\" content=\"En stock\" \/>\n<script type=\"application\/ld+json\" class=\"yoast-schema-graph\">{\"@context\":\"https:\/\/schema.org\",\"@graph\":[{\"@type\":\"WebPage\",\"@id\":\"https:\/\/mestra.es\/fr\/producto\/film-protector-barrera\/\",\"url\":\"https:\/\/mestra.es\/fr\/producto\/film-protector-barrera\/\",\"name\":\"Barrier film | MESTRA\",\"isPartOf\":{\"@id\":\"https:\/\/mestra.es\/fr\/#website\"},\"primaryImageOfPage\":{\"@id\":\"https:\/\/mestra.es\/fr\/producto\/film-protector-barrera\/#primaryimage\"},\"image\":{\"@id\":\"https:\/\/mestra.es\/fr\/producto\/film-protector-barrera\/#primaryimage\"},\"thumbnailUrl\":\"https:\/\/mestra.es\/wp-content\/uploads\/2024\/06\/080439_1.jpg\",\"datePublished\":\"2024-06-04T14:01:13+00:00\",\"dateModified\":\"2025-03-28T12:40:55+00:00\",\"description\":\"Chez MESTRA nous avons Barrier film. Consultez notre catalogue de mat\u00e9riel dentaire et passez votre commande d\u00e8s maintenant.\",\"breadcrumb\":{\"@id\":\"https:\/\/mestra.es\/fr\/producto\/film-protector-barrera\/#breadcrumb\"},\"inLanguage\":\"fr-FR\",\"potentialAction\":[{\"@type\":\"ReadAction\",\"target\":[\"https:\/\/mestra.es\/fr\/producto\/film-protector-barrera\/\"]}]},{\"@type\":\"ImageObject\",\"inLanguage\":\"fr-FR\",\"@id\":\"https:\/\/mestra.es\/fr\/producto\/film-protector-barrera\/#primaryimage\",\"url\":\"https:\/\/mestra.es\/wp-content\/uploads\/2024\/06\/080439_1.jpg\",\"contentUrl\":\"https:\/\/mestra.es\/wp-content\/uploads\/2024\/06\/080439_1.jpg\",\"width\":600,\"height\":600,\"caption\":\"Film protector barrera\"},{\"@type\":\"BreadcrumbList\",\"@id\":\"https:\/\/mestra.es\/fr\/producto\/film-protector-barrera\/#breadcrumb\",\"itemListElement\":[{\"@type\":\"ListItem\",\"position\":1,\"name\":\"Portada\",\"item\":\"https:\/\/mestra.es\/fr\/\"},{\"@type\":\"ListItem\",\"position\":2,\"name\":\"Boutique\",\"item\":\"https:\/\/mestra.es\/fr\/boutique\/\"},{\"@type\":\"ListItem\",\"position\":3,\"name\":\"BARRIER FILM &#8211; 10 x 15 cm &#8211; 1200 UNITS\"}]},{\"@type\":\"WebSite\",\"@id\":\"https:\/\/mestra.es\/fr\/#website\",\"url\":\"https:\/\/mestra.es\/fr\/\",\"name\":\"Talleres Mestra\",\"description\":\"\",\"publisher\":{\"@id\":\"https:\/\/mestra.es\/fr\/#organization\"},\"potentialAction\":[{\"@type\":\"SearchAction\",\"target\":{\"@type\":\"EntryPoint\",\"urlTemplate\":\"https:\/\/mestra.es\/fr\/?s={search_term_string}\"},\"query-input\":{\"@type\":\"PropertyValueSpecification\",\"valueRequired\":true,\"valueName\":\"search_term_string\"}}],\"inLanguage\":\"fr-FR\"},{\"@type\":\"Organization\",\"@id\":\"https:\/\/mestra.es\/fr\/#organization\",\"name\":\"Talleres Mestra\",\"url\":\"https:\/\/mestra.es\/fr\/\",\"logo\":{\"@type\":\"ImageObject\",\"inLanguage\":\"fr-FR\",\"@id\":\"https:\/\/mestra.es\/fr\/#\/schema\/logo\/image\/\",\"url\":\"https:\/\/mestra.es\/wp-content\/uploads\/2024\/05\/logo_mestra.png\",\"contentUrl\":\"https:\/\/mestra.es\/wp-content\/uploads\/2024\/05\/logo_mestra.png\",\"width\":300,\"height\":170,\"caption\":\"Talleres Mestra\"},\"image\":{\"@id\":\"https:\/\/mestra.es\/fr\/#\/schema\/logo\/image\/\"}}]}<\/script>\n<meta property=\"product:price:amount\" content=\"1.00\" \/>\n<meta property=\"product:price:currency\" content=\"EUR\" \/>\n<meta property=\"og:availability\" content=\"instock\" \/>\n<meta property=\"product:availability\" content=\"instock\" \/>\n<meta property=\"product:retailer_item_id\" content=\"080439\" \/>\n<meta property=\"product:condition\" content=\"new\" \/>\n<!-- \/ Yoast SEO plugin. -->","yoast_head_json":{"title":"Barrier film | MESTRA","description":"Chez MESTRA nous avons Barrier film. Consultez notre catalogue de mat\u00e9riel dentaire et passez votre commande d\u00e8s maintenant.","robots":{"index":"index","follow":"follow","max-snippet":"max-snippet:-1","max-image-preview":"max-image-preview:large","max-video-preview":"max-video-preview:-1"},"canonical":"https:\/\/mestra.es\/fr\/producto\/film-protector-barrera\/","og_locale":"fr_FR","og_type":"article","og_title":"Barrier film | MESTRA","og_description":"Chez MESTRA nous avons Barrier film. Consultez notre catalogue de mat\u00e9riel dentaire et passez votre commande d\u00e8s maintenant.","og_url":"https:\/\/mestra.es\/fr\/producto\/film-protector-barrera\/","og_site_name":"Talleres Mestra","article_modified_time":"2025-03-28T12:40:55+00:00","og_image":[{"width":600,"height":600,"url":"https:\/\/mestra.es\/wp-content\/uploads\/2024\/06\/080439_1.jpg","type":"image\/jpeg"}],"twitter_card":"summary_large_image","twitter_misc":{"Prix":"1,00&nbsp;&euro;","Disponibilit\u00e9":"En stock"},"schema":{"@context":"https:\/\/schema.org","@graph":[{"@type":"WebPage","@id":"https:\/\/mestra.es\/fr\/producto\/film-protector-barrera\/","url":"https:\/\/mestra.es\/fr\/producto\/film-protector-barrera\/","name":"Barrier film | MESTRA","isPartOf":{"@id":"https:\/\/mestra.es\/fr\/#website"},"primaryImageOfPage":{"@id":"https:\/\/mestra.es\/fr\/producto\/film-protector-barrera\/#primaryimage"},"image":{"@id":"https:\/\/mestra.es\/fr\/producto\/film-protector-barrera\/#primaryimage"},"thumbnailUrl":"https:\/\/mestra.es\/wp-content\/uploads\/2024\/06\/080439_1.jpg","datePublished":"2024-06-04T14:01:13+00:00","dateModified":"2025-03-28T12:40:55+00:00","description":"Chez MESTRA nous avons Barrier film. Consultez notre catalogue de mat\u00e9riel dentaire et passez votre commande d\u00e8s maintenant.","breadcrumb":{"@id":"https:\/\/mestra.es\/fr\/producto\/film-protector-barrera\/#breadcrumb"},"inLanguage":"fr-FR","potentialAction":[{"@type":"ReadAction","target":["https:\/\/mestra.es\/fr\/producto\/film-protector-barrera\/"]}]},{"@type":"ImageObject","inLanguage":"fr-FR","@id":"https:\/\/mestra.es\/fr\/producto\/film-protector-barrera\/#primaryimage","url":"https:\/\/mestra.es\/wp-content\/uploads\/2024\/06\/080439_1.jpg","contentUrl":"https:\/\/mestra.es\/wp-content\/uploads\/2024\/06\/080439_1.jpg","width":600,"height":600,"caption":"Film protector barrera"},{"@type":"BreadcrumbList","@id":"https:\/\/mestra.es\/fr\/producto\/film-protector-barrera\/#breadcrumb","itemListElement":[{"@type":"ListItem","position":1,"name":"Portada","item":"https:\/\/mestra.es\/fr\/"},{"@type":"ListItem","position":2,"name":"Boutique","item":"https:\/\/mestra.es\/fr\/boutique\/"},{"@type":"ListItem","position":3,"name":"BARRIER FILM &#8211; 10 x 15 cm &#8211; 1200 UNITS"}]},{"@type":"WebSite","@id":"https:\/\/mestra.es\/fr\/#website","url":"https:\/\/mestra.es\/fr\/","name":"Talleres Mestra","description":"","publisher":{"@id":"https:\/\/mestra.es\/fr\/#organization"},"potentialAction":[{"@type":"SearchAction","target":{"@type":"EntryPoint","urlTemplate":"https:\/\/mestra.es\/fr\/?s={search_term_string}"},"query-input":{"@type":"PropertyValueSpecification","valueRequired":true,"valueName":"search_term_string"}}],"inLanguage":"fr-FR"},{"@type":"Organization","@id":"https:\/\/mestra.es\/fr\/#organization","name":"Talleres Mestra","url":"https:\/\/mestra.es\/fr\/","logo":{"@type":"ImageObject","inLanguage":"fr-FR","@id":"https:\/\/mestra.es\/fr\/#\/schema\/logo\/image\/","url":"https:\/\/mestra.es\/wp-content\/uploads\/2024\/05\/logo_mestra.png","contentUrl":"https:\/\/mestra.es\/wp-content\/uploads\/2024\/05\/logo_mestra.png","width":300,"height":170,"caption":"Talleres Mestra"},"image":{"@id":"https:\/\/mestra.es\/fr\/#\/schema\/logo\/image\/"}}]},"product_price_amount":"1.00","product_price_currency":"EUR","og_availability":"instock","product_availability":"instock","product_retailer_item_id":"080439","product_condition":"new"},"_links":{"self":[{"href":"https:\/\/mestra.es\/fr\/wp-json\/wp\/v2\/product\/10991","targetHints":{"allow":["GET"]}}],"collection":[{"href":"https:\/\/mestra.es\/fr\/wp-json\/wp\/v2\/product"}],"about":[{"href":"https:\/\/mestra.es\/fr\/wp-json\/wp\/v2\/types\/product"}],"wp:featuredmedia":[{"embeddable":true,"href":"https:\/\/mestra.es\/fr\/wp-json\/wp\/v2\/media\/16429"}],"wp:attachment":[{"href":"https:\/\/mestra.es\/fr\/wp-json\/wp\/v2\/media?parent=10991"}],"wp:term":[{"taxonomy":"product_brand","embeddable":true,"href":"https:\/\/mestra.es\/fr\/wp-json\/wp\/v2\/product_brand?post=10991"},{"taxonomy":"product_cat","embeddable":true,"href":"https:\/\/mestra.es\/fr\/wp-json\/wp\/v2\/product_cat?post=10991"},{"taxonomy":"product_tag","embeddable":true,"href":"https:\/\/mestra.es\/fr\/wp-json\/wp\/v2\/product_tag?post=10991"}],"curies":[{"name":"wp","href":"https:\/\/api.w.org\/{rel}","templated":true}]}}