{"id":10987,"date":"2024-06-04T16:17:44","date_gmt":"2024-06-04T14:17:44","guid":{"rendered":"https:\/\/mestra.es\/producto\/bano-ultrasonidos-3-l-c-temperatura\/"},"modified":"2026-02-04T16:22:31","modified_gmt":"2026-02-04T15:22:31","slug":"bano-ultrasonidos-3-l-c-temperatura","status":"publish","type":"product","link":"https:\/\/mestra.es\/fr\/producto\/bano-ultrasonidos-3-l-c-temperatura\/","title":{"rendered":"BAC A ULTRASONS &#8211; 3 L"},"content":{"rendered":"<p>La taille de sa cuve en acier inoxydable est adapt\u00e9 au nettoyage de petits objets dans le laboratoire et dans le cabinet dentaire.<\/p>\n<ul>\n<li><strong>Corps en r\u00e9sine.<\/strong><br \/>\nA l\u2019\u00e9preuve de l\u2019eau et d\u2019\u00e9ventuelles chutes. C\u00e2ble d\u00e9tachable, pratique \u00e0 utiliser.<\/li>\n<li><strong>Transducteur \u00e0 ultrasons de qualit\u00e9 industrielle.<\/strong><br \/>\nR\u00e9partition plus uniforme des ultrasons nettoyage puissant, longue dur\u00e9e.<\/li>\n<li><strong>Circuits int\u00e9gr\u00e9s industriels.<\/strong><br \/>\nMeilleures performances anti-interf\u00e9rences.<\/li>\n<li><strong>Ventilateur de refroidissement.<\/strong><br \/>\nAm\u00e9liore la dissipation thermique. Con\u00e7u pour une utilisation en continu.<\/li>\n<li><strong>Cuve en acier inoxydable.<\/strong><br \/>\nLongueur maximale de la pi\u00e8ce \u00e0 nettoyer: 266 mm.<\/li>\n<li><strong>Carte \u00e9lectronique r\u00e9sistante \u00e0 l\u2019humidit\u00e9.<\/strong><br \/>\nUtile dans diff\u00e9rents environnements de travail.<\/li>\n<li><strong>Fonction de d\u00e9gazage.<\/strong><br \/>\nFait dispara\u00eetre rapidement les bulles d\u2019air.<\/li>\n<li><strong>Affichage LED en 3 couleurs.<\/strong><br \/>\n&#8211; Minuterie avec une plage de 1 \u00e0 30 minutes.<br \/>\n&#8211; 5 param\u00e8tres de temp\u00e9rature, \u00e9tat de travail.<\/li>\n<li><strong>Programme avanc\u00e9.<\/strong><br \/>\n&#8211; Affichage de la temp\u00e9rature en \u00b0C \/ \u00b0F<br \/>\n&#8211; Indicateur de temps d\u2019utilisation de la solution de nettoyage.<\/li>\n<li><strong>Chauffage en c\u00e9ramique longue dur\u00e9e.<\/strong><\/li>\n<li><strong>Protecteur de surchauffe.<\/strong><br \/>\nEvite la surchauffe et augmente efficacement la dur\u00e9e de vie de l\u2019appareil.<\/li>\n<li><strong>Double protection thermique.<\/strong><br \/>\nLe chauffage s\u2019arr\u00eatera apr\u00e8s 90 minutes pour des raisons de s\u00e9curit\u00e9.<\/li>\n<\/ul>\n","protected":false},"excerpt":{"rendered":"<p>Il dispose d\u2019un syst\u00e8me de chauffage, d\u2019une minuterie \u00e9lectronique, d\u2019une fonction de d\u00e9gazage et d\u2019un compteur d\u2019heures d\u2019utilisation de la solution de nettoyage. Avec c\u00e2ble amovible, valve de vidange et tuyau, vider le r\u00e9servoir est tr\u00e8s pratique. Comprend un panier de protection en plastique et un tuyau de vidange.<\/p>\n","protected":false},"featured_media":10309,"template":"","meta":{"_acf_changed":false,"_monsterinsights_skip_tracking":false,"_monsterinsights_sitenote_active":false,"_monsterinsights_sitenote_note":"","_monsterinsights_sitenote_category":0},"product_brand":[],"product_cat":[1303,2024],"product_tag":[],"class_list":{"0":"post-10987","1":"product","2":"type-product","3":"status-publish","4":"has-post-thumbnail","6":"product_cat-ultrasons","7":"product_cat-bains-a-ultrasons","9":"first","10":"instock","11":"purchasable","12":"product-type-simple"},"acf":[],"yoast_head":"<!-- This site is optimized with the Yoast SEO plugin v27.2 - https:\/\/yoast.com\/product\/yoast-seo-wordpress\/ -->\n<title>Bac a ultrasons 3 L | MESTRA<\/title>\n<meta name=\"description\" content=\"Chez MESTRA nous avons bac a ultrasons 3 L. Consultez notre catalogue de mat\u00e9riel dentaire et passez votre commande d\u00e8s maintenant.\" \/>\n<meta name=\"robots\" content=\"index, follow, max-snippet:-1, max-image-preview:large, max-video-preview:-1\" \/>\n<link rel=\"canonical\" href=\"https:\/\/mestra.es\/fr\/producto\/bano-ultrasonidos-3-l-c-temperatura\/\" \/>\n<meta property=\"og:locale\" content=\"fr_FR\" \/>\n<meta property=\"og:type\" content=\"article\" \/>\n<meta property=\"og:title\" content=\"Bac a ultrasons 3 L | MESTRA\" \/>\n<meta property=\"og:description\" content=\"Chez MESTRA nous avons bac a ultrasons 3 L. Consultez notre catalogue de mat\u00e9riel dentaire et passez votre commande d\u00e8s maintenant.\" \/>\n<meta property=\"og:url\" content=\"https:\/\/mestra.es\/fr\/producto\/bano-ultrasonidos-3-l-c-temperatura\/\" \/>\n<meta property=\"og:site_name\" content=\"Talleres Mestra\" \/>\n<meta property=\"article:modified_time\" content=\"2026-02-04T15:22:31+00:00\" \/>\n<meta property=\"og:image\" content=\"https:\/\/mestra.es\/wp-content\/uploads\/2024\/06\/100142.jpg\" \/>\n\t<meta property=\"og:image:width\" content=\"600\" \/>\n\t<meta property=\"og:image:height\" content=\"600\" \/>\n\t<meta property=\"og:image:type\" content=\"image\/jpeg\" \/>\n<meta name=\"twitter:card\" content=\"summary_large_image\" \/>\n<meta name=\"twitter:label1\" content=\"Prix\" \/>\n\t<meta name=\"twitter:data1\" content=\"1,00&nbsp;&euro;\" \/>\n\t<meta name=\"twitter:label2\" content=\"Disponibilit\u00e9\" \/>\n\t<meta name=\"twitter:data2\" content=\"En stock\" \/>\n<script type=\"application\/ld+json\" class=\"yoast-schema-graph\">{\"@context\":\"https:\/\/schema.org\",\"@graph\":[{\"@type\":\"WebPage\",\"@id\":\"https:\/\/mestra.es\/fr\/producto\/bano-ultrasonidos-3-l-c-temperatura\/\",\"url\":\"https:\/\/mestra.es\/fr\/producto\/bano-ultrasonidos-3-l-c-temperatura\/\",\"name\":\"Bac a ultrasons 3 L | MESTRA\",\"isPartOf\":{\"@id\":\"https:\/\/mestra.es\/fr\/#website\"},\"primaryImageOfPage\":{\"@id\":\"https:\/\/mestra.es\/fr\/producto\/bano-ultrasonidos-3-l-c-temperatura\/#primaryimage\"},\"image\":{\"@id\":\"https:\/\/mestra.es\/fr\/producto\/bano-ultrasonidos-3-l-c-temperatura\/#primaryimage\"},\"thumbnailUrl\":\"https:\/\/mestra.es\/wp-content\/uploads\/2024\/06\/100142.jpg\",\"datePublished\":\"2024-06-04T14:17:44+00:00\",\"dateModified\":\"2026-02-04T15:22:31+00:00\",\"description\":\"Chez MESTRA nous avons bac a ultrasons 3 L. Consultez notre catalogue de mat\u00e9riel dentaire et passez votre commande d\u00e8s maintenant.\",\"breadcrumb\":{\"@id\":\"https:\/\/mestra.es\/fr\/producto\/bano-ultrasonidos-3-l-c-temperatura\/#breadcrumb\"},\"inLanguage\":\"fr-FR\",\"potentialAction\":[{\"@type\":\"ReadAction\",\"target\":[\"https:\/\/mestra.es\/fr\/producto\/bano-ultrasonidos-3-l-c-temperatura\/\"]}]},{\"@type\":\"ImageObject\",\"inLanguage\":\"fr-FR\",\"@id\":\"https:\/\/mestra.es\/fr\/producto\/bano-ultrasonidos-3-l-c-temperatura\/#primaryimage\",\"url\":\"https:\/\/mestra.es\/wp-content\/uploads\/2024\/06\/100142.jpg\",\"contentUrl\":\"https:\/\/mestra.es\/wp-content\/uploads\/2024\/06\/100142.jpg\",\"width\":600,\"height\":600,\"caption\":\"Ba\u00f1o ultrasonidos 3 L\"},{\"@type\":\"BreadcrumbList\",\"@id\":\"https:\/\/mestra.es\/fr\/producto\/bano-ultrasonidos-3-l-c-temperatura\/#breadcrumb\",\"itemListElement\":[{\"@type\":\"ListItem\",\"position\":1,\"name\":\"Portada\",\"item\":\"https:\/\/mestra.es\/fr\/\"},{\"@type\":\"ListItem\",\"position\":2,\"name\":\"Boutique\",\"item\":\"https:\/\/mestra.es\/fr\/boutique\/\"},{\"@type\":\"ListItem\",\"position\":3,\"name\":\"BAC A ULTRASONS &#8211; 3 L\"}]},{\"@type\":\"WebSite\",\"@id\":\"https:\/\/mestra.es\/fr\/#website\",\"url\":\"https:\/\/mestra.es\/fr\/\",\"name\":\"Talleres Mestra\",\"description\":\"\",\"publisher\":{\"@id\":\"https:\/\/mestra.es\/fr\/#organization\"},\"potentialAction\":[{\"@type\":\"SearchAction\",\"target\":{\"@type\":\"EntryPoint\",\"urlTemplate\":\"https:\/\/mestra.es\/fr\/?s={search_term_string}\"},\"query-input\":{\"@type\":\"PropertyValueSpecification\",\"valueRequired\":true,\"valueName\":\"search_term_string\"}}],\"inLanguage\":\"fr-FR\"},{\"@type\":\"Organization\",\"@id\":\"https:\/\/mestra.es\/fr\/#organization\",\"name\":\"Talleres Mestra\",\"url\":\"https:\/\/mestra.es\/fr\/\",\"logo\":{\"@type\":\"ImageObject\",\"inLanguage\":\"fr-FR\",\"@id\":\"https:\/\/mestra.es\/fr\/#\/schema\/logo\/image\/\",\"url\":\"https:\/\/mestra.es\/wp-content\/uploads\/2024\/05\/logo_mestra.png\",\"contentUrl\":\"https:\/\/mestra.es\/wp-content\/uploads\/2024\/05\/logo_mestra.png\",\"width\":300,\"height\":170,\"caption\":\"Talleres Mestra\"},\"image\":{\"@id\":\"https:\/\/mestra.es\/fr\/#\/schema\/logo\/image\/\"}}]}<\/script>\n<meta property=\"product:price:amount\" content=\"1.00\" \/>\n<meta property=\"product:price:currency\" content=\"EUR\" \/>\n<meta property=\"og:availability\" content=\"instock\" \/>\n<meta property=\"product:availability\" content=\"instock\" \/>\n<meta property=\"product:retailer_item_id\" content=\"100142\" \/>\n<meta property=\"product:condition\" content=\"new\" \/>\n<!-- \/ Yoast SEO plugin. -->","yoast_head_json":{"title":"Bac a ultrasons 3 L | MESTRA","description":"Chez MESTRA nous avons bac a ultrasons 3 L. Consultez notre catalogue de mat\u00e9riel dentaire et passez votre commande d\u00e8s maintenant.","robots":{"index":"index","follow":"follow","max-snippet":"max-snippet:-1","max-image-preview":"max-image-preview:large","max-video-preview":"max-video-preview:-1"},"canonical":"https:\/\/mestra.es\/fr\/producto\/bano-ultrasonidos-3-l-c-temperatura\/","og_locale":"fr_FR","og_type":"article","og_title":"Bac a ultrasons 3 L | MESTRA","og_description":"Chez MESTRA nous avons bac a ultrasons 3 L. Consultez notre catalogue de mat\u00e9riel dentaire et passez votre commande d\u00e8s maintenant.","og_url":"https:\/\/mestra.es\/fr\/producto\/bano-ultrasonidos-3-l-c-temperatura\/","og_site_name":"Talleres Mestra","article_modified_time":"2026-02-04T15:22:31+00:00","og_image":[{"width":600,"height":600,"url":"https:\/\/mestra.es\/wp-content\/uploads\/2024\/06\/100142.jpg","type":"image\/jpeg"}],"twitter_card":"summary_large_image","twitter_misc":{"Prix":"1,00&nbsp;&euro;","Disponibilit\u00e9":"En stock"},"schema":{"@context":"https:\/\/schema.org","@graph":[{"@type":"WebPage","@id":"https:\/\/mestra.es\/fr\/producto\/bano-ultrasonidos-3-l-c-temperatura\/","url":"https:\/\/mestra.es\/fr\/producto\/bano-ultrasonidos-3-l-c-temperatura\/","name":"Bac a ultrasons 3 L | MESTRA","isPartOf":{"@id":"https:\/\/mestra.es\/fr\/#website"},"primaryImageOfPage":{"@id":"https:\/\/mestra.es\/fr\/producto\/bano-ultrasonidos-3-l-c-temperatura\/#primaryimage"},"image":{"@id":"https:\/\/mestra.es\/fr\/producto\/bano-ultrasonidos-3-l-c-temperatura\/#primaryimage"},"thumbnailUrl":"https:\/\/mestra.es\/wp-content\/uploads\/2024\/06\/100142.jpg","datePublished":"2024-06-04T14:17:44+00:00","dateModified":"2026-02-04T15:22:31+00:00","description":"Chez MESTRA nous avons bac a ultrasons 3 L. Consultez notre catalogue de mat\u00e9riel dentaire et passez votre commande d\u00e8s maintenant.","breadcrumb":{"@id":"https:\/\/mestra.es\/fr\/producto\/bano-ultrasonidos-3-l-c-temperatura\/#breadcrumb"},"inLanguage":"fr-FR","potentialAction":[{"@type":"ReadAction","target":["https:\/\/mestra.es\/fr\/producto\/bano-ultrasonidos-3-l-c-temperatura\/"]}]},{"@type":"ImageObject","inLanguage":"fr-FR","@id":"https:\/\/mestra.es\/fr\/producto\/bano-ultrasonidos-3-l-c-temperatura\/#primaryimage","url":"https:\/\/mestra.es\/wp-content\/uploads\/2024\/06\/100142.jpg","contentUrl":"https:\/\/mestra.es\/wp-content\/uploads\/2024\/06\/100142.jpg","width":600,"height":600,"caption":"Ba\u00f1o ultrasonidos 3 L"},{"@type":"BreadcrumbList","@id":"https:\/\/mestra.es\/fr\/producto\/bano-ultrasonidos-3-l-c-temperatura\/#breadcrumb","itemListElement":[{"@type":"ListItem","position":1,"name":"Portada","item":"https:\/\/mestra.es\/fr\/"},{"@type":"ListItem","position":2,"name":"Boutique","item":"https:\/\/mestra.es\/fr\/boutique\/"},{"@type":"ListItem","position":3,"name":"BAC A ULTRASONS &#8211; 3 L"}]},{"@type":"WebSite","@id":"https:\/\/mestra.es\/fr\/#website","url":"https:\/\/mestra.es\/fr\/","name":"Talleres Mestra","description":"","publisher":{"@id":"https:\/\/mestra.es\/fr\/#organization"},"potentialAction":[{"@type":"SearchAction","target":{"@type":"EntryPoint","urlTemplate":"https:\/\/mestra.es\/fr\/?s={search_term_string}"},"query-input":{"@type":"PropertyValueSpecification","valueRequired":true,"valueName":"search_term_string"}}],"inLanguage":"fr-FR"},{"@type":"Organization","@id":"https:\/\/mestra.es\/fr\/#organization","name":"Talleres Mestra","url":"https:\/\/mestra.es\/fr\/","logo":{"@type":"ImageObject","inLanguage":"fr-FR","@id":"https:\/\/mestra.es\/fr\/#\/schema\/logo\/image\/","url":"https:\/\/mestra.es\/wp-content\/uploads\/2024\/05\/logo_mestra.png","contentUrl":"https:\/\/mestra.es\/wp-content\/uploads\/2024\/05\/logo_mestra.png","width":300,"height":170,"caption":"Talleres Mestra"},"image":{"@id":"https:\/\/mestra.es\/fr\/#\/schema\/logo\/image\/"}}]},"product_price_amount":"1.00","product_price_currency":"EUR","og_availability":"instock","product_availability":"instock","product_retailer_item_id":"100142","product_condition":"new"},"_links":{"self":[{"href":"https:\/\/mestra.es\/fr\/wp-json\/wp\/v2\/product\/10987","targetHints":{"allow":["GET"]}}],"collection":[{"href":"https:\/\/mestra.es\/fr\/wp-json\/wp\/v2\/product"}],"about":[{"href":"https:\/\/mestra.es\/fr\/wp-json\/wp\/v2\/types\/product"}],"wp:featuredmedia":[{"embeddable":true,"href":"https:\/\/mestra.es\/fr\/wp-json\/wp\/v2\/media\/10309"}],"wp:attachment":[{"href":"https:\/\/mestra.es\/fr\/wp-json\/wp\/v2\/media?parent=10987"}],"wp:term":[{"taxonomy":"product_brand","embeddable":true,"href":"https:\/\/mestra.es\/fr\/wp-json\/wp\/v2\/product_brand?post=10987"},{"taxonomy":"product_cat","embeddable":true,"href":"https:\/\/mestra.es\/fr\/wp-json\/wp\/v2\/product_cat?post=10987"},{"taxonomy":"product_tag","embeddable":true,"href":"https:\/\/mestra.es\/fr\/wp-json\/wp\/v2\/product_tag?post=10987"}],"curies":[{"name":"wp","href":"https:\/\/api.w.org\/{rel}","templated":true}]}}