{"id":10981,"date":"2024-06-04T17:13:51","date_gmt":"2024-06-04T15:13:51","guid":{"rendered":"https:\/\/mestra.es\/producto\/vaso-para-chorreado\/"},"modified":"2025-03-17T11:44:32","modified_gmt":"2025-03-17T10:44:32","slug":"vaso-para-chorreado","status":"publish","type":"product","link":"https:\/\/mestra.es\/fr\/producto\/vaso-para-chorreado\/","title":{"rendered":"Fiole de sablage"},"content":{"rendered":"<ol>\n<li>Mettre les \u00e9l\u00e9ments \u00e0 l\u2019int\u00e9rieur du r\u00e9cipient.<\/li>\n<li>Visser le capuchon sur le r\u00e9cipient.<\/li>\n<li>Retourner la fiole et positionner le crayon de sablage dans l\u2019orifice pr\u00e9vu \u00e0 cette effet sur la pastille en caoutchouc.<\/li>\n<li>Le sablage est d\u2019une qualit\u00e9 exceptionnelle tout en \u00e9tant rapide (10 \u2013 30 seg).<\/li>\n<\/ol>\n<p>L\u2019utilisation d\u2019une alumine comprise entre 50 et 125 \u03bcm est ecommand\u00e9e pour ne pas endommager certaines pi\u00e8ces \u00e0 sabler.<\/p>\n<p>Possibilit\u00e9 de sabler jusqu\u2019\u00e0 14 \u00e9l\u00e9ments avec la fiole en moins de 30 secondes.<\/p>\n","protected":false},"excerpt":{"rendered":"<p>Possibilit\u00e9 de sabler jusqu\u2019\u00e0 14 \u00e9l\u00e9ments avec la fiole en moins de 30 secondes.<\/p>\n","protected":false},"featured_media":10333,"template":"","meta":{"_acf_changed":false,"_monsterinsights_skip_tracking":false,"_monsterinsights_sitenote_active":false,"_monsterinsights_sitenote_note":"","_monsterinsights_sitenote_category":0},"product_brand":[],"product_cat":[1366],"product_tag":[],"class_list":{"0":"post-10981","1":"product","2":"type-product","3":"status-publish","4":"has-post-thumbnail","6":"product_cat-sableuses-fr","8":"first","9":"instock","10":"product-type-simple"},"acf":[],"yoast_head":"<!-- This site is optimized with the Yoast SEO plugin v27.2 - https:\/\/yoast.com\/product\/yoast-seo-wordpress\/ -->\n<title>Fiole de sablage | MESTRA<\/title>\n<meta name=\"description\" content=\"Chez MESTRA, nous avons les fiole de sablage que vous recherchez. Consultez notre catalogue d&#039;\u00e9quipements dentaires et passez votre commande d\u00e8s maintenant.\" \/>\n<meta name=\"robots\" content=\"index, follow, max-snippet:-1, max-image-preview:large, max-video-preview:-1\" \/>\n<link rel=\"canonical\" href=\"https:\/\/mestra.es\/fr\/producto\/vaso-para-chorreado\/\" \/>\n<meta property=\"og:locale\" content=\"fr_FR\" \/>\n<meta property=\"og:type\" content=\"article\" \/>\n<meta property=\"og:title\" content=\"Fiole de sablage | MESTRA\" \/>\n<meta property=\"og:description\" content=\"Chez MESTRA, nous avons les fiole de sablage que vous recherchez. Consultez notre catalogue d&#039;\u00e9quipements dentaires et passez votre commande d\u00e8s maintenant.\" \/>\n<meta property=\"og:url\" content=\"https:\/\/mestra.es\/fr\/producto\/vaso-para-chorreado\/\" \/>\n<meta property=\"og:site_name\" content=\"Talleres Mestra\" \/>\n<meta property=\"article:modified_time\" content=\"2025-03-17T10:44:32+00:00\" \/>\n<meta property=\"og:image\" content=\"https:\/\/mestra.es\/wp-content\/uploads\/2024\/06\/050586d-1.jpg\" \/>\n\t<meta property=\"og:image:width\" content=\"1000\" \/>\n\t<meta property=\"og:image:height\" content=\"1000\" \/>\n\t<meta property=\"og:image:type\" content=\"image\/jpeg\" \/>\n<meta name=\"twitter:card\" content=\"summary_large_image\" \/>\n<meta name=\"twitter:label1\" content=\"Prix\" \/>\n\t<meta name=\"twitter:data1\" content=\"\" \/>\n\t<meta name=\"twitter:label2\" content=\"Disponibilit\u00e9\" \/>\n\t<meta name=\"twitter:data2\" content=\"En stock\" \/>\n<script type=\"application\/ld+json\" class=\"yoast-schema-graph\">{\"@context\":\"https:\/\/schema.org\",\"@graph\":[{\"@type\":\"WebPage\",\"@id\":\"https:\/\/mestra.es\/fr\/producto\/vaso-para-chorreado\/\",\"url\":\"https:\/\/mestra.es\/fr\/producto\/vaso-para-chorreado\/\",\"name\":\"Fiole de sablage | MESTRA\",\"isPartOf\":{\"@id\":\"https:\/\/mestra.es\/fr\/#website\"},\"primaryImageOfPage\":{\"@id\":\"https:\/\/mestra.es\/fr\/producto\/vaso-para-chorreado\/#primaryimage\"},\"image\":{\"@id\":\"https:\/\/mestra.es\/fr\/producto\/vaso-para-chorreado\/#primaryimage\"},\"thumbnailUrl\":\"https:\/\/mestra.es\/wp-content\/uploads\/2024\/06\/050586d-1.jpg\",\"datePublished\":\"2024-06-04T15:13:51+00:00\",\"dateModified\":\"2025-03-17T10:44:32+00:00\",\"description\":\"Chez MESTRA, nous avons les fiole de sablage que vous recherchez. Consultez notre catalogue d'\u00e9quipements dentaires et passez votre commande d\u00e8s maintenant.\",\"breadcrumb\":{\"@id\":\"https:\/\/mestra.es\/fr\/producto\/vaso-para-chorreado\/#breadcrumb\"},\"inLanguage\":\"fr-FR\",\"potentialAction\":[{\"@type\":\"ReadAction\",\"target\":[\"https:\/\/mestra.es\/fr\/producto\/vaso-para-chorreado\/\"]}]},{\"@type\":\"ImageObject\",\"inLanguage\":\"fr-FR\",\"@id\":\"https:\/\/mestra.es\/fr\/producto\/vaso-para-chorreado\/#primaryimage\",\"url\":\"https:\/\/mestra.es\/wp-content\/uploads\/2024\/06\/050586d-1.jpg\",\"contentUrl\":\"https:\/\/mestra.es\/wp-content\/uploads\/2024\/06\/050586d-1.jpg\",\"width\":1000,\"height\":1000,\"caption\":\"Vaso para chorreado\"},{\"@type\":\"BreadcrumbList\",\"@id\":\"https:\/\/mestra.es\/fr\/producto\/vaso-para-chorreado\/#breadcrumb\",\"itemListElement\":[{\"@type\":\"ListItem\",\"position\":1,\"name\":\"Portada\",\"item\":\"https:\/\/mestra.es\/fr\/\"},{\"@type\":\"ListItem\",\"position\":2,\"name\":\"Boutique\",\"item\":\"https:\/\/mestra.es\/fr\/boutique\/\"},{\"@type\":\"ListItem\",\"position\":3,\"name\":\"Fiole de sablage\"}]},{\"@type\":\"WebSite\",\"@id\":\"https:\/\/mestra.es\/fr\/#website\",\"url\":\"https:\/\/mestra.es\/fr\/\",\"name\":\"Talleres Mestra\",\"description\":\"\",\"publisher\":{\"@id\":\"https:\/\/mestra.es\/fr\/#organization\"},\"potentialAction\":[{\"@type\":\"SearchAction\",\"target\":{\"@type\":\"EntryPoint\",\"urlTemplate\":\"https:\/\/mestra.es\/fr\/?s={search_term_string}\"},\"query-input\":{\"@type\":\"PropertyValueSpecification\",\"valueRequired\":true,\"valueName\":\"search_term_string\"}}],\"inLanguage\":\"fr-FR\"},{\"@type\":\"Organization\",\"@id\":\"https:\/\/mestra.es\/fr\/#organization\",\"name\":\"Talleres Mestra\",\"url\":\"https:\/\/mestra.es\/fr\/\",\"logo\":{\"@type\":\"ImageObject\",\"inLanguage\":\"fr-FR\",\"@id\":\"https:\/\/mestra.es\/fr\/#\/schema\/logo\/image\/\",\"url\":\"https:\/\/mestra.es\/wp-content\/uploads\/2024\/05\/logo_mestra.png\",\"contentUrl\":\"https:\/\/mestra.es\/wp-content\/uploads\/2024\/05\/logo_mestra.png\",\"width\":300,\"height\":170,\"caption\":\"Talleres Mestra\"},\"image\":{\"@id\":\"https:\/\/mestra.es\/fr\/#\/schema\/logo\/image\/\"}}]}<\/script>\n<meta property=\"product:price:currency\" content=\"EUR\" \/>\n<meta property=\"og:availability\" content=\"instock\" \/>\n<meta property=\"product:availability\" content=\"instock\" \/>\n<meta property=\"product:retailer_item_id\" content=\"050586 \/ 050586-01\" \/>\n<meta property=\"product:condition\" content=\"new\" \/>\n<!-- \/ Yoast SEO plugin. -->","yoast_head_json":{"title":"Fiole de sablage | MESTRA","description":"Chez MESTRA, nous avons les fiole de sablage que vous recherchez. Consultez notre catalogue d'\u00e9quipements dentaires et passez votre commande d\u00e8s maintenant.","robots":{"index":"index","follow":"follow","max-snippet":"max-snippet:-1","max-image-preview":"max-image-preview:large","max-video-preview":"max-video-preview:-1"},"canonical":"https:\/\/mestra.es\/fr\/producto\/vaso-para-chorreado\/","og_locale":"fr_FR","og_type":"article","og_title":"Fiole de sablage | MESTRA","og_description":"Chez MESTRA, nous avons les fiole de sablage que vous recherchez. Consultez notre catalogue d'\u00e9quipements dentaires et passez votre commande d\u00e8s maintenant.","og_url":"https:\/\/mestra.es\/fr\/producto\/vaso-para-chorreado\/","og_site_name":"Talleres Mestra","article_modified_time":"2025-03-17T10:44:32+00:00","og_image":[{"width":1000,"height":1000,"url":"https:\/\/mestra.es\/wp-content\/uploads\/2024\/06\/050586d-1.jpg","type":"image\/jpeg"}],"twitter_card":"summary_large_image","twitter_misc":{"Prix":"","Disponibilit\u00e9":"En stock"},"schema":{"@context":"https:\/\/schema.org","@graph":[{"@type":"WebPage","@id":"https:\/\/mestra.es\/fr\/producto\/vaso-para-chorreado\/","url":"https:\/\/mestra.es\/fr\/producto\/vaso-para-chorreado\/","name":"Fiole de sablage | MESTRA","isPartOf":{"@id":"https:\/\/mestra.es\/fr\/#website"},"primaryImageOfPage":{"@id":"https:\/\/mestra.es\/fr\/producto\/vaso-para-chorreado\/#primaryimage"},"image":{"@id":"https:\/\/mestra.es\/fr\/producto\/vaso-para-chorreado\/#primaryimage"},"thumbnailUrl":"https:\/\/mestra.es\/wp-content\/uploads\/2024\/06\/050586d-1.jpg","datePublished":"2024-06-04T15:13:51+00:00","dateModified":"2025-03-17T10:44:32+00:00","description":"Chez MESTRA, nous avons les fiole de sablage que vous recherchez. Consultez notre catalogue d'\u00e9quipements dentaires et passez votre commande d\u00e8s maintenant.","breadcrumb":{"@id":"https:\/\/mestra.es\/fr\/producto\/vaso-para-chorreado\/#breadcrumb"},"inLanguage":"fr-FR","potentialAction":[{"@type":"ReadAction","target":["https:\/\/mestra.es\/fr\/producto\/vaso-para-chorreado\/"]}]},{"@type":"ImageObject","inLanguage":"fr-FR","@id":"https:\/\/mestra.es\/fr\/producto\/vaso-para-chorreado\/#primaryimage","url":"https:\/\/mestra.es\/wp-content\/uploads\/2024\/06\/050586d-1.jpg","contentUrl":"https:\/\/mestra.es\/wp-content\/uploads\/2024\/06\/050586d-1.jpg","width":1000,"height":1000,"caption":"Vaso para chorreado"},{"@type":"BreadcrumbList","@id":"https:\/\/mestra.es\/fr\/producto\/vaso-para-chorreado\/#breadcrumb","itemListElement":[{"@type":"ListItem","position":1,"name":"Portada","item":"https:\/\/mestra.es\/fr\/"},{"@type":"ListItem","position":2,"name":"Boutique","item":"https:\/\/mestra.es\/fr\/boutique\/"},{"@type":"ListItem","position":3,"name":"Fiole de sablage"}]},{"@type":"WebSite","@id":"https:\/\/mestra.es\/fr\/#website","url":"https:\/\/mestra.es\/fr\/","name":"Talleres Mestra","description":"","publisher":{"@id":"https:\/\/mestra.es\/fr\/#organization"},"potentialAction":[{"@type":"SearchAction","target":{"@type":"EntryPoint","urlTemplate":"https:\/\/mestra.es\/fr\/?s={search_term_string}"},"query-input":{"@type":"PropertyValueSpecification","valueRequired":true,"valueName":"search_term_string"}}],"inLanguage":"fr-FR"},{"@type":"Organization","@id":"https:\/\/mestra.es\/fr\/#organization","name":"Talleres Mestra","url":"https:\/\/mestra.es\/fr\/","logo":{"@type":"ImageObject","inLanguage":"fr-FR","@id":"https:\/\/mestra.es\/fr\/#\/schema\/logo\/image\/","url":"https:\/\/mestra.es\/wp-content\/uploads\/2024\/05\/logo_mestra.png","contentUrl":"https:\/\/mestra.es\/wp-content\/uploads\/2024\/05\/logo_mestra.png","width":300,"height":170,"caption":"Talleres Mestra"},"image":{"@id":"https:\/\/mestra.es\/fr\/#\/schema\/logo\/image\/"}}]},"product_price_currency":"EUR","og_availability":"instock","product_availability":"instock","product_retailer_item_id":"050586 \/ 050586-01","product_condition":"new"},"_links":{"self":[{"href":"https:\/\/mestra.es\/fr\/wp-json\/wp\/v2\/product\/10981","targetHints":{"allow":["GET"]}}],"collection":[{"href":"https:\/\/mestra.es\/fr\/wp-json\/wp\/v2\/product"}],"about":[{"href":"https:\/\/mestra.es\/fr\/wp-json\/wp\/v2\/types\/product"}],"wp:featuredmedia":[{"embeddable":true,"href":"https:\/\/mestra.es\/fr\/wp-json\/wp\/v2\/media\/10333"}],"wp:attachment":[{"href":"https:\/\/mestra.es\/fr\/wp-json\/wp\/v2\/media?parent=10981"}],"wp:term":[{"taxonomy":"product_brand","embeddable":true,"href":"https:\/\/mestra.es\/fr\/wp-json\/wp\/v2\/product_brand?post=10981"},{"taxonomy":"product_cat","embeddable":true,"href":"https:\/\/mestra.es\/fr\/wp-json\/wp\/v2\/product_cat?post=10981"},{"taxonomy":"product_tag","embeddable":true,"href":"https:\/\/mestra.es\/fr\/wp-json\/wp\/v2\/product_tag?post=10981"}],"curies":[{"name":"wp","href":"https:\/\/api.w.org\/{rel}","templated":true}]}}