{"id":20130,"date":"2024-06-23T08:06:07","date_gmt":"2024-06-23T06:06:07","guid":{"rendered":"https:\/\/mestra.es\/ofertas-mestra\/"},"modified":"2026-04-08T15:25:58","modified_gmt":"2026-04-08T13:25:58","slug":"ofertas-mestra","status":"publish","type":"page","link":"https:\/\/mestra.es\/fr\/ofertas-mestra\/","title":{"rendered":"MESTRA Offres"},"content":{"rendered":"\t\t<div data-elementor-type=\"wp-page\" data-elementor-id=\"20130\" class=\"elementor elementor-20130 elementor-5949\" data-elementor-post-type=\"page\">\n\t\t\t\t<div class=\"elementor-element elementor-element-fde9bf1 e-flex e-con-boxed e-con e-parent\" data-id=\"fde9bf1\" data-element_type=\"container\" data-e-type=\"container\">\n\t\t\t\t\t<div class=\"e-con-inner\">\n\t\t\t\t<div class=\"elementor-element elementor-element-6960ed5 elementor-widget elementor-widget-heading\" data-id=\"6960ed5\" data-element_type=\"widget\" data-e-type=\"widget\" data-widget_type=\"heading.default\">\n\t\t\t\t<div class=\"elementor-widget-container\">\n\t\t\t\t\t<h1 class=\"elementor-heading-title elementor-size-default\"><strong>Offres sp\u00e9ciales<\/strong><\/h1>\t\t\t\t<\/div>\n\t\t\t\t<\/div>\n\t\t\t\t<div class=\"elementor-element elementor-element-ed3be2f elementor-widget elementor-widget-heading\" data-id=\"ed3be2f\" data-element_type=\"widget\" data-e-type=\"widget\" data-widget_type=\"heading.default\">\n\t\t\t\t<div class=\"elementor-widget-container\">\n\t\t\t\t\t<p class=\"elementor-heading-title elementor-size-default\"><strong>Du 16 f\u00e9vrier au 30 avril 2026<\/strong><\/p>\t\t\t\t<\/div>\n\t\t\t\t<\/div>\n\t\t\t\t\t<\/div>\n\t\t\t\t<\/div>\n\t\t<div class=\"elementor-element elementor-element-c94ea31 e-flex e-con-boxed e-con e-parent\" data-id=\"c94ea31\" data-element_type=\"container\" data-e-type=\"container\">\n\t\t\t\t\t<div class=\"e-con-inner\">\n\t\t\t\t<div class=\"elementor-element elementor-element-5bc9007 elementor-widget__width-inherit elementor-widget elementor-widget-image\" data-id=\"5bc9007\" data-element_type=\"widget\" data-e-type=\"widget\" data-widget_type=\"image.default\">\n\t\t\t\t<div class=\"elementor-widget-container\">\n\t\t\t\t\t\t\t\t\t\t\t\t\t\t\t\t<a href=\"https:\/\/mestra.es\/wp-content\/uploads\/2026\/02\/Ofertas-Lab-Digital_2026_FR_baja-3.pdf\" target=\"_blank\">\n\t\t\t\t\t\t\t<img loading=\"lazy\" decoding=\"async\" width=\"1241\" height=\"1754\" src=\"https:\/\/mestra.es\/wp-content\/uploads\/2026\/02\/Ofertas-Lab-Digital_2026_FR_baja_page-0001.jpg\" class=\"attachment-large size-large wp-image-26733\" alt=\"\" srcset=\"https:\/\/mestra.es\/wp-content\/uploads\/2026\/02\/Ofertas-Lab-Digital_2026_FR_baja_page-0001.jpg 1241w, https:\/\/mestra.es\/wp-content\/uploads\/2026\/02\/Ofertas-Lab-Digital_2026_FR_baja_page-0001-212x300.jpg 212w, https:\/\/mestra.es\/wp-content\/uploads\/2026\/02\/Ofertas-Lab-Digital_2026_FR_baja_page-0001-768x1085.jpg 768w, https:\/\/mestra.es\/wp-content\/uploads\/2026\/02\/Ofertas-Lab-Digital_2026_FR_baja_page-0001-1087x1536.jpg 1087w, https:\/\/mestra.es\/wp-content\/uploads\/2026\/02\/Ofertas-Lab-Digital_2026_FR_baja_page-0001-416x588.jpg 416w\" sizes=\"auto, (max-width: 1241px) 100vw, 1241px\" \/>\t\t\t\t\t\t\t\t<\/a>\n\t\t\t\t\t\t\t\t\t\t\t\t\t\t\t<\/div>\n\t\t\t\t<\/div>\n\t\t\t\t<div class=\"elementor-element elementor-element-c09a34a elementor-widget__width-inherit elementor-widget elementor-widget-image\" data-id=\"c09a34a\" data-element_type=\"widget\" data-e-type=\"widget\" data-widget_type=\"image.default\">\n\t\t\t\t<div class=\"elementor-widget-container\">\n\t\t\t\t\t\t\t\t\t\t\t\t\t\t\t\t<a href=\"https:\/\/mestra.es\/wp-content\/uploads\/2026\/02\/Ofertas_CLINICA_2026_FR_baja-4.pdf\" target=\"_blank\">\n\t\t\t\t\t\t\t<img loading=\"lazy\" decoding=\"async\" width=\"1241\" height=\"1754\" src=\"https:\/\/mestra.es\/wp-content\/uploads\/2026\/02\/Ofertas_CLINICA_2026_FR_baja_pages-to-jpg-0001.jpg\" class=\"attachment-large size-large wp-image-26736\" alt=\"\" srcset=\"https:\/\/mestra.es\/wp-content\/uploads\/2026\/02\/Ofertas_CLINICA_2026_FR_baja_pages-to-jpg-0001.jpg 1241w, https:\/\/mestra.es\/wp-content\/uploads\/2026\/02\/Ofertas_CLINICA_2026_FR_baja_pages-to-jpg-0001-212x300.jpg 212w, https:\/\/mestra.es\/wp-content\/uploads\/2026\/02\/Ofertas_CLINICA_2026_FR_baja_pages-to-jpg-0001-768x1085.jpg 768w, https:\/\/mestra.es\/wp-content\/uploads\/2026\/02\/Ofertas_CLINICA_2026_FR_baja_pages-to-jpg-0001-1087x1536.jpg 1087w, https:\/\/mestra.es\/wp-content\/uploads\/2026\/02\/Ofertas_CLINICA_2026_FR_baja_pages-to-jpg-0001-416x588.jpg 416w\" sizes=\"auto, (max-width: 1241px) 100vw, 1241px\" \/>\t\t\t\t\t\t\t\t<\/a>\n\t\t\t\t\t\t\t\t\t\t\t\t\t\t\t<\/div>\n\t\t\t\t<\/div>\n\t\t\t\t\t<\/div>\n\t\t\t\t<\/div>\n\t\t<div class=\"elementor-element elementor-element-a2f0333 e-flex e-con-boxed e-con e-parent\" data-id=\"a2f0333\" data-element_type=\"container\" data-e-type=\"container\" data-settings=\"{&quot;background_background&quot;:&quot;classic&quot;}\">\n\t\t\t\t\t<div class=\"e-con-inner\">\n\t\t<div class=\"elementor-element elementor-element-daeef04 e-con-full e-flex e-con e-child\" data-id=\"daeef04\" data-element_type=\"container\" data-e-type=\"container\" data-settings=\"{&quot;background_background&quot;:&quot;classic&quot;}\">\n\t\t\t\t<div class=\"elementor-element elementor-element-8d0e503 elementor-widget elementor-widget-heading\" data-id=\"8d0e503\" data-element_type=\"widget\" data-e-type=\"widget\" data-widget_type=\"heading.default\">\n\t\t\t\t<div class=\"elementor-widget-container\">\n\t\t\t\t\t<h3 class=\"elementor-heading-title elementor-size-default\">Voulez-vous en savoir plus ?<\/h3>\t\t\t\t<\/div>\n\t\t\t\t<\/div>\n\t\t\t\t<div class=\"elementor-element elementor-element-1f235e9 elementor-widget__width-initial elementor-widget elementor-widget-heading\" data-id=\"1f235e9\" data-element_type=\"widget\" data-e-type=\"widget\" data-widget_type=\"heading.default\">\n\t\t\t\t<div class=\"elementor-widget-container\">\n\t\t\t\t\t<h2 class=\"elementor-heading-title elementor-size-default\">CONTACTEZ-NOUS ET NOUS VOUS AIDERONS \u00c0 R\u00c9PONDRE \u00c0 VOS BESOINS.<\/h2>\t\t\t\t<\/div>\n\t\t\t\t<\/div>\n\t\t\t\t<div class=\"elementor-element elementor-element-5428878 elementor-widget elementor-widget-button\" data-id=\"5428878\" data-element_type=\"widget\" data-e-type=\"widget\" data-widget_type=\"button.default\">\n\t\t\t\t<div class=\"elementor-widget-container\">\n\t\t\t\t\t\t\t\t\t<div class=\"elementor-button-wrapper\">\n\t\t\t\t\t<a class=\"elementor-button elementor-button-link elementor-size-sm\" href=\"https:\/\/mestra.es\/fr\/contact\/\">\n\t\t\t\t\t\t<span class=\"elementor-button-content-wrapper\">\n\t\t\t\t\t\t<span class=\"elementor-button-icon\">\n\t\t\t\t<svg aria-hidden=\"true\" class=\"e-font-icon-svg e-fas-chevron-circle-right\" viewBox=\"0 0 512 512\" xmlns=\"http:\/\/www.w3.org\/2000\/svg\"><path d=\"M256 8c137 0 248 111 248 248S393 504 256 504 8 393 8 256 119 8 256 8zm113.9 231L234.4 103.5c-9.4-9.4-24.6-9.4-33.9 0l-17 17c-9.4 9.4-9.4 24.6 0 33.9L285.1 256 183.5 357.6c-9.4 9.4-9.4 24.6 0 33.9l17 17c9.4 9.4 24.6 9.4 33.9 0L369.9 273c9.4-9.4 9.4-24.6 0-34z\"><\/path><\/svg>\t\t\t<\/span>\n\t\t\t\t\t\t\t\t\t<span class=\"elementor-button-text\">CONTACT<\/span>\n\t\t\t\t\t<\/span>\n\t\t\t\t\t<\/a>\n\t\t\t\t<\/div>\n\t\t\t\t\t\t\t\t<\/div>\n\t\t\t\t<\/div>\n\t\t\t\t<\/div>\n\t\t\t\t\t<\/div>\n\t\t\t\t<\/div>\n\t\t\t\t<\/div>\n\t\t","protected":false},"excerpt":{"rendered":"<p>Offres sp\u00e9ciales Du 16 f\u00e9vrier au 30 avril 2026 Voulez-vous en savoir plus ? CONTACTEZ-NOUS ET NOUS VOUS AIDERONS \u00c0 R\u00c9PONDRE \u00c0 VOS BESOINS. CONTACT<\/p>\n","protected":false},"author":2,"featured_media":0,"parent":0,"menu_order":0,"comment_status":"closed","ping_status":"closed","template":"elementor_header_footer","meta":{"_acf_changed":false,"_monsterinsights_skip_tracking":false,"_monsterinsights_sitenote_active":false,"_monsterinsights_sitenote_note":"","_monsterinsights_sitenote_category":0,"footnotes":""},"class_list":["post-20130","page","type-page","status-publish","hentry"],"acf":[],"yoast_head":"<!-- This site is optimized with the Yoast SEO plugin v27.2 - https:\/\/yoast.com\/product\/yoast-seo-wordpress\/ -->\n<title>MESTRA offres des appareils dentaires | Talleres Mestraitua<\/title>\n<meta name=\"description\" content=\"Restez au courant de toutes les offres MESTRA. Les meilleurs prix sur les \u00e9quipements dentaires, les cliniques et les laboratoires!\" \/>\n<meta name=\"robots\" content=\"index, follow, max-snippet:-1, max-image-preview:large, max-video-preview:-1\" \/>\n<link rel=\"canonical\" href=\"https:\/\/mestra.es\/fr\/ofertas-mestra\/\" \/>\n<meta property=\"og:locale\" content=\"fr_FR\" \/>\n<meta property=\"og:type\" content=\"article\" \/>\n<meta property=\"og:title\" content=\"MESTRA offres des appareils dentaires | Talleres Mestraitua\" \/>\n<meta property=\"og:description\" content=\"Restez au courant de toutes les offres MESTRA. Les meilleurs prix sur les \u00e9quipements dentaires, les cliniques et les laboratoires!\" \/>\n<meta property=\"og:url\" content=\"https:\/\/mestra.es\/fr\/ofertas-mestra\/\" \/>\n<meta property=\"og:site_name\" content=\"Talleres Mestra\" \/>\n<meta property=\"article:modified_time\" content=\"2026-04-08T13:25:58+00:00\" \/>\n<meta property=\"og:image\" content=\"https:\/\/mestra.es\/wp-content\/uploads\/2026\/02\/Ofertas-Lab-Digital_2026_FR_baja_page-0001.jpg\" \/>\n\t<meta property=\"og:image:width\" content=\"1241\" \/>\n\t<meta property=\"og:image:height\" content=\"1754\" \/>\n\t<meta property=\"og:image:type\" content=\"image\/jpeg\" \/>\n<meta name=\"twitter:card\" content=\"summary_large_image\" \/>\n<meta name=\"twitter:label1\" content=\"Dur\u00e9e de lecture estim\u00e9e\" \/>\n\t<meta name=\"twitter:data1\" content=\"1 minute\" \/>\n<script type=\"application\/ld+json\" class=\"yoast-schema-graph\">{\"@context\":\"https:\/\/schema.org\",\"@graph\":[{\"@type\":\"WebPage\",\"@id\":\"https:\/\/mestra.es\/fr\/ofertas-mestra\/\",\"url\":\"https:\/\/mestra.es\/fr\/ofertas-mestra\/\",\"name\":\"MESTRA offres des appareils dentaires | Talleres Mestraitua\",\"isPartOf\":{\"@id\":\"https:\/\/mestra.es\/fr\/#website\"},\"primaryImageOfPage\":{\"@id\":\"https:\/\/mestra.es\/fr\/ofertas-mestra\/#primaryimage\"},\"image\":{\"@id\":\"https:\/\/mestra.es\/fr\/ofertas-mestra\/#primaryimage\"},\"thumbnailUrl\":\"https:\/\/mestra.es\/wp-content\/uploads\/2026\/02\/Ofertas-Lab-Digital_2026_FR_baja_page-0001.jpg\",\"datePublished\":\"2024-06-23T06:06:07+00:00\",\"dateModified\":\"2026-04-08T13:25:58+00:00\",\"description\":\"Restez au courant de toutes les offres MESTRA. Les meilleurs prix sur les \u00e9quipements dentaires, les cliniques et les laboratoires!\",\"breadcrumb\":{\"@id\":\"https:\/\/mestra.es\/fr\/ofertas-mestra\/#breadcrumb\"},\"inLanguage\":\"fr-FR\",\"potentialAction\":[{\"@type\":\"ReadAction\",\"target\":[\"https:\/\/mestra.es\/fr\/ofertas-mestra\/\"]}]},{\"@type\":\"ImageObject\",\"inLanguage\":\"fr-FR\",\"@id\":\"https:\/\/mestra.es\/fr\/ofertas-mestra\/#primaryimage\",\"url\":\"https:\/\/mestra.es\/wp-content\/uploads\/2026\/02\/Ofertas-Lab-Digital_2026_FR_baja_page-0001.jpg\",\"contentUrl\":\"https:\/\/mestra.es\/wp-content\/uploads\/2026\/02\/Ofertas-Lab-Digital_2026_FR_baja_page-0001.jpg\"},{\"@type\":\"BreadcrumbList\",\"@id\":\"https:\/\/mestra.es\/fr\/ofertas-mestra\/#breadcrumb\",\"itemListElement\":[{\"@type\":\"ListItem\",\"position\":1,\"name\":\"Portada\",\"item\":\"https:\/\/mestra.es\/fr\/\"},{\"@type\":\"ListItem\",\"position\":2,\"name\":\"MESTRA Offres\"}]},{\"@type\":\"WebSite\",\"@id\":\"https:\/\/mestra.es\/fr\/#website\",\"url\":\"https:\/\/mestra.es\/fr\/\",\"name\":\"Talleres Mestra\",\"description\":\"\",\"publisher\":{\"@id\":\"https:\/\/mestra.es\/fr\/#organization\"},\"potentialAction\":[{\"@type\":\"SearchAction\",\"target\":{\"@type\":\"EntryPoint\",\"urlTemplate\":\"https:\/\/mestra.es\/fr\/?s={search_term_string}\"},\"query-input\":{\"@type\":\"PropertyValueSpecification\",\"valueRequired\":true,\"valueName\":\"search_term_string\"}}],\"inLanguage\":\"fr-FR\"},{\"@type\":\"Organization\",\"@id\":\"https:\/\/mestra.es\/fr\/#organization\",\"name\":\"Talleres Mestra\",\"url\":\"https:\/\/mestra.es\/fr\/\",\"logo\":{\"@type\":\"ImageObject\",\"inLanguage\":\"fr-FR\",\"@id\":\"https:\/\/mestra.es\/fr\/#\/schema\/logo\/image\/\",\"url\":\"https:\/\/mestra.es\/wp-content\/uploads\/2024\/05\/logo_mestra.png\",\"contentUrl\":\"https:\/\/mestra.es\/wp-content\/uploads\/2024\/05\/logo_mestra.png\",\"width\":300,\"height\":170,\"caption\":\"Talleres Mestra\"},\"image\":{\"@id\":\"https:\/\/mestra.es\/fr\/#\/schema\/logo\/image\/\"}}]}<\/script>\n<!-- \/ Yoast SEO plugin. -->","yoast_head_json":{"title":"MESTRA offres des appareils dentaires | Talleres Mestraitua","description":"Restez au courant de toutes les offres MESTRA. Les meilleurs prix sur les \u00e9quipements dentaires, les cliniques et les laboratoires!","robots":{"index":"index","follow":"follow","max-snippet":"max-snippet:-1","max-image-preview":"max-image-preview:large","max-video-preview":"max-video-preview:-1"},"canonical":"https:\/\/mestra.es\/fr\/ofertas-mestra\/","og_locale":"fr_FR","og_type":"article","og_title":"MESTRA offres des appareils dentaires | Talleres Mestraitua","og_description":"Restez au courant de toutes les offres MESTRA. Les meilleurs prix sur les \u00e9quipements dentaires, les cliniques et les laboratoires!","og_url":"https:\/\/mestra.es\/fr\/ofertas-mestra\/","og_site_name":"Talleres Mestra","article_modified_time":"2026-04-08T13:25:58+00:00","og_image":[{"width":1241,"height":1754,"url":"https:\/\/mestra.es\/wp-content\/uploads\/2026\/02\/Ofertas-Lab-Digital_2026_FR_baja_page-0001.jpg","type":"image\/jpeg"}],"twitter_card":"summary_large_image","twitter_misc":{"Dur\u00e9e de lecture estim\u00e9e":"1 minute"},"schema":{"@context":"https:\/\/schema.org","@graph":[{"@type":"WebPage","@id":"https:\/\/mestra.es\/fr\/ofertas-mestra\/","url":"https:\/\/mestra.es\/fr\/ofertas-mestra\/","name":"MESTRA offres des appareils dentaires | Talleres Mestraitua","isPartOf":{"@id":"https:\/\/mestra.es\/fr\/#website"},"primaryImageOfPage":{"@id":"https:\/\/mestra.es\/fr\/ofertas-mestra\/#primaryimage"},"image":{"@id":"https:\/\/mestra.es\/fr\/ofertas-mestra\/#primaryimage"},"thumbnailUrl":"https:\/\/mestra.es\/wp-content\/uploads\/2026\/02\/Ofertas-Lab-Digital_2026_FR_baja_page-0001.jpg","datePublished":"2024-06-23T06:06:07+00:00","dateModified":"2026-04-08T13:25:58+00:00","description":"Restez au courant de toutes les offres MESTRA. Les meilleurs prix sur les \u00e9quipements dentaires, les cliniques et les laboratoires!","breadcrumb":{"@id":"https:\/\/mestra.es\/fr\/ofertas-mestra\/#breadcrumb"},"inLanguage":"fr-FR","potentialAction":[{"@type":"ReadAction","target":["https:\/\/mestra.es\/fr\/ofertas-mestra\/"]}]},{"@type":"ImageObject","inLanguage":"fr-FR","@id":"https:\/\/mestra.es\/fr\/ofertas-mestra\/#primaryimage","url":"https:\/\/mestra.es\/wp-content\/uploads\/2026\/02\/Ofertas-Lab-Digital_2026_FR_baja_page-0001.jpg","contentUrl":"https:\/\/mestra.es\/wp-content\/uploads\/2026\/02\/Ofertas-Lab-Digital_2026_FR_baja_page-0001.jpg"},{"@type":"BreadcrumbList","@id":"https:\/\/mestra.es\/fr\/ofertas-mestra\/#breadcrumb","itemListElement":[{"@type":"ListItem","position":1,"name":"Portada","item":"https:\/\/mestra.es\/fr\/"},{"@type":"ListItem","position":2,"name":"MESTRA Offres"}]},{"@type":"WebSite","@id":"https:\/\/mestra.es\/fr\/#website","url":"https:\/\/mestra.es\/fr\/","name":"Talleres Mestra","description":"","publisher":{"@id":"https:\/\/mestra.es\/fr\/#organization"},"potentialAction":[{"@type":"SearchAction","target":{"@type":"EntryPoint","urlTemplate":"https:\/\/mestra.es\/fr\/?s={search_term_string}"},"query-input":{"@type":"PropertyValueSpecification","valueRequired":true,"valueName":"search_term_string"}}],"inLanguage":"fr-FR"},{"@type":"Organization","@id":"https:\/\/mestra.es\/fr\/#organization","name":"Talleres Mestra","url":"https:\/\/mestra.es\/fr\/","logo":{"@type":"ImageObject","inLanguage":"fr-FR","@id":"https:\/\/mestra.es\/fr\/#\/schema\/logo\/image\/","url":"https:\/\/mestra.es\/wp-content\/uploads\/2024\/05\/logo_mestra.png","contentUrl":"https:\/\/mestra.es\/wp-content\/uploads\/2024\/05\/logo_mestra.png","width":300,"height":170,"caption":"Talleres Mestra"},"image":{"@id":"https:\/\/mestra.es\/fr\/#\/schema\/logo\/image\/"}}]}},"_links":{"self":[{"href":"https:\/\/mestra.es\/fr\/wp-json\/wp\/v2\/pages\/20130","targetHints":{"allow":["GET"]}}],"collection":[{"href":"https:\/\/mestra.es\/fr\/wp-json\/wp\/v2\/pages"}],"about":[{"href":"https:\/\/mestra.es\/fr\/wp-json\/wp\/v2\/types\/page"}],"author":[{"embeddable":true,"href":"https:\/\/mestra.es\/fr\/wp-json\/wp\/v2\/users\/2"}],"replies":[{"embeddable":true,"href":"https:\/\/mestra.es\/fr\/wp-json\/wp\/v2\/comments?post=20130"}],"version-history":[{"count":44,"href":"https:\/\/mestra.es\/fr\/wp-json\/wp\/v2\/pages\/20130\/revisions"}],"predecessor-version":[{"id":26743,"href":"https:\/\/mestra.es\/fr\/wp-json\/wp\/v2\/pages\/20130\/revisions\/26743"}],"wp:attachment":[{"href":"https:\/\/mestra.es\/fr\/wp-json\/wp\/v2\/media?parent=20130"}],"curies":[{"name":"wp","href":"https:\/\/api.w.org\/{rel}","templated":true}]}}