{"id":10670,"date":"2024-06-19T18:47:33","date_gmt":"2024-06-19T16:47:33","guid":{"rendered":"https:\/\/mestra.es\/?page_id=10670"},"modified":"2026-01-20T13:45:45","modified_gmt":"2026-01-20T12:45:45","slug":"mestra-catalogues","status":"publish","type":"page","link":"https:\/\/mestra.es\/fr\/mestra-catalogues\/","title":{"rendered":"Mestra Catalogues\u00a0"},"content":{"rendered":"\t\t<div data-elementor-type=\"wp-page\" data-elementor-id=\"10670\" class=\"elementor elementor-10670 elementor-5886\" data-elementor-post-type=\"page\">\n\t\t\t\t<div class=\"elementor-element elementor-element-781fba8 e-flex e-con-boxed e-con e-parent\" data-id=\"781fba8\" data-element_type=\"container\" data-e-type=\"container\">\n\t\t\t\t\t<div class=\"e-con-inner\">\n\t\t\t\t<div class=\"elementor-element elementor-element-215d0e6 elementor-widget elementor-widget-heading\" data-id=\"215d0e6\" data-element_type=\"widget\" data-e-type=\"widget\" data-widget_type=\"heading.default\">\n\t\t\t\t<div class=\"elementor-widget-container\">\n\t\t\t\t\t<h1 class=\"elementor-heading-title elementor-size-default\">Catalogues <strong>de produits\n<\/strong><\/h1>\t\t\t\t<\/div>\n\t\t\t\t<\/div>\n\t\t\t\t<div class=\"elementor-element elementor-element-6223767 elementor-widget elementor-widget-heading\" data-id=\"6223767\" data-element_type=\"widget\" data-e-type=\"widget\" data-widget_type=\"heading.default\">\n\t\t\t\t<div class=\"elementor-widget-container\">\n\t\t\t\t\t<span class=\"elementor-heading-title elementor-size-default\">T\u00e9l\u00e9chargez nos catalogues de produits\n\n<\/span>\t\t\t\t<\/div>\n\t\t\t\t<\/div>\n\t\t\t\t\t<\/div>\n\t\t\t\t<\/div>\n\t\t<div class=\"elementor-element elementor-element-550adde e-flex e-con-boxed e-con e-parent\" data-id=\"550adde\" data-element_type=\"container\" data-e-type=\"container\">\n\t\t\t\t\t<div class=\"e-con-inner\">\n\t\t\t\t<div class=\"elementor-element elementor-element-649b7ce elementor-widget__width-inherit elementor-widget elementor-widget-image\" data-id=\"649b7ce\" data-element_type=\"widget\" data-e-type=\"widget\" data-widget_type=\"image.default\">\n\t\t\t\t<div class=\"elementor-widget-container\">\n\t\t\t\t\t\t\t\t\t\t\t\t\t\t\t\t<a href=\"https:\/\/mestra.es\/wp-content\/uploads\/2025\/11\/Cat.-Clinica-2026_FR.pdf\" target=\"_blank\">\n\t\t\t\t\t\t\t<img loading=\"lazy\" decoding=\"async\" width=\"600\" height=\"849\" src=\"https:\/\/mestra.es\/wp-content\/uploads\/2025\/11\/Cat.-Clinica-2026_FR.jpg\" class=\"attachment-large size-large wp-image-25963\" alt=\"\" srcset=\"https:\/\/mestra.es\/wp-content\/uploads\/2025\/11\/Cat.-Clinica-2026_FR.jpg 600w, https:\/\/mestra.es\/wp-content\/uploads\/2025\/11\/Cat.-Clinica-2026_FR-212x300.jpg 212w, https:\/\/mestra.es\/wp-content\/uploads\/2025\/11\/Cat.-Clinica-2026_FR-416x589.jpg 416w\" sizes=\"auto, (max-width: 600px) 100vw, 600px\" \/>\t\t\t\t\t\t\t\t<\/a>\n\t\t\t\t\t\t\t\t\t\t\t\t\t\t\t<\/div>\n\t\t\t\t<\/div>\n\t\t\t\t<div class=\"elementor-element elementor-element-296c5d0 elementor-widget__width-inherit elementor-widget elementor-widget-image\" data-id=\"296c5d0\" data-element_type=\"widget\" data-e-type=\"widget\" data-widget_type=\"image.default\">\n\t\t\t\t<div class=\"elementor-widget-container\">\n\t\t\t\t\t\t\t\t\t\t\t\t\t\t\t\t<a href=\"https:\/\/mestra.es\/wp-content\/uploads\/2025\/11\/Cat.-Laboratorio-2026_FR.pdf\" target=\"_blank\">\n\t\t\t\t\t\t\t<img loading=\"lazy\" decoding=\"async\" width=\"600\" height=\"849\" src=\"https:\/\/mestra.es\/wp-content\/uploads\/2025\/11\/Cat.-Laboratorio-2025_FR-2.jpg\" class=\"attachment-large size-large wp-image-25980\" alt=\"\" srcset=\"https:\/\/mestra.es\/wp-content\/uploads\/2025\/11\/Cat.-Laboratorio-2025_FR-2.jpg 600w, https:\/\/mestra.es\/wp-content\/uploads\/2025\/11\/Cat.-Laboratorio-2025_FR-2-212x300.jpg 212w, https:\/\/mestra.es\/wp-content\/uploads\/2025\/11\/Cat.-Laboratorio-2025_FR-2-416x589.jpg 416w\" sizes=\"auto, (max-width: 600px) 100vw, 600px\" \/>\t\t\t\t\t\t\t\t<\/a>\n\t\t\t\t\t\t\t\t\t\t\t\t\t\t\t<\/div>\n\t\t\t\t<\/div>\n\t\t\t\t<div class=\"elementor-element elementor-element-f7ea732 elementor-widget__width-inherit elementor-widget elementor-widget-image\" data-id=\"f7ea732\" data-element_type=\"widget\" data-e-type=\"widget\" data-widget_type=\"image.default\">\n\t\t\t\t<div class=\"elementor-widget-container\">\n\t\t\t\t\t\t\t\t\t\t\t\t\t\t\t\t<a href=\"https:\/\/mestra.es\/wp-content\/uploads\/2026\/01\/Digital_2026_FR_baja-1.pdf\" target=\"_blank\">\n\t\t\t\t\t\t\t<img decoding=\"async\" src=\"https:\/\/mestra.es\/wp-content\/uploads\/2026\/01\/Digital_2026_FR.jpg\" title=\"\" alt=\"\" loading=\"lazy\" \/>\t\t\t\t\t\t\t\t<\/a>\n\t\t\t\t\t\t\t\t\t\t\t\t\t\t\t<\/div>\n\t\t\t\t<\/div>\n\t\t\t\t\t<\/div>\n\t\t\t\t<\/div>\n\t\t<div class=\"elementor-element elementor-element-826f65c e-flex e-con-boxed e-con e-parent\" data-id=\"826f65c\" data-element_type=\"container\" data-e-type=\"container\" data-settings=\"{&quot;background_background&quot;:&quot;classic&quot;}\">\n\t\t\t\t\t<div class=\"e-con-inner\">\n\t\t<div class=\"elementor-element elementor-element-4906c77 e-con-full e-flex e-con e-child\" data-id=\"4906c77\" data-element_type=\"container\" data-e-type=\"container\" data-settings=\"{&quot;background_background&quot;:&quot;classic&quot;}\">\n\t\t\t\t<div class=\"elementor-element elementor-element-3d51cbe elementor-widget elementor-widget-heading\" data-id=\"3d51cbe\" data-element_type=\"widget\" data-e-type=\"widget\" data-widget_type=\"heading.default\">\n\t\t\t\t<div class=\"elementor-widget-container\">\n\t\t\t\t\t<h3 class=\"elementor-heading-title elementor-size-default\">Contactez-nous\n\n<\/h3>\t\t\t\t<\/div>\n\t\t\t\t<\/div>\n\t\t\t\t<div class=\"elementor-element elementor-element-26c348a elementor-widget__width-initial elementor-widget elementor-widget-heading\" data-id=\"26c348a\" data-element_type=\"widget\" data-e-type=\"widget\" data-widget_type=\"heading.default\">\n\t\t\t\t<div class=\"elementor-widget-container\">\n\t\t\t\t\t<h2 class=\"elementor-heading-title elementor-size-default\">N'H\u00c9SITEZ PAS \u00c0 NOUS CONTACTER\nSI VOUS D\u00c9SIREZ DAVANTAGE DE RENSEIGNEMENTS<\/h2>\t\t\t\t<\/div>\n\t\t\t\t<\/div>\n\t\t\t\t<div class=\"elementor-element elementor-element-9485771 elementor-widget elementor-widget-button\" data-id=\"9485771\" data-element_type=\"widget\" data-e-type=\"widget\" data-widget_type=\"button.default\">\n\t\t\t\t<div class=\"elementor-widget-container\">\n\t\t\t\t\t\t\t\t\t<div class=\"elementor-button-wrapper\">\n\t\t\t\t\t<a class=\"elementor-button elementor-button-link elementor-size-sm\" href=\"https:\/\/mestra.es\/fr\/contact\/\">\n\t\t\t\t\t\t<span class=\"elementor-button-content-wrapper\">\n\t\t\t\t\t\t<span class=\"elementor-button-icon\">\n\t\t\t\t<svg aria-hidden=\"true\" class=\"e-font-icon-svg e-fas-chevron-circle-right\" viewBox=\"0 0 512 512\" xmlns=\"http:\/\/www.w3.org\/2000\/svg\"><path d=\"M256 8c137 0 248 111 248 248S393 504 256 504 8 393 8 256 119 8 256 8zm113.9 231L234.4 103.5c-9.4-9.4-24.6-9.4-33.9 0l-17 17c-9.4 9.4-9.4 24.6 0 33.9L285.1 256 183.5 357.6c-9.4 9.4-9.4 24.6 0 33.9l17 17c9.4 9.4 24.6 9.4 33.9 0L369.9 273c9.4-9.4 9.4-24.6 0-34z\"><\/path><\/svg>\t\t\t<\/span>\n\t\t\t\t\t\t\t\t\t<span class=\"elementor-button-text\">CONTACT<\/span>\n\t\t\t\t\t<\/span>\n\t\t\t\t\t<\/a>\n\t\t\t\t<\/div>\n\t\t\t\t\t\t\t\t<\/div>\n\t\t\t\t<\/div>\n\t\t\t\t<\/div>\n\t\t\t\t\t<\/div>\n\t\t\t\t<\/div>\n\t\t\t\t<\/div>\n\t\t","protected":false},"excerpt":{"rendered":"<p>Catalogues de produits T\u00e9l\u00e9chargez nos catalogues de produits Contactez-nous N&rsquo;H\u00c9SITEZ PAS \u00c0 NOUS CONTACTER SI VOUS D\u00c9SIREZ DAVANTAGE DE RENSEIGNEMENTS CONTACT<\/p>\n","protected":false},"author":2,"featured_media":0,"parent":0,"menu_order":0,"comment_status":"closed","ping_status":"closed","template":"elementor_header_footer","meta":{"_acf_changed":false,"_monsterinsights_skip_tracking":false,"_monsterinsights_sitenote_active":false,"_monsterinsights_sitenote_note":"","_monsterinsights_sitenote_category":0,"footnotes":""},"class_list":["post-10670","page","type-page","status-publish","hentry"],"acf":[],"yoast_head":"<!-- This site is optimized with the Yoast SEO plugin v27.2 - https:\/\/yoast.com\/product\/yoast-seo-wordpress\/ -->\n<title>Mestra Catalogues\u00a0 - Talleres Mestra<\/title>\n<meta name=\"robots\" content=\"index, follow, max-snippet:-1, max-image-preview:large, max-video-preview:-1\" \/>\n<link rel=\"canonical\" href=\"https:\/\/mestra.es\/fr\/mestra-catalogues\/\" \/>\n<meta property=\"og:locale\" content=\"fr_FR\" \/>\n<meta property=\"og:type\" content=\"article\" \/>\n<meta property=\"og:title\" content=\"Mestra Catalogues\u00a0 - Talleres Mestra\" \/>\n<meta property=\"og:description\" content=\"Catalogues de produits T\u00e9l\u00e9chargez nos catalogues de produits Contactez-nous N&rsquo;H\u00c9SITEZ PAS \u00c0 NOUS CONTACTER SI VOUS D\u00c9SIREZ DAVANTAGE DE RENSEIGNEMENTS CONTACT\" \/>\n<meta property=\"og:url\" content=\"https:\/\/mestra.es\/fr\/mestra-catalogues\/\" \/>\n<meta property=\"og:site_name\" content=\"Talleres Mestra\" \/>\n<meta property=\"article:modified_time\" content=\"2026-01-20T12:45:45+00:00\" \/>\n<meta property=\"og:image\" content=\"https:\/\/mestra.es\/wp-content\/uploads\/2025\/11\/Cat.-Clinica-2026_FR.jpg\" \/>\n\t<meta property=\"og:image:width\" content=\"600\" \/>\n\t<meta property=\"og:image:height\" content=\"849\" \/>\n\t<meta property=\"og:image:type\" content=\"image\/jpeg\" \/>\n<meta name=\"twitter:card\" content=\"summary_large_image\" \/>\n<meta name=\"twitter:label1\" content=\"Dur\u00e9e de lecture estim\u00e9e\" \/>\n\t<meta name=\"twitter:data1\" content=\"1 minute\" \/>\n<script type=\"application\/ld+json\" class=\"yoast-schema-graph\">{\"@context\":\"https:\/\/schema.org\",\"@graph\":[{\"@type\":\"WebPage\",\"@id\":\"https:\/\/mestra.es\/fr\/mestra-catalogues\/\",\"url\":\"https:\/\/mestra.es\/fr\/mestra-catalogues\/\",\"name\":\"Mestra Catalogues\u00a0 - Talleres Mestra\",\"isPartOf\":{\"@id\":\"https:\/\/mestra.es\/fr\/#website\"},\"primaryImageOfPage\":{\"@id\":\"https:\/\/mestra.es\/fr\/mestra-catalogues\/#primaryimage\"},\"image\":{\"@id\":\"https:\/\/mestra.es\/fr\/mestra-catalogues\/#primaryimage\"},\"thumbnailUrl\":\"https:\/\/mestra.es\/wp-content\/uploads\/2025\/11\/Cat.-Clinica-2026_FR.jpg\",\"datePublished\":\"2024-06-19T16:47:33+00:00\",\"dateModified\":\"2026-01-20T12:45:45+00:00\",\"breadcrumb\":{\"@id\":\"https:\/\/mestra.es\/fr\/mestra-catalogues\/#breadcrumb\"},\"inLanguage\":\"fr-FR\",\"potentialAction\":[{\"@type\":\"ReadAction\",\"target\":[\"https:\/\/mestra.es\/fr\/mestra-catalogues\/\"]}]},{\"@type\":\"ImageObject\",\"inLanguage\":\"fr-FR\",\"@id\":\"https:\/\/mestra.es\/fr\/mestra-catalogues\/#primaryimage\",\"url\":\"https:\/\/mestra.es\/wp-content\/uploads\/2025\/11\/Cat.-Clinica-2026_FR.jpg\",\"contentUrl\":\"https:\/\/mestra.es\/wp-content\/uploads\/2025\/11\/Cat.-Clinica-2026_FR.jpg\"},{\"@type\":\"BreadcrumbList\",\"@id\":\"https:\/\/mestra.es\/fr\/mestra-catalogues\/#breadcrumb\",\"itemListElement\":[{\"@type\":\"ListItem\",\"position\":1,\"name\":\"Portada\",\"item\":\"https:\/\/mestra.es\/fr\/\"},{\"@type\":\"ListItem\",\"position\":2,\"name\":\"Mestra Catalogues\u00a0\"}]},{\"@type\":\"WebSite\",\"@id\":\"https:\/\/mestra.es\/fr\/#website\",\"url\":\"https:\/\/mestra.es\/fr\/\",\"name\":\"Talleres Mestra\",\"description\":\"\",\"publisher\":{\"@id\":\"https:\/\/mestra.es\/fr\/#organization\"},\"potentialAction\":[{\"@type\":\"SearchAction\",\"target\":{\"@type\":\"EntryPoint\",\"urlTemplate\":\"https:\/\/mestra.es\/fr\/?s={search_term_string}\"},\"query-input\":{\"@type\":\"PropertyValueSpecification\",\"valueRequired\":true,\"valueName\":\"search_term_string\"}}],\"inLanguage\":\"fr-FR\"},{\"@type\":\"Organization\",\"@id\":\"https:\/\/mestra.es\/fr\/#organization\",\"name\":\"Talleres Mestra\",\"url\":\"https:\/\/mestra.es\/fr\/\",\"logo\":{\"@type\":\"ImageObject\",\"inLanguage\":\"fr-FR\",\"@id\":\"https:\/\/mestra.es\/fr\/#\/schema\/logo\/image\/\",\"url\":\"https:\/\/mestra.es\/wp-content\/uploads\/2024\/05\/logo_mestra.png\",\"contentUrl\":\"https:\/\/mestra.es\/wp-content\/uploads\/2024\/05\/logo_mestra.png\",\"width\":300,\"height\":170,\"caption\":\"Talleres Mestra\"},\"image\":{\"@id\":\"https:\/\/mestra.es\/fr\/#\/schema\/logo\/image\/\"}}]}<\/script>\n<!-- \/ Yoast SEO plugin. -->","yoast_head_json":{"title":"Mestra Catalogues\u00a0 - Talleres Mestra","robots":{"index":"index","follow":"follow","max-snippet":"max-snippet:-1","max-image-preview":"max-image-preview:large","max-video-preview":"max-video-preview:-1"},"canonical":"https:\/\/mestra.es\/fr\/mestra-catalogues\/","og_locale":"fr_FR","og_type":"article","og_title":"Mestra Catalogues\u00a0 - Talleres Mestra","og_description":"Catalogues de produits T\u00e9l\u00e9chargez nos catalogues de produits Contactez-nous N&rsquo;H\u00c9SITEZ PAS \u00c0 NOUS CONTACTER SI VOUS D\u00c9SIREZ DAVANTAGE DE RENSEIGNEMENTS CONTACT","og_url":"https:\/\/mestra.es\/fr\/mestra-catalogues\/","og_site_name":"Talleres Mestra","article_modified_time":"2026-01-20T12:45:45+00:00","og_image":[{"width":600,"height":849,"url":"https:\/\/mestra.es\/wp-content\/uploads\/2025\/11\/Cat.-Clinica-2026_FR.jpg","type":"image\/jpeg"}],"twitter_card":"summary_large_image","twitter_misc":{"Dur\u00e9e de lecture estim\u00e9e":"1 minute"},"schema":{"@context":"https:\/\/schema.org","@graph":[{"@type":"WebPage","@id":"https:\/\/mestra.es\/fr\/mestra-catalogues\/","url":"https:\/\/mestra.es\/fr\/mestra-catalogues\/","name":"Mestra Catalogues\u00a0 - Talleres Mestra","isPartOf":{"@id":"https:\/\/mestra.es\/fr\/#website"},"primaryImageOfPage":{"@id":"https:\/\/mestra.es\/fr\/mestra-catalogues\/#primaryimage"},"image":{"@id":"https:\/\/mestra.es\/fr\/mestra-catalogues\/#primaryimage"},"thumbnailUrl":"https:\/\/mestra.es\/wp-content\/uploads\/2025\/11\/Cat.-Clinica-2026_FR.jpg","datePublished":"2024-06-19T16:47:33+00:00","dateModified":"2026-01-20T12:45:45+00:00","breadcrumb":{"@id":"https:\/\/mestra.es\/fr\/mestra-catalogues\/#breadcrumb"},"inLanguage":"fr-FR","potentialAction":[{"@type":"ReadAction","target":["https:\/\/mestra.es\/fr\/mestra-catalogues\/"]}]},{"@type":"ImageObject","inLanguage":"fr-FR","@id":"https:\/\/mestra.es\/fr\/mestra-catalogues\/#primaryimage","url":"https:\/\/mestra.es\/wp-content\/uploads\/2025\/11\/Cat.-Clinica-2026_FR.jpg","contentUrl":"https:\/\/mestra.es\/wp-content\/uploads\/2025\/11\/Cat.-Clinica-2026_FR.jpg"},{"@type":"BreadcrumbList","@id":"https:\/\/mestra.es\/fr\/mestra-catalogues\/#breadcrumb","itemListElement":[{"@type":"ListItem","position":1,"name":"Portada","item":"https:\/\/mestra.es\/fr\/"},{"@type":"ListItem","position":2,"name":"Mestra Catalogues\u00a0"}]},{"@type":"WebSite","@id":"https:\/\/mestra.es\/fr\/#website","url":"https:\/\/mestra.es\/fr\/","name":"Talleres Mestra","description":"","publisher":{"@id":"https:\/\/mestra.es\/fr\/#organization"},"potentialAction":[{"@type":"SearchAction","target":{"@type":"EntryPoint","urlTemplate":"https:\/\/mestra.es\/fr\/?s={search_term_string}"},"query-input":{"@type":"PropertyValueSpecification","valueRequired":true,"valueName":"search_term_string"}}],"inLanguage":"fr-FR"},{"@type":"Organization","@id":"https:\/\/mestra.es\/fr\/#organization","name":"Talleres Mestra","url":"https:\/\/mestra.es\/fr\/","logo":{"@type":"ImageObject","inLanguage":"fr-FR","@id":"https:\/\/mestra.es\/fr\/#\/schema\/logo\/image\/","url":"https:\/\/mestra.es\/wp-content\/uploads\/2024\/05\/logo_mestra.png","contentUrl":"https:\/\/mestra.es\/wp-content\/uploads\/2024\/05\/logo_mestra.png","width":300,"height":170,"caption":"Talleres Mestra"},"image":{"@id":"https:\/\/mestra.es\/fr\/#\/schema\/logo\/image\/"}}]}},"_links":{"self":[{"href":"https:\/\/mestra.es\/fr\/wp-json\/wp\/v2\/pages\/10670","targetHints":{"allow":["GET"]}}],"collection":[{"href":"https:\/\/mestra.es\/fr\/wp-json\/wp\/v2\/pages"}],"about":[{"href":"https:\/\/mestra.es\/fr\/wp-json\/wp\/v2\/types\/page"}],"author":[{"embeddable":true,"href":"https:\/\/mestra.es\/fr\/wp-json\/wp\/v2\/users\/2"}],"replies":[{"embeddable":true,"href":"https:\/\/mestra.es\/fr\/wp-json\/wp\/v2\/comments?post=10670"}],"version-history":[{"count":52,"href":"https:\/\/mestra.es\/fr\/wp-json\/wp\/v2\/pages\/10670\/revisions"}],"predecessor-version":[{"id":26400,"href":"https:\/\/mestra.es\/fr\/wp-json\/wp\/v2\/pages\/10670\/revisions\/26400"}],"wp:attachment":[{"href":"https:\/\/mestra.es\/fr\/wp-json\/wp\/v2\/media?parent=10670"}],"curies":[{"name":"wp","href":"https:\/\/api.w.org\/{rel}","templated":true}]}}