{"id":10642,"date":"2024-06-19T18:47:20","date_gmt":"2024-06-19T16:47:20","guid":{"rendered":"https:\/\/mestra.es\/?page_id=10642"},"modified":"2024-06-26T18:25:59","modified_gmt":"2024-06-26T16:25:59","slug":"avis-legal","status":"publish","type":"page","link":"https:\/\/mestra.es\/fr\/avis-legal\/","title":{"rendered":"Avis l\u00e9gal"},"content":{"rendered":"\t\t<div data-elementor-type=\"wp-page\" data-elementor-id=\"10642\" class=\"elementor elementor-10642 elementor-5884\" data-elementor-post-type=\"page\">\n\t\t\t\t<div class=\"elementor-element elementor-element-0267310 e-flex e-con-boxed e-con e-parent\" data-id=\"0267310\" data-element_type=\"container\" data-e-type=\"container\">\n\t\t\t\t\t<div class=\"e-con-inner\">\n\t\t\t\t<div class=\"elementor-element elementor-element-4610e66 elementor-widget elementor-widget-heading\" data-id=\"4610e66\" data-element_type=\"widget\" data-e-type=\"widget\" data-widget_type=\"heading.default\">\n\t\t\t\t<div class=\"elementor-widget-container\">\n\t\t\t\t\t<h1 class=\"elementor-heading-title elementor-size-default\">Avis l\u00e9gal<\/h1>\t\t\t\t<\/div>\n\t\t\t\t<\/div>\n\t\t\t\t<div class=\"elementor-element elementor-element-2461d11 elementor-widget elementor-widget-text-editor\" data-id=\"2461d11\" data-element_type=\"widget\" data-e-type=\"widget\" data-widget_type=\"text-editor.default\">\n\t\t\t\t<div class=\"elementor-widget-container\">\n\t\t\t\t\t\t\t\t\t<h2>CONDITIONS D\u2019UTILISATION<\/h2><p>Conform\u00e9ment \u00e0 la loi 34\/2002 du 11 juillet relative aux services de la soci\u00e9t\u00e9 de l\u2019information et du commerce \u00e9lectronique (LSSI-CE), TALLERES MESTRAITUA SL informe qu\u2019elle est titulaire du site web www.mestra.es.<\/p><p>Conform\u00e9ment \u00e0 l\u2019article 10 de ladite loi, TALLERES MESTRAITUA SL informe des donn\u00e9es suivantes:<\/p><p>Le propri\u00e9taire de ce site web est TALLERES MESTRAITUA SL, avec CIF B48440242 et si\u00e8ge social \u00e0 TXORIERRI ETORBIDEA 60 48150, SONDIKA (VIZCAYA), inscrit au Registre du Commerce, volume BI-75, page 15, num\u00e9ro de feuille BI-934 B et 1\u00e8re inscription. L\u2019adresse e-mail de contact avec l\u2019entreprise est:\u00a0<a href=\"mailto:info@mestra.es\">info<\/a><a href=\"mailto:mestra@mestra.es\">@mestra.es<\/a>.<\/p><h2>UTILISATEUR ET R\u00c9GIME DE RESPONSABILIT\u00c9S<\/h2><p>La navigation, l\u2019acc\u00e8s et l\u2019utilisation du site web de TALLERES MESTRAITUA SL conf\u00e8rent le statut d\u2019utilisateur, par lequel toutes les conditions d\u2019utilisation \u00e9nonc\u00e9es ici sont accept\u00e9es d\u00e8s la navigation sur le site web de TALLERES MESTRAITUA SL, sans pr\u00e9judice de l\u2019application de la r\u00e9glementation l\u00e9gale obligatoire applicable selon le cas.<\/p><p>Le site web de TALLERES MESTRAITUA SL fournit une grande diversit\u00e9 d\u2019informations, de services et de donn\u00e9es. L\u2019utilisateur est responsable de l\u2019utilisation correcte du site web. Cette responsabilit\u00e9 s\u2019\u00e9tendra \u00e0:<\/p><ul><li>La v\u00e9racit\u00e9 et la lic\u00e9it\u00e9 des informations fournies par l\u2019utilisateur dans les formulaires \u00e9tendus par TALLERES MESTRAITUA SL pour acc\u00e9der \u00e0 certains contenus ou services offerts sur le site web.<\/li><\/ul><ul><li>L\u2019utilisation des informations, services et donn\u00e9es offerts par TALLERES MESTRAITUA SL contrairement aux dispositions des pr\u00e9sentes conditions, de la loi, de la morale, des bonnes m\u0153urs ou de l\u2019ordre public, ou qui peuvent autrement porter atteinte aux droits de tiers ou au fonctionnement m\u00eame du site web.<\/li><\/ul><h2>POLITIQUE DE LIENS ET D\u00c9CHARGES DE RESPONSABILIT\u00c9<\/h2><p>TALLERES MESTRAITUA SL n\u2019est pas responsable du contenu des sites web auxquels l\u2019utilisateur peut acc\u00e9der via les liens \u00e9tablis sur son site web et d\u00e9clare qu\u2019elle n\u2019examinera ni n\u2019exercera aucun type de contr\u00f4le sur le contenu d\u2019autres sites du r\u00e9seau. De m\u00eame, elle ne garantira pas la disponibilit\u00e9 technique, l\u2019exactitude, la v\u00e9racit\u00e9, la validit\u00e9 ou la l\u00e9galit\u00e9 des sites appartenant \u00e0 des tiers<\/p>\t\t\t\t\t\t\t\t<\/div>\n\t\t\t\t<\/div>\n\t\t\t\t\t<\/div>\n\t\t\t\t<\/div>\n\t\t\t\t<\/div>\n\t\t","protected":false},"excerpt":{"rendered":"<p>CONDITIONS D\u2019UTILISATION Conform\u00e9ment \u00e0 la loi 34\/2002 du 11 juillet relative aux services de la soci\u00e9t\u00e9 de l\u2019information et du commerce \u00e9lectronique (LSSI-CE), TALLERES MESTRAITUA SL informe qu\u2019elle est titulaire du site web www.mestra.es. Conform\u00e9ment \u00e0 l\u2019article 10 de ladite loi, TALLERES MESTRAITUA SL informe des donn\u00e9es suivantes: Le propri\u00e9taire de ce site web est [&hellip;]<\/p>\n","protected":false},"author":2,"featured_media":0,"parent":0,"menu_order":0,"comment_status":"closed","ping_status":"closed","template":"elementor_header_footer","meta":{"_acf_changed":false,"_monsterinsights_skip_tracking":false,"_monsterinsights_sitenote_active":false,"_monsterinsights_sitenote_note":"","_monsterinsights_sitenote_category":0,"footnotes":""},"class_list":["post-10642","page","type-page","status-publish","hentry"],"acf":[],"yoast_head":"<!-- This site is optimized with the Yoast SEO plugin v27.2 - https:\/\/yoast.com\/product\/yoast-seo-wordpress\/ -->\n<title>Avis l\u00e9gal - Talleres Mestra<\/title>\n<meta name=\"robots\" content=\"index, follow, max-snippet:-1, max-image-preview:large, max-video-preview:-1\" \/>\n<link rel=\"canonical\" href=\"https:\/\/mestra.es\/fr\/avis-legal\/\" \/>\n<meta property=\"og:locale\" content=\"fr_FR\" \/>\n<meta property=\"og:type\" content=\"article\" \/>\n<meta property=\"og:title\" content=\"Avis l\u00e9gal - Talleres Mestra\" \/>\n<meta property=\"og:description\" content=\"CONDITIONS D\u2019UTILISATION Conform\u00e9ment \u00e0 la loi 34\/2002 du 11 juillet relative aux services de la soci\u00e9t\u00e9 de l\u2019information et du commerce \u00e9lectronique (LSSI-CE), TALLERES MESTRAITUA SL informe qu\u2019elle est titulaire du site web www.mestra.es. Conform\u00e9ment \u00e0 l\u2019article 10 de ladite loi, TALLERES MESTRAITUA SL informe des donn\u00e9es suivantes: Le propri\u00e9taire de ce site web est [&hellip;]\" \/>\n<meta property=\"og:url\" content=\"https:\/\/mestra.es\/fr\/avis-legal\/\" \/>\n<meta property=\"og:site_name\" content=\"Talleres Mestra\" \/>\n<meta property=\"article:modified_time\" content=\"2024-06-26T16:25:59+00:00\" \/>\n<meta name=\"twitter:card\" content=\"summary_large_image\" \/>\n<meta name=\"twitter:label1\" content=\"Dur\u00e9e de lecture estim\u00e9e\" \/>\n\t<meta name=\"twitter:data1\" content=\"2 minutes\" \/>\n<script type=\"application\/ld+json\" class=\"yoast-schema-graph\">{\"@context\":\"https:\/\/schema.org\",\"@graph\":[{\"@type\":\"WebPage\",\"@id\":\"https:\/\/mestra.es\/fr\/avis-legal\/\",\"url\":\"https:\/\/mestra.es\/fr\/avis-legal\/\",\"name\":\"Avis l\u00e9gal - Talleres Mestra\",\"isPartOf\":{\"@id\":\"https:\/\/mestra.es\/fr\/#website\"},\"datePublished\":\"2024-06-19T16:47:20+00:00\",\"dateModified\":\"2024-06-26T16:25:59+00:00\",\"breadcrumb\":{\"@id\":\"https:\/\/mestra.es\/fr\/avis-legal\/#breadcrumb\"},\"inLanguage\":\"fr-FR\",\"potentialAction\":[{\"@type\":\"ReadAction\",\"target\":[\"https:\/\/mestra.es\/fr\/avis-legal\/\"]}]},{\"@type\":\"BreadcrumbList\",\"@id\":\"https:\/\/mestra.es\/fr\/avis-legal\/#breadcrumb\",\"itemListElement\":[{\"@type\":\"ListItem\",\"position\":1,\"name\":\"Portada\",\"item\":\"https:\/\/mestra.es\/fr\/\"},{\"@type\":\"ListItem\",\"position\":2,\"name\":\"Avis l\u00e9gal\"}]},{\"@type\":\"WebSite\",\"@id\":\"https:\/\/mestra.es\/fr\/#website\",\"url\":\"https:\/\/mestra.es\/fr\/\",\"name\":\"Talleres Mestra\",\"description\":\"\",\"publisher\":{\"@id\":\"https:\/\/mestra.es\/fr\/#organization\"},\"potentialAction\":[{\"@type\":\"SearchAction\",\"target\":{\"@type\":\"EntryPoint\",\"urlTemplate\":\"https:\/\/mestra.es\/fr\/?s={search_term_string}\"},\"query-input\":{\"@type\":\"PropertyValueSpecification\",\"valueRequired\":true,\"valueName\":\"search_term_string\"}}],\"inLanguage\":\"fr-FR\"},{\"@type\":\"Organization\",\"@id\":\"https:\/\/mestra.es\/fr\/#organization\",\"name\":\"Talleres Mestra\",\"url\":\"https:\/\/mestra.es\/fr\/\",\"logo\":{\"@type\":\"ImageObject\",\"inLanguage\":\"fr-FR\",\"@id\":\"https:\/\/mestra.es\/fr\/#\/schema\/logo\/image\/\",\"url\":\"https:\/\/mestra.es\/wp-content\/uploads\/2024\/05\/logo_mestra.png\",\"contentUrl\":\"https:\/\/mestra.es\/wp-content\/uploads\/2024\/05\/logo_mestra.png\",\"width\":300,\"height\":170,\"caption\":\"Talleres Mestra\"},\"image\":{\"@id\":\"https:\/\/mestra.es\/fr\/#\/schema\/logo\/image\/\"}}]}<\/script>\n<!-- \/ Yoast SEO plugin. -->","yoast_head_json":{"title":"Avis l\u00e9gal - Talleres Mestra","robots":{"index":"index","follow":"follow","max-snippet":"max-snippet:-1","max-image-preview":"max-image-preview:large","max-video-preview":"max-video-preview:-1"},"canonical":"https:\/\/mestra.es\/fr\/avis-legal\/","og_locale":"fr_FR","og_type":"article","og_title":"Avis l\u00e9gal - Talleres Mestra","og_description":"CONDITIONS D\u2019UTILISATION Conform\u00e9ment \u00e0 la loi 34\/2002 du 11 juillet relative aux services de la soci\u00e9t\u00e9 de l\u2019information et du commerce \u00e9lectronique (LSSI-CE), TALLERES MESTRAITUA SL informe qu\u2019elle est titulaire du site web www.mestra.es. Conform\u00e9ment \u00e0 l\u2019article 10 de ladite loi, TALLERES MESTRAITUA SL informe des donn\u00e9es suivantes: Le propri\u00e9taire de ce site web est [&hellip;]","og_url":"https:\/\/mestra.es\/fr\/avis-legal\/","og_site_name":"Talleres Mestra","article_modified_time":"2024-06-26T16:25:59+00:00","twitter_card":"summary_large_image","twitter_misc":{"Dur\u00e9e de lecture estim\u00e9e":"2 minutes"},"schema":{"@context":"https:\/\/schema.org","@graph":[{"@type":"WebPage","@id":"https:\/\/mestra.es\/fr\/avis-legal\/","url":"https:\/\/mestra.es\/fr\/avis-legal\/","name":"Avis l\u00e9gal - Talleres Mestra","isPartOf":{"@id":"https:\/\/mestra.es\/fr\/#website"},"datePublished":"2024-06-19T16:47:20+00:00","dateModified":"2024-06-26T16:25:59+00:00","breadcrumb":{"@id":"https:\/\/mestra.es\/fr\/avis-legal\/#breadcrumb"},"inLanguage":"fr-FR","potentialAction":[{"@type":"ReadAction","target":["https:\/\/mestra.es\/fr\/avis-legal\/"]}]},{"@type":"BreadcrumbList","@id":"https:\/\/mestra.es\/fr\/avis-legal\/#breadcrumb","itemListElement":[{"@type":"ListItem","position":1,"name":"Portada","item":"https:\/\/mestra.es\/fr\/"},{"@type":"ListItem","position":2,"name":"Avis l\u00e9gal"}]},{"@type":"WebSite","@id":"https:\/\/mestra.es\/fr\/#website","url":"https:\/\/mestra.es\/fr\/","name":"Talleres Mestra","description":"","publisher":{"@id":"https:\/\/mestra.es\/fr\/#organization"},"potentialAction":[{"@type":"SearchAction","target":{"@type":"EntryPoint","urlTemplate":"https:\/\/mestra.es\/fr\/?s={search_term_string}"},"query-input":{"@type":"PropertyValueSpecification","valueRequired":true,"valueName":"search_term_string"}}],"inLanguage":"fr-FR"},{"@type":"Organization","@id":"https:\/\/mestra.es\/fr\/#organization","name":"Talleres Mestra","url":"https:\/\/mestra.es\/fr\/","logo":{"@type":"ImageObject","inLanguage":"fr-FR","@id":"https:\/\/mestra.es\/fr\/#\/schema\/logo\/image\/","url":"https:\/\/mestra.es\/wp-content\/uploads\/2024\/05\/logo_mestra.png","contentUrl":"https:\/\/mestra.es\/wp-content\/uploads\/2024\/05\/logo_mestra.png","width":300,"height":170,"caption":"Talleres Mestra"},"image":{"@id":"https:\/\/mestra.es\/fr\/#\/schema\/logo\/image\/"}}]}},"_links":{"self":[{"href":"https:\/\/mestra.es\/fr\/wp-json\/wp\/v2\/pages\/10642","targetHints":{"allow":["GET"]}}],"collection":[{"href":"https:\/\/mestra.es\/fr\/wp-json\/wp\/v2\/pages"}],"about":[{"href":"https:\/\/mestra.es\/fr\/wp-json\/wp\/v2\/types\/page"}],"author":[{"embeddable":true,"href":"https:\/\/mestra.es\/fr\/wp-json\/wp\/v2\/users\/2"}],"replies":[{"embeddable":true,"href":"https:\/\/mestra.es\/fr\/wp-json\/wp\/v2\/comments?post=10642"}],"version-history":[{"count":4,"href":"https:\/\/mestra.es\/fr\/wp-json\/wp\/v2\/pages\/10642\/revisions"}],"predecessor-version":[{"id":10646,"href":"https:\/\/mestra.es\/fr\/wp-json\/wp\/v2\/pages\/10642\/revisions\/10646"}],"wp:attachment":[{"href":"https:\/\/mestra.es\/fr\/wp-json\/wp\/v2\/media?parent=10642"}],"curies":[{"name":"wp","href":"https:\/\/api.w.org\/{rel}","templated":true}]}}