{"id":10512,"date":"2024-06-23T08:03:44","date_gmt":"2024-06-23T06:03:44","guid":{"rendered":"https:\/\/mestra.es\/?page_id=10512"},"modified":"2024-06-26T18:22:08","modified_gmt":"2024-06-26T16:22:08","slug":"service-apres-vente","status":"publish","type":"page","link":"https:\/\/mestra.es\/fr\/service-apres-vente\/","title":{"rendered":"Service\u00a0apr\u00e8s-vente"},"content":{"rendered":"\t\t<div data-elementor-type=\"wp-page\" data-elementor-id=\"10512\" class=\"elementor elementor-10512 elementor-5943\" data-elementor-post-type=\"page\">\n\t\t\t\t<div class=\"elementor-element elementor-element-7c7d826 e-flex e-con-boxed e-con e-parent\" data-id=\"7c7d826\" data-element_type=\"container\" data-e-type=\"container\">\n\t\t\t\t\t<div class=\"e-con-inner\">\n\t\t\t\t<div class=\"elementor-element elementor-element-062807b elementor-widget elementor-widget-heading\" data-id=\"062807b\" data-element_type=\"widget\" data-e-type=\"widget\" data-widget_type=\"heading.default\">\n\t\t\t\t<div class=\"elementor-widget-container\">\n\t\t\t\t\t<h1 class=\"elementor-heading-title elementor-size-default\">Service  <strong>apr\u00e8s-vente<\/strong><\/h1>\t\t\t\t<\/div>\n\t\t\t\t<\/div>\n\t\t\t\t<div class=\"elementor-element elementor-element-2f911aa elementor-widget elementor-widget-heading\" data-id=\"2f911aa\" data-element_type=\"widget\" data-e-type=\"widget\" data-widget_type=\"heading.default\">\n\t\t\t\t<div class=\"elementor-widget-container\">\n\t\t\t\t\t<span class=\"elementor-heading-title elementor-size-default\">Nous savons que nos produits s\u2019adressent \u00e0 des professionnels qui ne peuvent pas se permettre de se passer d\u2019une machine pendant longtemps. C\u2019est pourquoi le service apr\u00e8s-vente de MESTRA\u00ae est con\u00e7u avec des crit\u00e8res de rapidit\u00e9 et d\u2019efficacit\u00e9.\n\n<\/span>\t\t\t\t<\/div>\n\t\t\t\t<\/div>\n\t\t\t\t\t<\/div>\n\t\t\t\t<\/div>\n\t\t<div class=\"elementor-element elementor-element-5a6e4e2 e-flex e-con-boxed e-con e-parent\" data-id=\"5a6e4e2\" data-element_type=\"container\" data-e-type=\"container\">\n\t\t\t\t\t<div class=\"e-con-inner\">\n\t\t<div class=\"elementor-element elementor-element-223ec6e e-con-full e-flex e-con e-child\" data-id=\"223ec6e\" data-element_type=\"container\" data-e-type=\"container\">\n\t\t\t\t<div class=\"elementor-element elementor-element-c1ddfe3 elementor-widget elementor-widget-image\" data-id=\"c1ddfe3\" data-element_type=\"widget\" data-e-type=\"widget\" data-widget_type=\"image.default\">\n\t\t\t\t<div class=\"elementor-widget-container\">\n\t\t\t\t\t\t\t\t\t\t\t\t\t\t\t\t<a href=\"https:\/\/mestra.es\/fr\/service-apres-vente\/produits-sans-garantie\/\">\n\t\t\t\t\t\t\t<img loading=\"lazy\" decoding=\"async\" width=\"100\" height=\"100\" src=\"https:\/\/mestra.es\/wp-content\/uploads\/2024\/06\/Listado-puntos-reparacion-maquinaria-MESTRA-Talleres-Mestraitua.png\" class=\"attachment-large size-large wp-image-10445\" alt=\"\" srcset=\"https:\/\/mestra.es\/wp-content\/uploads\/2024\/06\/Listado-puntos-reparacion-maquinaria-MESTRA-Talleres-Mestraitua.png 100w, https:\/\/mestra.es\/wp-content\/uploads\/2024\/06\/Listado-puntos-reparacion-maquinaria-MESTRA-Talleres-Mestraitua-50x50.png 50w\" sizes=\"auto, (max-width: 100px) 100vw, 100px\" \/>\t\t\t\t\t\t\t\t<\/a>\n\t\t\t\t\t\t\t\t\t\t\t\t\t\t\t<\/div>\n\t\t\t\t<\/div>\n\t\t\t\t<div class=\"elementor-element elementor-element-4049d20 elementor-align-justify elementor-widget elementor-widget-button\" data-id=\"4049d20\" data-element_type=\"widget\" data-e-type=\"widget\" data-widget_type=\"button.default\">\n\t\t\t\t<div class=\"elementor-widget-container\">\n\t\t\t\t\t\t\t\t\t<div class=\"elementor-button-wrapper\">\n\t\t\t\t\t<a class=\"elementor-button elementor-button-link elementor-size-sm\" href=\"https:\/\/mestra.es\/fr\/service-apres-vente\/produits-sans-garantie\/\">\n\t\t\t\t\t\t<span class=\"elementor-button-content-wrapper\">\n\t\t\t\t\t\t\t\t\t<span class=\"elementor-button-text\"><span>PRODUITS SANS GARANTIE<\/span>Service <strong>apr\u00e8s-vente<\/strong><\/span>\n\t\t\t\t\t<\/span>\n\t\t\t\t\t<\/a>\n\t\t\t\t<\/div>\n\t\t\t\t\t\t\t\t<\/div>\n\t\t\t\t<\/div>\n\t\t\t\t<\/div>\n\t\t<div class=\"elementor-element elementor-element-26bce02 e-con-full e-flex e-con e-child\" data-id=\"26bce02\" data-element_type=\"container\" data-e-type=\"container\">\n\t\t\t\t<div class=\"elementor-element elementor-element-10c3d4e elementor-widget elementor-widget-image\" data-id=\"10c3d4e\" data-element_type=\"widget\" data-e-type=\"widget\" data-widget_type=\"image.default\">\n\t\t\t\t<div class=\"elementor-widget-container\">\n\t\t\t\t\t\t\t\t\t\t\t\t\t\t\t\t<a href=\"#\">\n\t\t\t\t\t\t\t<img loading=\"lazy\" decoding=\"async\" width=\"100\" height=\"100\" src=\"https:\/\/mestra.es\/wp-content\/uploads\/2024\/06\/Piezas-de-recambio-MESTRA-Talleres-Mestraitua.png\" class=\"attachment-large size-large wp-image-10447\" alt=\"\" srcset=\"https:\/\/mestra.es\/wp-content\/uploads\/2024\/06\/Piezas-de-recambio-MESTRA-Talleres-Mestraitua.png 100w, https:\/\/mestra.es\/wp-content\/uploads\/2024\/06\/Piezas-de-recambio-MESTRA-Talleres-Mestraitua-50x50.png 50w\" sizes=\"auto, (max-width: 100px) 100vw, 100px\" \/>\t\t\t\t\t\t\t\t<\/a>\n\t\t\t\t\t\t\t\t\t\t\t\t\t\t\t<\/div>\n\t\t\t\t<\/div>\n\t\t\t\t<div class=\"elementor-element elementor-element-78b08a9 elementor-align-justify elementor-widget elementor-widget-button\" data-id=\"78b08a9\" data-element_type=\"widget\" data-e-type=\"widget\" data-widget_type=\"button.default\">\n\t\t\t\t<div class=\"elementor-widget-container\">\n\t\t\t\t\t\t\t\t\t<div class=\"elementor-button-wrapper\">\n\t\t\t\t\t<a class=\"elementor-button elementor-button-link elementor-size-sm\" href=\"#\">\n\t\t\t\t\t\t<span class=\"elementor-button-content-wrapper\">\n\t\t\t\t\t\t\t\t\t<span class=\"elementor-button-text\"><span>MACHINERIE<\/span>Pi\u00e8ces de <strong>rechange<\/strong><\/span>\n\t\t\t\t\t<\/span>\n\t\t\t\t\t<\/a>\n\t\t\t\t<\/div>\n\t\t\t\t\t\t\t\t<\/div>\n\t\t\t\t<\/div>\n\t\t\t\t<\/div>\n\t\t<div class=\"elementor-element elementor-element-0634bf6 e-con-full e-flex e-con e-child\" data-id=\"0634bf6\" data-element_type=\"container\" data-e-type=\"container\">\n\t\t\t\t<div class=\"elementor-element elementor-element-f71b239 elementor-widget elementor-widget-image\" data-id=\"f71b239\" data-element_type=\"widget\" data-e-type=\"widget\" data-widget_type=\"image.default\">\n\t\t\t\t<div class=\"elementor-widget-container\">\n\t\t\t\t\t\t\t\t\t\t\t\t\t\t\t\t<a href=\"https:\/\/mestra.es\/fr\/service-apres-vente\/produits-sous-garantie\/\">\n\t\t\t\t\t\t\t<img loading=\"lazy\" decoding=\"async\" width=\"100\" height=\"100\" src=\"https:\/\/mestra.es\/wp-content\/uploads\/2024\/06\/Servicio-Tecnico-MESTRA-Talleres-Mestraitua.png\" class=\"attachment-large size-large wp-image-10449\" alt=\"\" srcset=\"https:\/\/mestra.es\/wp-content\/uploads\/2024\/06\/Servicio-Tecnico-MESTRA-Talleres-Mestraitua.png 100w, https:\/\/mestra.es\/wp-content\/uploads\/2024\/06\/Servicio-Tecnico-MESTRA-Talleres-Mestraitua-50x50.png 50w\" sizes=\"auto, (max-width: 100px) 100vw, 100px\" \/>\t\t\t\t\t\t\t\t<\/a>\n\t\t\t\t\t\t\t\t\t\t\t\t\t\t\t<\/div>\n\t\t\t\t<\/div>\n\t\t\t\t<div class=\"elementor-element elementor-element-9b07b2d elementor-align-justify elementor-widget elementor-widget-button\" data-id=\"9b07b2d\" data-element_type=\"widget\" data-e-type=\"widget\" data-widget_type=\"button.default\">\n\t\t\t\t<div class=\"elementor-widget-container\">\n\t\t\t\t\t\t\t\t\t<div class=\"elementor-button-wrapper\">\n\t\t\t\t\t<a class=\"elementor-button elementor-button-link elementor-size-sm\" href=\"https:\/\/mestra.es\/fr\/service-apres-vente\/produits-sous-garantie\/\">\n\t\t\t\t\t\t<span class=\"elementor-button-content-wrapper\">\n\t\t\t\t\t\t\t\t\t<span class=\"elementor-button-text\"><span>PRODUITS SOUS GARANTIE<\/span>Service <strong>technique<\/strong><\/span>\n\t\t\t\t\t<\/span>\n\t\t\t\t\t<\/a>\n\t\t\t\t<\/div>\n\t\t\t\t\t\t\t\t<\/div>\n\t\t\t\t<\/div>\n\t\t\t\t<\/div>\n\t\t\t\t\t<\/div>\n\t\t\t\t<\/div>\n\t\t<div class=\"elementor-element elementor-element-be1d119 e-flex e-con-boxed e-con e-parent\" data-id=\"be1d119\" data-element_type=\"container\" data-e-type=\"container\" data-settings=\"{&quot;background_background&quot;:&quot;classic&quot;}\">\n\t\t\t\t\t<div class=\"e-con-inner\">\n\t\t<div class=\"elementor-element elementor-element-5ea9a56 e-con-full e-flex e-con e-child\" data-id=\"5ea9a56\" data-element_type=\"container\" data-e-type=\"container\" data-settings=\"{&quot;background_background&quot;:&quot;classic&quot;}\">\n\t\t\t\t<div class=\"elementor-element elementor-element-fdc7043 elementor-widget elementor-widget-heading\" data-id=\"fdc7043\" data-element_type=\"widget\" data-e-type=\"widget\" data-widget_type=\"heading.default\">\n\t\t\t\t<div class=\"elementor-widget-container\">\n\t\t\t\t\t<h3 class=\"elementor-heading-title elementor-size-default\">Contactez-nous<\/h3>\t\t\t\t<\/div>\n\t\t\t\t<\/div>\n\t\t\t\t<div class=\"elementor-element elementor-element-707bb9a elementor-widget__width-initial elementor-widget elementor-widget-heading\" data-id=\"707bb9a\" data-element_type=\"widget\" data-e-type=\"widget\" data-widget_type=\"heading.default\">\n\t\t\t\t<div class=\"elementor-widget-container\">\n\t\t\t\t\t<h2 class=\"elementor-heading-title elementor-size-default\">N'H\u00c9SITEZ PAS \u00c0 NOUS CONTACTER\nSI VOUS D\u00c9SIREZ DAVANTAGE DE RENSEIGNEMENTS<\/h2>\t\t\t\t<\/div>\n\t\t\t\t<\/div>\n\t\t\t\t<div class=\"elementor-element elementor-element-9031923 elementor-widget elementor-widget-button\" data-id=\"9031923\" data-element_type=\"widget\" data-e-type=\"widget\" data-widget_type=\"button.default\">\n\t\t\t\t<div class=\"elementor-widget-container\">\n\t\t\t\t\t\t\t\t\t<div class=\"elementor-button-wrapper\">\n\t\t\t\t\t<a class=\"elementor-button elementor-button-link elementor-size-sm\" href=\"https:\/\/mestra.es\/fr\/contact\/\">\n\t\t\t\t\t\t<span class=\"elementor-button-content-wrapper\">\n\t\t\t\t\t\t<span class=\"elementor-button-icon\">\n\t\t\t\t<svg aria-hidden=\"true\" class=\"e-font-icon-svg e-fas-chevron-circle-right\" viewBox=\"0 0 512 512\" xmlns=\"http:\/\/www.w3.org\/2000\/svg\"><path d=\"M256 8c137 0 248 111 248 248S393 504 256 504 8 393 8 256 119 8 256 8zm113.9 231L234.4 103.5c-9.4-9.4-24.6-9.4-33.9 0l-17 17c-9.4 9.4-9.4 24.6 0 33.9L285.1 256 183.5 357.6c-9.4 9.4-9.4 24.6 0 33.9l17 17c9.4 9.4 24.6 9.4 33.9 0L369.9 273c9.4-9.4 9.4-24.6 0-34z\"><\/path><\/svg>\t\t\t<\/span>\n\t\t\t\t\t\t\t\t\t<span class=\"elementor-button-text\">CONTACT<\/span>\n\t\t\t\t\t<\/span>\n\t\t\t\t\t<\/a>\n\t\t\t\t<\/div>\n\t\t\t\t\t\t\t\t<\/div>\n\t\t\t\t<\/div>\n\t\t\t\t<\/div>\n\t\t\t\t\t<\/div>\n\t\t\t\t<\/div>\n\t\t\t\t<\/div>\n\t\t","protected":false},"excerpt":{"rendered":"<p>Service apr\u00e8s-vente Nous savons que nos produits s\u2019adressent \u00e0 des professionnels qui ne peuvent pas se permettre de se passer d\u2019une machine pendant longtemps. C\u2019est pourquoi le service apr\u00e8s-vente de MESTRA\u00ae est con\u00e7u avec des crit\u00e8res de rapidit\u00e9 et d\u2019efficacit\u00e9. PRODUITS SANS GARANTIEService apr\u00e8s-vente MACHINERIEPi\u00e8ces de rechange PRODUITS SOUS GARANTIEService technique Contactez-nous N&rsquo;H\u00c9SITEZ PAS \u00c0 [&hellip;]<\/p>\n","protected":false},"author":2,"featured_media":0,"parent":0,"menu_order":0,"comment_status":"closed","ping_status":"closed","template":"elementor_header_footer","meta":{"_acf_changed":false,"_monsterinsights_skip_tracking":false,"_monsterinsights_sitenote_active":false,"_monsterinsights_sitenote_note":"","_monsterinsights_sitenote_category":0,"footnotes":""},"class_list":["post-10512","page","type-page","status-publish","hentry"],"acf":[],"yoast_head":"<!-- This site is optimized with the Yoast SEO plugin v27.2 - https:\/\/yoast.com\/product\/yoast-seo-wordpress\/ -->\n<title>Service\u00a0apr\u00e8s-vente - Talleres Mestra<\/title>\n<meta name=\"robots\" content=\"index, follow, max-snippet:-1, max-image-preview:large, max-video-preview:-1\" \/>\n<link rel=\"canonical\" href=\"https:\/\/mestra.es\/fr\/service-apres-vente\/\" \/>\n<meta property=\"og:locale\" content=\"fr_FR\" \/>\n<meta property=\"og:type\" content=\"article\" \/>\n<meta property=\"og:title\" content=\"Service\u00a0apr\u00e8s-vente - Talleres Mestra\" \/>\n<meta property=\"og:description\" content=\"Service apr\u00e8s-vente Nous savons que nos produits s\u2019adressent \u00e0 des professionnels qui ne peuvent pas se permettre de se passer d\u2019une machine pendant longtemps. C\u2019est pourquoi le service apr\u00e8s-vente de MESTRA\u00ae est con\u00e7u avec des crit\u00e8res de rapidit\u00e9 et d\u2019efficacit\u00e9. PRODUITS SANS GARANTIEService apr\u00e8s-vente MACHINERIEPi\u00e8ces de rechange PRODUITS SOUS GARANTIEService technique Contactez-nous N&rsquo;H\u00c9SITEZ PAS \u00c0 [&hellip;]\" \/>\n<meta property=\"og:url\" content=\"https:\/\/mestra.es\/fr\/service-apres-vente\/\" \/>\n<meta property=\"og:site_name\" content=\"Talleres Mestra\" \/>\n<meta property=\"article:modified_time\" content=\"2024-06-26T16:22:08+00:00\" \/>\n<meta property=\"og:image\" content=\"https:\/\/mestra.es\/wp-content\/uploads\/2024\/06\/Listado-puntos-reparacion-maquinaria-MESTRA-Talleres-Mestraitua.png\" \/>\n<meta name=\"twitter:card\" content=\"summary_large_image\" \/>\n<meta name=\"twitter:label1\" content=\"Dur\u00e9e de lecture estim\u00e9e\" \/>\n\t<meta name=\"twitter:data1\" content=\"1 minute\" \/>\n<script type=\"application\/ld+json\" class=\"yoast-schema-graph\">{\"@context\":\"https:\/\/schema.org\",\"@graph\":[{\"@type\":\"WebPage\",\"@id\":\"https:\/\/mestra.es\/fr\/service-apres-vente\/\",\"url\":\"https:\/\/mestra.es\/fr\/service-apres-vente\/\",\"name\":\"Service\u00a0apr\u00e8s-vente - Talleres Mestra\",\"isPartOf\":{\"@id\":\"https:\/\/mestra.es\/fr\/#website\"},\"primaryImageOfPage\":{\"@id\":\"https:\/\/mestra.es\/fr\/service-apres-vente\/#primaryimage\"},\"image\":{\"@id\":\"https:\/\/mestra.es\/fr\/service-apres-vente\/#primaryimage\"},\"thumbnailUrl\":\"https:\/\/mestra.es\/wp-content\/uploads\/2024\/06\/Listado-puntos-reparacion-maquinaria-MESTRA-Talleres-Mestraitua.png\",\"datePublished\":\"2024-06-23T06:03:44+00:00\",\"dateModified\":\"2024-06-26T16:22:08+00:00\",\"breadcrumb\":{\"@id\":\"https:\/\/mestra.es\/fr\/service-apres-vente\/#breadcrumb\"},\"inLanguage\":\"fr-FR\",\"potentialAction\":[{\"@type\":\"ReadAction\",\"target\":[\"https:\/\/mestra.es\/fr\/service-apres-vente\/\"]}]},{\"@type\":\"ImageObject\",\"inLanguage\":\"fr-FR\",\"@id\":\"https:\/\/mestra.es\/fr\/service-apres-vente\/#primaryimage\",\"url\":\"https:\/\/mestra.es\/wp-content\/uploads\/2024\/06\/Listado-puntos-reparacion-maquinaria-MESTRA-Talleres-Mestraitua.png\",\"contentUrl\":\"https:\/\/mestra.es\/wp-content\/uploads\/2024\/06\/Listado-puntos-reparacion-maquinaria-MESTRA-Talleres-Mestraitua.png\"},{\"@type\":\"BreadcrumbList\",\"@id\":\"https:\/\/mestra.es\/fr\/service-apres-vente\/#breadcrumb\",\"itemListElement\":[{\"@type\":\"ListItem\",\"position\":1,\"name\":\"Portada\",\"item\":\"https:\/\/mestra.es\/fr\/\"},{\"@type\":\"ListItem\",\"position\":2,\"name\":\"Service\u00a0apr\u00e8s-vente\"}]},{\"@type\":\"WebSite\",\"@id\":\"https:\/\/mestra.es\/fr\/#website\",\"url\":\"https:\/\/mestra.es\/fr\/\",\"name\":\"Talleres Mestra\",\"description\":\"\",\"publisher\":{\"@id\":\"https:\/\/mestra.es\/fr\/#organization\"},\"potentialAction\":[{\"@type\":\"SearchAction\",\"target\":{\"@type\":\"EntryPoint\",\"urlTemplate\":\"https:\/\/mestra.es\/fr\/?s={search_term_string}\"},\"query-input\":{\"@type\":\"PropertyValueSpecification\",\"valueRequired\":true,\"valueName\":\"search_term_string\"}}],\"inLanguage\":\"fr-FR\"},{\"@type\":\"Organization\",\"@id\":\"https:\/\/mestra.es\/fr\/#organization\",\"name\":\"Talleres Mestra\",\"url\":\"https:\/\/mestra.es\/fr\/\",\"logo\":{\"@type\":\"ImageObject\",\"inLanguage\":\"fr-FR\",\"@id\":\"https:\/\/mestra.es\/fr\/#\/schema\/logo\/image\/\",\"url\":\"https:\/\/mestra.es\/wp-content\/uploads\/2024\/05\/logo_mestra.png\",\"contentUrl\":\"https:\/\/mestra.es\/wp-content\/uploads\/2024\/05\/logo_mestra.png\",\"width\":300,\"height\":170,\"caption\":\"Talleres Mestra\"},\"image\":{\"@id\":\"https:\/\/mestra.es\/fr\/#\/schema\/logo\/image\/\"}}]}<\/script>\n<!-- \/ Yoast SEO plugin. -->","yoast_head_json":{"title":"Service\u00a0apr\u00e8s-vente - Talleres Mestra","robots":{"index":"index","follow":"follow","max-snippet":"max-snippet:-1","max-image-preview":"max-image-preview:large","max-video-preview":"max-video-preview:-1"},"canonical":"https:\/\/mestra.es\/fr\/service-apres-vente\/","og_locale":"fr_FR","og_type":"article","og_title":"Service\u00a0apr\u00e8s-vente - Talleres Mestra","og_description":"Service apr\u00e8s-vente Nous savons que nos produits s\u2019adressent \u00e0 des professionnels qui ne peuvent pas se permettre de se passer d\u2019une machine pendant longtemps. C\u2019est pourquoi le service apr\u00e8s-vente de MESTRA\u00ae est con\u00e7u avec des crit\u00e8res de rapidit\u00e9 et d\u2019efficacit\u00e9. PRODUITS SANS GARANTIEService apr\u00e8s-vente MACHINERIEPi\u00e8ces de rechange PRODUITS SOUS GARANTIEService technique Contactez-nous N&rsquo;H\u00c9SITEZ PAS \u00c0 [&hellip;]","og_url":"https:\/\/mestra.es\/fr\/service-apres-vente\/","og_site_name":"Talleres Mestra","article_modified_time":"2024-06-26T16:22:08+00:00","og_image":[{"url":"https:\/\/mestra.es\/wp-content\/uploads\/2024\/06\/Listado-puntos-reparacion-maquinaria-MESTRA-Talleres-Mestraitua.png","type":"","width":"","height":""}],"twitter_card":"summary_large_image","twitter_misc":{"Dur\u00e9e de lecture estim\u00e9e":"1 minute"},"schema":{"@context":"https:\/\/schema.org","@graph":[{"@type":"WebPage","@id":"https:\/\/mestra.es\/fr\/service-apres-vente\/","url":"https:\/\/mestra.es\/fr\/service-apres-vente\/","name":"Service\u00a0apr\u00e8s-vente - Talleres Mestra","isPartOf":{"@id":"https:\/\/mestra.es\/fr\/#website"},"primaryImageOfPage":{"@id":"https:\/\/mestra.es\/fr\/service-apres-vente\/#primaryimage"},"image":{"@id":"https:\/\/mestra.es\/fr\/service-apres-vente\/#primaryimage"},"thumbnailUrl":"https:\/\/mestra.es\/wp-content\/uploads\/2024\/06\/Listado-puntos-reparacion-maquinaria-MESTRA-Talleres-Mestraitua.png","datePublished":"2024-06-23T06:03:44+00:00","dateModified":"2024-06-26T16:22:08+00:00","breadcrumb":{"@id":"https:\/\/mestra.es\/fr\/service-apres-vente\/#breadcrumb"},"inLanguage":"fr-FR","potentialAction":[{"@type":"ReadAction","target":["https:\/\/mestra.es\/fr\/service-apres-vente\/"]}]},{"@type":"ImageObject","inLanguage":"fr-FR","@id":"https:\/\/mestra.es\/fr\/service-apres-vente\/#primaryimage","url":"https:\/\/mestra.es\/wp-content\/uploads\/2024\/06\/Listado-puntos-reparacion-maquinaria-MESTRA-Talleres-Mestraitua.png","contentUrl":"https:\/\/mestra.es\/wp-content\/uploads\/2024\/06\/Listado-puntos-reparacion-maquinaria-MESTRA-Talleres-Mestraitua.png"},{"@type":"BreadcrumbList","@id":"https:\/\/mestra.es\/fr\/service-apres-vente\/#breadcrumb","itemListElement":[{"@type":"ListItem","position":1,"name":"Portada","item":"https:\/\/mestra.es\/fr\/"},{"@type":"ListItem","position":2,"name":"Service\u00a0apr\u00e8s-vente"}]},{"@type":"WebSite","@id":"https:\/\/mestra.es\/fr\/#website","url":"https:\/\/mestra.es\/fr\/","name":"Talleres Mestra","description":"","publisher":{"@id":"https:\/\/mestra.es\/fr\/#organization"},"potentialAction":[{"@type":"SearchAction","target":{"@type":"EntryPoint","urlTemplate":"https:\/\/mestra.es\/fr\/?s={search_term_string}"},"query-input":{"@type":"PropertyValueSpecification","valueRequired":true,"valueName":"search_term_string"}}],"inLanguage":"fr-FR"},{"@type":"Organization","@id":"https:\/\/mestra.es\/fr\/#organization","name":"Talleres Mestra","url":"https:\/\/mestra.es\/fr\/","logo":{"@type":"ImageObject","inLanguage":"fr-FR","@id":"https:\/\/mestra.es\/fr\/#\/schema\/logo\/image\/","url":"https:\/\/mestra.es\/wp-content\/uploads\/2024\/05\/logo_mestra.png","contentUrl":"https:\/\/mestra.es\/wp-content\/uploads\/2024\/05\/logo_mestra.png","width":300,"height":170,"caption":"Talleres Mestra"},"image":{"@id":"https:\/\/mestra.es\/fr\/#\/schema\/logo\/image\/"}}]}},"_links":{"self":[{"href":"https:\/\/mestra.es\/fr\/wp-json\/wp\/v2\/pages\/10512","targetHints":{"allow":["GET"]}}],"collection":[{"href":"https:\/\/mestra.es\/fr\/wp-json\/wp\/v2\/pages"}],"about":[{"href":"https:\/\/mestra.es\/fr\/wp-json\/wp\/v2\/types\/page"}],"author":[{"embeddable":true,"href":"https:\/\/mestra.es\/fr\/wp-json\/wp\/v2\/users\/2"}],"replies":[{"embeddable":true,"href":"https:\/\/mestra.es\/fr\/wp-json\/wp\/v2\/comments?post=10512"}],"version-history":[{"count":10,"href":"https:\/\/mestra.es\/fr\/wp-json\/wp\/v2\/pages\/10512\/revisions"}],"predecessor-version":[{"id":10637,"href":"https:\/\/mestra.es\/fr\/wp-json\/wp\/v2\/pages\/10512\/revisions\/10637"}],"wp:attachment":[{"href":"https:\/\/mestra.es\/fr\/wp-json\/wp\/v2\/media?parent=10512"}],"curies":[{"name":"wp","href":"https:\/\/api.w.org\/{rel}","templated":true}]}}