{"id":10477,"date":"2024-06-23T13:10:06","date_gmt":"2024-06-23T11:10:06","guid":{"rendered":"https:\/\/mestra.es\/?page_id=10477"},"modified":"2024-06-26T16:32:37","modified_gmt":"2024-06-26T14:32:37","slug":"politique-de-confidentialite","status":"publish","type":"page","link":"https:\/\/mestra.es\/fr\/politique-de-confidentialite\/","title":{"rendered":"Politique de confidentialit\u00e9"},"content":{"rendered":"\t\t<div data-elementor-type=\"wp-page\" data-elementor-id=\"10477\" class=\"elementor elementor-10477 elementor-6042\" data-elementor-post-type=\"page\">\n\t\t\t\t<div class=\"elementor-element elementor-element-2cf0170 e-flex e-con-boxed e-con e-parent\" data-id=\"2cf0170\" data-element_type=\"container\" data-e-type=\"container\">\n\t\t\t\t\t<div class=\"e-con-inner\">\n\t\t\t\t<div class=\"elementor-element elementor-element-04ef776 elementor-widget elementor-widget-heading\" data-id=\"04ef776\" data-element_type=\"widget\" data-e-type=\"widget\" data-widget_type=\"heading.default\">\n\t\t\t\t<div class=\"elementor-widget-container\">\n\t\t\t\t\t<h1 class=\"elementor-heading-title elementor-size-default\">Politique de confidentialit\u00e9<\/h1>\t\t\t\t<\/div>\n\t\t\t\t<\/div>\n\t\t\t\t<div class=\"elementor-element elementor-element-9003e17 elementor-widget elementor-widget-text-editor\" data-id=\"9003e17\" data-element_type=\"widget\" data-e-type=\"widget\" data-widget_type=\"text-editor.default\">\n\t\t\t\t<div class=\"elementor-widget-container\">\n\t\t\t\t\t\t\t\t\t<p>TALLERES MESTRAIT\u00daA S.L s\u2019engage \u00e0 prot\u00e9ger la vie priv\u00e9e dans le traitement des donn\u00e9es personnelles des utilisateurs qui acc\u00e8dent \u00e0 ce site web, ainsi que dans le traitement des donn\u00e9es des utilisateurs qui d\u00e9cident de nous contacter ou de demander des informations. Par cons\u00e9quent, tout traitement d\u2019informations personnelles dans le cadre de la gestion de ce site web est soumis \u00e0 la pr\u00e9sente politique de confidentialit\u00e9. Le but de ce document est de d\u00e9finir les crit\u00e8res selon lesquels l\u2019organisation traite les informations personnelles.<\/p><p>Aucune donn\u00e9e \u00e0 caract\u00e8re personnel n\u2019est collect\u00e9e via ce site web sans l\u2019accord pr\u00e9alable des utilisateurs et sans respecter l\u2019obligation d\u2019information, et elles ne sont pas transmises \u00e0 des tiers sauf obligation l\u00e9gale.<\/p><p>Ce site web utilise des cookies propres qui permettent \u00e0 l\u2019utilisateur de naviguer et d\u2019utiliser les diff\u00e9rents services de l\u2019environnement web. Il utilise \u00e9galement des cookies tiers qui collectent des informations sur les utilisateurs et que vous pouvez conna\u00eetre et configurer dans notre politique de cookies.<\/p><h3><strong>INFORMATIONS DE BASE SUR L\u2019OBJECTIF DU CONTACT<\/strong><\/h3><table border=\"1\"><tbody><tr><td><strong>Responsable<\/strong><\/td><td>TALLERES MESTRAIT\u00daA S.L<\/td><td><strong>Destinataires<\/strong><\/td><td>Les donn\u00e9es ne seront pas transmises \u00e0 des tiers sauf obligation l\u00e9gale.<\/td><\/tr><tr><td><strong>Objectif<\/strong><\/td><td>G\u00e9rer les demandes d\u2019informations re\u00e7ues par la section de contact du site web, ainsi que la gestion des commandes.<\/td><td><strong>Droits<\/strong><\/td><td>Acc\u00e9der, rectifier et supprimer les donn\u00e9es, ainsi que les autres droits d\u00e9taill\u00e9s dans les informations compl\u00e9mentaires.<\/td><\/tr><tr><td><strong>L\u00e9gitimation<\/strong><\/td><td>Ex\u00e9cution d\u2019un contrat.<\/td><td><strong>Informations compl\u00e9mentaires<\/strong><\/td><td><table><tbody><tr><td><p>Pour plus de d\u00e9tails, veuillez consulter les informations compl\u00e9mentaires ci-dessous.<\/p><\/td><\/tr><\/tbody><\/table><\/td><\/tr><\/tbody><\/table><p>\u00a0<\/p><table border=\"1\"><tbody><tr><td><strong>Responsable<\/strong><\/td><td>TALLERES MESTRAIT\u00daA S.L<\/td><td><strong>Destinataires<\/strong><\/td><td>Les donn\u00e9es ne seront pas transmises \u00e0 des tiers sauf obligation l\u00e9gale.<\/td><\/tr><tr><td><strong>Objectif<\/strong><\/td><td>Gestion de l\u2019abonnement \u00e0 la newsletter, pour effectuer les envois correspondants.<\/td><td><strong>D\u00e9lai de conservation<\/strong><\/td><td>Tant que le consentement donn\u00e9 est maintenu.<\/td><\/tr><tr><td><strong>L\u00e9gitimation<\/strong><\/td><td>Le consentement de la personne concern\u00e9e.<\/td><td><strong>Typologie des donn\u00e9es<\/strong><\/td><td>Informations de base: Nom et pr\u00e9nom, Adresse \u00e9lectronique<\/td><\/tr><\/tbody><\/table><p>\u00a0<\/p><p>Dans la section Informations Compl\u00e9mentaires, nous d\u00e9veloppons plus en d\u00e9tail notre politique de confidentialit\u00e9.<\/p><h3><strong>INFORMATIONS COMPL\u00c9MENTAIRES<\/strong><\/h3><h4>Qui est responsable du traitement de vos donn\u00e9es ?<\/h4><ul><li style=\"list-style-type: none;\"><ul><li aria-level=\"1\">Responsable du traitement : TALLERES MESTRAIT\u00daA S.L<\/li><li aria-level=\"1\">Adresse : Avenida Txori erri, 60, Sondika, 48150, Bizkaia.<\/li><li aria-level=\"1\">CIF : B48440242<\/li><li>Email : info@mestra.es<\/li><\/ul><\/li><\/ul><h4>Quel est le but du traitement des donn\u00e9es?<\/h4><p>TALLERES MESTRAIT\u00daA S.L traitera les donn\u00e9es personnelles pour recevoir, g\u00e9rer et r\u00e9pondre aux demandes d\u2019informations re\u00e7ues par le biais de la section de contact du site web. En outre, pour r\u00e9pondre aux commandes pass\u00e9es via le site web.<\/p><h4>Quelle est la base l\u00e9gale pour le traitement des donn\u00e9es?<\/h4><p>La base de l\u00e9gitimation pour le traitement des donn\u00e9es sur ce site web est, en g\u00e9n\u00e9ral, l\u2019article 6.1.b) du RGPD, selon lequel le traitement est n\u00e9cessaire \u00e0 l\u2019ex\u00e9cution d\u2019un contrat auquel la partie int\u00e9ress\u00e9e est partie, ce qui inclut \u00e9galement sa demande de mesures pr\u00e9contractuelles.<\/p><p>Dans le cas o\u00f9 le traitement des donn\u00e9es est requis en fonction de son objectif, le consentement de la personne concern\u00e9e sera d\u00fbment recueilli, conform\u00e9ment \u00e0 l\u2019article 6.1.a) du RGPD.<\/p><h4>Pendant combien de temps conserverons-nous vos donn\u00e9es?<\/h4><p>TALLERES MESTRAIT\u00daA S.L conservera les informations personnelles pendant la p\u00e9riode n\u00e9cessaire \u00e0 la r\u00e9alisation des finalit\u00e9s pour lesquelles elles ont \u00e9t\u00e9 collect\u00e9es et tant qu\u2019elles ne seront pas demand\u00e9es, et accept\u00e9es le cas \u00e9ch\u00e9ant, la suppression des informations par la partie int\u00e9ress\u00e9e. \u00c0 la fin de cette p\u00e9riode, les informations seront bloqu\u00e9es et conserv\u00e9es conform\u00e9ment aux d\u00e9lais l\u00e9gaux \u00e9tablis dans chaque cas.<\/p><h4>\u00c0 qui mes donn\u00e9es seront-elles communiqu\u00e9es?<\/h4><p>Aucune cession de donn\u00e9es n\u2019est pr\u00e9vue sauf obligation l\u00e9gale.<\/p><p>Conform\u00e9ment au cadre juridique en vigueur ou \u00e0 l\u2019ex\u00e9cution de l\u2019un des termes du contrat avec le client, il peut \u00eatre n\u00e9cessaire de communiquer des donn\u00e9es aux entit\u00e9s suivantes : administrations publiques, tribunaux, \u00e9tablissements financiers et de cr\u00e9dit, le cas \u00e9ch\u00e9ant, en fonction de la r\u00e9glementation en vigueur.<\/p><p>Aucun transfert international de donn\u00e9es n\u2019est pr\u00e9vu.<\/p><h4>Quels sont mes droits?<\/h4><p>Pour exercer vos droits, vous pouvez contacter TALLERES MESTRAIT\u00daA S.L par \u00e9crit \u00e0 l\u2019adresse suivante : Avenida Txori erri, 60, Sondika, 48150, Bizkaia.<\/p><p>Si vous pr\u00e9f\u00e9rez, vous pouvez exercer vos droits par voie \u00e9lectronique \u00e0 l\u2019adresse :\u00a0<a href=\"https:\/\/mestra.es\/fr\/politica-de-privacidad\/#\">info@mestra.es<\/a><\/p><p>Vous pouvez exercer les droits suivants :<\/p><ul><li aria-level=\"1\">Vous avez le droit d\u2019acc\u00e9der \u00e0 vos donn\u00e9es personnelles.<\/li><li aria-level=\"1\">Si vous avez consenti au traitement de vos donn\u00e9es, vous avez le droit de demander leur r\u00e9vocation.<\/li><li aria-level=\"1\">Vous avez le droit de demander \u00e0 Talleres Mestrait\u00faa Sociedad Limitada la confirmation que vos donn\u00e9es personnelles sont trait\u00e9es.<\/li><li aria-level=\"1\">Vous avez le droit de demander la rectification des informations si vous consid\u00e9rez qu\u2019elles contiennent des donn\u00e9es incorrectes ou inexactes.<\/li><li aria-level=\"1\">Vous pouvez demander la suppression de toutes les informations qui ne sont plus n\u00e9cessaires pour les fins pour lesquelles elles ont \u00e9t\u00e9 collect\u00e9es.<\/li><li aria-level=\"1\">Vous pouvez demander la limitation du traitement de vos donn\u00e9es.<\/li><li aria-level=\"1\">Vous avez le droit de vous opposer au traitement de vos donn\u00e9es.<\/li><li aria-level=\"1\">Vous pouvez demander la portabilit\u00e9 de vos donn\u00e9es.<\/li><li aria-level=\"1\">Vous pouvez d\u00e9poser une plainte aupr\u00e8s de l\u2019Agence espagnole de protection des donn\u00e9es si vous consid\u00e9rez que Talleres Mestrait\u00faa Sociedad Limitada n\u2019a pas respect\u00e9 l\u2019un de vos droits. Vous pouvez le faire en cliquant sur le lien suivant:<br \/><a href=\"https:\/\/sedeagpd.gob.es\/sede-electronica-web\/vistas\/formNuevaReclamacion\/solicitudReclamacion.jsf\">https:\/\/sedeagpd.gob.es\/sede-electronica-web\/vistas\/formNuevaReclamacion\/solicitudReclamacion.jsf<\/a><\/li><\/ul><p style=\"text-align: right;\"><em>Derni\u00e8re mise \u00e0 jour : 25\/05\/2022 |\u00a9 TALLERES MESTRAIT\u00daA S.L \u2013 Tous droits r\u00e9serv\u00e9s.<\/em><\/p>\t\t\t\t\t\t\t\t<\/div>\n\t\t\t\t<\/div>\n\t\t\t\t\t<\/div>\n\t\t\t\t<\/div>\n\t\t\t\t<\/div>\n\t\t","protected":false},"excerpt":{"rendered":"<p>TALLERES MESTRAIT\u00daA S.L s\u2019engage \u00e0 prot\u00e9ger la vie priv\u00e9e dans le traitement des donn\u00e9es personnelles des utilisateurs qui acc\u00e8dent \u00e0 ce site web, ainsi que dans le traitement des donn\u00e9es des utilisateurs qui d\u00e9cident de nous contacter ou de demander des informations. Par cons\u00e9quent, tout traitement d\u2019informations personnelles dans le cadre de la gestion de [&hellip;]<\/p>\n","protected":false},"author":2,"featured_media":0,"parent":0,"menu_order":0,"comment_status":"closed","ping_status":"closed","template":"elementor_header_footer","meta":{"_acf_changed":false,"_monsterinsights_skip_tracking":false,"_monsterinsights_sitenote_active":false,"_monsterinsights_sitenote_note":"","_monsterinsights_sitenote_category":0,"footnotes":""},"class_list":["post-10477","page","type-page","status-publish","hentry"],"acf":[],"yoast_head":"<!-- This site is optimized with the Yoast SEO plugin v27.2 - https:\/\/yoast.com\/product\/yoast-seo-wordpress\/ -->\n<title>Politique de confidentialit\u00e9 - Talleres Mestra<\/title>\n<meta name=\"robots\" content=\"index, follow, max-snippet:-1, max-image-preview:large, max-video-preview:-1\" \/>\n<link rel=\"canonical\" href=\"https:\/\/mestra.es\/fr\/politique-de-confidentialite\/\" \/>\n<meta property=\"og:locale\" content=\"fr_FR\" \/>\n<meta property=\"og:type\" content=\"article\" \/>\n<meta property=\"og:title\" content=\"Politique de confidentialit\u00e9 - Talleres Mestra\" \/>\n<meta property=\"og:description\" content=\"TALLERES MESTRAIT\u00daA S.L s\u2019engage \u00e0 prot\u00e9ger la vie priv\u00e9e dans le traitement des donn\u00e9es personnelles des utilisateurs qui acc\u00e8dent \u00e0 ce site web, ainsi que dans le traitement des donn\u00e9es des utilisateurs qui d\u00e9cident de nous contacter ou de demander des informations. Par cons\u00e9quent, tout traitement d\u2019informations personnelles dans le cadre de la gestion de [&hellip;]\" \/>\n<meta property=\"og:url\" content=\"https:\/\/mestra.es\/fr\/politique-de-confidentialite\/\" \/>\n<meta property=\"og:site_name\" content=\"Talleres Mestra\" \/>\n<meta property=\"article:modified_time\" content=\"2024-06-26T14:32:37+00:00\" \/>\n<meta name=\"twitter:card\" content=\"summary_large_image\" \/>\n<meta name=\"twitter:label1\" content=\"Dur\u00e9e de lecture estim\u00e9e\" \/>\n\t<meta name=\"twitter:data1\" content=\"5 minutes\" \/>\n<script type=\"application\/ld+json\" class=\"yoast-schema-graph\">{\"@context\":\"https:\/\/schema.org\",\"@graph\":[{\"@type\":\"WebPage\",\"@id\":\"https:\/\/mestra.es\/fr\/politique-de-confidentialite\/\",\"url\":\"https:\/\/mestra.es\/fr\/politique-de-confidentialite\/\",\"name\":\"Politique de confidentialit\u00e9 - Talleres Mestra\",\"isPartOf\":{\"@id\":\"https:\/\/mestra.es\/fr\/#website\"},\"datePublished\":\"2024-06-23T11:10:06+00:00\",\"dateModified\":\"2024-06-26T14:32:37+00:00\",\"breadcrumb\":{\"@id\":\"https:\/\/mestra.es\/fr\/politique-de-confidentialite\/#breadcrumb\"},\"inLanguage\":\"fr-FR\",\"potentialAction\":[{\"@type\":\"ReadAction\",\"target\":[\"https:\/\/mestra.es\/fr\/politique-de-confidentialite\/\"]}]},{\"@type\":\"BreadcrumbList\",\"@id\":\"https:\/\/mestra.es\/fr\/politique-de-confidentialite\/#breadcrumb\",\"itemListElement\":[{\"@type\":\"ListItem\",\"position\":1,\"name\":\"Portada\",\"item\":\"https:\/\/mestra.es\/fr\/\"},{\"@type\":\"ListItem\",\"position\":2,\"name\":\"Politique de confidentialit\u00e9\"}]},{\"@type\":\"WebSite\",\"@id\":\"https:\/\/mestra.es\/fr\/#website\",\"url\":\"https:\/\/mestra.es\/fr\/\",\"name\":\"Talleres Mestra\",\"description\":\"\",\"publisher\":{\"@id\":\"https:\/\/mestra.es\/fr\/#organization\"},\"potentialAction\":[{\"@type\":\"SearchAction\",\"target\":{\"@type\":\"EntryPoint\",\"urlTemplate\":\"https:\/\/mestra.es\/fr\/?s={search_term_string}\"},\"query-input\":{\"@type\":\"PropertyValueSpecification\",\"valueRequired\":true,\"valueName\":\"search_term_string\"}}],\"inLanguage\":\"fr-FR\"},{\"@type\":\"Organization\",\"@id\":\"https:\/\/mestra.es\/fr\/#organization\",\"name\":\"Talleres Mestra\",\"url\":\"https:\/\/mestra.es\/fr\/\",\"logo\":{\"@type\":\"ImageObject\",\"inLanguage\":\"fr-FR\",\"@id\":\"https:\/\/mestra.es\/fr\/#\/schema\/logo\/image\/\",\"url\":\"https:\/\/mestra.es\/wp-content\/uploads\/2024\/05\/logo_mestra.png\",\"contentUrl\":\"https:\/\/mestra.es\/wp-content\/uploads\/2024\/05\/logo_mestra.png\",\"width\":300,\"height\":170,\"caption\":\"Talleres Mestra\"},\"image\":{\"@id\":\"https:\/\/mestra.es\/fr\/#\/schema\/logo\/image\/\"}}]}<\/script>\n<!-- \/ Yoast SEO plugin. -->","yoast_head_json":{"title":"Politique de confidentialit\u00e9 - Talleres Mestra","robots":{"index":"index","follow":"follow","max-snippet":"max-snippet:-1","max-image-preview":"max-image-preview:large","max-video-preview":"max-video-preview:-1"},"canonical":"https:\/\/mestra.es\/fr\/politique-de-confidentialite\/","og_locale":"fr_FR","og_type":"article","og_title":"Politique de confidentialit\u00e9 - Talleres Mestra","og_description":"TALLERES MESTRAIT\u00daA S.L s\u2019engage \u00e0 prot\u00e9ger la vie priv\u00e9e dans le traitement des donn\u00e9es personnelles des utilisateurs qui acc\u00e8dent \u00e0 ce site web, ainsi que dans le traitement des donn\u00e9es des utilisateurs qui d\u00e9cident de nous contacter ou de demander des informations. Par cons\u00e9quent, tout traitement d\u2019informations personnelles dans le cadre de la gestion de [&hellip;]","og_url":"https:\/\/mestra.es\/fr\/politique-de-confidentialite\/","og_site_name":"Talleres Mestra","article_modified_time":"2024-06-26T14:32:37+00:00","twitter_card":"summary_large_image","twitter_misc":{"Dur\u00e9e de lecture estim\u00e9e":"5 minutes"},"schema":{"@context":"https:\/\/schema.org","@graph":[{"@type":"WebPage","@id":"https:\/\/mestra.es\/fr\/politique-de-confidentialite\/","url":"https:\/\/mestra.es\/fr\/politique-de-confidentialite\/","name":"Politique de confidentialit\u00e9 - Talleres Mestra","isPartOf":{"@id":"https:\/\/mestra.es\/fr\/#website"},"datePublished":"2024-06-23T11:10:06+00:00","dateModified":"2024-06-26T14:32:37+00:00","breadcrumb":{"@id":"https:\/\/mestra.es\/fr\/politique-de-confidentialite\/#breadcrumb"},"inLanguage":"fr-FR","potentialAction":[{"@type":"ReadAction","target":["https:\/\/mestra.es\/fr\/politique-de-confidentialite\/"]}]},{"@type":"BreadcrumbList","@id":"https:\/\/mestra.es\/fr\/politique-de-confidentialite\/#breadcrumb","itemListElement":[{"@type":"ListItem","position":1,"name":"Portada","item":"https:\/\/mestra.es\/fr\/"},{"@type":"ListItem","position":2,"name":"Politique de confidentialit\u00e9"}]},{"@type":"WebSite","@id":"https:\/\/mestra.es\/fr\/#website","url":"https:\/\/mestra.es\/fr\/","name":"Talleres Mestra","description":"","publisher":{"@id":"https:\/\/mestra.es\/fr\/#organization"},"potentialAction":[{"@type":"SearchAction","target":{"@type":"EntryPoint","urlTemplate":"https:\/\/mestra.es\/fr\/?s={search_term_string}"},"query-input":{"@type":"PropertyValueSpecification","valueRequired":true,"valueName":"search_term_string"}}],"inLanguage":"fr-FR"},{"@type":"Organization","@id":"https:\/\/mestra.es\/fr\/#organization","name":"Talleres Mestra","url":"https:\/\/mestra.es\/fr\/","logo":{"@type":"ImageObject","inLanguage":"fr-FR","@id":"https:\/\/mestra.es\/fr\/#\/schema\/logo\/image\/","url":"https:\/\/mestra.es\/wp-content\/uploads\/2024\/05\/logo_mestra.png","contentUrl":"https:\/\/mestra.es\/wp-content\/uploads\/2024\/05\/logo_mestra.png","width":300,"height":170,"caption":"Talleres Mestra"},"image":{"@id":"https:\/\/mestra.es\/fr\/#\/schema\/logo\/image\/"}}]}},"_links":{"self":[{"href":"https:\/\/mestra.es\/fr\/wp-json\/wp\/v2\/pages\/10477","targetHints":{"allow":["GET"]}}],"collection":[{"href":"https:\/\/mestra.es\/fr\/wp-json\/wp\/v2\/pages"}],"about":[{"href":"https:\/\/mestra.es\/fr\/wp-json\/wp\/v2\/types\/page"}],"author":[{"embeddable":true,"href":"https:\/\/mestra.es\/fr\/wp-json\/wp\/v2\/users\/2"}],"replies":[{"embeddable":true,"href":"https:\/\/mestra.es\/fr\/wp-json\/wp\/v2\/comments?post=10477"}],"version-history":[{"count":4,"href":"https:\/\/mestra.es\/fr\/wp-json\/wp\/v2\/pages\/10477\/revisions"}],"predecessor-version":[{"id":10481,"href":"https:\/\/mestra.es\/fr\/wp-json\/wp\/v2\/pages\/10477\/revisions\/10481"}],"wp:attachment":[{"href":"https:\/\/mestra.es\/fr\/wp-json\/wp\/v2\/media?parent=10477"}],"curies":[{"name":"wp","href":"https:\/\/api.w.org\/{rel}","templated":true}]}}